{"id":1136,"date":"2021-05-24T10:29:06","date_gmt":"2021-05-24T03:29:06","guid":{"rendered":"https:\/\/jncvietnam.com\/en\/?page_id=1136"},"modified":"2021-06-22T14:14:35","modified_gmt":"2021-06-22T07:14:35","slug":"introduce","status":"publish","type":"page","link":"https:\/\/jncvietnam.com\/en\/introduce\/","title":{"rendered":"Introduce"},"content":{"rendered":"\t<section class=\"section\" id=\"section_738112093\">\r\n\t\t<div class=\"bg section-bg fill bg-fill  bg-loaded\" >\r\n\r\n\t\t\t\r\n\t\t\t\r\n\t\t\t\r\n\r\n\t\t<\/div>\r\n\r\n\t\t\r\n\r\n\t\t<div class=\"section-content relative\">\r\n\t\t\t\n<div class=\"row row-collapse\"  id=\"row-986095509\">\n\r\n\t<div id=\"col-2071668660\" class=\"col small-12 large-12\"  >\r\n\t\t\t\t<div class=\"col-inner\"  >\r\n\t\t\t\r\n\t\t\t\n<h2><span style=\"color: #282828;\"><strong>C\u00d4NG TY TNHH JNC VI\u1ec6T NAM<\/strong><\/span><\/h2>\n<p>C\u00f4ng ty JNC Vi\u1ec7t Nam l\u00e0 c\u00f4ng ty c\u00f3 v\u1ed1n \u0111\u1ea7u t\u01b0 100% t\u1eeb H\u00e0n Qu\u1ed1c, c\u00f4ng ty m\u1eb9 l\u00e0 C\u00f4ng ty TNHH Jtech, tr\u1ee5 s\u1edf \u0111\u1eb7t t\u1ea1i H\u00e0n Qu\u1ed1c. C\u00f4ng ty m\u1eb9 t\u1ea1i H\u00e0n Qu\u1ed1c c\u00f3 h\u01a1n 10 n\u0103m kinh nghi\u1ec7m trong s\u1ea3n ph\u1ea9m th\u1ea3m d\u00ednh b\u1ee5i, con l\u0103n d\u00ednh b\u1ee5i v\u00e0 m\u00e0ng b\u1ea3o v\u1ec7 d\u00f9ng trong ph\u00f2ng s\u1ea1ch.<\/p>\n<p>C\u00e1c s\u1ea3n ph\u1ea9m c\u1ee7a Jtech \u0111\u00e3 nh\u1eadn \u0111\u01b0\u1ee3c ch\u1ee9ng nh\u1eadn ISO 9001 v\u00e0 ISO 14001. Hi\u1ec7n nay c\u00e1c s\u1ea3n ph\u1ea9m c\u1ee7a Jtech \u0111\u00e3 \u0111\u01b0\u1ee3c xu\u1ea5t kh\u1ea9u sang th\u1ecb tr\u01b0\u1eddng n\u01b0\u1edbc ngo\u00e0i nh\u01b0 B\u1eafc M\u1ef9, Ch\u00e2u \u00c2u, Nh\u1eadt B\u1ea3n&#8230;<\/p>\n<p>\u0110\u1ec3 \u0111\u00e1p \u1ee9ng nhu c\u1ea7u kh\u00e1ch h\u00e0ng t\u1ea1i Vi\u1ec7t Nam, Jtech \u0111\u00e3 m\u1edf c\u00f4ng ty TNHH JNC Vi\u1ec7t Nam l\u00e0 m\u1ed9t c\u00f4ng ty chuy\u00ean s\u1ea3n xu\u1ea5t c\u00e1c s\u1ea3n ph\u1ea9m th\u1ea3m d\u00ednh b\u1ee5i ( Sticky mat), v\u00e0 cung c\u1ea5p nh\u1eefng m\u1eb7t h\u00e0ng d\u00f9ng trong ph\u00f2ng s\u1ea1ch.<\/p>\n<p>K\u1ec3 t\u1eeb khi th\u00e0nh l\u1eadp , JNC\u00a0 kh\u00f4ng ng\u1eebng nghi\u00ean c\u1ee9u v\u00e0 ph\u00e1t tri\u1ec3n v\u1ec1 ch\u1ea5t l\u01b0\u1ee3ng v\u00e0 d\u1ecbch v\u1ee5 t\u1ed1t nh\u1ea5t. Ch\u00fang t\u00f4i \u0111ang theo \u0111u\u1ed5i v\u00e0 n\u1ed7 l\u1ef1c \u0111\u1ec3 s\u1ea3n xu\u1ea5t nh\u1eefng s\u1ea3n ph\u1ea9m thi\u1ebft th\u1ef1c theo nhu c\u1ea7u c\u1ee7a kh\u00e1ch h\u00e0ng,\u00a0 kh\u00f4ng ch\u1ec9 v\u1eady, Ch\u00fang t\u00f4i lu\u00f4n c\u1ed1 g\u1eafng \u0111\u00e1p \u1ee9ng, theo k\u1ecbp v\u1edbi nh\u1eefng thay \u0111\u1ed5i v\u00e0 y\u00eau c\u1ea7u ng\u01b0\u1eddi mua c\u1ea3 trong n\u01b0\u1edbc v\u00e0 ngo\u00e0i n\u01b0\u1edbc.<\/p>\n<p>Ch\u00fang t\u00f4i l\u00e0m h\u1ebft s\u1ee9c m\u00ecnh \u0111\u1ec3 cung c\u1ea5p cho kh\u00e1ch h\u00e0ng nh\u1eefng s\u1ea3n ph\u1ea9m t\u1ed1t nh\u1ea5t \u0111i k\u00e8m v\u1edbi gi\u00e1 c\u1ea3 \u1ed5n \u0111\u1ecbnh.<\/p>\n<h3><span style=\"color: #008000;\">\u201c Ch\u00fang t\u00f4i l\u00e0 m\u1ed9t c\u00f4ng ty \u0111\u00e1ng \u0111\u1ec3 h\u1ee3p t\u00e1c\u201d<\/span><\/h3>\n\t\t<\/div>\r\n\t\t\t\t\t<\/div>\r\n\r\n\t\n<\/div>\n\t\t<\/div>\r\n\r\n\t\t\n<style>\n#section_738112093 {\n  padding-top: 30px;\n  padding-bottom: 30px;\n}\n#section_738112093 .ux-shape-divider--top svg {\n  height: 150px;\n  --divider-top-width: 100%;\n}\n#section_738112093 .ux-shape-divider--bottom svg {\n  height: 150px;\n  --divider-width: 100%;\n}\n<\/style>\n\t<\/section>\r\n\t\n","protected":false},"excerpt":{"rendered":"","protected":false},"author":2,"featured_media":0,"parent":0,"menu_order":0,"comment_status":"closed","ping_status":"closed","template":"page-blank.php","meta":{"footnotes":""},"class_list":["post-1136","page","type-page","status-publish","hentry"],"yoast_head":"<!-- This site is optimized with the Yoast SEO plugin v26.8 - https:\/\/yoast.com\/product\/yoast-seo-wordpress\/ -->\n<title>Introduce - JNC VN<\/title>\n<meta name=\"robots\" content=\"index, follow, max-snippet:-1, max-image-preview:large, max-video-preview:-1\" \/>\n<link rel=\"canonical\" href=\"https:\/\/jncvietnam.com\/en\/introduce\/\" \/>\n<meta property=\"og:locale\" content=\"vi_VN\" \/>\n<meta property=\"og:type\" content=\"article\" \/>\n<meta property=\"og:title\" content=\"Introduce - JNC VN\" \/>\n<meta property=\"og:url\" content=\"https:\/\/jncvietnam.com\/en\/introduce\/\" \/>\n<meta property=\"og:site_name\" content=\"JNC VN\" \/>\n<meta property=\"article:modified_time\" content=\"2021-06-22T07:14:35+00:00\" \/>\n<meta name=\"twitter:card\" content=\"summary_large_image\" \/>\n<meta name=\"twitter:label1\" content=\"\u01af\u1edbc t\u00ednh th\u1eddi gian \u0111\u1ecdc\" \/>\n\t<meta name=\"twitter:data1\" content=\"2 ph\u00fat\" \/>\n<script type=\"application\/ld+json\" class=\"yoast-schema-graph\">{\"@context\":\"https:\/\/schema.org\",\"@graph\":[{\"@type\":\"WebPage\",\"@id\":\"https:\/\/jncvietnam.com\/en\/introduce\/\",\"url\":\"https:\/\/jncvietnam.com\/en\/introduce\/\",\"name\":\"Introduce - JNC VN\",\"isPartOf\":{\"@id\":\"https:\/\/jncvietnam.com\/en\/#website\"},\"datePublished\":\"2021-05-24T03:29:06+00:00\",\"dateModified\":\"2021-06-22T07:14:35+00:00\",\"breadcrumb\":{\"@id\":\"https:\/\/jncvietnam.com\/en\/introduce\/#breadcrumb\"},\"inLanguage\":\"vi\",\"potentialAction\":[{\"@type\":\"ReadAction\",\"target\":[\"https:\/\/jncvietnam.com\/en\/introduce\/\"]}]},{\"@type\":\"BreadcrumbList\",\"@id\":\"https:\/\/jncvietnam.com\/en\/introduce\/#breadcrumb\",\"itemListElement\":[{\"@type\":\"ListItem\",\"position\":1,\"name\":\"Trang ch\u1ee7\",\"item\":\"https:\/\/jncvietnam.com\/en\/\"},{\"@type\":\"ListItem\",\"position\":2,\"name\":\"Introduce\"}]},{\"@type\":\"WebSite\",\"@id\":\"https:\/\/jncvietnam.com\/en\/#website\",\"url\":\"https:\/\/jncvietnam.com\/en\/\",\"name\":\"JNC VN\",\"description\":\"HTH\",\"potentialAction\":[{\"@type\":\"SearchAction\",\"target\":{\"@type\":\"EntryPoint\",\"urlTemplate\":\"https:\/\/jncvietnam.com\/en\/?s={search_term_string}\"},\"query-input\":{\"@type\":\"PropertyValueSpecification\",\"valueRequired\":true,\"valueName\":\"search_term_string\"}}],\"inLanguage\":\"vi\"}]}<\/script>\n<!-- \/ Yoast SEO plugin. -->","yoast_head_json":{"title":"Introduce - JNC VN","robots":{"index":"index","follow":"follow","max-snippet":"max-snippet:-1","max-image-preview":"max-image-preview:large","max-video-preview":"max-video-preview:-1"},"canonical":"https:\/\/jncvietnam.com\/en\/introduce\/","og_locale":"vi_VN","og_type":"article","og_title":"Introduce - JNC VN","og_url":"https:\/\/jncvietnam.com\/en\/introduce\/","og_site_name":"JNC VN","article_modified_time":"2021-06-22T07:14:35+00:00","twitter_card":"summary_large_image","twitter_misc":{"\u01af\u1edbc t\u00ednh th\u1eddi gian \u0111\u1ecdc":"2 ph\u00fat"},"schema":{"@context":"https:\/\/schema.org","@graph":[{"@type":"WebPage","@id":"https:\/\/jncvietnam.com\/en\/introduce\/","url":"https:\/\/jncvietnam.com\/en\/introduce\/","name":"Introduce - JNC VN","isPartOf":{"@id":"https:\/\/jncvietnam.com\/en\/#website"},"datePublished":"2021-05-24T03:29:06+00:00","dateModified":"2021-06-22T07:14:35+00:00","breadcrumb":{"@id":"https:\/\/jncvietnam.com\/en\/introduce\/#breadcrumb"},"inLanguage":"vi","potentialAction":[{"@type":"ReadAction","target":["https:\/\/jncvietnam.com\/en\/introduce\/"]}]},{"@type":"BreadcrumbList","@id":"https:\/\/jncvietnam.com\/en\/introduce\/#breadcrumb","itemListElement":[{"@type":"ListItem","position":1,"name":"Trang ch\u1ee7","item":"https:\/\/jncvietnam.com\/en\/"},{"@type":"ListItem","position":2,"name":"Introduce"}]},{"@type":"WebSite","@id":"https:\/\/jncvietnam.com\/en\/#website","url":"https:\/\/jncvietnam.com\/en\/","name":"JNC VN","description":"HTH","potentialAction":[{"@type":"SearchAction","target":{"@type":"EntryPoint","urlTemplate":"https:\/\/jncvietnam.com\/en\/?s={search_term_string}"},"query-input":{"@type":"PropertyValueSpecification","valueRequired":true,"valueName":"search_term_string"}}],"inLanguage":"vi"}]}},"_links":{"self":[{"href":"https:\/\/jncvietnam.com\/en\/wp-json\/wp\/v2\/pages\/1136","targetHints":{"allow":["GET"]}}],"collection":[{"href":"https:\/\/jncvietnam.com\/en\/wp-json\/wp\/v2\/pages"}],"about":[{"href":"https:\/\/jncvietnam.com\/en\/wp-json\/wp\/v2\/types\/page"}],"author":[{"embeddable":true,"href":"https:\/\/jncvietnam.com\/en\/wp-json\/wp\/v2\/users\/2"}],"replies":[{"embeddable":true,"href":"https:\/\/jncvietnam.com\/en\/wp-json\/wp\/v2\/comments?post=1136"}],"version-history":[{"count":5,"href":"https:\/\/jncvietnam.com\/en\/wp-json\/wp\/v2\/pages\/1136\/revisions"}],"predecessor-version":[{"id":1712,"href":"https:\/\/jncvietnam.com\/en\/wp-json\/wp\/v2\/pages\/1136\/revisions\/1712"}],"wp:attachment":[{"href":"https:\/\/jncvietnam.com\/en\/wp-json\/wp\/v2\/media?parent=1136"}],"curies":[{"name":"wp","href":"https:\/\/api.w.org\/{rel}","templated":true}]}}