{"id":1471,"date":"2021-06-01T15:49:28","date_gmt":"2021-06-01T08:49:28","guid":{"rendered":"https:\/\/jncvietnam.com\/en\/?post_type=product&#038;p=1471"},"modified":"2021-06-16T11:04:04","modified_gmt":"2021-06-16T04:04:04","slug":"quan-ao-phong-sach-dung-1-lan","status":"publish","type":"product","link":"https:\/\/jncvietnam.com\/en\/san-pham\/quan-ao-phong-sach-dung-1-lan\/","title":{"rendered":"Qu\u1ea7n \u00e1o ph\u00f2ng s\u1ea1ch d\u00f9ng 1 l\u1ea7n"},"content":{"rendered":"<h3><span style=\"color: #00a859;\">Qu\u1ea7n \u00e1o ph\u00f2ng s\u1ea1ch d\u00f9ng m\u1ed9t l\u1ea7n<\/span><\/h3>\n<p>Hi\u1ec7n nay, v\u1edbi s\u1ef1 ph\u00e1t tri\u1ec3n kh\u00f4ng ng\u1eebng c\u1ee7a k\u1ef9 thu\u1eadt th\u00ec nhi\u1ec1u s\u1ea3n ph\u1ea9m m\u1edbi ra \u0111\u1eddi ph\u1ee5c v\u1ee5 nhu c\u1ea7u c\u1ee7a con ng\u01b0\u1eddi m\u00e0 gi\u00e1 th\u00e0nh l\u1ea1i th\u1ea5p nh\u01b0 c\u00e1c s\u1ea3n ph\u1ea9m d\u00f9ng m\u1ed9t l\u1ea7n. Trong c\u00e1c s\u1ea3n ph\u1ea9m ph\u00f2ng s\u1ea1ch, c\u0169ng c\u00f3 lo\u1ea1i s\u1ea3n ph\u1ea9m \u0111\u00f3. Ngo\u00e0i kh\u1ea9u trang, bao b\u1ecdc \u0111\u1ea7u, bao b\u1ecdc gi\u1ea7y d\u00f9ng 1 l\u1ea7n ra th\u00ec c\u0169ng c\u00f3 c\u1ea3 nh\u1eefng b\u1ed9 qu\u1ea7n \u00e1o d\u00f9ng 1 l\u1ea7n.<\/p>\n<p><img loading=\"lazy\" decoding=\"async\" class=\"aligncenter wp-image-1472 size-full\" src=\"https:\/\/jncvietnam.com\/en\/wp-content\/uploads\/2021\/06\/Quan-ao-chong-tinh-dien-3.jpg\" alt=\"\" width=\"225\" height=\"225\" srcset=\"https:\/\/jncvietnam.com\/en\/wp-content\/uploads\/2021\/06\/Quan-ao-chong-tinh-dien-3.jpg 225w, https:\/\/jncvietnam.com\/en\/wp-content\/uploads\/2021\/06\/Quan-ao-chong-tinh-dien-3-150x150.jpg 150w, https:\/\/jncvietnam.com\/en\/wp-content\/uploads\/2021\/06\/Quan-ao-chong-tinh-dien-3-100x100.jpg 100w\" sizes=\"auto, (max-width: 225px) 100vw, 225px\" \/><\/p>\n<div><\/div>\n<div>Nh\u1eefng b\u1ed9 qu\u1ea7n \u00e1o ph\u00f2ng s\u1ea1ch n\u00e0y ch\u1ee7 y\u1ebfu \u0111\u01b0\u1ee3c d\u00f9ng cho c\u00e1c c\u00e1n b\u1ed9 c\u00f4ng nh\u00e2n vi\u00ean trong c\u00e1c nh\u00e0 m\u00e1y s\u1ea3n xu\u1ea5t c\u00e1c lo\u1ea1i d\u01b0\u1ee3c ph\u1ea9m, c\u00e1c linh ki\u1ec7n \u0111i\u1ec7n t\u1eed, trong l\u0129nh v\u1ef1c y t\u1ebf d\u1ef1 ph\u00f2ng,.. Trong c\u00e1c m\u00f4i tr\u01b0\u1eddng y\u00eau c\u1ea7u ch\u1eb7t ch\u1ebd v\u1ec1 \u0111\u1ed9 s\u1ea1ch, n\u00ean y\u00eau c\u1ea7u d\u00f9ng m\u1edbi m\u1ed7i l\u1ea7n, v\u00ec v\u1eady d\u00f9ng lo\u1ea1i qu\u1ea7n \u00e1o ph\u00f2ng s\u1ea1ch 1 l\u1ea7n s\u1ebd ti\u1ebft ki\u1ec7m \u0111\u01b0\u1ee3c chi ph\u00ed h\u01a1n. Hay trong nh\u1eefng c\u00f4ng vi\u1ec7c c\u00f3 t\u00ednh ch\u1ea5t t\u1ea1m th\u1eddi v\u00e0 s\u1ed1 l\u01b0\u1ee3ng c\u00f4ng vi\u1ec7c kh\u00f4ng nhi\u1ec1u th\u00ec d\u00f9ng lo\u1ea1i 1 l\u1ea7n n\u00e0y l\u00e0 kh\u00e1 h\u1ee3p l\u00fd.<\/div>\n<div><\/div>\n<div>Nh\u1eefng b\u1ed9 qu\u1ea7n \u00e1o n\u00e0y \u0111\u01b0\u1ee3c s\u1ea3n xu\u1ea5t t\u1eeb ch\u1ea5t li\u1ec7u v\u1ea3i kh\u00f4ng d\u1ec7t, n\u00ean n\u00f3 t\u01b0\u01a1ng \u0111\u1ed1i l\u00e0 m\u1ecfng,d\u1ec5 s\u1eed d\u1ee5ng, m\u1eb7c tho\u00e1ng m\u00e1t, kh\u00f4ng g\u00e2y kh\u00f3 ch\u1ecbu cho ng\u01b0\u1eddi s\u1eed d\u1ee5ng. Ch\u1ea5t li\u1ec7u v\u1ea3i kh\u00f4ng d\u1ec7t sau khi h\u1ee7y b\u1ecf s\u1ebd d\u1ec5 d\u00e0ng ph\u00e2n h\u1ee7y kh\u00f4ng g\u00e2y \u1ea3nh h\u01b0\u1edfng t\u1edbi m\u00f4i tr\u01b0\u1eddng, r\u1ea5t th\u00e2n thi\u1ec7n v\u1edbi m\u00f4i tr\u01b0\u1eddng.<\/div>\n<div><\/div>\n<div>B\u1ed9 qu\u1ea7n \u00e1o ph\u00f2ng s\u1ea1ch d\u00f9ng 1 l\u1ea7n n\u00e0y c\u0169ng c\u00f3 s\u1ef1 \u0111a d\u1ea1ng v\u1ec1 m\u1eabu m\u00e3 gi\u1ed1ng nh\u01b0 c\u00e1c lo\u1ea1i qu\u1ea7n \u00e1o may b\u1eb1ng v\u1ea3i d\u00f9ng nhi\u1ec1u l\u1ea7n. C\u00f3 c\u00e1c m\u1eabu qu\u1ea7n \u00e1o sau: b\u1ed9 qu\u1ea7n \u00e1o ph\u00f2ng s\u1ea1ch \u00e1o li\u1ec1n qu\u1ea7n, \u00e1o li\u1ec1n qu\u1ea7n li\u1ec1n m\u0169, \u00e1o r\u1eddi qu\u1ea7n r\u1eddi, \u00e1o cho\u00e0ng,\u2026<\/div>\n<div><\/div>\n<div><span style=\"color: #00a859;\"><strong>C\u00f4ng ty TNHH JNC Vi\u1ec7t Nam<\/strong><\/span> ch\u00fang t\u00f4i, l\u00e0 nh\u00e0 ph\u00e2n ph\u1ed1i t\u1ea5t c\u1ea3 c\u00e1c s\u1ea3n ph\u1ea9m d\u00f9ng trong ph\u00f2ng s\u1ea1ch. H\u00e3y li\u00ean h\u1ec7 v\u1edbi ch\u00fang t\u00f4i \u0111\u1ec3 c\u00f3 nh\u1eefng s\u1ea3n ph\u1ea9m t\u1ed1t nh\u1ea5t c\u1ea3 v\u1ec1 ch\u1ea5t l\u01b0\u1ee3ng v\u00e0 gi\u00e1 th\u00e0nh s\u1ea3n ph\u1ea9m.<\/div>\n","protected":false},"excerpt":{"rendered":"<p>Qu\u1ea7n \u00e1o ph\u00f2ng s\u1ea1ch d\u00f9ng m\u1ed9t l\u1ea7n Hi\u1ec7n nay, v\u1edbi s\u1ef1 ph\u00e1t tri\u1ec3n kh\u00f4ng ng\u1eebng c\u1ee7a k\u1ef9 thu\u1eadt th\u00ec nhi\u1ec1u s\u1ea3n ph\u1ea9m m\u1edbi ra \u0111\u1eddi ph\u1ee5c v\u1ee5 nhu c\u1ea7u c\u1ee7a con ng\u01b0\u1eddi m\u00e0 gi\u00e1 th\u00e0nh l\u1ea1i th\u1ea5p nh\u01b0 c\u00e1c s\u1ea3n ph\u1ea9m d\u00f9ng m\u1ed9t l\u1ea7n. Trong c\u00e1c s\u1ea3n ph\u1ea9m ph\u00f2ng s\u1ea1ch, c\u0169ng c\u00f3 lo\u1ea1i s\u1ea3n ph\u1ea9m [&#8230;]\n","protected":false},"featured_media":1473,"comment_status":"open","ping_status":"closed","template":"","meta":[],"product_brand":[],"product_cat":[54,93,111],"product_tag":[],"class_list":{"0":"post-1471","1":"product","2":"type-product","3":"status-publish","4":"has-post-thumbnail","6":"product_cat-quan-ao-chong-tinh-dien-phong-sach","7":"product_cat-quan-va-ao-phong-sach","8":"product_cat-san-pham-noi-bat","10":"first","11":"instock","12":"shipping-taxable","13":"product-type-simple"},"yoast_head":"<!-- This site is optimized with the Yoast SEO plugin v26.8 - https:\/\/yoast.com\/product\/yoast-seo-wordpress\/ -->\n<title>Qu\u1ea7n \u00e1o ph\u00f2ng s\u1ea1ch d\u00f9ng 1 l\u1ea7n - JNC VN<\/title>\n<meta name=\"robots\" content=\"index, follow, max-snippet:-1, max-image-preview:large, max-video-preview:-1\" \/>\n<link rel=\"canonical\" href=\"https:\/\/jncvietnam.com\/en\/san-pham\/quan-ao-phong-sach-dung-1-lan\/\" \/>\n<meta property=\"og:locale\" content=\"vi_VN\" \/>\n<meta property=\"og:type\" content=\"article\" \/>\n<meta property=\"og:title\" content=\"Qu\u1ea7n \u00e1o ph\u00f2ng s\u1ea1ch d\u00f9ng 1 l\u1ea7n - JNC VN\" \/>\n<meta property=\"og:description\" content=\"Qu\u1ea7n \u00e1o ph\u00f2ng s\u1ea1ch d\u00f9ng m\u1ed9t l\u1ea7n Hi\u1ec7n nay, v\u1edbi s\u1ef1 ph\u00e1t tri\u1ec3n kh\u00f4ng ng\u1eebng c\u1ee7a k\u1ef9 thu\u1eadt th\u00ec nhi\u1ec1u s\u1ea3n ph\u1ea9m m\u1edbi ra \u0111\u1eddi ph\u1ee5c v\u1ee5 nhu c\u1ea7u c\u1ee7a con ng\u01b0\u1eddi m\u00e0 gi\u00e1 th\u00e0nh l\u1ea1i th\u1ea5p nh\u01b0 c\u00e1c s\u1ea3n ph\u1ea9m d\u00f9ng m\u1ed9t l\u1ea7n. Trong c\u00e1c s\u1ea3n ph\u1ea9m ph\u00f2ng s\u1ea1ch, c\u0169ng c\u00f3 lo\u1ea1i s\u1ea3n ph\u1ea9m [...]\" \/>\n<meta property=\"og:url\" content=\"https:\/\/jncvietnam.com\/en\/san-pham\/quan-ao-phong-sach-dung-1-lan\/\" \/>\n<meta property=\"og:site_name\" content=\"JNC VN\" \/>\n<meta property=\"article:modified_time\" content=\"2021-06-16T04:04:04+00:00\" \/>\n<meta property=\"og:image\" content=\"https:\/\/jncvietnam.com\/en\/wp-content\/uploads\/2021\/06\/Quan-ao-chong-tinh-dien-2.jpg\" \/>\n\t<meta property=\"og:image:width\" content=\"512\" \/>\n\t<meta property=\"og:image:height\" content=\"512\" \/>\n\t<meta property=\"og:image:type\" content=\"image\/jpeg\" \/>\n<meta name=\"twitter:card\" content=\"summary_large_image\" \/>\n<meta name=\"twitter:label1\" content=\"\u01af\u1edbc t\u00ednh th\u1eddi gian \u0111\u1ecdc\" \/>\n\t<meta name=\"twitter:data1\" content=\"2 ph\u00fat\" \/>\n<script type=\"application\/ld+json\" class=\"yoast-schema-graph\">{\"@context\":\"https:\/\/schema.org\",\"@graph\":[{\"@type\":\"WebPage\",\"@id\":\"https:\/\/jncvietnam.com\/en\/san-pham\/quan-ao-phong-sach-dung-1-lan\/\",\"url\":\"https:\/\/jncvietnam.com\/en\/san-pham\/quan-ao-phong-sach-dung-1-lan\/\",\"name\":\"Qu\u1ea7n \u00e1o ph\u00f2ng s\u1ea1ch d\u00f9ng 1 l\u1ea7n - JNC VN\",\"isPartOf\":{\"@id\":\"https:\/\/jncvietnam.com\/en\/#website\"},\"primaryImageOfPage\":{\"@id\":\"https:\/\/jncvietnam.com\/en\/san-pham\/quan-ao-phong-sach-dung-1-lan\/#primaryimage\"},\"image\":{\"@id\":\"https:\/\/jncvietnam.com\/en\/san-pham\/quan-ao-phong-sach-dung-1-lan\/#primaryimage\"},\"thumbnailUrl\":\"https:\/\/jncvietnam.com\/en\/wp-content\/uploads\/2021\/06\/Quan-ao-chong-tinh-dien-2.jpg\",\"datePublished\":\"2021-06-01T08:49:28+00:00\",\"dateModified\":\"2021-06-16T04:04:04+00:00\",\"breadcrumb\":{\"@id\":\"https:\/\/jncvietnam.com\/en\/san-pham\/quan-ao-phong-sach-dung-1-lan\/#breadcrumb\"},\"inLanguage\":\"vi\",\"potentialAction\":[{\"@type\":\"ReadAction\",\"target\":[\"https:\/\/jncvietnam.com\/en\/san-pham\/quan-ao-phong-sach-dung-1-lan\/\"]}]},{\"@type\":\"ImageObject\",\"inLanguage\":\"vi\",\"@id\":\"https:\/\/jncvietnam.com\/en\/san-pham\/quan-ao-phong-sach-dung-1-lan\/#primaryimage\",\"url\":\"https:\/\/jncvietnam.com\/en\/wp-content\/uploads\/2021\/06\/Quan-ao-chong-tinh-dien-2.jpg\",\"contentUrl\":\"https:\/\/jncvietnam.com\/en\/wp-content\/uploads\/2021\/06\/Quan-ao-chong-tinh-dien-2.jpg\",\"width\":512,\"height\":512},{\"@type\":\"BreadcrumbList\",\"@id\":\"https:\/\/jncvietnam.com\/en\/san-pham\/quan-ao-phong-sach-dung-1-lan\/#breadcrumb\",\"itemListElement\":[{\"@type\":\"ListItem\",\"position\":1,\"name\":\"Trang ch\u1ee7\",\"item\":\"https:\/\/jncvietnam.com\/en\/\"},{\"@type\":\"ListItem\",\"position\":2,\"name\":\"Product\",\"item\":\"https:\/\/jncvietnam.com\/en\/product\/\"},{\"@type\":\"ListItem\",\"position\":3,\"name\":\"Qu\u1ea7n \u00e1o ph\u00f2ng s\u1ea1ch d\u00f9ng 1 l\u1ea7n\"}]},{\"@type\":\"WebSite\",\"@id\":\"https:\/\/jncvietnam.com\/en\/#website\",\"url\":\"https:\/\/jncvietnam.com\/en\/\",\"name\":\"JNC VN\",\"description\":\"HTH\",\"potentialAction\":[{\"@type\":\"SearchAction\",\"target\":{\"@type\":\"EntryPoint\",\"urlTemplate\":\"https:\/\/jncvietnam.com\/en\/?s={search_term_string}\"},\"query-input\":{\"@type\":\"PropertyValueSpecification\",\"valueRequired\":true,\"valueName\":\"search_term_string\"}}],\"inLanguage\":\"vi\"}]}<\/script>\n<!-- \/ Yoast SEO plugin. -->","yoast_head_json":{"title":"Qu\u1ea7n \u00e1o ph\u00f2ng s\u1ea1ch d\u00f9ng 1 l\u1ea7n - JNC VN","robots":{"index":"index","follow":"follow","max-snippet":"max-snippet:-1","max-image-preview":"max-image-preview:large","max-video-preview":"max-video-preview:-1"},"canonical":"https:\/\/jncvietnam.com\/en\/san-pham\/quan-ao-phong-sach-dung-1-lan\/","og_locale":"vi_VN","og_type":"article","og_title":"Qu\u1ea7n \u00e1o ph\u00f2ng s\u1ea1ch d\u00f9ng 1 l\u1ea7n - JNC VN","og_description":"Qu\u1ea7n \u00e1o ph\u00f2ng s\u1ea1ch d\u00f9ng m\u1ed9t l\u1ea7n Hi\u1ec7n nay, v\u1edbi s\u1ef1 ph\u00e1t tri\u1ec3n kh\u00f4ng ng\u1eebng c\u1ee7a k\u1ef9 thu\u1eadt th\u00ec nhi\u1ec1u s\u1ea3n ph\u1ea9m m\u1edbi ra \u0111\u1eddi ph\u1ee5c v\u1ee5 nhu c\u1ea7u c\u1ee7a con ng\u01b0\u1eddi m\u00e0 gi\u00e1 th\u00e0nh l\u1ea1i th\u1ea5p nh\u01b0 c\u00e1c s\u1ea3n ph\u1ea9m d\u00f9ng m\u1ed9t l\u1ea7n. Trong c\u00e1c s\u1ea3n ph\u1ea9m ph\u00f2ng s\u1ea1ch, c\u0169ng c\u00f3 lo\u1ea1i s\u1ea3n ph\u1ea9m [...]","og_url":"https:\/\/jncvietnam.com\/en\/san-pham\/quan-ao-phong-sach-dung-1-lan\/","og_site_name":"JNC VN","article_modified_time":"2021-06-16T04:04:04+00:00","og_image":[{"width":512,"height":512,"url":"https:\/\/jncvietnam.com\/en\/wp-content\/uploads\/2021\/06\/Quan-ao-chong-tinh-dien-2.jpg","type":"image\/jpeg"}],"twitter_card":"summary_large_image","twitter_misc":{"\u01af\u1edbc t\u00ednh th\u1eddi gian \u0111\u1ecdc":"2 ph\u00fat"},"schema":{"@context":"https:\/\/schema.org","@graph":[{"@type":"WebPage","@id":"https:\/\/jncvietnam.com\/en\/san-pham\/quan-ao-phong-sach-dung-1-lan\/","url":"https:\/\/jncvietnam.com\/en\/san-pham\/quan-ao-phong-sach-dung-1-lan\/","name":"Qu\u1ea7n \u00e1o ph\u00f2ng s\u1ea1ch d\u00f9ng 1 l\u1ea7n - JNC VN","isPartOf":{"@id":"https:\/\/jncvietnam.com\/en\/#website"},"primaryImageOfPage":{"@id":"https:\/\/jncvietnam.com\/en\/san-pham\/quan-ao-phong-sach-dung-1-lan\/#primaryimage"},"image":{"@id":"https:\/\/jncvietnam.com\/en\/san-pham\/quan-ao-phong-sach-dung-1-lan\/#primaryimage"},"thumbnailUrl":"https:\/\/jncvietnam.com\/en\/wp-content\/uploads\/2021\/06\/Quan-ao-chong-tinh-dien-2.jpg","datePublished":"2021-06-01T08:49:28+00:00","dateModified":"2021-06-16T04:04:04+00:00","breadcrumb":{"@id":"https:\/\/jncvietnam.com\/en\/san-pham\/quan-ao-phong-sach-dung-1-lan\/#breadcrumb"},"inLanguage":"vi","potentialAction":[{"@type":"ReadAction","target":["https:\/\/jncvietnam.com\/en\/san-pham\/quan-ao-phong-sach-dung-1-lan\/"]}]},{"@type":"ImageObject","inLanguage":"vi","@id":"https:\/\/jncvietnam.com\/en\/san-pham\/quan-ao-phong-sach-dung-1-lan\/#primaryimage","url":"https:\/\/jncvietnam.com\/en\/wp-content\/uploads\/2021\/06\/Quan-ao-chong-tinh-dien-2.jpg","contentUrl":"https:\/\/jncvietnam.com\/en\/wp-content\/uploads\/2021\/06\/Quan-ao-chong-tinh-dien-2.jpg","width":512,"height":512},{"@type":"BreadcrumbList","@id":"https:\/\/jncvietnam.com\/en\/san-pham\/quan-ao-phong-sach-dung-1-lan\/#breadcrumb","itemListElement":[{"@type":"ListItem","position":1,"name":"Trang ch\u1ee7","item":"https:\/\/jncvietnam.com\/en\/"},{"@type":"ListItem","position":2,"name":"Product","item":"https:\/\/jncvietnam.com\/en\/product\/"},{"@type":"ListItem","position":3,"name":"Qu\u1ea7n \u00e1o ph\u00f2ng s\u1ea1ch d\u00f9ng 1 l\u1ea7n"}]},{"@type":"WebSite","@id":"https:\/\/jncvietnam.com\/en\/#website","url":"https:\/\/jncvietnam.com\/en\/","name":"JNC VN","description":"HTH","potentialAction":[{"@type":"SearchAction","target":{"@type":"EntryPoint","urlTemplate":"https:\/\/jncvietnam.com\/en\/?s={search_term_string}"},"query-input":{"@type":"PropertyValueSpecification","valueRequired":true,"valueName":"search_term_string"}}],"inLanguage":"vi"}]}},"_links":{"self":[{"href":"https:\/\/jncvietnam.com\/en\/wp-json\/wp\/v2\/product\/1471","targetHints":{"allow":["GET"]}}],"collection":[{"href":"https:\/\/jncvietnam.com\/en\/wp-json\/wp\/v2\/product"}],"about":[{"href":"https:\/\/jncvietnam.com\/en\/wp-json\/wp\/v2\/types\/product"}],"replies":[{"embeddable":true,"href":"https:\/\/jncvietnam.com\/en\/wp-json\/wp\/v2\/comments?post=1471"}],"wp:featuredmedia":[{"embeddable":true,"href":"https:\/\/jncvietnam.com\/en\/wp-json\/wp\/v2\/media\/1473"}],"wp:attachment":[{"href":"https:\/\/jncvietnam.com\/en\/wp-json\/wp\/v2\/media?parent=1471"}],"wp:term":[{"taxonomy":"product_brand","embeddable":true,"href":"https:\/\/jncvietnam.com\/en\/wp-json\/wp\/v2\/product_brand?post=1471"},{"taxonomy":"product_cat","embeddable":true,"href":"https:\/\/jncvietnam.com\/en\/wp-json\/wp\/v2\/product_cat?post=1471"},{"taxonomy":"product_tag","embeddable":true,"href":"https:\/\/jncvietnam.com\/en\/wp-json\/wp\/v2\/product_tag?post=1471"}],"curies":[{"name":"wp","href":"https:\/\/api.w.org\/{rel}","templated":true}]}}