{"id":1476,"date":"2021-06-01T16:14:53","date_gmt":"2021-06-01T09:14:53","guid":{"rendered":"https:\/\/jncvietnam.com\/en\/?post_type=product&#038;p=1476"},"modified":"2021-06-10T16:09:30","modified_gmt":"2021-06-10T09:09:30","slug":"ao-lien-quan-phong-sach-chong-tinh-dien","status":"publish","type":"product","link":"https:\/\/jncvietnam.com\/en\/san-pham\/ao-lien-quan-phong-sach-chong-tinh-dien\/","title":{"rendered":"\u00c1o li\u1ec1n qu\u1ea7n ph\u00f2ng s\u1ea1ch ch\u1ed1ng t\u0129nh \u0111i\u1ec7n"},"content":{"rendered":"<h3><span style=\"color: #00a859;\">Qu\u1ea7n \u00e1o ch\u1ed1ng t\u0129nh \u0111i\u1ec7n, b\u1ed9 \u00e1o li\u1ec1n qu\u1ea7n<\/span><\/h3>\n<div>Qu\u1ea7n \u00e1o ch\u1ed1ng t\u0129nh \u0111i\u1ec7n l\u00e0 m\u1ed9t trong nh\u1eefng trang ph\u1ee5c c\u1ea7n thi\u1ebft c\u1ee7a m\u1ed7i c\u00f4ng nh\u00e2n trong x\u01b0\u1edfng l\u00e0m vi\u1ec7c ho\u1eb7c c\u1ee7a nh\u1eefng ng\u01b0\u1eddi l\u00e0m vi\u1ec7c trong m\u00f4i tr\u01b0\u1eddng c\u00f3 y\u00eau c\u1ea7u \u0111\u1ed9 s\u1ea1ch v\u00e0 c\u00f3 s\u1ef1 t\u0129nh \u0111i\u1ec7n. Qu\u1ea7n \u00e1o ch\u1ed1ng t\u0129nh \u0111i\u1ec7n \u0111\u01b0\u1ee3c may \u0111o thi\u1ebft k\u1ebf theo y\u00eau c\u1ea7u c\u1ee7a m\u1ed7i kh\u00e1ch h\u00e0ng, ho\u1eb7c ch\u00fang t\u00f4i c\u00f3 r\u1ea5t nhi\u1ec1u m\u1eabu cho c\u00e1c b\u1ea1n l\u1ef1a ch\u1ecdn \u0111\u1ec3 ph\u00f9 h\u1ee3p v\u1edbi nhu c\u1ea7u v\u00e0 m\u1ee5c \u0111\u00edch s\u1eed d\u1ee5ng c\u1ee7a m\u00ecnh.<\/div>\n<div><\/div>\n<div><img loading=\"lazy\" decoding=\"async\" class=\"aligncenter wp-image-1477 size-full\" src=\"https:\/\/jncvietnam.com\/en\/wp-content\/uploads\/2021\/06\/1.jpg\" alt=\"\" width=\"500\" height=\"500\" srcset=\"https:\/\/jncvietnam.com\/en\/wp-content\/uploads\/2021\/06\/1.jpg 500w, https:\/\/jncvietnam.com\/en\/wp-content\/uploads\/2021\/06\/1-300x300.jpg 300w, https:\/\/jncvietnam.com\/en\/wp-content\/uploads\/2021\/06\/1-150x150.jpg 150w, https:\/\/jncvietnam.com\/en\/wp-content\/uploads\/2021\/06\/1-100x100.jpg 100w\" sizes=\"auto, (max-width: 500px) 100vw, 500px\" \/><\/div>\n<div>\n<div>Lo\u1ea1i v\u1ea3i d\u00f9ng \u0111\u1ec3 may qu\u1ea7n \u00e1o l\u00e0 lo\u1ea1i v\u1ea3i c\u00f3 th\u00e0nh ph\u1ea7n ch\u1ee7 y\u1ebfu l\u00e0 polyester pha s\u1ee3i carbon. Nh\u1eefng s\u1ee3i carbon n\u00e0y \u0111\u00f3ng vai tr\u00f2 quan tr\u1ecdng v\u00e0 ch\u1ee7 y\u1ebfu tr\u00ean b\u1ed9 qu\u1ea7n \u00e1o n\u00e0y. N\u00f3 quy\u1ebft \u0111\u1ecbnh ch\u00ednh \u0111\u1ebfn \u0111\u1ed9 ch\u1ed1ng t\u0129nh \u0111i\u1ec7n, gi\u00e1 th\u00e0nh c\u1ee7a b\u1ed9 \u00e1o li\u1ec1n qu\u1ea7n nh\u00e0 ph\u00e2n ph\u1ed1i Megaline s\u1ebd c\u1ea1nh tranh nh\u1ea5t th\u1ecb tr\u01b0\u1eddng. V\u1ea3i pha c\u00e0ng nhi\u1ec1u s\u1ee3i carbon th\u00ec \u0111\u1ed9 ch\u1ed1ng t\u0129nh \u0111i\u1ec7n c\u1ee7a n\u00f3 c\u00e0ng cao, c\u00e0ng \u0111\u1ea3m b\u1ea3o v\u00e0 c\u0169ng \u0111\u00f3 th\u00ec gi\u00e1 th\u00e0nh c\u00e0ng cao l\u00ean. C\u00f3 2 lo\u1ea1i th\u00f4ng th\u01b0\u1eddng ch\u00fang ta hay s\u1eed d\u1ee5ng \u0111\u00f3 l\u00e0 v\u1ea3i pha s\u1ee3i carbon k\u1ebb s\u1ecdc v\u00e0 v\u1ea3i pha s\u1ee3i carbon theo h\u00ecnh caro. T\u00f9y theo y\u00eau c\u1ea7u v\u00e0 s\u1edf th\u00edch c\u1ee7a kh\u00e1ch hang m\u00e0 l\u1ef1a ch\u1ecdn lo\u1ea1i v\u1ea3i ph\u00f9 h\u1ee3p cho c\u00f4ng vi\u1ec7c.<\/div>\n<div><\/div>\n<div>Ch\u00fang t\u00f4i c\u0169ng c\u00f3 r\u1ea5t nhi\u1ec1u m\u00e0u v\u1ea3i ch\u1ecdn l\u1ef1a ch\u1ecdn: tr\u1eafng, h\u1ed3ng, xanh, xanh \u0111en\u2026 t\u00f9y theo y\u00eau c\u1ea7u c\u1ee7a b\u1ea1n ch\u00fang t\u00f4i s\u1ebd \u0111\u00e1p \u1ee9ng ph\u00f9 h\u1ee3p. C\u00f3 r\u1ea5t nhi\u1ec1u size nh\u01b0: S, M, L, XL, XXL\u2026<\/div>\n<div><\/div>\n<div>B\u1ed9 qu\u1ea7n \u00e1o thi\u1ebft k\u1ebf li\u1ec1n \u00e1o v\u00e0 qu\u1ea7n l\u1ea1i c\u00f3 kh\u00f3a k\u00e9o n\u00ean r\u1ea5t d\u1ec5 d\u00e0ng v\u00e0 nhanh ch\u00f3ng cho ng\u01b0\u1eddi d\u00f9ng khi m\u1eb7c. B\u1ed9 qu\u1ea7n \u00e1o c\u00f3 thi\u1ebft k\u1ebf may \u0111o r\u1ed9ng r\u00e3i t\u1ea1o cho ng\u01b0\u1eddi m\u1eb7c s\u1ef1 tho\u1ea3i m\u00e1i trong c\u00f4ng vi\u1ec7c. Th\u00f4ng th\u01b0\u1eddng \u0111\u1ed9 ch\u1ed1ng t\u0129nh \u0111i\u1ec7n c\u1ee7a b\u1ed9 qu\u1ea7n \u00e1o trong kho\u1ea3ng 10^6 \u2013 10^9 \u2126.<\/div>\n<div><\/div>\n<div>Ch\u00fang t\u00f4i ngo\u00e0i ra c\u00f2n cung c\u1ea5p v\u00e0 ph\u00e2n ph\u1ed1i nhi\u1ec1u lo\u1ea1i qu\u1ea7n \u00e1o ch\u1ed1ng t\u0129nh \u0111i\u1ec7n kh\u00e1c nh\u01b0: b\u1ed9 \u00e1o r\u1eddi qu\u1ea7n r\u1eddi ph\u00f2ng s\u1ea1ch ch\u1ed1ng t\u0129nh \u0111i\u1ec7n, \u00e1o cho\u00e0ng ph\u00f2ng s\u1ea1ch ch\u1ed1ng t\u0129nh \u0111i\u1ec7n, b\u1ed9 \u00e1o li\u1ec1n qu\u1ea7n li\u1ec1n m\u0169 ph\u00f2ng s\u1ea1ch ch\u1ed1ng t\u0129nh \u0111i\u1ec7n\u2026<\/div>\n<\/div>\n","protected":false},"excerpt":{"rendered":"<div><\/div>\n<ul>\n<li><strong>Ch\u1ea5t li\u1ec7u:<\/strong> Polyester pha n\u1ee3i carbon<\/li>\n<li><strong>M\u00e0u s\u1eafc:<\/strong> Tr\u1eafng, xanh, h\u1ed3ng, x\u00e1m<\/li>\n<li><strong>Size:<\/strong> S,M,L,XL,XXL<\/li>\n<li><strong>T\u00ednh n\u0103ng:<\/strong> Ph\u00f2ng s\u1ea1ch ch\u1ed1ng t\u0129nh \u0111i\u1ec7n<\/li>\n<li><strong>Ch\u1ed1ng t\u0129nh \u0111i\u1ec7n:<\/strong> 10^6 &#8211; 10^9<\/li>\n<li><strong>Lo\u1ea1i kh\u00f3a:<\/strong> K\u00e9o kh\u00f3a<\/li>\n<\/ul>\n","protected":false},"featured_media":1477,"comment_status":"open","ping_status":"closed","template":"","meta":[],"product_brand":[],"product_cat":[54,92,93,110],"product_tag":[],"class_list":{"0":"post-1476","1":"product","2":"type-product","3":"status-publish","4":"has-post-thumbnail","6":"product_cat-quan-ao-chong-tinh-dien-phong-sach","7":"product_cat-quan-ao-lien-than","8":"product_cat-quan-va-ao-phong-sach","9":"product_cat-trang-phuc-phong-sach","11":"first","12":"instock","13":"shipping-taxable","14":"product-type-simple"},"yoast_head":"<!-- This site is optimized with the Yoast SEO plugin v26.8 - https:\/\/yoast.com\/product\/yoast-seo-wordpress\/ -->\n<title>\u00c1o li\u1ec1n qu\u1ea7n ph\u00f2ng s\u1ea1ch ch\u1ed1ng t\u0129nh \u0111i\u1ec7n - JNC VN<\/title>\n<meta name=\"robots\" content=\"index, follow, max-snippet:-1, max-image-preview:large, max-video-preview:-1\" \/>\n<link rel=\"canonical\" href=\"https:\/\/jncvietnam.com\/en\/san-pham\/ao-lien-quan-phong-sach-chong-tinh-dien\/\" \/>\n<meta property=\"og:locale\" content=\"vi_VN\" \/>\n<meta property=\"og:type\" content=\"article\" \/>\n<meta property=\"og:title\" content=\"\u00c1o li\u1ec1n qu\u1ea7n ph\u00f2ng s\u1ea1ch ch\u1ed1ng t\u0129nh \u0111i\u1ec7n - JNC VN\" \/>\n<meta property=\"og:description\" content=\"Ch\u1ea5t li\u1ec7u: Polyester pha n\u1ee3i carbon  M\u00e0u s\u1eafc: Tr\u1eafng, xanh, h\u1ed3ng, x\u00e1m  Size: S,M,L,XL,XXL  T\u00ednh n\u0103ng: Ph\u00f2ng s\u1ea1ch ch\u1ed1ng t\u0129nh \u0111i\u1ec7n  Ch\u1ed1ng t\u0129nh \u0111i\u1ec7n: 10^6 - 10^9  Lo\u1ea1i kh\u00f3a: K\u00e9o kh\u00f3a\" \/>\n<meta property=\"og:url\" content=\"https:\/\/jncvietnam.com\/en\/san-pham\/ao-lien-quan-phong-sach-chong-tinh-dien\/\" \/>\n<meta property=\"og:site_name\" content=\"JNC VN\" \/>\n<meta property=\"article:modified_time\" content=\"2021-06-10T09:09:30+00:00\" \/>\n<meta property=\"og:image\" content=\"https:\/\/jncvietnam.com\/en\/wp-content\/uploads\/2021\/06\/1.jpg\" \/>\n\t<meta property=\"og:image:width\" content=\"500\" \/>\n\t<meta property=\"og:image:height\" content=\"500\" \/>\n\t<meta property=\"og:image:type\" content=\"image\/jpeg\" \/>\n<meta name=\"twitter:card\" content=\"summary_large_image\" \/>\n<meta name=\"twitter:label1\" content=\"\u01af\u1edbc t\u00ednh th\u1eddi gian \u0111\u1ecdc\" \/>\n\t<meta name=\"twitter:data1\" content=\"2 ph\u00fat\" \/>\n<script type=\"application\/ld+json\" class=\"yoast-schema-graph\">{\"@context\":\"https:\/\/schema.org\",\"@graph\":[{\"@type\":\"WebPage\",\"@id\":\"https:\/\/jncvietnam.com\/en\/san-pham\/ao-lien-quan-phong-sach-chong-tinh-dien\/\",\"url\":\"https:\/\/jncvietnam.com\/en\/san-pham\/ao-lien-quan-phong-sach-chong-tinh-dien\/\",\"name\":\"\u00c1o li\u1ec1n qu\u1ea7n ph\u00f2ng s\u1ea1ch ch\u1ed1ng t\u0129nh \u0111i\u1ec7n - JNC VN\",\"isPartOf\":{\"@id\":\"https:\/\/jncvietnam.com\/en\/#website\"},\"primaryImageOfPage\":{\"@id\":\"https:\/\/jncvietnam.com\/en\/san-pham\/ao-lien-quan-phong-sach-chong-tinh-dien\/#primaryimage\"},\"image\":{\"@id\":\"https:\/\/jncvietnam.com\/en\/san-pham\/ao-lien-quan-phong-sach-chong-tinh-dien\/#primaryimage\"},\"thumbnailUrl\":\"https:\/\/jncvietnam.com\/en\/wp-content\/uploads\/2021\/06\/1.jpg\",\"datePublished\":\"2021-06-01T09:14:53+00:00\",\"dateModified\":\"2021-06-10T09:09:30+00:00\",\"breadcrumb\":{\"@id\":\"https:\/\/jncvietnam.com\/en\/san-pham\/ao-lien-quan-phong-sach-chong-tinh-dien\/#breadcrumb\"},\"inLanguage\":\"vi\",\"potentialAction\":[{\"@type\":\"ReadAction\",\"target\":[\"https:\/\/jncvietnam.com\/en\/san-pham\/ao-lien-quan-phong-sach-chong-tinh-dien\/\"]}]},{\"@type\":\"ImageObject\",\"inLanguage\":\"vi\",\"@id\":\"https:\/\/jncvietnam.com\/en\/san-pham\/ao-lien-quan-phong-sach-chong-tinh-dien\/#primaryimage\",\"url\":\"https:\/\/jncvietnam.com\/en\/wp-content\/uploads\/2021\/06\/1.jpg\",\"contentUrl\":\"https:\/\/jncvietnam.com\/en\/wp-content\/uploads\/2021\/06\/1.jpg\",\"width\":500,\"height\":500},{\"@type\":\"BreadcrumbList\",\"@id\":\"https:\/\/jncvietnam.com\/en\/san-pham\/ao-lien-quan-phong-sach-chong-tinh-dien\/#breadcrumb\",\"itemListElement\":[{\"@type\":\"ListItem\",\"position\":1,\"name\":\"Trang ch\u1ee7\",\"item\":\"https:\/\/jncvietnam.com\/en\/\"},{\"@type\":\"ListItem\",\"position\":2,\"name\":\"Product\",\"item\":\"https:\/\/jncvietnam.com\/en\/product\/\"},{\"@type\":\"ListItem\",\"position\":3,\"name\":\"\u00c1o li\u1ec1n qu\u1ea7n ph\u00f2ng s\u1ea1ch ch\u1ed1ng t\u0129nh \u0111i\u1ec7n\"}]},{\"@type\":\"WebSite\",\"@id\":\"https:\/\/jncvietnam.com\/en\/#website\",\"url\":\"https:\/\/jncvietnam.com\/en\/\",\"name\":\"JNC VN\",\"description\":\"HTH\",\"potentialAction\":[{\"@type\":\"SearchAction\",\"target\":{\"@type\":\"EntryPoint\",\"urlTemplate\":\"https:\/\/jncvietnam.com\/en\/?s={search_term_string}\"},\"query-input\":{\"@type\":\"PropertyValueSpecification\",\"valueRequired\":true,\"valueName\":\"search_term_string\"}}],\"inLanguage\":\"vi\"}]}<\/script>\n<!-- \/ Yoast SEO plugin. -->","yoast_head_json":{"title":"\u00c1o li\u1ec1n qu\u1ea7n ph\u00f2ng s\u1ea1ch ch\u1ed1ng t\u0129nh \u0111i\u1ec7n - JNC VN","robots":{"index":"index","follow":"follow","max-snippet":"max-snippet:-1","max-image-preview":"max-image-preview:large","max-video-preview":"max-video-preview:-1"},"canonical":"https:\/\/jncvietnam.com\/en\/san-pham\/ao-lien-quan-phong-sach-chong-tinh-dien\/","og_locale":"vi_VN","og_type":"article","og_title":"\u00c1o li\u1ec1n qu\u1ea7n ph\u00f2ng s\u1ea1ch ch\u1ed1ng t\u0129nh \u0111i\u1ec7n - JNC VN","og_description":"Ch\u1ea5t li\u1ec7u: Polyester pha n\u1ee3i carbon  M\u00e0u s\u1eafc: Tr\u1eafng, xanh, h\u1ed3ng, x\u00e1m  Size: S,M,L,XL,XXL  T\u00ednh n\u0103ng: Ph\u00f2ng s\u1ea1ch ch\u1ed1ng t\u0129nh \u0111i\u1ec7n  Ch\u1ed1ng t\u0129nh \u0111i\u1ec7n: 10^6 - 10^9  Lo\u1ea1i kh\u00f3a: K\u00e9o kh\u00f3a","og_url":"https:\/\/jncvietnam.com\/en\/san-pham\/ao-lien-quan-phong-sach-chong-tinh-dien\/","og_site_name":"JNC VN","article_modified_time":"2021-06-10T09:09:30+00:00","og_image":[{"width":500,"height":500,"url":"https:\/\/jncvietnam.com\/en\/wp-content\/uploads\/2021\/06\/1.jpg","type":"image\/jpeg"}],"twitter_card":"summary_large_image","twitter_misc":{"\u01af\u1edbc t\u00ednh th\u1eddi gian \u0111\u1ecdc":"2 ph\u00fat"},"schema":{"@context":"https:\/\/schema.org","@graph":[{"@type":"WebPage","@id":"https:\/\/jncvietnam.com\/en\/san-pham\/ao-lien-quan-phong-sach-chong-tinh-dien\/","url":"https:\/\/jncvietnam.com\/en\/san-pham\/ao-lien-quan-phong-sach-chong-tinh-dien\/","name":"\u00c1o li\u1ec1n qu\u1ea7n ph\u00f2ng s\u1ea1ch ch\u1ed1ng t\u0129nh \u0111i\u1ec7n - JNC VN","isPartOf":{"@id":"https:\/\/jncvietnam.com\/en\/#website"},"primaryImageOfPage":{"@id":"https:\/\/jncvietnam.com\/en\/san-pham\/ao-lien-quan-phong-sach-chong-tinh-dien\/#primaryimage"},"image":{"@id":"https:\/\/jncvietnam.com\/en\/san-pham\/ao-lien-quan-phong-sach-chong-tinh-dien\/#primaryimage"},"thumbnailUrl":"https:\/\/jncvietnam.com\/en\/wp-content\/uploads\/2021\/06\/1.jpg","datePublished":"2021-06-01T09:14:53+00:00","dateModified":"2021-06-10T09:09:30+00:00","breadcrumb":{"@id":"https:\/\/jncvietnam.com\/en\/san-pham\/ao-lien-quan-phong-sach-chong-tinh-dien\/#breadcrumb"},"inLanguage":"vi","potentialAction":[{"@type":"ReadAction","target":["https:\/\/jncvietnam.com\/en\/san-pham\/ao-lien-quan-phong-sach-chong-tinh-dien\/"]}]},{"@type":"ImageObject","inLanguage":"vi","@id":"https:\/\/jncvietnam.com\/en\/san-pham\/ao-lien-quan-phong-sach-chong-tinh-dien\/#primaryimage","url":"https:\/\/jncvietnam.com\/en\/wp-content\/uploads\/2021\/06\/1.jpg","contentUrl":"https:\/\/jncvietnam.com\/en\/wp-content\/uploads\/2021\/06\/1.jpg","width":500,"height":500},{"@type":"BreadcrumbList","@id":"https:\/\/jncvietnam.com\/en\/san-pham\/ao-lien-quan-phong-sach-chong-tinh-dien\/#breadcrumb","itemListElement":[{"@type":"ListItem","position":1,"name":"Trang ch\u1ee7","item":"https:\/\/jncvietnam.com\/en\/"},{"@type":"ListItem","position":2,"name":"Product","item":"https:\/\/jncvietnam.com\/en\/product\/"},{"@type":"ListItem","position":3,"name":"\u00c1o li\u1ec1n qu\u1ea7n ph\u00f2ng s\u1ea1ch ch\u1ed1ng t\u0129nh \u0111i\u1ec7n"}]},{"@type":"WebSite","@id":"https:\/\/jncvietnam.com\/en\/#website","url":"https:\/\/jncvietnam.com\/en\/","name":"JNC VN","description":"HTH","potentialAction":[{"@type":"SearchAction","target":{"@type":"EntryPoint","urlTemplate":"https:\/\/jncvietnam.com\/en\/?s={search_term_string}"},"query-input":{"@type":"PropertyValueSpecification","valueRequired":true,"valueName":"search_term_string"}}],"inLanguage":"vi"}]}},"_links":{"self":[{"href":"https:\/\/jncvietnam.com\/en\/wp-json\/wp\/v2\/product\/1476","targetHints":{"allow":["GET"]}}],"collection":[{"href":"https:\/\/jncvietnam.com\/en\/wp-json\/wp\/v2\/product"}],"about":[{"href":"https:\/\/jncvietnam.com\/en\/wp-json\/wp\/v2\/types\/product"}],"replies":[{"embeddable":true,"href":"https:\/\/jncvietnam.com\/en\/wp-json\/wp\/v2\/comments?post=1476"}],"wp:featuredmedia":[{"embeddable":true,"href":"https:\/\/jncvietnam.com\/en\/wp-json\/wp\/v2\/media\/1477"}],"wp:attachment":[{"href":"https:\/\/jncvietnam.com\/en\/wp-json\/wp\/v2\/media?parent=1476"}],"wp:term":[{"taxonomy":"product_brand","embeddable":true,"href":"https:\/\/jncvietnam.com\/en\/wp-json\/wp\/v2\/product_brand?post=1476"},{"taxonomy":"product_cat","embeddable":true,"href":"https:\/\/jncvietnam.com\/en\/wp-json\/wp\/v2\/product_cat?post=1476"},{"taxonomy":"product_tag","embeddable":true,"href":"https:\/\/jncvietnam.com\/en\/wp-json\/wp\/v2\/product_tag?post=1476"}],"curies":[{"name":"wp","href":"https:\/\/api.w.org\/{rel}","templated":true}]}}