{"id":1483,"date":"2021-06-03T09:12:43","date_gmt":"2021-06-03T02:12:43","guid":{"rendered":"https:\/\/jncvietnam.com\/en\/?post_type=product&#038;p=1483"},"modified":"2021-06-16T11:01:23","modified_gmt":"2021-06-16T04:01:23","slug":"bo-quan-ao-lien-than","status":"publish","type":"product","link":"https:\/\/jncvietnam.com\/en\/san-pham\/bo-quan-ao-lien-than\/","title":{"rendered":"B\u1ed9 qu\u1ea7n \u00e1o li\u1ec1n th\u00e2n"},"content":{"rendered":"<h3><span style=\"color: #00a859;\">B\u1ed9 qu\u1ea7n \u00e1o ph\u00f2ng s\u1ea1ch ch\u1ed1ng t\u0129nh \u0111i\u1ec7n li\u1ec1n m\u0169 li\u1ec1n qu\u1ea7n<\/span><\/h3>\n<div>B\u1ed9 qu\u1ea7n \u00e1o ph\u00f2ng s\u1ea1ch ch\u1ed1ng t\u0129nh \u0111i\u1ec7n li\u1ec1n m\u0169 li\u1ec1n qu\u1ea7n hi\u1ec7n nay \u0111\u01b0\u1ee3c s\u1eed d\u1ee5ng r\u1ed9ng r\u00e3i trong c\u00e1c x\u01b0\u1edfng s\u1ea3n xu\u1ea5t linh ki\u1ec7n \u0111i\u1ec7n t\u1eed, trong c\u00e1c ng\u00e0nh s\u1ea3n xu\u1ea5t thu\u1ed1c, d\u01b0\u1ee3c li\u1ec7u\u2026 C\u00e1c m\u00f4i tr\u01b0\u1eddng c\u00f3 y\u00eau c\u1ea7u cao v\u1ec1 \u0111\u1ed9 ch\u1ed1ng t\u0129nh \u0111i\u1ec7n v\u00e0 y\u00eau c\u1ea7u s\u1ea1ch 100.<\/div>\n<div><\/div>\n<div><img loading=\"lazy\" decoding=\"async\" class=\"aligncenter wp-image-1484 size-full\" src=\"https:\/\/jncvietnam.com\/en\/wp-content\/uploads\/2021\/06\/2.jpg\" alt=\"\" width=\"500\" height=\"500\" srcset=\"https:\/\/jncvietnam.com\/en\/wp-content\/uploads\/2021\/06\/2.jpg 500w, https:\/\/jncvietnam.com\/en\/wp-content\/uploads\/2021\/06\/2-300x300.jpg 300w, https:\/\/jncvietnam.com\/en\/wp-content\/uploads\/2021\/06\/2-150x150.jpg 150w, https:\/\/jncvietnam.com\/en\/wp-content\/uploads\/2021\/06\/2-100x100.jpg 100w\" sizes=\"auto, (max-width: 500px) 100vw, 500px\" \/><\/div>\n<div><\/div>\n<div>\u0110\u00e2y l\u00e0 m\u1ed9t trong nh\u1eefng trang thi\u1ebft b\u1ecb trang b\u1ecb cho c\u00f4ng nh\u00e2n l\u00e0m vi\u1ec7c r\u1ea5t quan tr\u1ecdng, v\u1eeba \u0111\u1ea3m b\u1ea3o y\u00eau c\u1ea7u \u0111\u1ed9 s\u1ea1ch v\u1eeba \u0111\u1ea3m b\u1ea3o s\u1ef1 an to\u00e0n cho con ng\u01b0\u1eddi trong qu\u00e1 tr\u00ecnh l\u00e0m vi\u1ec7c.<\/div>\n<div>\n<div><\/div>\n<div>B\u1ed9 qu\u1ea7n \u00e1o li\u1ec1n m\u0169 li\u1ec1n qu\u1ea7n gi\u00fap cho ng\u01b0\u1eddi d\u00f9ng d\u1ec5 b\u1ea3o qu\u1ea3n,thu\u1eadn ti\u1ec7n khi m\u1eb7c v\u1eeba \u0111\u1ea3m b\u1ea3o \u0111i\u1ec7n t\u00edch kh\u00f4ng \u1ea3nh h\u01b0\u1edfng t\u1edbi m\u1ed9t b\u1ed9 ph\u1eadn n\u00e0o tr\u00ean c\u01a1 th\u1ec3. \u1ede c\u1ed5 tay v\u00e0 \u1ed1ng qu\u1ea7n c\u00f3 thi\u1ebft k\u1ebf chun bo l\u1ea1i, gi\u00fap cho qu\u1ea7n \u00e1o g\u1ecdn g\u00e0ng kh\u00f4ng g\u00e2y \u1ea3nh h\u01b0\u1edfng cho ng\u01b0\u1eddi m\u1eb7c khi l\u00e0m vi\u1ec7c. \u1ede c\u1ed5 thi\u1ebft k\u1ebf mi\u1ebfng d\u00e1n t\u1ea1o n\u00ean \u0111\u1ed9 b\u00f3 s\u00e1t g\u1ecdn g\u00e0ng v\u00e0 \u0111\u1ea3m b\u1ea3o s\u1ef1 an to\u00e0n cho ng\u01b0\u1eddi m\u1eb7c h\u01a1n.<\/div>\n<div><\/div>\n<div>B\u1ed9 qu\u1ea7n \u00e1o c\u1ee7a ch\u00fang t\u00f4i \u0111\u1ea3m b\u1ea3o \u0111\u1ed9 ch\u1ed1ng t\u0129nh \u0111i\u1ec7n trong kho\u1ea3ng: 10^6- 10^9\u2126.<\/div>\n<div><\/div>\n<div>Ph\u1ea7n m\u0169 \u0111\u01b0\u1ee3c thi\u1ebft k\u1ebf may th\u00eam mi\u1ebfng l\u01b0\u1edbi gi\u00fap cho ng\u01b0\u1eddi m\u1eb7c \u0111\u01b0\u1ee3c tho\u00e1ng m\u00e1t h\u01a1n, kh\u00f4ng g\u00e2y n\u00ean s\u1ef1 n\u00f3ng b\u1ee9c v\u00e0 b\u00ed b\u00e1ch, t\u1eeb \u0111\u00f3 t\u1ea1o cho h\u1ecd s\u1ef1 tho\u1ea3i m\u00e1i h\u01a1n trong c\u00f4ng vi\u1ec7c.<\/div>\n<div><\/div>\n<div>B\u1ed9 qu\u1ea7n \u00e1o b\u1ea3o h\u1ed9 ph\u00f2ng s\u1ea1ch ch\u1ed1ng t\u0129nh \u0111i\u1ec7n li\u1ec1n m\u0169 li\u1ec1n qu\u1ea7n c\u00f3 \u0111\u1ee7 c\u00e1c size th\u00f4ng th\u01b0\u1eddng nh\u01b0: S, M, L, XL, XXL,\u2026 N\u00f3 c\u0169ng \u0111a d\u1ea1ng v\u1ec1 m\u00e0u s\u1eafc: tr\u1eafng, xanh, h\u1ed3ng, v\u00e0ng\u2026<\/div>\n<div><\/div>\n<div>Ch\u00fang t\u00f4i c\u00f3 nhi\u1ec1u m\u1eabu v\u1ea3i ph\u00f3ng s\u1ea1ch ch\u1ed1ng t\u0129nh \u0111i\u1ec7n cho b\u1ea1n l\u1ef1a ch\u1ecdn \u0111\u1ec3 ph\u00f9 h\u1ee3p v\u1edbi nhu c\u1ea7u s\u1eed d\u1ee5ng c\u1ee7a b\u1ea1n. B\u1ea1n c\u1ea7n thi\u1ebft k\u1ebf ri\u00eang h\u00e3y lien h\u1ec7 v\u1edbi ch\u00fang t\u00f4i. Ngo\u00e0i ra, c\u00f4ng ty c\u0169ng c\u00f3 s\u1ed1 l\u01b0\u1ee3ng h\u00e0ng c\u00f3 s\u1eb5n \u0111\u1ec3 ph\u1ee5c v\u1ee5 khi b\u1ea1n c\u1ea7n. H\u00e3y li\u00ean h\u1ec7 v\u1edbi ch\u00fang t\u00f4i \u0111\u1ec3 \u0111\u01b0\u1ee3c ph\u1ee5c v\u1ee5 nhanh nh\u1ea5t v\u00e0 t\u1ed1t nh\u1ea5t.<\/div>\n<\/div>\n","protected":false},"excerpt":{"rendered":"<ul>\n<li><strong>Ch\u1ea5t li\u1ec7u:<\/strong> Polyester pha n\u1ee3i carbon<\/li>\n<li><strong>M\u00e0u s\u1eafc:<\/strong> Tr\u1eafng, xanh, h\u1ed3ng, ..<\/li>\n<li><strong>T\u00ednh n\u0103ng:<\/strong> Ph\u00f2ng s\u1ea1ch ch\u1ed1ng t\u0129nh \u0111i\u1ec7n<\/li>\n<li><strong>Size:<\/strong> S, M, L, XL, XXL<\/li>\n<li><strong>Ch\u1ed1ng t\u0129nh \u0111i\u1ec7n:<\/strong> 10^6 &#8211; 10^9<\/li>\n<li><strong>Lo\u1ea1i kh\u00f3a:<\/strong> K\u00e9o kh\u00f3a<\/li>\n<\/ul>\n","protected":false},"featured_media":1484,"comment_status":"open","ping_status":"closed","template":"","meta":[],"product_brand":[],"product_cat":[54,92,93,111,110],"product_tag":[],"class_list":{"0":"post-1483","1":"product","2":"type-product","3":"status-publish","4":"has-post-thumbnail","6":"product_cat-quan-ao-chong-tinh-dien-phong-sach","7":"product_cat-quan-ao-lien-than","8":"product_cat-quan-va-ao-phong-sach","9":"product_cat-san-pham-noi-bat","10":"product_cat-trang-phuc-phong-sach","12":"first","13":"instock","14":"shipping-taxable","15":"product-type-simple"},"yoast_head":"<!-- This site is optimized with the Yoast SEO plugin v26.8 - https:\/\/yoast.com\/product\/yoast-seo-wordpress\/ -->\n<title>B\u1ed9 qu\u1ea7n \u00e1o li\u1ec1n th\u00e2n - JNC VN<\/title>\n<meta name=\"robots\" content=\"index, follow, max-snippet:-1, max-image-preview:large, max-video-preview:-1\" \/>\n<link rel=\"canonical\" href=\"https:\/\/jncvietnam.com\/en\/san-pham\/bo-quan-ao-lien-than\/\" \/>\n<meta property=\"og:locale\" content=\"vi_VN\" \/>\n<meta property=\"og:type\" content=\"article\" \/>\n<meta property=\"og:title\" content=\"B\u1ed9 qu\u1ea7n \u00e1o li\u1ec1n th\u00e2n - JNC VN\" \/>\n<meta property=\"og:description\" content=\"Ch\u1ea5t li\u1ec7u: Polyester pha n\u1ee3i carbon  M\u00e0u s\u1eafc: Tr\u1eafng, xanh, h\u1ed3ng, ..  T\u00ednh n\u0103ng: Ph\u00f2ng s\u1ea1ch ch\u1ed1ng t\u0129nh \u0111i\u1ec7n  Size: S, M, L, XL, XXL  Ch\u1ed1ng t\u0129nh \u0111i\u1ec7n: 10^6 - 10^9  Lo\u1ea1i kh\u00f3a: K\u00e9o kh\u00f3a\" \/>\n<meta property=\"og:url\" content=\"https:\/\/jncvietnam.com\/en\/san-pham\/bo-quan-ao-lien-than\/\" \/>\n<meta property=\"og:site_name\" content=\"JNC VN\" \/>\n<meta property=\"article:modified_time\" content=\"2021-06-16T04:01:23+00:00\" \/>\n<meta property=\"og:image\" content=\"https:\/\/jncvietnam.com\/en\/wp-content\/uploads\/2021\/06\/2.jpg\" \/>\n\t<meta property=\"og:image:width\" content=\"500\" \/>\n\t<meta property=\"og:image:height\" content=\"500\" \/>\n\t<meta property=\"og:image:type\" content=\"image\/jpeg\" \/>\n<meta name=\"twitter:card\" content=\"summary_large_image\" \/>\n<meta name=\"twitter:label1\" content=\"\u01af\u1edbc t\u00ednh th\u1eddi gian \u0111\u1ecdc\" \/>\n\t<meta name=\"twitter:data1\" content=\"2 ph\u00fat\" \/>\n<script type=\"application\/ld+json\" class=\"yoast-schema-graph\">{\"@context\":\"https:\/\/schema.org\",\"@graph\":[{\"@type\":\"WebPage\",\"@id\":\"https:\/\/jncvietnam.com\/en\/san-pham\/bo-quan-ao-lien-than\/\",\"url\":\"https:\/\/jncvietnam.com\/en\/san-pham\/bo-quan-ao-lien-than\/\",\"name\":\"B\u1ed9 qu\u1ea7n \u00e1o li\u1ec1n th\u00e2n - JNC VN\",\"isPartOf\":{\"@id\":\"https:\/\/jncvietnam.com\/en\/#website\"},\"primaryImageOfPage\":{\"@id\":\"https:\/\/jncvietnam.com\/en\/san-pham\/bo-quan-ao-lien-than\/#primaryimage\"},\"image\":{\"@id\":\"https:\/\/jncvietnam.com\/en\/san-pham\/bo-quan-ao-lien-than\/#primaryimage\"},\"thumbnailUrl\":\"https:\/\/jncvietnam.com\/en\/wp-content\/uploads\/2021\/06\/2.jpg\",\"datePublished\":\"2021-06-03T02:12:43+00:00\",\"dateModified\":\"2021-06-16T04:01:23+00:00\",\"breadcrumb\":{\"@id\":\"https:\/\/jncvietnam.com\/en\/san-pham\/bo-quan-ao-lien-than\/#breadcrumb\"},\"inLanguage\":\"vi\",\"potentialAction\":[{\"@type\":\"ReadAction\",\"target\":[\"https:\/\/jncvietnam.com\/en\/san-pham\/bo-quan-ao-lien-than\/\"]}]},{\"@type\":\"ImageObject\",\"inLanguage\":\"vi\",\"@id\":\"https:\/\/jncvietnam.com\/en\/san-pham\/bo-quan-ao-lien-than\/#primaryimage\",\"url\":\"https:\/\/jncvietnam.com\/en\/wp-content\/uploads\/2021\/06\/2.jpg\",\"contentUrl\":\"https:\/\/jncvietnam.com\/en\/wp-content\/uploads\/2021\/06\/2.jpg\",\"width\":500,\"height\":500},{\"@type\":\"BreadcrumbList\",\"@id\":\"https:\/\/jncvietnam.com\/en\/san-pham\/bo-quan-ao-lien-than\/#breadcrumb\",\"itemListElement\":[{\"@type\":\"ListItem\",\"position\":1,\"name\":\"Trang ch\u1ee7\",\"item\":\"https:\/\/jncvietnam.com\/en\/\"},{\"@type\":\"ListItem\",\"position\":2,\"name\":\"Product\",\"item\":\"https:\/\/jncvietnam.com\/en\/product\/\"},{\"@type\":\"ListItem\",\"position\":3,\"name\":\"B\u1ed9 qu\u1ea7n \u00e1o li\u1ec1n th\u00e2n\"}]},{\"@type\":\"WebSite\",\"@id\":\"https:\/\/jncvietnam.com\/en\/#website\",\"url\":\"https:\/\/jncvietnam.com\/en\/\",\"name\":\"JNC VN\",\"description\":\"HTH\",\"potentialAction\":[{\"@type\":\"SearchAction\",\"target\":{\"@type\":\"EntryPoint\",\"urlTemplate\":\"https:\/\/jncvietnam.com\/en\/?s={search_term_string}\"},\"query-input\":{\"@type\":\"PropertyValueSpecification\",\"valueRequired\":true,\"valueName\":\"search_term_string\"}}],\"inLanguage\":\"vi\"}]}<\/script>\n<!-- \/ Yoast SEO plugin. -->","yoast_head_json":{"title":"B\u1ed9 qu\u1ea7n \u00e1o li\u1ec1n th\u00e2n - JNC VN","robots":{"index":"index","follow":"follow","max-snippet":"max-snippet:-1","max-image-preview":"max-image-preview:large","max-video-preview":"max-video-preview:-1"},"canonical":"https:\/\/jncvietnam.com\/en\/san-pham\/bo-quan-ao-lien-than\/","og_locale":"vi_VN","og_type":"article","og_title":"B\u1ed9 qu\u1ea7n \u00e1o li\u1ec1n th\u00e2n - JNC VN","og_description":"Ch\u1ea5t li\u1ec7u: Polyester pha n\u1ee3i carbon  M\u00e0u s\u1eafc: Tr\u1eafng, xanh, h\u1ed3ng, ..  T\u00ednh n\u0103ng: Ph\u00f2ng s\u1ea1ch ch\u1ed1ng t\u0129nh \u0111i\u1ec7n  Size: S, M, L, XL, XXL  Ch\u1ed1ng t\u0129nh \u0111i\u1ec7n: 10^6 - 10^9  Lo\u1ea1i kh\u00f3a: K\u00e9o kh\u00f3a","og_url":"https:\/\/jncvietnam.com\/en\/san-pham\/bo-quan-ao-lien-than\/","og_site_name":"JNC VN","article_modified_time":"2021-06-16T04:01:23+00:00","og_image":[{"width":500,"height":500,"url":"https:\/\/jncvietnam.com\/en\/wp-content\/uploads\/2021\/06\/2.jpg","type":"image\/jpeg"}],"twitter_card":"summary_large_image","twitter_misc":{"\u01af\u1edbc t\u00ednh th\u1eddi gian \u0111\u1ecdc":"2 ph\u00fat"},"schema":{"@context":"https:\/\/schema.org","@graph":[{"@type":"WebPage","@id":"https:\/\/jncvietnam.com\/en\/san-pham\/bo-quan-ao-lien-than\/","url":"https:\/\/jncvietnam.com\/en\/san-pham\/bo-quan-ao-lien-than\/","name":"B\u1ed9 qu\u1ea7n \u00e1o li\u1ec1n th\u00e2n - JNC VN","isPartOf":{"@id":"https:\/\/jncvietnam.com\/en\/#website"},"primaryImageOfPage":{"@id":"https:\/\/jncvietnam.com\/en\/san-pham\/bo-quan-ao-lien-than\/#primaryimage"},"image":{"@id":"https:\/\/jncvietnam.com\/en\/san-pham\/bo-quan-ao-lien-than\/#primaryimage"},"thumbnailUrl":"https:\/\/jncvietnam.com\/en\/wp-content\/uploads\/2021\/06\/2.jpg","datePublished":"2021-06-03T02:12:43+00:00","dateModified":"2021-06-16T04:01:23+00:00","breadcrumb":{"@id":"https:\/\/jncvietnam.com\/en\/san-pham\/bo-quan-ao-lien-than\/#breadcrumb"},"inLanguage":"vi","potentialAction":[{"@type":"ReadAction","target":["https:\/\/jncvietnam.com\/en\/san-pham\/bo-quan-ao-lien-than\/"]}]},{"@type":"ImageObject","inLanguage":"vi","@id":"https:\/\/jncvietnam.com\/en\/san-pham\/bo-quan-ao-lien-than\/#primaryimage","url":"https:\/\/jncvietnam.com\/en\/wp-content\/uploads\/2021\/06\/2.jpg","contentUrl":"https:\/\/jncvietnam.com\/en\/wp-content\/uploads\/2021\/06\/2.jpg","width":500,"height":500},{"@type":"BreadcrumbList","@id":"https:\/\/jncvietnam.com\/en\/san-pham\/bo-quan-ao-lien-than\/#breadcrumb","itemListElement":[{"@type":"ListItem","position":1,"name":"Trang ch\u1ee7","item":"https:\/\/jncvietnam.com\/en\/"},{"@type":"ListItem","position":2,"name":"Product","item":"https:\/\/jncvietnam.com\/en\/product\/"},{"@type":"ListItem","position":3,"name":"B\u1ed9 qu\u1ea7n \u00e1o li\u1ec1n th\u00e2n"}]},{"@type":"WebSite","@id":"https:\/\/jncvietnam.com\/en\/#website","url":"https:\/\/jncvietnam.com\/en\/","name":"JNC VN","description":"HTH","potentialAction":[{"@type":"SearchAction","target":{"@type":"EntryPoint","urlTemplate":"https:\/\/jncvietnam.com\/en\/?s={search_term_string}"},"query-input":{"@type":"PropertyValueSpecification","valueRequired":true,"valueName":"search_term_string"}}],"inLanguage":"vi"}]}},"_links":{"self":[{"href":"https:\/\/jncvietnam.com\/en\/wp-json\/wp\/v2\/product\/1483","targetHints":{"allow":["GET"]}}],"collection":[{"href":"https:\/\/jncvietnam.com\/en\/wp-json\/wp\/v2\/product"}],"about":[{"href":"https:\/\/jncvietnam.com\/en\/wp-json\/wp\/v2\/types\/product"}],"replies":[{"embeddable":true,"href":"https:\/\/jncvietnam.com\/en\/wp-json\/wp\/v2\/comments?post=1483"}],"wp:featuredmedia":[{"embeddable":true,"href":"https:\/\/jncvietnam.com\/en\/wp-json\/wp\/v2\/media\/1484"}],"wp:attachment":[{"href":"https:\/\/jncvietnam.com\/en\/wp-json\/wp\/v2\/media?parent=1483"}],"wp:term":[{"taxonomy":"product_brand","embeddable":true,"href":"https:\/\/jncvietnam.com\/en\/wp-json\/wp\/v2\/product_brand?post=1483"},{"taxonomy":"product_cat","embeddable":true,"href":"https:\/\/jncvietnam.com\/en\/wp-json\/wp\/v2\/product_cat?post=1483"},{"taxonomy":"product_tag","embeddable":true,"href":"https:\/\/jncvietnam.com\/en\/wp-json\/wp\/v2\/product_tag?post=1483"}],"curies":[{"name":"wp","href":"https:\/\/api.w.org\/{rel}","templated":true}]}}