{"id":1488,"date":"2021-06-03T09:47:40","date_gmt":"2021-06-03T02:47:40","guid":{"rendered":"https:\/\/jncvietnam.com\/en\/?post_type=product&#038;p=1488"},"modified":"2021-06-16T10:34:22","modified_gmt":"2021-06-16T03:34:22","slug":"tham-dinh-bui-sticky-mat-3","status":"publish","type":"product","link":"https:\/\/jncvietnam.com\/en\/san-pham\/tham-dinh-bui-sticky-mat-3\/","title":{"rendered":"Th\u1ea3m d\u00ednh b\u1ee5i"},"content":{"rendered":"<h3><span style=\"color: #00a859;\">Th\u1ea3m d\u00ednh b\u1ee5i ph\u00f2ng s\u1ea1ch Sticky mat<\/span><\/h3>\n<div>Th\u1ea3m ph\u00f2ng s\u1ea1ch c\u00f2n c\u00f3 t\u00ean g\u1ecdi l\u00e0 Sticky mat, \u0111\u01b0\u1ee3c l\u00e0m t\u1eeb Polyethylen v\u1edbi \u0111\u1ed9 d\u00e0y v\u00e0 ch\u1ea5t d\u00ednh tr\u00ean n\u1ec1n n\u01b0\u1edbc th\u1ea5p, \u0111\u1ea1t ti\u00eau chu\u1ea9n ph\u00f2ng s\u1ea1ch.<\/div>\n<div><\/div>\n<div>Th\u1ea3m d\u00ednh b\u1ee5i ph\u00f2ng s\u1ea1ch s\u1eed d\u1ee5ng c\u00f4ng ngh\u1ec7 s\u1ea3n xu\u1ea5t ti\u00ean ti\u1ebfn nh\u1ea5t gi\u00fap t\u0103ng kh\u1ea3 n\u0103ng h\u00fat b\u1ee5i v\u00e0 lo\u1ea1i b\u1ecf b\u1ee5i b\u1ea9n b\u00e1m tr\u00ean gi\u00e0y d\u00e9p, b\u00e1nh xe, c\u1eeda ra v\u00e0o nh\u01b0ng n\u01a1i c\u00f3 kh\u00f3i b\u1ee5i, khu v\u1ef1c l\u00e0m vi\u1ec7c y\u00eau c\u1ea7u s\u1ea1ch s\u1ebd, nh\u01b0ng v\u1ecb tr\u00ed s\u1ea3n xu\u1ea5t quan tr\u1ecdng m\u00e0 kh\u00f4ng c\u1ea7n s\u1eed d\u1ee5ng \u0111\u1ebfn n\u01b0\u1edbc, th\u1ea3m c\u00f3 k\u00edch th\u01b0\u1edbc 60&#215;90 cm<\/div>\n<div><\/div>\n<div>Tr\u00ean b\u1ec1 m\u1eb7t c\u1ee7a tham d\u00ednh b\u1ee5i c\u00f3 g\u1eafn s\u1ed1 r\u00f5 r\u00e0ng \u0111\u1ec3 ph\u00e2n bi\u1ec7t, lo\u1ea1i b\u1ecf v\u00e0 thay th\u1ebf c\u00e1c th\u1ea3m \u0111\u00e3 qua s\u1eed d\u1ee5ng<\/div>\n<div><\/div>\n<div><img loading=\"lazy\" decoding=\"async\" class=\"aligncenter wp-image-1489 size-full\" src=\"https:\/\/jncvietnam.com\/en\/wp-content\/uploads\/2021\/06\/tham-dinh-bui-phong-sach.jpg\" alt=\"\" width=\"600\" height=\"600\" srcset=\"https:\/\/jncvietnam.com\/en\/wp-content\/uploads\/2021\/06\/tham-dinh-bui-phong-sach.jpg 600w, https:\/\/jncvietnam.com\/en\/wp-content\/uploads\/2021\/06\/tham-dinh-bui-phong-sach-300x300.jpg 300w, https:\/\/jncvietnam.com\/en\/wp-content\/uploads\/2021\/06\/tham-dinh-bui-phong-sach-150x150.jpg 150w, https:\/\/jncvietnam.com\/en\/wp-content\/uploads\/2021\/06\/tham-dinh-bui-phong-sach-100x100.jpg 100w\" sizes=\"auto, (max-width: 600px) 100vw, 600px\" \/><\/div>\n<div>\n<div><\/div>\n<h3><span style=\"color: #00a859;\">\u1ee8ng d\u1ee5ng th\u1ea3m d\u00ednh b\u1ee5i ph\u00f2ng s\u1ea1ch Sticky mat<\/span><\/h3>\n<div>&#8211;\u00a0 S\u1ea3n ph\u1ea9m \u0111\u01b0\u1ee3c \u1ee9ng d\u1ee5ng r\u1ed9ng r\u00e3i trong c\u00f4ng nghi\u1ec7p \u0111i\u1ec7n t\u1eed<\/div>\n<div><\/div>\n<div>&#8211;\u00a0 D\u00f9ng trong c\u00f4ng nghi\u1ec7p b\u00e1n d\u1eabn.<\/div>\n<div><\/div>\n<div>&#8211;\u00a0 D\u00f9ng trong y h\u1ecdc, s\u1ea3n xu\u1ea5t d\u01b0\u1ee3c ph\u1ea9m.<\/div>\n<div><\/div>\n<div>&#8211;\u00a0 S\u1eed d\u1ee5ng trong s\u1ea3n xu\u1ea5t d\u01b0\u1ee3c h\u1ecdc h\u00f3a sinh.<\/div>\n<div><\/div>\n<div>&#8211;\u00a0 S\u1eed d\u1ee5ng cho ph\u00f2ng m\u1ed5 v\u00e0 c\u00f4ng nghi\u1ec7p l\u00e0m s\u1ea1ch.<\/div>\n<div><\/div>\n<div>&#8211;\u00a0 Th\u1ea3m d\u00ednh b\u1ee5i ph\u00f2ng s\u1ea1ch<\/div>\n<h3><span style=\"color: #00a859;\">H\u01b0\u1edbng d\u1eabn s\u1eed d\u1ee5ng th\u1ea3m d\u00ednh b\u1ee5i ph\u00f2ng s\u1ea1ch<\/span><\/h3>\n<div>\u0110\u1eb7t th\u1ea3m tr\u00ean s\u00e0n b\u1eb1ng ph\u1eb3ng, c\u1ed1 \u0111\u1ecbnh b\u1eb1ng khung th\u1ea3m kho\u1eb7c keo d\u00e1n.<\/div>\n<div><\/div>\n<div>D\u00e1n th\u1ea3m ch\u1eafc ch\u1eafn xu\u1ed1ng \u0111\u1ec3 gi\u1eef ch\u1eb7t th\u1ea3m kh\u00f4ng b\u1ecb x\u00ea d\u1ecbch khi \u0111i l\u1ea1i.<\/div>\n<div><\/div>\n<div>Khi th\u1ea3m h\u1ebft kh\u1ea3 n\u0103ng d\u00ednh b\u1ee5i ta l\u1ed9t t\u1eebng l\u1edbp ra, d\u1ef1a v\u00e0o s\u1ed1 th\u1ee9 t\u1ef1 b\u00ean tr\u00ean th\u1ea3m \u0111\u1ec3 nh\u1eadn \u0111\u1ecbnh th\u1ea3m \u0111\u00e3 \u0111\u01b0\u1ee3c thay hay ch\u01b0a.<\/div>\n<div><\/div>\n<div>Ngo\u00e0i s\u1ea3n ph\u1ea9m th\u1ea3m d\u00ednh b\u1ecbu Sticky mat ra, b\u00ean t\u00f4i c\u00f4ng ty megaline c\u00f2n r\u1ea5t nhi\u1ec1u s\u1ea3n ph\u1ea9m h\u1eefu \u00edch kh\u00e1c li\u00ean quan \u0111\u1ebfn ph\u00f2ng s\u1ea1ch nh\u01b0: b\u0103ng d\u00ednh, khay t\u00fai ch\u1ed1ng t\u0129nh \u0111i\u1ec7n, qu\u1ea7n \u00e1o, thi\u1ebft b\u1ecb c\u00f4ng nghi\u1ec7p<\/div>\n<\/div>\n","protected":false},"excerpt":{"rendered":"<ul>\n<li><strong>Ch\u1ea5t li\u1ec7u:<\/strong> Polyester<\/li>\n<li><strong>M\u00e0u s\u1eafc:<\/strong> Xanh<\/li>\n<li><strong>K\u00edch th\u01b0\u1edbc:<\/strong> 24\u201d x 36\u201d (60 x 90 cm)<\/li>\n<li><strong>\u0110\u1ed9 d\u00ednh:<\/strong> 3.0 Micro (+-5 Micro)<\/li>\n<li><strong>T\u00ednh n\u0103ng:<\/strong> D\u00ednh b\u1ee5i ph\u00f2ng s\u1ea1ch<\/li>\n<\/ul>\n","protected":false},"featured_media":1489,"comment_status":"open","ping_status":"closed","template":"","meta":[],"product_brand":[],"product_cat":[73,53],"product_tag":[],"class_list":{"0":"post-1488","1":"product","2":"type-product","3":"status-publish","4":"has-post-thumbnail","6":"product_cat-tham-dinh-bui","7":"product_cat-tham-dinh-bui-phong-sach","9":"first","10":"instock","11":"shipping-taxable","12":"product-type-simple"},"yoast_head":"<!-- This site is optimized with the Yoast SEO plugin v26.8 - https:\/\/yoast.com\/product\/yoast-seo-wordpress\/ -->\n<title>Th\u1ea3m d\u00ednh b\u1ee5i - JNC VN<\/title>\n<meta name=\"robots\" content=\"index, follow, max-snippet:-1, max-image-preview:large, max-video-preview:-1\" \/>\n<link rel=\"canonical\" href=\"https:\/\/jncvietnam.com\/en\/san-pham\/tham-dinh-bui-sticky-mat-3\/\" \/>\n<meta property=\"og:locale\" content=\"vi_VN\" \/>\n<meta property=\"og:type\" content=\"article\" \/>\n<meta property=\"og:title\" content=\"Th\u1ea3m d\u00ednh b\u1ee5i - JNC VN\" \/>\n<meta property=\"og:description\" content=\"Ch\u1ea5t li\u1ec7u: Polyester  M\u00e0u s\u1eafc: Xanh  K\u00edch th\u01b0\u1edbc: 24\u201d x 36\u201d (60 x 90 cm)  \u0110\u1ed9 d\u00ednh: 3.0 Micro (+-5 Micro)  T\u00ednh n\u0103ng: D\u00ednh b\u1ee5i ph\u00f2ng s\u1ea1ch\" \/>\n<meta property=\"og:url\" content=\"https:\/\/jncvietnam.com\/en\/san-pham\/tham-dinh-bui-sticky-mat-3\/\" \/>\n<meta property=\"og:site_name\" content=\"JNC VN\" \/>\n<meta property=\"article:modified_time\" content=\"2021-06-16T03:34:22+00:00\" \/>\n<meta property=\"og:image\" content=\"https:\/\/jncvietnam.com\/en\/wp-content\/uploads\/2021\/06\/tham-dinh-bui-phong-sach.jpg\" \/>\n\t<meta property=\"og:image:width\" content=\"600\" \/>\n\t<meta property=\"og:image:height\" content=\"600\" \/>\n\t<meta property=\"og:image:type\" content=\"image\/jpeg\" \/>\n<meta name=\"twitter:card\" content=\"summary_large_image\" \/>\n<meta name=\"twitter:label1\" content=\"\u01af\u1edbc t\u00ednh th\u1eddi gian \u0111\u1ecdc\" \/>\n\t<meta name=\"twitter:data1\" content=\"2 ph\u00fat\" \/>\n<script type=\"application\/ld+json\" class=\"yoast-schema-graph\">{\"@context\":\"https:\/\/schema.org\",\"@graph\":[{\"@type\":\"WebPage\",\"@id\":\"https:\/\/jncvietnam.com\/en\/san-pham\/tham-dinh-bui-sticky-mat-3\/\",\"url\":\"https:\/\/jncvietnam.com\/en\/san-pham\/tham-dinh-bui-sticky-mat-3\/\",\"name\":\"Th\u1ea3m d\u00ednh b\u1ee5i - JNC VN\",\"isPartOf\":{\"@id\":\"https:\/\/jncvietnam.com\/en\/#website\"},\"primaryImageOfPage\":{\"@id\":\"https:\/\/jncvietnam.com\/en\/san-pham\/tham-dinh-bui-sticky-mat-3\/#primaryimage\"},\"image\":{\"@id\":\"https:\/\/jncvietnam.com\/en\/san-pham\/tham-dinh-bui-sticky-mat-3\/#primaryimage\"},\"thumbnailUrl\":\"https:\/\/jncvietnam.com\/en\/wp-content\/uploads\/2021\/06\/tham-dinh-bui-phong-sach.jpg\",\"datePublished\":\"2021-06-03T02:47:40+00:00\",\"dateModified\":\"2021-06-16T03:34:22+00:00\",\"breadcrumb\":{\"@id\":\"https:\/\/jncvietnam.com\/en\/san-pham\/tham-dinh-bui-sticky-mat-3\/#breadcrumb\"},\"inLanguage\":\"vi\",\"potentialAction\":[{\"@type\":\"ReadAction\",\"target\":[\"https:\/\/jncvietnam.com\/en\/san-pham\/tham-dinh-bui-sticky-mat-3\/\"]}]},{\"@type\":\"ImageObject\",\"inLanguage\":\"vi\",\"@id\":\"https:\/\/jncvietnam.com\/en\/san-pham\/tham-dinh-bui-sticky-mat-3\/#primaryimage\",\"url\":\"https:\/\/jncvietnam.com\/en\/wp-content\/uploads\/2021\/06\/tham-dinh-bui-phong-sach.jpg\",\"contentUrl\":\"https:\/\/jncvietnam.com\/en\/wp-content\/uploads\/2021\/06\/tham-dinh-bui-phong-sach.jpg\",\"width\":600,\"height\":600},{\"@type\":\"BreadcrumbList\",\"@id\":\"https:\/\/jncvietnam.com\/en\/san-pham\/tham-dinh-bui-sticky-mat-3\/#breadcrumb\",\"itemListElement\":[{\"@type\":\"ListItem\",\"position\":1,\"name\":\"Trang ch\u1ee7\",\"item\":\"https:\/\/jncvietnam.com\/en\/\"},{\"@type\":\"ListItem\",\"position\":2,\"name\":\"Product\",\"item\":\"https:\/\/jncvietnam.com\/en\/product\/\"},{\"@type\":\"ListItem\",\"position\":3,\"name\":\"Th\u1ea3m d\u00ednh b\u1ee5i\"}]},{\"@type\":\"WebSite\",\"@id\":\"https:\/\/jncvietnam.com\/en\/#website\",\"url\":\"https:\/\/jncvietnam.com\/en\/\",\"name\":\"JNC VN\",\"description\":\"HTH\",\"potentialAction\":[{\"@type\":\"SearchAction\",\"target\":{\"@type\":\"EntryPoint\",\"urlTemplate\":\"https:\/\/jncvietnam.com\/en\/?s={search_term_string}\"},\"query-input\":{\"@type\":\"PropertyValueSpecification\",\"valueRequired\":true,\"valueName\":\"search_term_string\"}}],\"inLanguage\":\"vi\"}]}<\/script>\n<!-- \/ Yoast SEO plugin. -->","yoast_head_json":{"title":"Th\u1ea3m d\u00ednh b\u1ee5i - JNC VN","robots":{"index":"index","follow":"follow","max-snippet":"max-snippet:-1","max-image-preview":"max-image-preview:large","max-video-preview":"max-video-preview:-1"},"canonical":"https:\/\/jncvietnam.com\/en\/san-pham\/tham-dinh-bui-sticky-mat-3\/","og_locale":"vi_VN","og_type":"article","og_title":"Th\u1ea3m d\u00ednh b\u1ee5i - JNC VN","og_description":"Ch\u1ea5t li\u1ec7u: Polyester  M\u00e0u s\u1eafc: Xanh  K\u00edch th\u01b0\u1edbc: 24\u201d x 36\u201d (60 x 90 cm)  \u0110\u1ed9 d\u00ednh: 3.0 Micro (+-5 Micro)  T\u00ednh n\u0103ng: D\u00ednh b\u1ee5i ph\u00f2ng s\u1ea1ch","og_url":"https:\/\/jncvietnam.com\/en\/san-pham\/tham-dinh-bui-sticky-mat-3\/","og_site_name":"JNC VN","article_modified_time":"2021-06-16T03:34:22+00:00","og_image":[{"width":600,"height":600,"url":"https:\/\/jncvietnam.com\/en\/wp-content\/uploads\/2021\/06\/tham-dinh-bui-phong-sach.jpg","type":"image\/jpeg"}],"twitter_card":"summary_large_image","twitter_misc":{"\u01af\u1edbc t\u00ednh th\u1eddi gian \u0111\u1ecdc":"2 ph\u00fat"},"schema":{"@context":"https:\/\/schema.org","@graph":[{"@type":"WebPage","@id":"https:\/\/jncvietnam.com\/en\/san-pham\/tham-dinh-bui-sticky-mat-3\/","url":"https:\/\/jncvietnam.com\/en\/san-pham\/tham-dinh-bui-sticky-mat-3\/","name":"Th\u1ea3m d\u00ednh b\u1ee5i - JNC VN","isPartOf":{"@id":"https:\/\/jncvietnam.com\/en\/#website"},"primaryImageOfPage":{"@id":"https:\/\/jncvietnam.com\/en\/san-pham\/tham-dinh-bui-sticky-mat-3\/#primaryimage"},"image":{"@id":"https:\/\/jncvietnam.com\/en\/san-pham\/tham-dinh-bui-sticky-mat-3\/#primaryimage"},"thumbnailUrl":"https:\/\/jncvietnam.com\/en\/wp-content\/uploads\/2021\/06\/tham-dinh-bui-phong-sach.jpg","datePublished":"2021-06-03T02:47:40+00:00","dateModified":"2021-06-16T03:34:22+00:00","breadcrumb":{"@id":"https:\/\/jncvietnam.com\/en\/san-pham\/tham-dinh-bui-sticky-mat-3\/#breadcrumb"},"inLanguage":"vi","potentialAction":[{"@type":"ReadAction","target":["https:\/\/jncvietnam.com\/en\/san-pham\/tham-dinh-bui-sticky-mat-3\/"]}]},{"@type":"ImageObject","inLanguage":"vi","@id":"https:\/\/jncvietnam.com\/en\/san-pham\/tham-dinh-bui-sticky-mat-3\/#primaryimage","url":"https:\/\/jncvietnam.com\/en\/wp-content\/uploads\/2021\/06\/tham-dinh-bui-phong-sach.jpg","contentUrl":"https:\/\/jncvietnam.com\/en\/wp-content\/uploads\/2021\/06\/tham-dinh-bui-phong-sach.jpg","width":600,"height":600},{"@type":"BreadcrumbList","@id":"https:\/\/jncvietnam.com\/en\/san-pham\/tham-dinh-bui-sticky-mat-3\/#breadcrumb","itemListElement":[{"@type":"ListItem","position":1,"name":"Trang ch\u1ee7","item":"https:\/\/jncvietnam.com\/en\/"},{"@type":"ListItem","position":2,"name":"Product","item":"https:\/\/jncvietnam.com\/en\/product\/"},{"@type":"ListItem","position":3,"name":"Th\u1ea3m d\u00ednh b\u1ee5i"}]},{"@type":"WebSite","@id":"https:\/\/jncvietnam.com\/en\/#website","url":"https:\/\/jncvietnam.com\/en\/","name":"JNC VN","description":"HTH","potentialAction":[{"@type":"SearchAction","target":{"@type":"EntryPoint","urlTemplate":"https:\/\/jncvietnam.com\/en\/?s={search_term_string}"},"query-input":{"@type":"PropertyValueSpecification","valueRequired":true,"valueName":"search_term_string"}}],"inLanguage":"vi"}]}},"_links":{"self":[{"href":"https:\/\/jncvietnam.com\/en\/wp-json\/wp\/v2\/product\/1488","targetHints":{"allow":["GET"]}}],"collection":[{"href":"https:\/\/jncvietnam.com\/en\/wp-json\/wp\/v2\/product"}],"about":[{"href":"https:\/\/jncvietnam.com\/en\/wp-json\/wp\/v2\/types\/product"}],"replies":[{"embeddable":true,"href":"https:\/\/jncvietnam.com\/en\/wp-json\/wp\/v2\/comments?post=1488"}],"wp:featuredmedia":[{"embeddable":true,"href":"https:\/\/jncvietnam.com\/en\/wp-json\/wp\/v2\/media\/1489"}],"wp:attachment":[{"href":"https:\/\/jncvietnam.com\/en\/wp-json\/wp\/v2\/media?parent=1488"}],"wp:term":[{"taxonomy":"product_brand","embeddable":true,"href":"https:\/\/jncvietnam.com\/en\/wp-json\/wp\/v2\/product_brand?post=1488"},{"taxonomy":"product_cat","embeddable":true,"href":"https:\/\/jncvietnam.com\/en\/wp-json\/wp\/v2\/product_cat?post=1488"},{"taxonomy":"product_tag","embeddable":true,"href":"https:\/\/jncvietnam.com\/en\/wp-json\/wp\/v2\/product_tag?post=1488"}],"curies":[{"name":"wp","href":"https:\/\/api.w.org\/{rel}","templated":true}]}}