{"id":1490,"date":"2021-06-03T10:25:14","date_gmt":"2021-06-03T03:25:14","guid":{"rendered":"https:\/\/jncvietnam.com\/en\/?post_type=product&#038;p=1490"},"modified":"2021-06-22T16:44:05","modified_gmt":"2021-06-22T09:44:05","slug":"sticky-mat-china-2","status":"publish","type":"product","link":"https:\/\/jncvietnam.com\/en\/san-pham\/sticky-mat-china-2\/","title":{"rendered":"Sticky Mat &#8211; China"},"content":{"rendered":"<h3><span style=\"color: #00a859;\">Th\u1ea3m d\u00ednh b\u1ee5i ph\u00f2ng s\u1ea1ch<\/span><\/h3>\n<div>S\u1ea3n ph\u1ea9m Sticky mat \u0111\u01b0\u1ee3c l\u00e0m t\u1eeb polyethylen ch\u1ea5t l\u01b0\u1ee3ng cao v\u1edbi \u0111\u1ed9 d\u00e0y v\u00e0 ch\u1ea5t d\u00ednh tr\u00ean n\u1ec1n n\u01b0\u1edbc th\u1ea5p. Th\u1ea3m d\u00ednh b\u1ee5i ph\u00f2ng s\u1ea1ch \u2013 Sticky mat c\u00f3 th\u1ec3 b\u1eaft b\u1ee5i v\u00e0 lo\u1ea1i b\u1ecf nh\u1eefng v\u1ebft b\u1ea9n c\u1ee7a gi\u00e0y ho\u1eb7c b\u00e1nh xe r\u1ea5t hi\u1ec7u qu\u1ea3 \u1edf l\u1ed1i c\u1eeda v\u00e0o v\u00e0 nh\u1eefng khu v\u1ef1c s\u1ea3n xu\u1ea5t, ho\u1eb7c n\u01a1i quan tr\u1ecdng.<\/div>\n<div>\n<div>\u0110\u1ec3 d\u1ec5 theo d\u00f5i s\u1ed1 l\u01b0\u1ee3ng c\u1ee7a c\u00e1c t\u1ea5m v\u00e0 lo\u1ea1i b\u1ecf nh\u1eefng t\u1ea5m \u0111\u00e3 d\u00f9ng, Th\u1ea3m d\u00ednh b\u1ee5i ph\u00f2ng s\u1ea1ch \u2013 Sticky mat \u0111\u01b0\u1ee3c \u0111\u00e1nh s\u1ed1 tr\u00ean t\u1eebng t\u1ea5m.<\/div>\n<div><\/div>\n<div><img loading=\"lazy\" decoding=\"async\" class=\"aligncenter wp-image-1491 size-full\" src=\"https:\/\/jncvietnam.com\/en\/wp-content\/uploads\/2021\/06\/tham-dinh-bui-phong-sach-2.jpg\" alt=\"\" width=\"602\" height=\"400\" srcset=\"https:\/\/jncvietnam.com\/en\/wp-content\/uploads\/2021\/06\/tham-dinh-bui-phong-sach-2.jpg 602w, https:\/\/jncvietnam.com\/en\/wp-content\/uploads\/2021\/06\/tham-dinh-bui-phong-sach-2-300x199.jpg 300w, https:\/\/jncvietnam.com\/en\/wp-content\/uploads\/2021\/06\/tham-dinh-bui-phong-sach-2-600x399.jpg 600w\" sizes=\"auto, (max-width: 602px) 100vw, 602px\" \/><\/div>\n<h3><span style=\"color: #00a859;\">\u1ee8ng d\u1ee5ng:<\/span><\/h3>\n<div>&#8211; S\u1ea3n ph\u1ea9m \u0111\u01b0\u1ee3c s\u1eed d\u1ee5ng nhi\u1ec1u trong c\u00f4ng nghi\u1ec7p \u0111i\u1ec7n t\u1eed, c\u00f4ng nghi\u1ec7p b\u00e1n d\u1eabn, y h\u1ecdc, d\u01b0\u1ee3c h\u1ecdc h\u00f3a sinh,\u00a0 ph\u00f2ng m\u1ed5 v\u00e0 c\u00f4ng nghi\u1ec7p l\u00e0m s\u1ea1ch\u2026<\/div>\n<div><\/div>\n<div>&#8211; Quy c\u00e1ch \u0111\u00f3ng g\u00f3i: 30 l\u1edbp\/t\u1ea5m (M\u1ed7i t\u1ea5m \u0111\u01b0\u1ee3c \u0111\u00e1nh s\u1ed1 th\u1ee9 t\u1ef1 t\u1eeb 1-30), v\u00e0 10 t\u1ea5m\/h\u1ed9p.<\/div>\n<div><\/div>\n<div>&#8211; Th\u1ea3m d\u00edch b\u1ee5i ph\u00f2ng s\u1ea1ch \u2013 Sticky mat c\u00f3 k\u00edch th\u01b0\u1edbc:\u00a0 24\u201d x 36\u201d (60 x 90 cm) ;<\/div>\n<div><\/div>\n<div>&#8211; Th\u1ea3m d\u00ednh b\u1ee5i ph\u00f2ng s\u1ea1ch- Sticky mat c\u00f3 k\u00edch th\u01b0\u1edbc:\u00a0 24\u201d x 18\u201d ( 60 x 45 cm)<\/div>\n<div><\/div>\n<div>&#8211; M\u00e0u s\u1eafc: M\u00e0u xanh bi\u1ec3n\u2026<\/div>\n<div><\/div>\n<div><span style=\"color: #00a859;\"><strong>C\u00f4ng ty TNHH JNC Vi\u1ec7t Nam<\/strong><\/span> l\u00e0 nh\u00e0 ph\u00e2n ph\u1ed1i th\u1ea3m d\u00ednh b\u1ee5i ph\u00f2ng s\u1ea1ch ch\u00ednh th\u1ee9c tr\u00ean th\u1ecb tr\u01b0\u1eddng Vi\u1ec7t Nam, s\u1ea3n ph\u1ea9m ch\u1ea5t l\u01b0\u1ee3ng t\u1ed1t, phong ph\u00fa \u0111a d\u1ea1ng v\u00e0 gi\u00e1 c\u1ea3 ph\u00f9 h\u1ee3p v\u1edbi kh\u00e1ch h\u00e0ng. Ngo\u00e0i ra,\u00a0 c\u00e1c b\u1ea1n c\u00f3 th\u1ec3 \u0111\u1eb7t h\u00e0ng theo m\u1eabu ri\u00eang c\u1ee7a m\u00ecnh v\u1ec1 c\u00e1c s\u1ea3n ph\u1ea9m ch\u1ed1ng t\u0129nh \u0111i\u1ec7n ph\u00f2ng s\u1ea1ch.<\/div>\n<\/div>\n","protected":false},"excerpt":{"rendered":"<ul>\n<li><strong>Ch\u1ea5t li\u1ec7u:<\/strong> Polyester<\/li>\n<li><strong>M\u00e0u s\u1eafc:<\/strong> Xanh<\/li>\n<li><strong>T\u00ednh n\u0103ng:<\/strong> D\u00ednh b\u1ee5i ph\u00f2ng s\u1ea1ch<\/li>\n<li><strong>K\u00edch th\u01b0\u1edbc:<\/strong> 24\u201d x 36\u201d (60 x 90 cm)<\/li>\n<li><strong>\u0110\u00f3ng g\u00f3i:<\/strong> 10 t\u1ea5m \/ 1 t\u1eadp<\/li>\n<\/ul>\n","protected":false},"featured_media":1491,"comment_status":"open","ping_status":"closed","template":"","meta":[],"product_brand":[],"product_cat":[73,53],"product_tag":[],"class_list":{"0":"post-1490","1":"product","2":"type-product","3":"status-publish","4":"has-post-thumbnail","6":"product_cat-tham-dinh-bui","7":"product_cat-tham-dinh-bui-phong-sach","9":"first","10":"instock","11":"shipping-taxable","12":"product-type-simple"},"yoast_head":"<!-- This site is optimized with the Yoast SEO plugin v26.8 - https:\/\/yoast.com\/product\/yoast-seo-wordpress\/ -->\n<title>Sticky Mat - China - JNC VN<\/title>\n<meta name=\"robots\" content=\"index, follow, max-snippet:-1, max-image-preview:large, max-video-preview:-1\" \/>\n<link rel=\"canonical\" href=\"https:\/\/jncvietnam.com\/en\/san-pham\/sticky-mat-china-2\/\" \/>\n<meta property=\"og:locale\" content=\"vi_VN\" \/>\n<meta property=\"og:type\" content=\"article\" \/>\n<meta property=\"og:title\" content=\"Sticky Mat - China - JNC VN\" \/>\n<meta property=\"og:description\" content=\"Ch\u1ea5t li\u1ec7u: Polyester  M\u00e0u s\u1eafc: Xanh  T\u00ednh n\u0103ng: D\u00ednh b\u1ee5i ph\u00f2ng s\u1ea1ch  K\u00edch th\u01b0\u1edbc: 24\u201d x 36\u201d (60 x 90 cm)  \u0110\u00f3ng g\u00f3i: 10 t\u1ea5m \/ 1 t\u1eadp\" \/>\n<meta property=\"og:url\" content=\"https:\/\/jncvietnam.com\/en\/san-pham\/sticky-mat-china-2\/\" \/>\n<meta property=\"og:site_name\" content=\"JNC VN\" \/>\n<meta property=\"article:modified_time\" content=\"2021-06-22T09:44:05+00:00\" \/>\n<meta property=\"og:image\" content=\"https:\/\/jncvietnam.com\/en\/wp-content\/uploads\/2021\/06\/tham-dinh-bui-phong-sach-2.jpg\" \/>\n\t<meta property=\"og:image:width\" content=\"602\" \/>\n\t<meta property=\"og:image:height\" content=\"400\" \/>\n\t<meta property=\"og:image:type\" content=\"image\/jpeg\" \/>\n<meta name=\"twitter:card\" content=\"summary_large_image\" \/>\n<meta name=\"twitter:label1\" content=\"\u01af\u1edbc t\u00ednh th\u1eddi gian \u0111\u1ecdc\" \/>\n\t<meta name=\"twitter:data1\" content=\"2 ph\u00fat\" \/>\n<script type=\"application\/ld+json\" class=\"yoast-schema-graph\">{\"@context\":\"https:\/\/schema.org\",\"@graph\":[{\"@type\":\"WebPage\",\"@id\":\"https:\/\/jncvietnam.com\/en\/san-pham\/sticky-mat-china-2\/\",\"url\":\"https:\/\/jncvietnam.com\/en\/san-pham\/sticky-mat-china-2\/\",\"name\":\"Sticky Mat - China - JNC VN\",\"isPartOf\":{\"@id\":\"https:\/\/jncvietnam.com\/en\/#website\"},\"primaryImageOfPage\":{\"@id\":\"https:\/\/jncvietnam.com\/en\/san-pham\/sticky-mat-china-2\/#primaryimage\"},\"image\":{\"@id\":\"https:\/\/jncvietnam.com\/en\/san-pham\/sticky-mat-china-2\/#primaryimage\"},\"thumbnailUrl\":\"https:\/\/jncvietnam.com\/en\/wp-content\/uploads\/2021\/06\/tham-dinh-bui-phong-sach-2.jpg\",\"datePublished\":\"2021-06-03T03:25:14+00:00\",\"dateModified\":\"2021-06-22T09:44:05+00:00\",\"breadcrumb\":{\"@id\":\"https:\/\/jncvietnam.com\/en\/san-pham\/sticky-mat-china-2\/#breadcrumb\"},\"inLanguage\":\"vi\",\"potentialAction\":[{\"@type\":\"ReadAction\",\"target\":[\"https:\/\/jncvietnam.com\/en\/san-pham\/sticky-mat-china-2\/\"]}]},{\"@type\":\"ImageObject\",\"inLanguage\":\"vi\",\"@id\":\"https:\/\/jncvietnam.com\/en\/san-pham\/sticky-mat-china-2\/#primaryimage\",\"url\":\"https:\/\/jncvietnam.com\/en\/wp-content\/uploads\/2021\/06\/tham-dinh-bui-phong-sach-2.jpg\",\"contentUrl\":\"https:\/\/jncvietnam.com\/en\/wp-content\/uploads\/2021\/06\/tham-dinh-bui-phong-sach-2.jpg\",\"width\":602,\"height\":400},{\"@type\":\"BreadcrumbList\",\"@id\":\"https:\/\/jncvietnam.com\/en\/san-pham\/sticky-mat-china-2\/#breadcrumb\",\"itemListElement\":[{\"@type\":\"ListItem\",\"position\":1,\"name\":\"Trang ch\u1ee7\",\"item\":\"https:\/\/jncvietnam.com\/en\/\"},{\"@type\":\"ListItem\",\"position\":2,\"name\":\"Product\",\"item\":\"https:\/\/jncvietnam.com\/en\/product\/\"},{\"@type\":\"ListItem\",\"position\":3,\"name\":\"Sticky Mat &#8211; China\"}]},{\"@type\":\"WebSite\",\"@id\":\"https:\/\/jncvietnam.com\/en\/#website\",\"url\":\"https:\/\/jncvietnam.com\/en\/\",\"name\":\"JNC VN\",\"description\":\"HTH\",\"potentialAction\":[{\"@type\":\"SearchAction\",\"target\":{\"@type\":\"EntryPoint\",\"urlTemplate\":\"https:\/\/jncvietnam.com\/en\/?s={search_term_string}\"},\"query-input\":{\"@type\":\"PropertyValueSpecification\",\"valueRequired\":true,\"valueName\":\"search_term_string\"}}],\"inLanguage\":\"vi\"}]}<\/script>\n<!-- \/ Yoast SEO plugin. -->","yoast_head_json":{"title":"Sticky Mat - China - JNC VN","robots":{"index":"index","follow":"follow","max-snippet":"max-snippet:-1","max-image-preview":"max-image-preview:large","max-video-preview":"max-video-preview:-1"},"canonical":"https:\/\/jncvietnam.com\/en\/san-pham\/sticky-mat-china-2\/","og_locale":"vi_VN","og_type":"article","og_title":"Sticky Mat - China - JNC VN","og_description":"Ch\u1ea5t li\u1ec7u: Polyester  M\u00e0u s\u1eafc: Xanh  T\u00ednh n\u0103ng: D\u00ednh b\u1ee5i ph\u00f2ng s\u1ea1ch  K\u00edch th\u01b0\u1edbc: 24\u201d x 36\u201d (60 x 90 cm)  \u0110\u00f3ng g\u00f3i: 10 t\u1ea5m \/ 1 t\u1eadp","og_url":"https:\/\/jncvietnam.com\/en\/san-pham\/sticky-mat-china-2\/","og_site_name":"JNC VN","article_modified_time":"2021-06-22T09:44:05+00:00","og_image":[{"width":602,"height":400,"url":"https:\/\/jncvietnam.com\/en\/wp-content\/uploads\/2021\/06\/tham-dinh-bui-phong-sach-2.jpg","type":"image\/jpeg"}],"twitter_card":"summary_large_image","twitter_misc":{"\u01af\u1edbc t\u00ednh th\u1eddi gian \u0111\u1ecdc":"2 ph\u00fat"},"schema":{"@context":"https:\/\/schema.org","@graph":[{"@type":"WebPage","@id":"https:\/\/jncvietnam.com\/en\/san-pham\/sticky-mat-china-2\/","url":"https:\/\/jncvietnam.com\/en\/san-pham\/sticky-mat-china-2\/","name":"Sticky Mat - China - JNC VN","isPartOf":{"@id":"https:\/\/jncvietnam.com\/en\/#website"},"primaryImageOfPage":{"@id":"https:\/\/jncvietnam.com\/en\/san-pham\/sticky-mat-china-2\/#primaryimage"},"image":{"@id":"https:\/\/jncvietnam.com\/en\/san-pham\/sticky-mat-china-2\/#primaryimage"},"thumbnailUrl":"https:\/\/jncvietnam.com\/en\/wp-content\/uploads\/2021\/06\/tham-dinh-bui-phong-sach-2.jpg","datePublished":"2021-06-03T03:25:14+00:00","dateModified":"2021-06-22T09:44:05+00:00","breadcrumb":{"@id":"https:\/\/jncvietnam.com\/en\/san-pham\/sticky-mat-china-2\/#breadcrumb"},"inLanguage":"vi","potentialAction":[{"@type":"ReadAction","target":["https:\/\/jncvietnam.com\/en\/san-pham\/sticky-mat-china-2\/"]}]},{"@type":"ImageObject","inLanguage":"vi","@id":"https:\/\/jncvietnam.com\/en\/san-pham\/sticky-mat-china-2\/#primaryimage","url":"https:\/\/jncvietnam.com\/en\/wp-content\/uploads\/2021\/06\/tham-dinh-bui-phong-sach-2.jpg","contentUrl":"https:\/\/jncvietnam.com\/en\/wp-content\/uploads\/2021\/06\/tham-dinh-bui-phong-sach-2.jpg","width":602,"height":400},{"@type":"BreadcrumbList","@id":"https:\/\/jncvietnam.com\/en\/san-pham\/sticky-mat-china-2\/#breadcrumb","itemListElement":[{"@type":"ListItem","position":1,"name":"Trang ch\u1ee7","item":"https:\/\/jncvietnam.com\/en\/"},{"@type":"ListItem","position":2,"name":"Product","item":"https:\/\/jncvietnam.com\/en\/product\/"},{"@type":"ListItem","position":3,"name":"Sticky Mat &#8211; China"}]},{"@type":"WebSite","@id":"https:\/\/jncvietnam.com\/en\/#website","url":"https:\/\/jncvietnam.com\/en\/","name":"JNC VN","description":"HTH","potentialAction":[{"@type":"SearchAction","target":{"@type":"EntryPoint","urlTemplate":"https:\/\/jncvietnam.com\/en\/?s={search_term_string}"},"query-input":{"@type":"PropertyValueSpecification","valueRequired":true,"valueName":"search_term_string"}}],"inLanguage":"vi"}]}},"_links":{"self":[{"href":"https:\/\/jncvietnam.com\/en\/wp-json\/wp\/v2\/product\/1490","targetHints":{"allow":["GET"]}}],"collection":[{"href":"https:\/\/jncvietnam.com\/en\/wp-json\/wp\/v2\/product"}],"about":[{"href":"https:\/\/jncvietnam.com\/en\/wp-json\/wp\/v2\/types\/product"}],"replies":[{"embeddable":true,"href":"https:\/\/jncvietnam.com\/en\/wp-json\/wp\/v2\/comments?post=1490"}],"wp:featuredmedia":[{"embeddable":true,"href":"https:\/\/jncvietnam.com\/en\/wp-json\/wp\/v2\/media\/1491"}],"wp:attachment":[{"href":"https:\/\/jncvietnam.com\/en\/wp-json\/wp\/v2\/media?parent=1490"}],"wp:term":[{"taxonomy":"product_brand","embeddable":true,"href":"https:\/\/jncvietnam.com\/en\/wp-json\/wp\/v2\/product_brand?post=1490"},{"taxonomy":"product_cat","embeddable":true,"href":"https:\/\/jncvietnam.com\/en\/wp-json\/wp\/v2\/product_cat?post=1490"},{"taxonomy":"product_tag","embeddable":true,"href":"https:\/\/jncvietnam.com\/en\/wp-json\/wp\/v2\/product_tag?post=1490"}],"curies":[{"name":"wp","href":"https:\/\/api.w.org\/{rel}","templated":true}]}}