{"id":1492,"date":"2021-06-03T12:04:52","date_gmt":"2021-06-03T05:04:52","guid":{"rendered":"https:\/\/jncvietnam.com\/en\/?post_type=product&#038;p=1492"},"modified":"2021-06-22T16:43:13","modified_gmt":"2021-06-22T09:43:13","slug":"boots-antistatic","status":"publish","type":"product","link":"https:\/\/jncvietnam.com\/en\/san-pham\/boots-antistatic\/","title":{"rendered":"Boots antistatic"},"content":{"rendered":"<h3><span style=\"color: #00a859;\">Gi\u00e0y \u1ee7ng ch\u1ed1ng t\u0129nh \u0111i\u1ec7n PVC<\/span><\/h3>\n<div>Gi\u00e0y ch\u1ed1ng t\u0129nh \u0111i\u1ec7n l\u00e0 lo\u1ea1i gi\u00e0y c\u00f4ng nghi\u1ec7p \u0111\u01b0\u1ee3c s\u1eed d\u1ee5ng nhi\u1ec1u trong\u00a0 l\u0129nh v\u1ef1c c\u00f4ng nghi\u1ec7p hi\u1ec7n nay \u0111\u1ec3 b\u1ea3o v\u1ec7 s\u1ee9c kh\u1ecfe ng\u01b0\u1eddi s\u1eed d\u1ee5ng v\u00e0 b\u1ea3o v\u1ec7 c\u00e1c s\u1ea3n ph\u1ea9m \u0111\u01b0\u1ee3c t\u1ea1o ra. N\u00f3i \u0111\u1ebfn Linkwork l\u00e0 ng\u01b0\u1eddi ta ngh\u0129 ngay \u0111\u1ebfn c\u00e1c h\u00e3ng chuy\u00ean s\u1ea3n xu\u1ea5t \u0111\u1ed3 b\u1ea3o h\u1ed9 ch\u1ed1ng t\u0129nh \u0111i\u1ec7n v\u1edbi ch\u1ea5t l\u01b0\u1ee3ng cao v\u00e0 m\u1eabu m\u00e3 \u0111\u1eb9p, phong ph\u00fa, \u0111a d\u1ea1ng. Megaline l\u00e0 \u0111\u01a1n v\u1ecb nh\u1eadp kh\u1ea9u v\u00e0 ph\u00e2n ph\u1ed1i gi\u00e0y linkwork &#8211; gi\u00e0y ph\u00f2ng s\u1ea1ch tr\u00ean th\u1ecb tr\u01b0\u1eddng v\u1edbi s\u1ea3n ph\u1ea9m ch\u00ednh h\u00e3ng, ch\u1ea5t l\u01b0\u1ee3ng t\u1ed1t nh\u1ea5t v\u00e0 gi\u00e1 r\u1ebb nh\u1ea5t.<\/div>\n<div><\/div>\n<div>Gi\u00e0y \u1ee7ng ch\u1ed1ng t\u0129nh \u0111i\u1ec7n \u0111\u1ec1u \u0111\u01b0\u1ee3c s\u1eed d\u1ee5ng v\u1eadt li\u1ec7u ch\u00ednh l\u00e0 nh\u1ef1a PVC v\u00e0 nh\u1ef1a PU. PVC l\u00e0 l\u1ecda nh\u1ef1a c\u00f3 \u0111\u1ed9 b\u1ec1n cao, m\u1ec1m x\u1ed1p v\u00e0 nh\u1eb9 t\u1ea1o c\u1ea3m gi\u00e1c tho\u1ea3i m\u00e1i khi mang v\u00e0o ch\u00e2n. Ph\u1ee7 b\u00ean ngo\u00e0i l\u00e0 l\u1edbp nh\u1ef1a PU gi\u00fap cho s\u1ea3n ph\u1ea9m c\u00f3 kh\u1ea3 n\u0103ng ch\u1ed1ng t\u0129nh \u0111i\u1ec7n t\u1ed1t h\u01a1n. V\u1edbi \u0111i\u1ec7n tr\u1edf b\u1ec1 m\u1eb7t \u0111\u1ea1t cu\u1ea9n t\u1eeb 10^6 \u0111\u1ebfn 10^9 Ohm, \u0111\u1ea3m b\u1ea3o an to\u00e0n tuy\u1ec7t \u0111\u1ed1i khi s\u1eed d\u1ee5ng trong m\u00f4i tr\u01b0\u1eddng c\u00f4ng nghi\u1ec7p.<\/div>\n<div><\/div>\n<div><img loading=\"lazy\" decoding=\"async\" class=\"aligncenter wp-image-1493 size-full\" src=\"https:\/\/jncvietnam.com\/en\/wp-content\/uploads\/2021\/06\/ung-phong-sach-giay-chong-tinh-dien.jpg\" alt=\"\" width=\"480\" height=\"480\" srcset=\"https:\/\/jncvietnam.com\/en\/wp-content\/uploads\/2021\/06\/ung-phong-sach-giay-chong-tinh-dien.jpg 480w, https:\/\/jncvietnam.com\/en\/wp-content\/uploads\/2021\/06\/ung-phong-sach-giay-chong-tinh-dien-300x300.jpg 300w, https:\/\/jncvietnam.com\/en\/wp-content\/uploads\/2021\/06\/ung-phong-sach-giay-chong-tinh-dien-150x150.jpg 150w, https:\/\/jncvietnam.com\/en\/wp-content\/uploads\/2021\/06\/ung-phong-sach-giay-chong-tinh-dien-100x100.jpg 100w\" sizes=\"auto, (max-width: 480px) 100vw, 480px\" \/><\/div>\n<div><\/div>\n<div>\n<div>Gi\u00e0y \u1ee7ng ch\u1ed1ng t\u0129nh \u0111i\u1ec7n\u00a0 c\u00f3 \u0111\u1ebf gi\u00e0y \u0111\u01b0\u1ee3c l\u00e0m t\u1eeb nh\u1ef1a PVC, c\u1ed5 gi\u00e0y \u0111\u01b0\u1ee3c l\u00e0m t\u1eeb v\u1ea3i polyester pha l\u1eabn s\u1ee3i carbon ch\u1ed1ng t\u0129nh \u0111i\u1ec7n, m\u0169i gi\u00e0y c\u00f3 \u0111\u1ed9 \u0111\u00e0n h\u1ed3i v\u00e0 kh\u1ea3 n\u0103ng ch\u1ed1ng t\u0129nh \u0111i\u1ec7n cao. C\u1ed5 gi\u00e0y c\u00f3 kh\u00f3a k\u00e9o, c\u00f3 bo chun, \u0111ai d\u00e1n, cao t\u1edbi g\u1ea7n \u0111\u1ea7u g\u1ed1i, bo ph\u00eda d\u01b0\u1edbi c\u1ed5 ch\u00e2n v\u00e0 c\u1eb3ng ch\u00e2n.<\/div>\n<div><\/div>\n<div>&#8211; Ph\u1ea7n \u0111\u1ebf gi\u00e0y \u0111\u01b0\u1ee3c l\u00e0m t\u1eeb PVC c\u00f3 \u0111\u1ed9 b\u1ec1n cao, ma s\u00e1t l\u1edbn, ch\u1ed1ng tr\u01a1n tr\u01b0\u1ee3t, ch\u1ed1ng th\u1ea5m n\u01b0\u1edbc v\u00e0 c\u00e1c dung d\u1ecbch h\u00f3a ch\u1ea5t c\u00f3 t\u00ednh t\u1ea9y r\u1eeda. \u0110\u1ebf gi\u00e0y c\u00f3 thi\u1ebft k\u1ebf \u0111\u1eb7c bi\u1ec7t ch\u1ed1ng \u0111i\u1ec7n tr\u1edf, ch\u1ed1ng t\u0129nh \u0111i\u1ec7n.<\/div>\n<div><\/div>\n<div>&#8211; Ph\u1ea7n m\u0169i gi\u00e0y c\u0169ng c\u00f3 \u0111\u1ed9 \u0111\u00e0n h\u1ed3i v\u00e0 ch\u1ed1ng t\u0129nh \u0111i\u1ec7n t\u1ed1t gi\u00fap tho\u1ea3i m\u00e1i ng\u01b0\u1eddi d\u00f9ng.<\/div>\n<div><\/div>\n<div>&#8211; Ph\u1ea7n c\u1ed5 gi\u00e0y cao \u0111\u1ebfn \u0111\u1ea7u g\u1ed1i \u0111\u01b0\u1ee3c l\u00e0m t\u01b0 v\u1ea3i polyester pha l\u1eabn s\u1ee3i carbon ch\u1ed1ng t\u0129nh \u0111i\u1ec7n, ki\u1ec3u d\u00e1ng cao gi\u00fap b\u1ea3o b\u1ec7 \u0111\u01b0\u1ee3c t\u1ed1i \u0111a c\u1eb3ng ch\u00e2n v\u00e0 b\u00e0n ch\u00e2n b\u1ea1n. S\u1ea3n ph\u1ea9m kh\u00f4ng ph\u1ea3i c\u1ed9t d\u00e2y m\u00e0 x\u1ecf tr\u1ef1c ti\u1ebfp v\u00e0 d\u00e1n \u0111ai b\u00ean tr\u00ean gi\u00fap c\u1ed1 \u0111\u1ecbnh \u0111\u01b0\u1ee3c \u1ee7ng, r\u1ea5t th\u00edch h\u1ee3p s\u1eed d\u1ee5ng trong m\u00f4i tr\u01b0\u1eddng ph\u00f2ng s\u1ea1ch. Gi\u00e0y \u1ee7ng b\u00f3 ph\u00eda d\u01b0\u1edbi, gi\u00e0y s\u1ebd kh\u00f4ng b\u1ecb l\u1ecfng, b\u1ecb tu\u1ed9t m\u00e0 v\u1eabn tho\u1ea3i m\u00e1i s\u1eed d\u1ee5ng.<\/div>\n<div><\/div>\n<div>Th\u00f4ng s\u1ed1 k\u1ef9 thu\u1eadt c\u1ee7a gi\u00e0y \u1ee7ng ch\u1ed1ng t\u0129nh \u0111i\u1ec7n<\/div>\n<div>&#8211; \u0110i\u1ec7n tr\u1edf b\u1ec1 m\u1eb7t: 10^6 \u0111\u1ebfn 10^9 Ohms<\/div>\n<div><\/div>\n<div><strong>&#8211; M\u00e0u s\u1eafc:<\/strong> m\u00e0u tr\u1eafng<\/div>\n<div><\/div>\n<div><strong>&#8211; K\u00edch th\u01b0\u1edbc:<\/strong> c\u00f3 c\u00e1c k\u00edch c\u1ee1 t\u1eeb size 35 \u0111\u1ebfn size 47<\/div>\n<div><\/div>\n<div><strong>&#8211; Xu\u1ea5t x\u1ee9:<\/strong> Vi\u1ec7t Nam, Trung Qu\u1ed1c<\/div>\n<div><\/div>\n<div>Gi\u00e0y \u1ee7ng ch\u1ed1ng t\u0129nh \u0111i\u1ec7n c\u00f3 thi\u1ebft k\u1ebf \u00eam \u00e1i, c\u00f3 kh\u1ea3 n\u0103ng ch\u1ed1ng t\u0129nh \u0111i\u1ec7n cao v\u00e0 c\u00f3 kh\u1ea3 n\u0103ng gi\u1ea3n b\u1ee5i b\u1ea9n t\u1ed1i \u0111a n\u00ean gi\u1eef \u0111\u01b0\u1ee3c \u0111\u00f4i gi\u00e0y b\u1ec1n \u0111\u1eb9p h\u01a1n.<\/div>\n<div><\/div>\n<div>Gi\u00e0y \u1ee7ng ch\u1ed1ng t\u0129nh \u0111i\u1ec7n \u0111\u01b0\u1ee3c d\u00f9ng trong c\u00e1c m\u00f4i tr\u01b0\u1eddng ph\u00f2ng s\u1ea1ch: ph\u00f2ng th\u00ed nghi\u1ec7m, n\u01a1i ch\u1ebf bi\u1ebfn th\u1ef1c ph\u1ea9m, \u0111\u01b0\u1ee3c ph\u1ea9m, x\u01b0\u1edfng s\u1ea3n xu\u1ea5t linh ki\u1ec7n \u0111i\u1ec7n t\u1eed, l\u1eafp r\u00e1p m\u00e1y t\u00ednh, s\u1ea3n xu\u1ea5t b\u00e1n d\u1eabn,&#8230;<\/div>\n<div><\/div>\n<div>\u0110i gi\u00e0y ph\u00f2ng s\u1ea1ch cao c\u1ed5 ch\u1ed1ng t\u0129nh \u0111i\u1ec7n \u0111\u00fang c\u00e1ch khi\u1ebfn \u0111\u00f4i ch\u00e2n b\u1ea1n tho\u1ea3i m\u00e1i, b\u1ea3o v\u1ec7 an to\u00e0n c\u01a1 th\u1ec3 kh\u1ecfi m\u00f4i tr\u01b0\u1eddng \u0111\u1ed9c h\u1ea1i n\u01a1i l\u00e0m vi\u1ec7c, gi\u00fap t\u0103ng n\u0103ng su\u1ea5t l\u00e0m vi\u1ec7c v\u00e0 t\u0103ng hi\u1ec7u qu\u1ea3 s\u1ea3n xu\u1ea5t c\u1ee7a s\u1ea3n ph\u1ea9m.<\/div>\n<\/div>\n","protected":false},"excerpt":{"rendered":"<ul>\n<li><strong>Ch\u1ea5t li\u1ec7u :<\/strong> PVC<\/li>\n<li><strong>M\u00e0u s\u1eafc:<\/strong> M\u00e0u tr\u1eafng<\/li>\n<li><strong>K\u00edch th\u01b0\u1edbc:<\/strong> 35 &#8211; 47<\/li>\n<\/ul>\n","protected":false},"featured_media":1493,"comment_status":"open","ping_status":"closed","template":"","meta":[],"product_brand":[],"product_cat":[97],"product_tag":[],"class_list":{"0":"post-1492","1":"product","2":"type-product","3":"status-publish","4":"has-post-thumbnail","6":"product_cat-giay-va-ung-phong-sach","8":"first","9":"instock","10":"shipping-taxable","11":"product-type-simple"},"yoast_head":"<!-- This site is optimized with the Yoast SEO plugin v26.8 - https:\/\/yoast.com\/product\/yoast-seo-wordpress\/ -->\n<title>Boots antistatic - JNC VN<\/title>\n<meta name=\"robots\" content=\"index, follow, max-snippet:-1, max-image-preview:large, max-video-preview:-1\" \/>\n<link rel=\"canonical\" href=\"https:\/\/jncvietnam.com\/en\/san-pham\/boots-antistatic\/\" \/>\n<meta property=\"og:locale\" content=\"vi_VN\" \/>\n<meta property=\"og:type\" content=\"article\" \/>\n<meta property=\"og:title\" content=\"Boots antistatic - JNC VN\" \/>\n<meta property=\"og:description\" content=\"Ch\u1ea5t li\u1ec7u : PVC  M\u00e0u s\u1eafc: M\u00e0u tr\u1eafng  K\u00edch th\u01b0\u1edbc: 35 - 47\" \/>\n<meta property=\"og:url\" content=\"https:\/\/jncvietnam.com\/en\/san-pham\/boots-antistatic\/\" \/>\n<meta property=\"og:site_name\" content=\"JNC VN\" \/>\n<meta property=\"article:modified_time\" content=\"2021-06-22T09:43:13+00:00\" \/>\n<meta property=\"og:image\" content=\"https:\/\/jncvietnam.com\/en\/wp-content\/uploads\/2021\/06\/ung-phong-sach-giay-chong-tinh-dien.jpg\" \/>\n\t<meta property=\"og:image:width\" content=\"480\" \/>\n\t<meta property=\"og:image:height\" content=\"480\" \/>\n\t<meta property=\"og:image:type\" content=\"image\/jpeg\" \/>\n<meta name=\"twitter:card\" content=\"summary_large_image\" \/>\n<meta name=\"twitter:label1\" content=\"\u01af\u1edbc t\u00ednh th\u1eddi gian \u0111\u1ecdc\" \/>\n\t<meta name=\"twitter:data1\" content=\"3 ph\u00fat\" \/>\n<script type=\"application\/ld+json\" class=\"yoast-schema-graph\">{\"@context\":\"https:\/\/schema.org\",\"@graph\":[{\"@type\":\"WebPage\",\"@id\":\"https:\/\/jncvietnam.com\/en\/san-pham\/boots-antistatic\/\",\"url\":\"https:\/\/jncvietnam.com\/en\/san-pham\/boots-antistatic\/\",\"name\":\"Boots antistatic - JNC VN\",\"isPartOf\":{\"@id\":\"https:\/\/jncvietnam.com\/en\/#website\"},\"primaryImageOfPage\":{\"@id\":\"https:\/\/jncvietnam.com\/en\/san-pham\/boots-antistatic\/#primaryimage\"},\"image\":{\"@id\":\"https:\/\/jncvietnam.com\/en\/san-pham\/boots-antistatic\/#primaryimage\"},\"thumbnailUrl\":\"https:\/\/jncvietnam.com\/en\/wp-content\/uploads\/2021\/06\/ung-phong-sach-giay-chong-tinh-dien.jpg\",\"datePublished\":\"2021-06-03T05:04:52+00:00\",\"dateModified\":\"2021-06-22T09:43:13+00:00\",\"breadcrumb\":{\"@id\":\"https:\/\/jncvietnam.com\/en\/san-pham\/boots-antistatic\/#breadcrumb\"},\"inLanguage\":\"vi\",\"potentialAction\":[{\"@type\":\"ReadAction\",\"target\":[\"https:\/\/jncvietnam.com\/en\/san-pham\/boots-antistatic\/\"]}]},{\"@type\":\"ImageObject\",\"inLanguage\":\"vi\",\"@id\":\"https:\/\/jncvietnam.com\/en\/san-pham\/boots-antistatic\/#primaryimage\",\"url\":\"https:\/\/jncvietnam.com\/en\/wp-content\/uploads\/2021\/06\/ung-phong-sach-giay-chong-tinh-dien.jpg\",\"contentUrl\":\"https:\/\/jncvietnam.com\/en\/wp-content\/uploads\/2021\/06\/ung-phong-sach-giay-chong-tinh-dien.jpg\",\"width\":480,\"height\":480},{\"@type\":\"BreadcrumbList\",\"@id\":\"https:\/\/jncvietnam.com\/en\/san-pham\/boots-antistatic\/#breadcrumb\",\"itemListElement\":[{\"@type\":\"ListItem\",\"position\":1,\"name\":\"Trang ch\u1ee7\",\"item\":\"https:\/\/jncvietnam.com\/en\/\"},{\"@type\":\"ListItem\",\"position\":2,\"name\":\"Product\",\"item\":\"https:\/\/jncvietnam.com\/en\/product\/\"},{\"@type\":\"ListItem\",\"position\":3,\"name\":\"Boots antistatic\"}]},{\"@type\":\"WebSite\",\"@id\":\"https:\/\/jncvietnam.com\/en\/#website\",\"url\":\"https:\/\/jncvietnam.com\/en\/\",\"name\":\"JNC VN\",\"description\":\"HTH\",\"potentialAction\":[{\"@type\":\"SearchAction\",\"target\":{\"@type\":\"EntryPoint\",\"urlTemplate\":\"https:\/\/jncvietnam.com\/en\/?s={search_term_string}\"},\"query-input\":{\"@type\":\"PropertyValueSpecification\",\"valueRequired\":true,\"valueName\":\"search_term_string\"}}],\"inLanguage\":\"vi\"}]}<\/script>\n<!-- \/ Yoast SEO plugin. -->","yoast_head_json":{"title":"Boots antistatic - JNC VN","robots":{"index":"index","follow":"follow","max-snippet":"max-snippet:-1","max-image-preview":"max-image-preview:large","max-video-preview":"max-video-preview:-1"},"canonical":"https:\/\/jncvietnam.com\/en\/san-pham\/boots-antistatic\/","og_locale":"vi_VN","og_type":"article","og_title":"Boots antistatic - JNC VN","og_description":"Ch\u1ea5t li\u1ec7u : PVC  M\u00e0u s\u1eafc: M\u00e0u tr\u1eafng  K\u00edch th\u01b0\u1edbc: 35 - 47","og_url":"https:\/\/jncvietnam.com\/en\/san-pham\/boots-antistatic\/","og_site_name":"JNC VN","article_modified_time":"2021-06-22T09:43:13+00:00","og_image":[{"width":480,"height":480,"url":"https:\/\/jncvietnam.com\/en\/wp-content\/uploads\/2021\/06\/ung-phong-sach-giay-chong-tinh-dien.jpg","type":"image\/jpeg"}],"twitter_card":"summary_large_image","twitter_misc":{"\u01af\u1edbc t\u00ednh th\u1eddi gian \u0111\u1ecdc":"3 ph\u00fat"},"schema":{"@context":"https:\/\/schema.org","@graph":[{"@type":"WebPage","@id":"https:\/\/jncvietnam.com\/en\/san-pham\/boots-antistatic\/","url":"https:\/\/jncvietnam.com\/en\/san-pham\/boots-antistatic\/","name":"Boots antistatic - JNC VN","isPartOf":{"@id":"https:\/\/jncvietnam.com\/en\/#website"},"primaryImageOfPage":{"@id":"https:\/\/jncvietnam.com\/en\/san-pham\/boots-antistatic\/#primaryimage"},"image":{"@id":"https:\/\/jncvietnam.com\/en\/san-pham\/boots-antistatic\/#primaryimage"},"thumbnailUrl":"https:\/\/jncvietnam.com\/en\/wp-content\/uploads\/2021\/06\/ung-phong-sach-giay-chong-tinh-dien.jpg","datePublished":"2021-06-03T05:04:52+00:00","dateModified":"2021-06-22T09:43:13+00:00","breadcrumb":{"@id":"https:\/\/jncvietnam.com\/en\/san-pham\/boots-antistatic\/#breadcrumb"},"inLanguage":"vi","potentialAction":[{"@type":"ReadAction","target":["https:\/\/jncvietnam.com\/en\/san-pham\/boots-antistatic\/"]}]},{"@type":"ImageObject","inLanguage":"vi","@id":"https:\/\/jncvietnam.com\/en\/san-pham\/boots-antistatic\/#primaryimage","url":"https:\/\/jncvietnam.com\/en\/wp-content\/uploads\/2021\/06\/ung-phong-sach-giay-chong-tinh-dien.jpg","contentUrl":"https:\/\/jncvietnam.com\/en\/wp-content\/uploads\/2021\/06\/ung-phong-sach-giay-chong-tinh-dien.jpg","width":480,"height":480},{"@type":"BreadcrumbList","@id":"https:\/\/jncvietnam.com\/en\/san-pham\/boots-antistatic\/#breadcrumb","itemListElement":[{"@type":"ListItem","position":1,"name":"Trang ch\u1ee7","item":"https:\/\/jncvietnam.com\/en\/"},{"@type":"ListItem","position":2,"name":"Product","item":"https:\/\/jncvietnam.com\/en\/product\/"},{"@type":"ListItem","position":3,"name":"Boots antistatic"}]},{"@type":"WebSite","@id":"https:\/\/jncvietnam.com\/en\/#website","url":"https:\/\/jncvietnam.com\/en\/","name":"JNC VN","description":"HTH","potentialAction":[{"@type":"SearchAction","target":{"@type":"EntryPoint","urlTemplate":"https:\/\/jncvietnam.com\/en\/?s={search_term_string}"},"query-input":{"@type":"PropertyValueSpecification","valueRequired":true,"valueName":"search_term_string"}}],"inLanguage":"vi"}]}},"_links":{"self":[{"href":"https:\/\/jncvietnam.com\/en\/wp-json\/wp\/v2\/product\/1492","targetHints":{"allow":["GET"]}}],"collection":[{"href":"https:\/\/jncvietnam.com\/en\/wp-json\/wp\/v2\/product"}],"about":[{"href":"https:\/\/jncvietnam.com\/en\/wp-json\/wp\/v2\/types\/product"}],"replies":[{"embeddable":true,"href":"https:\/\/jncvietnam.com\/en\/wp-json\/wp\/v2\/comments?post=1492"}],"wp:featuredmedia":[{"embeddable":true,"href":"https:\/\/jncvietnam.com\/en\/wp-json\/wp\/v2\/media\/1493"}],"wp:attachment":[{"href":"https:\/\/jncvietnam.com\/en\/wp-json\/wp\/v2\/media?parent=1492"}],"wp:term":[{"taxonomy":"product_brand","embeddable":true,"href":"https:\/\/jncvietnam.com\/en\/wp-json\/wp\/v2\/product_brand?post=1492"},{"taxonomy":"product_cat","embeddable":true,"href":"https:\/\/jncvietnam.com\/en\/wp-json\/wp\/v2\/product_cat?post=1492"},{"taxonomy":"product_tag","embeddable":true,"href":"https:\/\/jncvietnam.com\/en\/wp-json\/wp\/v2\/product_tag?post=1492"}],"curies":[{"name":"wp","href":"https:\/\/api.w.org\/{rel}","templated":true}]}}