{"id":1495,"date":"2021-06-03T14:12:05","date_gmt":"2021-06-03T07:12:05","guid":{"rendered":"https:\/\/jncvietnam.com\/en\/?post_type=product&#038;p=1495"},"modified":"2021-06-22T16:35:51","modified_gmt":"2021-06-22T09:35:51","slug":"linkworld-antistatic-shoes","status":"publish","type":"product","link":"https:\/\/jncvietnam.com\/en\/san-pham\/linkworld-antistatic-shoes\/","title":{"rendered":"Linkworld Antistatic Shoes"},"content":{"rendered":"<h3><span style=\"color: #00a859;\">Gi\u00e0y Linkworld m\u1eb7t l\u01b0\u1edbi<\/span><\/h3>\n<div>Gi\u00e0y ch\u1ed1ng t\u0129nh \u0111i\u1ec7n l\u00e0 m\u1ed9t trong nh\u1eefng \u0111\u1ed3 dung kh\u00f4ng th\u1ec3 thi\u1ebfu c\u1ee7a c\u00f4ng nh\u00e2n c\u1ea7n \u0111em theo khi l\u00e0m vi\u1ec7c trong c\u00e1c c\u00f4ng ty, x\u00ed nghi\u1ec7p c\u00f3 \u0111\u00f2i h\u1ecfi cao v\u1ec1 ch\u1ed1ng t\u0129nh \u0111i\u1ec7n \u0111\u1ec3 ki\u1ec3m so\u00e1t s\u1ef1 an to\u00e0n cho c\u00f4ng nh\u00e2n c\u0169ng nh\u01b0 s\u1ea3n ph\u1ea9m. Hi\u1ec3u v\u1ec1 y\u00eau c\u1ea7u n\u00e0y c\u1ee7a ng\u01b0\u1eddi ti\u00eau d\u00f9ng, Megaline cung c\u1ea5p m\u1ed9t s\u1ea3n ph\u1ea9m r\u1ea5t ph\u00f9 h\u1ee3p v\u1edbi nhu c\u1ea7u c\u1ee7a ng\u01b0\u1eddi ti\u00eau d\u00f9ng Vi\u1ec7t Nam \u0111\u00f3 l\u00e0 gi\u00e0y ch\u1ed1ng t\u0129nh \u0111i\u1ec7n Linkworld m\u1eb7t l\u01b0\u1edbi.<\/div>\n<div><\/div>\n<div>\u0110\u1ecba ch\u1ec9 chuy\u00ean s\u1ea3n xu\u1ea5t v\u00e0 cung c\u1ea5p c\u00e1c s\u1ea3n ph\u1ea9m,trang thi\u1ebft b\u1ecb ph\u00f2ng s\u1ea1ch ch\u1ed1ng t\u0129nh \u0111i\u1ec7n . \u0110\u00e2y l\u00e0 s\u1ea3n ph\u1ea9m m\u00e0 ch\u1eafc ch\u1eafn s\u1ebd mang \u0111\u1ebfn cho qu\u00fd kh\u00e1ch h\u00e0ng s\u1ef1 h\u00e0i l\u00f2ng v\u00e0 tin t\u01b0\u1edfng.<\/div>\n<div><\/div>\n<div><img loading=\"lazy\" decoding=\"async\" class=\"aligncenter wp-image-1496 size-full\" src=\"https:\/\/jncvietnam.com\/en\/wp-content\/uploads\/2021\/06\/giay-chong-tinh-dien-linkworld-Copy.jpg\" alt=\"\" width=\"400\" height=\"408\" srcset=\"https:\/\/jncvietnam.com\/en\/wp-content\/uploads\/2021\/06\/giay-chong-tinh-dien-linkworld-Copy.jpg 400w, https:\/\/jncvietnam.com\/en\/wp-content\/uploads\/2021\/06\/giay-chong-tinh-dien-linkworld-Copy-294x300.jpg 294w\" sizes=\"auto, (max-width: 400px) 100vw, 400px\" \/><\/div>\n<h3><span style=\"color: #00a859; font-size: 20.16px;\">C\u1ea5u t\u1ea1o gi\u00e0y linkworld l\u01b0\u1edbi<\/span><\/h3>\n<div>\n<div><strong>Ch\u1ea5t li\u1ec7u:<\/strong> Gi\u00e0y ch\u1ed1ng t\u0129nh \u0111i\u1ec7n Linkworld m\u1eb7t l\u01b0\u1edbi \u0111\u01b0\u1ee3c s\u1ea3n xu\u1ea5t b\u1eb1ng PVC cao c\u1ea5p ph\u1ee7 PU ch\u1ed1ng t\u0129nh \u0111i\u1ec7n to\u00e0n b\u1ed9 theo c\u00f4ng ngh\u1ec7 cao<\/div>\n<div><\/div>\n<div><strong>M\u00e0u<\/strong>: Tr\u1eafng<\/div>\n<div><\/div>\n<div><strong>Size:<\/strong> 35 \u2013 45<\/div>\n<div><\/div>\n<div><strong>Lo\u1ea1i:<\/strong> M\u1eb7t l\u01b0\u1edbi<\/div>\n<div><\/div>\n<div><strong>H\u00e3ng :<\/strong> Linkworld<\/div>\n<div><\/div>\n<div><strong>Th\u1eddi gian:<\/strong> Lu\u00f4n c\u00f3 s\u1eb5n h\u00e0ng \u0111\u1ec3 cung c\u1ea5p cho m\u1ecdi kh\u00e1ch h\u00e0ng \u0110\u1ebf gi\u00e0y \u00eam, ch\u1ecbu l\u1ef1c,ma s\u00e1t cao kh\u00f4ng g\u00e2y tr\u01a1n tr\u01b0\u1ee3t v\u00e0 t\u00ednh b\u1ec1n t\u1ed1t, c\u00f9ng v\u1edbi m\u0169i gi\u00e0y l\u00e0m b\u1eb1ng l\u01b0\u1edbi thi\u1ebft k\u1ebf cho c\u00f4ng nh\u00e2n ho\u1ea1t \u0111\u1ed9ng m\u1ed9t c\u00e1ch tho\u1ea3i m\u00e1i nh\u1ea5t v\u00e0 l\u00e0m vi\u1ec7c hi\u1ec7u qu\u1ea3 h\u01a1n Ph\u1ea7n b\u1ec1 m\u1eb7t ph\u00ed tr\u00ean th\u00ec \u0111\u01b0\u1ee3c thi\u1ebft k\u1ebf b\u1eb1ng da v\u00e0 l\u01b0\u1edbi v\u1eeba \u0111\u1eb9p v\u1eeba tho\u00e1ng Gi\u00e0y nh\u1eb9,r\u1ea5t b\u1ec1n, ch\u1ed1ng h\u00f3a ch\u1ea5t v\u00e0 d\u1ec5 d\u00e0ng v\u1ec7 sinh theo c\u00e1ch truy\u1ec1n th\u1ed1ng Gi\u00e0y ch\u1ed1ng t\u0129nh \u0111i\u1ec7n \u0111\u01b0\u1ee3c s\u1ea3n xu\u1ea5t ho\u00e0n to\u00e0n b\u1eb1ng c\u00f4ng ngh\u1ec7 cao \u0111\u00e1p \u1ee9ng c\u1ea3 y\u00eau c\u1ea7u k\u1ef9 thu\u1eadt l\u1eabn ki\u1ec3m \u0111\u1ecbnh \u0111\u1ed9 b\u1ec1n v\u00e0 v\u1ec1 th\u1ea9m m\u1ef9.<\/div>\n<div>\n<h3><span style=\"color: #00a859;\">\u1ee8ng d\u1ee5ng gi\u00e0y ch\u1ed1ng t\u0129nh \u0111i\u1ec7n linkworld l\u01b0\u1edbi<\/span><\/h3>\n<div>Gi\u00e0y Linkworld m\u1eb7t l\u01b0\u1edbi l\u00e0 s\u1ea3n ph\u1ea9m ph\u00f9 h\u1ee3p trong m\u00f4i tr\u01b0\u1eddng ph\u00f2ng s\u1ea1ch ch\u1ed1ng t\u0129nh \u0111i\u1ec7n . S\u1ea3n ph\u1ea9m gi\u00e0y ch\u1ed1ng t\u0129nh \u0111i\u1ec7n n\u00e0y c\u1ee7a ch\u00fang t\u00f4i \u0111\u01b0\u1ee3c s\u1eed d\u1ee5ng ph\u1ed5 bi\u1ebfn v\u00e0 l\u00e0 m\u1ed9t trong nh\u1eefng \u0111\u1ed3 d\u00f9ng b\u1ea3o h\u1ed9 v\u00f4 c\u00f9ng c\u1ea7n thi\u1ebft trong c\u00e1c d\u00e2y chuy\u1ec1n s\u1ea3n xu\u1ea5t nh\u00e0 m\u00e1y \u0111i\u1ec7n, kh\u00f4ng gian ch\u1ed1ng t\u0129nh \u0111i\u1ec7n v\u00e0 ng\u0103n ch\u1eb7n t\u1ed1i \u0111a ngguy hi\u1ec3m \u0111\u1ed1i v\u1edbi ng\u01b0\u1eddi lao \u0111\u1ed9ng .<\/div>\n<div><\/div>\n<div>S\u1ea3n ph\u1ea9m gi\u1ea7y ch\u1ed1ng t\u0129nh \u0111i\u1ec7n \u0111\u01b0\u1ee3c s\u1eed d\u1ee5ng r\u1ea5t ph\u1ed5 bi\u1ebfn trong ng\u00e0nh c\u00f4ng nghi\u1ec7p \u0111i\u1ec7n,\u0111i\u1ec7n t\u1eed , b\u00e1n d\u1eabn \u0111\u1eb7c bi\u1ec7t l\u00e0 trong ph\u00f2ng s\u1ea1ch y\u00eau c\u1ea7u kh\u1eaft khe v\u1ec1 \u0111\u1ed9 ch\u1ed1ng t\u0129nh \u0111i\u1ec7n cao.<\/div>\n<\/div>\n<\/div>\n","protected":false},"excerpt":{"rendered":"<ul>\n<li><strong>Ch\u1ea5t li\u1ec7u:<\/strong> PVC ph\u1ee7 PU kh\u1eed t\u0129nh \u0111i\u1ec7n<\/li>\n<li><strong>M\u00e0u:<\/strong> Tr\u1eafng<\/li>\n<li><strong>Size:<\/strong> 35 &#8211; 45<\/li>\n<li><strong>Lo\u1ea1i:<\/strong> M\u1eb7t l\u01b0\u1edbi<\/li>\n<\/ul>\n","protected":false},"featured_media":1496,"comment_status":"open","ping_status":"closed","template":"","meta":[],"product_brand":[],"product_cat":[49],"product_tag":[],"class_list":{"0":"post-1495","1":"product","2":"type-product","3":"status-publish","4":"has-post-thumbnail","6":"product_cat-con-lan-dinh-bui","8":"first","9":"instock","10":"shipping-taxable","11":"product-type-simple"},"yoast_head":"<!-- This site is optimized with the Yoast SEO plugin v26.8 - https:\/\/yoast.com\/product\/yoast-seo-wordpress\/ -->\n<title>Linkworld Antistatic Shoes - JNC VN<\/title>\n<meta name=\"robots\" content=\"index, follow, max-snippet:-1, max-image-preview:large, max-video-preview:-1\" \/>\n<link rel=\"canonical\" href=\"https:\/\/jncvietnam.com\/en\/san-pham\/linkworld-antistatic-shoes\/\" \/>\n<meta property=\"og:locale\" content=\"vi_VN\" \/>\n<meta property=\"og:type\" content=\"article\" \/>\n<meta property=\"og:title\" content=\"Linkworld Antistatic Shoes - JNC VN\" \/>\n<meta property=\"og:description\" content=\"Ch\u1ea5t li\u1ec7u: PVC ph\u1ee7 PU kh\u1eed t\u0129nh \u0111i\u1ec7n  M\u00e0u: Tr\u1eafng  Size: 35 - 45  Lo\u1ea1i: M\u1eb7t l\u01b0\u1edbi\" \/>\n<meta property=\"og:url\" content=\"https:\/\/jncvietnam.com\/en\/san-pham\/linkworld-antistatic-shoes\/\" \/>\n<meta property=\"og:site_name\" content=\"JNC VN\" \/>\n<meta property=\"article:modified_time\" content=\"2021-06-22T09:35:51+00:00\" \/>\n<meta property=\"og:image\" content=\"https:\/\/jncvietnam.com\/en\/wp-content\/uploads\/2021\/06\/giay-chong-tinh-dien-linkworld-Copy.jpg\" \/>\n\t<meta property=\"og:image:width\" content=\"400\" \/>\n\t<meta property=\"og:image:height\" content=\"408\" \/>\n\t<meta property=\"og:image:type\" content=\"image\/jpeg\" \/>\n<meta name=\"twitter:card\" content=\"summary_large_image\" \/>\n<meta name=\"twitter:label1\" content=\"\u01af\u1edbc t\u00ednh th\u1eddi gian \u0111\u1ecdc\" \/>\n\t<meta name=\"twitter:data1\" content=\"2 ph\u00fat\" \/>\n<script type=\"application\/ld+json\" class=\"yoast-schema-graph\">{\"@context\":\"https:\/\/schema.org\",\"@graph\":[{\"@type\":\"WebPage\",\"@id\":\"https:\/\/jncvietnam.com\/en\/san-pham\/linkworld-antistatic-shoes\/\",\"url\":\"https:\/\/jncvietnam.com\/en\/san-pham\/linkworld-antistatic-shoes\/\",\"name\":\"Linkworld Antistatic Shoes - JNC VN\",\"isPartOf\":{\"@id\":\"https:\/\/jncvietnam.com\/en\/#website\"},\"primaryImageOfPage\":{\"@id\":\"https:\/\/jncvietnam.com\/en\/san-pham\/linkworld-antistatic-shoes\/#primaryimage\"},\"image\":{\"@id\":\"https:\/\/jncvietnam.com\/en\/san-pham\/linkworld-antistatic-shoes\/#primaryimage\"},\"thumbnailUrl\":\"https:\/\/jncvietnam.com\/en\/wp-content\/uploads\/2021\/06\/giay-chong-tinh-dien-linkworld-Copy.jpg\",\"datePublished\":\"2021-06-03T07:12:05+00:00\",\"dateModified\":\"2021-06-22T09:35:51+00:00\",\"breadcrumb\":{\"@id\":\"https:\/\/jncvietnam.com\/en\/san-pham\/linkworld-antistatic-shoes\/#breadcrumb\"},\"inLanguage\":\"vi\",\"potentialAction\":[{\"@type\":\"ReadAction\",\"target\":[\"https:\/\/jncvietnam.com\/en\/san-pham\/linkworld-antistatic-shoes\/\"]}]},{\"@type\":\"ImageObject\",\"inLanguage\":\"vi\",\"@id\":\"https:\/\/jncvietnam.com\/en\/san-pham\/linkworld-antistatic-shoes\/#primaryimage\",\"url\":\"https:\/\/jncvietnam.com\/en\/wp-content\/uploads\/2021\/06\/giay-chong-tinh-dien-linkworld-Copy.jpg\",\"contentUrl\":\"https:\/\/jncvietnam.com\/en\/wp-content\/uploads\/2021\/06\/giay-chong-tinh-dien-linkworld-Copy.jpg\",\"width\":400,\"height\":408},{\"@type\":\"BreadcrumbList\",\"@id\":\"https:\/\/jncvietnam.com\/en\/san-pham\/linkworld-antistatic-shoes\/#breadcrumb\",\"itemListElement\":[{\"@type\":\"ListItem\",\"position\":1,\"name\":\"Trang ch\u1ee7\",\"item\":\"https:\/\/jncvietnam.com\/en\/\"},{\"@type\":\"ListItem\",\"position\":2,\"name\":\"Product\",\"item\":\"https:\/\/jncvietnam.com\/en\/product\/\"},{\"@type\":\"ListItem\",\"position\":3,\"name\":\"Linkworld Antistatic Shoes\"}]},{\"@type\":\"WebSite\",\"@id\":\"https:\/\/jncvietnam.com\/en\/#website\",\"url\":\"https:\/\/jncvietnam.com\/en\/\",\"name\":\"JNC VN\",\"description\":\"HTH\",\"potentialAction\":[{\"@type\":\"SearchAction\",\"target\":{\"@type\":\"EntryPoint\",\"urlTemplate\":\"https:\/\/jncvietnam.com\/en\/?s={search_term_string}\"},\"query-input\":{\"@type\":\"PropertyValueSpecification\",\"valueRequired\":true,\"valueName\":\"search_term_string\"}}],\"inLanguage\":\"vi\"}]}<\/script>\n<!-- \/ Yoast SEO plugin. -->","yoast_head_json":{"title":"Linkworld Antistatic Shoes - JNC VN","robots":{"index":"index","follow":"follow","max-snippet":"max-snippet:-1","max-image-preview":"max-image-preview:large","max-video-preview":"max-video-preview:-1"},"canonical":"https:\/\/jncvietnam.com\/en\/san-pham\/linkworld-antistatic-shoes\/","og_locale":"vi_VN","og_type":"article","og_title":"Linkworld Antistatic Shoes - JNC VN","og_description":"Ch\u1ea5t li\u1ec7u: PVC ph\u1ee7 PU kh\u1eed t\u0129nh \u0111i\u1ec7n  M\u00e0u: Tr\u1eafng  Size: 35 - 45  Lo\u1ea1i: M\u1eb7t l\u01b0\u1edbi","og_url":"https:\/\/jncvietnam.com\/en\/san-pham\/linkworld-antistatic-shoes\/","og_site_name":"JNC VN","article_modified_time":"2021-06-22T09:35:51+00:00","og_image":[{"width":400,"height":408,"url":"https:\/\/jncvietnam.com\/en\/wp-content\/uploads\/2021\/06\/giay-chong-tinh-dien-linkworld-Copy.jpg","type":"image\/jpeg"}],"twitter_card":"summary_large_image","twitter_misc":{"\u01af\u1edbc t\u00ednh th\u1eddi gian \u0111\u1ecdc":"2 ph\u00fat"},"schema":{"@context":"https:\/\/schema.org","@graph":[{"@type":"WebPage","@id":"https:\/\/jncvietnam.com\/en\/san-pham\/linkworld-antistatic-shoes\/","url":"https:\/\/jncvietnam.com\/en\/san-pham\/linkworld-antistatic-shoes\/","name":"Linkworld Antistatic Shoes - JNC VN","isPartOf":{"@id":"https:\/\/jncvietnam.com\/en\/#website"},"primaryImageOfPage":{"@id":"https:\/\/jncvietnam.com\/en\/san-pham\/linkworld-antistatic-shoes\/#primaryimage"},"image":{"@id":"https:\/\/jncvietnam.com\/en\/san-pham\/linkworld-antistatic-shoes\/#primaryimage"},"thumbnailUrl":"https:\/\/jncvietnam.com\/en\/wp-content\/uploads\/2021\/06\/giay-chong-tinh-dien-linkworld-Copy.jpg","datePublished":"2021-06-03T07:12:05+00:00","dateModified":"2021-06-22T09:35:51+00:00","breadcrumb":{"@id":"https:\/\/jncvietnam.com\/en\/san-pham\/linkworld-antistatic-shoes\/#breadcrumb"},"inLanguage":"vi","potentialAction":[{"@type":"ReadAction","target":["https:\/\/jncvietnam.com\/en\/san-pham\/linkworld-antistatic-shoes\/"]}]},{"@type":"ImageObject","inLanguage":"vi","@id":"https:\/\/jncvietnam.com\/en\/san-pham\/linkworld-antistatic-shoes\/#primaryimage","url":"https:\/\/jncvietnam.com\/en\/wp-content\/uploads\/2021\/06\/giay-chong-tinh-dien-linkworld-Copy.jpg","contentUrl":"https:\/\/jncvietnam.com\/en\/wp-content\/uploads\/2021\/06\/giay-chong-tinh-dien-linkworld-Copy.jpg","width":400,"height":408},{"@type":"BreadcrumbList","@id":"https:\/\/jncvietnam.com\/en\/san-pham\/linkworld-antistatic-shoes\/#breadcrumb","itemListElement":[{"@type":"ListItem","position":1,"name":"Trang ch\u1ee7","item":"https:\/\/jncvietnam.com\/en\/"},{"@type":"ListItem","position":2,"name":"Product","item":"https:\/\/jncvietnam.com\/en\/product\/"},{"@type":"ListItem","position":3,"name":"Linkworld Antistatic Shoes"}]},{"@type":"WebSite","@id":"https:\/\/jncvietnam.com\/en\/#website","url":"https:\/\/jncvietnam.com\/en\/","name":"JNC VN","description":"HTH","potentialAction":[{"@type":"SearchAction","target":{"@type":"EntryPoint","urlTemplate":"https:\/\/jncvietnam.com\/en\/?s={search_term_string}"},"query-input":{"@type":"PropertyValueSpecification","valueRequired":true,"valueName":"search_term_string"}}],"inLanguage":"vi"}]}},"_links":{"self":[{"href":"https:\/\/jncvietnam.com\/en\/wp-json\/wp\/v2\/product\/1495","targetHints":{"allow":["GET"]}}],"collection":[{"href":"https:\/\/jncvietnam.com\/en\/wp-json\/wp\/v2\/product"}],"about":[{"href":"https:\/\/jncvietnam.com\/en\/wp-json\/wp\/v2\/types\/product"}],"replies":[{"embeddable":true,"href":"https:\/\/jncvietnam.com\/en\/wp-json\/wp\/v2\/comments?post=1495"}],"wp:featuredmedia":[{"embeddable":true,"href":"https:\/\/jncvietnam.com\/en\/wp-json\/wp\/v2\/media\/1496"}],"wp:attachment":[{"href":"https:\/\/jncvietnam.com\/en\/wp-json\/wp\/v2\/media?parent=1495"}],"wp:term":[{"taxonomy":"product_brand","embeddable":true,"href":"https:\/\/jncvietnam.com\/en\/wp-json\/wp\/v2\/product_brand?post=1495"},{"taxonomy":"product_cat","embeddable":true,"href":"https:\/\/jncvietnam.com\/en\/wp-json\/wp\/v2\/product_cat?post=1495"},{"taxonomy":"product_tag","embeddable":true,"href":"https:\/\/jncvietnam.com\/en\/wp-json\/wp\/v2\/product_tag?post=1495"}],"curies":[{"name":"wp","href":"https:\/\/api.w.org\/{rel}","templated":true}]}}