{"id":1497,"date":"2021-06-03T14:17:06","date_gmt":"2021-06-03T07:17:06","guid":{"rendered":"https:\/\/jncvietnam.com\/en\/?post_type=product&#038;p=1497"},"modified":"2021-06-22T16:33:19","modified_gmt":"2021-06-22T09:33:19","slug":"cover-shoes-2","status":"publish","type":"product","link":"https:\/\/jncvietnam.com\/en\/san-pham\/cover-shoes-2\/","title":{"rendered":"Cover Shoes"},"content":{"rendered":"<div>S\u1ea3n ph\u1ea9m bao b\u1ecdc gi\u00e0y \u0111\u01b0\u1ee3c\u00a0 s\u1eed d\u1ee5ng \u0111\u1ec3 b\u1ecdc gi\u00e0y, \u1ee7ng ch\u1ed1ng t\u0129nh \u0111i\u1ec7n trong c\u00e1c nh\u00e0 m\u00e1y s\u1ea3n xu\u1ea5t theo ti\u00eau chu\u1ea9n ph\u00f2ng s\u1ea1ch hi\u1ec7n nay, l\u00e0 s\u1ea3n ph\u1ea9m kh\u00f4ng th\u1ec3 thi\u1ebfu trong c\u00f4ng nghi\u1ec7p s\u1ea3n xu\u1ea5t hay gia c\u00f4ng \u0111i\u1ec7n t\u1eed\u2026<\/div>\n<div><\/div>\n<div><img loading=\"lazy\" decoding=\"async\" class=\"aligncenter wp-image-1498 size-full\" src=\"https:\/\/jncvietnam.com\/en\/wp-content\/uploads\/2021\/06\/bao-boc-giay.jpg\" alt=\"\" width=\"573\" height=\"503\" srcset=\"https:\/\/jncvietnam.com\/en\/wp-content\/uploads\/2021\/06\/bao-boc-giay.jpg 573w, https:\/\/jncvietnam.com\/en\/wp-content\/uploads\/2021\/06\/bao-boc-giay-300x263.jpg 300w\" sizes=\"auto, (max-width: 573px) 100vw, 573px\" \/><\/div>\n<div><\/div>\n<div>\n<div>Bao b\u1ecdc gi\u00e0y \u0111\u01b0\u1ee3c thi\u1ebft k\u1ebf b\u1eb1ng ch\u1ea5t li\u1ec7u v\u1ea3i kh\u00f4ng d\u1ec7t th\u00e2n thi\u1ec7n v\u1edbi m\u00f4i tr\u01b0\u1eddng, nh\u01b0 ch\u00fang ta \u0111\u00e3 bi\u1ebft v\u1ea3i kh\u00f4ng d\u1ec7t r\u1ea5t \u0111\u01b0\u1ee3c s\u1eed d\u1ee5ng ph\u1ed5 bi\u1ebfn trong ng\u00e0nh c\u00f4ng nghi\u1ec7p ph\u00f2ng s\u1ea1ch. V\u1ea3i kh\u00f4ng d\u1ec7t \u0111\u01b0\u1ee3c c\u1ea5u t\u1ea1o t\u1eeb nh\u1eefng h\u1ea1t nh\u1ef1a t\u1ed5ng h\u1ee3p nh\u1eb9 v\u00e0 x\u1ed1p li\u00ean k\u1ebft v\u1edbi dung m\u00f4i h\u00f3a s\u1ea3n xu\u1ea5t \u0111\u1ec3 tao ra s\u1ea3n ph\u1ea9m bao b\u1ecdc gi\u00e0y v\u1ea3i kh\u00f4ng d\u1ec7t nh\u01b0 hi\u1ec7n nay.<\/div>\n<div><\/div>\n<div>Bao b\u1ecdc gi\u00e0y v\u1ea3i kh\u00f4ng d\u1ec7t c\u00f3 t\u00ednh ch\u1ea5t tho\u00e1ng m\u00e1t, th\u1ea5m h\u00fat, kh\u00f4ng g\u00e2y d\u1ecb \u1ee9ng ch\u00e2n tay khi ti\u1ebfp x\u00fac h\u01a1n th\u1ebf n\u1eefa ch\u00fang d\u1ec5 d\u00e0ng ph\u00e2n h\u1ee7y nhanh trong c\u00e1c m\u00f4i tr\u01b0\u1eddng t\u1ef1 nhi\u00ean hi\u1ec7n nay.<\/div>\n<div><\/div>\n<div>Trong m\u00f4i tr\u01b0\u1eddng c\u00f4ng nghi\u1ec7p hi\u1ec7n nay c\u00e0ng nh\u1eefng n\u01a1i s\u1ea3n xu\u1ea5t\u00a0 c\u00f3 y\u00eau c\u1ea7u c\u1ea5p \u0111\u1ed9 ph\u00f2ng s\u1ea1ch cao th\u00ec bao b\u1ecdc gi\u00e0y l\u1ea1i l\u00e0 ph\u1ea7n ph\u1ee5 tr\u1ee3 quan tr\u1ecdng nh\u1ea5t. Bao b\u1ecdc gi\u00e0y ph\u00f2ng s\u1ea1ch c\u00f3 t\u00e1c d\u1ee5ng b\u1ecdc l\u1ea1i nh\u1eefng \u0111\u00f4i gi\u00e0y, d\u00e9p c\u1ee7a kh\u00e1ch v\u00e0 c\u00f4ng nh\u00e2n b\u1ee5i b\u1ea9n \u1edf m\u00f4i tr\u01b0\u1eddng ngo\u00e0i khi \u0111i v\u00e0o nh\u00e0 m\u00e1y.<\/div>\n<div><\/div>\n<div>\u0110\u1eb7c \u0111i\u1ec3m n\u1ed5i b\u1eadt c\u1ee7a bao b\u1ecdc gi\u00e0y v\u1ea3i kh\u00f4ng d\u1ec7t n\u1eb1m \u1edf y\u1ebfu t\u1ed1 l\u00e0 ph\u00f9 h\u1ee3p v\u1edbi t\u1ea5t c\u1ea3 c\u00e1c k\u00edch th\u01b0\u1edbc gi\u00e0y hi\u1ec7n nay, kh\u00f4ng c\u1ea7n ph\u1ea3i \u0111o s\u1ed1 size khi \u0111eo n\u00f3.<\/div>\n<div><\/div>\n<div>\u0110\u1ec3 l\u1ef1a ch\u1ecdn \u0111\u01b0\u1ee3c s\u1ea3n ph\u1ea9m bao b\u1ecdc gi\u00e0y ch\u1ea5t l\u01b0\u1ee3ng t\u1ed1t kh\u00f4ng \u1ea3nh h\u01b0\u1edfng cho m\u00f4i tr\u01b0\u1eddng s\u1ea3n xu\u1ea5t c\u1ee7a b\u1ea1n, b\u1ea1n h\u00e3y li\u00ean h\u1ec7 v\u1edbi Megaline, chuy\u00ean cung c\u1ea5p thi\u1ebft b\u1ecb ph\u00f2ng s\u1ea1ch gi\u00e1 r\u1ebb ch\u1ea5t l\u01b0\u1ee3ng \u0111\u1ea1t tuy\u1ec7t \u0111\u1ed1i 100% c\u1ea5p \u0111\u1ed9 ph\u00f2ng s\u1ea1ch.<\/div>\n<\/div>\n","protected":false},"excerpt":{"rendered":"<ul>\n<li><strong>Ch\u1ea5t li\u1ec7u:<\/strong> V\u1ea3i kh\u00f4ng d\u1ec7t<\/li>\n<li><strong>M\u00e0u s\u1eafc:<\/strong> Xanh<\/li>\n<li><strong>T\u00ednh n\u0103ng:<\/strong> B\u1ecdc gi\u00e0y d\u00e9p trong ph\u00f2ng s\u1ea1ch<\/li>\n<li><strong>K\u00edch th\u01b0\u1edbc:<\/strong> Free size<\/li>\n<li><strong>\u0110\u00f3ng g\u00f3i:<\/strong> Theo y\u00eau c\u1ea7u<\/li>\n<\/ul>\n","protected":false},"featured_media":1498,"comment_status":"open","ping_status":"closed","template":"","meta":[],"product_brand":[],"product_cat":[49],"product_tag":[],"class_list":{"0":"post-1497","1":"product","2":"type-product","3":"status-publish","4":"has-post-thumbnail","6":"product_cat-con-lan-dinh-bui","8":"first","9":"instock","10":"shipping-taxable","11":"product-type-simple"},"yoast_head":"<!-- This site is optimized with the Yoast SEO plugin v26.8 - https:\/\/yoast.com\/product\/yoast-seo-wordpress\/ -->\n<title>Cover Shoes - JNC VN<\/title>\n<meta name=\"robots\" content=\"index, follow, max-snippet:-1, max-image-preview:large, max-video-preview:-1\" \/>\n<link rel=\"canonical\" href=\"https:\/\/jncvietnam.com\/en\/san-pham\/cover-shoes-2\/\" \/>\n<meta property=\"og:locale\" content=\"vi_VN\" \/>\n<meta property=\"og:type\" content=\"article\" \/>\n<meta property=\"og:title\" content=\"Cover Shoes - JNC VN\" \/>\n<meta property=\"og:description\" content=\"Ch\u1ea5t li\u1ec7u: V\u1ea3i kh\u00f4ng d\u1ec7t  M\u00e0u s\u1eafc: Xanh  T\u00ednh n\u0103ng: B\u1ecdc gi\u00e0y d\u00e9p trong ph\u00f2ng s\u1ea1ch  K\u00edch th\u01b0\u1edbc: Free size  \u0110\u00f3ng g\u00f3i: Theo y\u00eau c\u1ea7u\" \/>\n<meta property=\"og:url\" content=\"https:\/\/jncvietnam.com\/en\/san-pham\/cover-shoes-2\/\" \/>\n<meta property=\"og:site_name\" content=\"JNC VN\" \/>\n<meta property=\"article:modified_time\" content=\"2021-06-22T09:33:19+00:00\" \/>\n<meta property=\"og:image\" content=\"https:\/\/jncvietnam.com\/en\/wp-content\/uploads\/2021\/06\/bao-boc-giay.jpg\" \/>\n\t<meta property=\"og:image:width\" content=\"573\" \/>\n\t<meta property=\"og:image:height\" content=\"503\" \/>\n\t<meta property=\"og:image:type\" content=\"image\/jpeg\" \/>\n<meta name=\"twitter:card\" content=\"summary_large_image\" \/>\n<meta name=\"twitter:label1\" content=\"\u01af\u1edbc t\u00ednh th\u1eddi gian \u0111\u1ecdc\" \/>\n\t<meta name=\"twitter:data1\" content=\"2 ph\u00fat\" \/>\n<script type=\"application\/ld+json\" class=\"yoast-schema-graph\">{\"@context\":\"https:\/\/schema.org\",\"@graph\":[{\"@type\":\"WebPage\",\"@id\":\"https:\/\/jncvietnam.com\/en\/san-pham\/cover-shoes-2\/\",\"url\":\"https:\/\/jncvietnam.com\/en\/san-pham\/cover-shoes-2\/\",\"name\":\"Cover Shoes - JNC VN\",\"isPartOf\":{\"@id\":\"https:\/\/jncvietnam.com\/en\/#website\"},\"primaryImageOfPage\":{\"@id\":\"https:\/\/jncvietnam.com\/en\/san-pham\/cover-shoes-2\/#primaryimage\"},\"image\":{\"@id\":\"https:\/\/jncvietnam.com\/en\/san-pham\/cover-shoes-2\/#primaryimage\"},\"thumbnailUrl\":\"https:\/\/jncvietnam.com\/en\/wp-content\/uploads\/2021\/06\/bao-boc-giay.jpg\",\"datePublished\":\"2021-06-03T07:17:06+00:00\",\"dateModified\":\"2021-06-22T09:33:19+00:00\",\"breadcrumb\":{\"@id\":\"https:\/\/jncvietnam.com\/en\/san-pham\/cover-shoes-2\/#breadcrumb\"},\"inLanguage\":\"vi\",\"potentialAction\":[{\"@type\":\"ReadAction\",\"target\":[\"https:\/\/jncvietnam.com\/en\/san-pham\/cover-shoes-2\/\"]}]},{\"@type\":\"ImageObject\",\"inLanguage\":\"vi\",\"@id\":\"https:\/\/jncvietnam.com\/en\/san-pham\/cover-shoes-2\/#primaryimage\",\"url\":\"https:\/\/jncvietnam.com\/en\/wp-content\/uploads\/2021\/06\/bao-boc-giay.jpg\",\"contentUrl\":\"https:\/\/jncvietnam.com\/en\/wp-content\/uploads\/2021\/06\/bao-boc-giay.jpg\",\"width\":573,\"height\":503},{\"@type\":\"BreadcrumbList\",\"@id\":\"https:\/\/jncvietnam.com\/en\/san-pham\/cover-shoes-2\/#breadcrumb\",\"itemListElement\":[{\"@type\":\"ListItem\",\"position\":1,\"name\":\"Trang ch\u1ee7\",\"item\":\"https:\/\/jncvietnam.com\/en\/\"},{\"@type\":\"ListItem\",\"position\":2,\"name\":\"Product\",\"item\":\"https:\/\/jncvietnam.com\/en\/product\/\"},{\"@type\":\"ListItem\",\"position\":3,\"name\":\"Cover Shoes\"}]},{\"@type\":\"WebSite\",\"@id\":\"https:\/\/jncvietnam.com\/en\/#website\",\"url\":\"https:\/\/jncvietnam.com\/en\/\",\"name\":\"JNC VN\",\"description\":\"HTH\",\"potentialAction\":[{\"@type\":\"SearchAction\",\"target\":{\"@type\":\"EntryPoint\",\"urlTemplate\":\"https:\/\/jncvietnam.com\/en\/?s={search_term_string}\"},\"query-input\":{\"@type\":\"PropertyValueSpecification\",\"valueRequired\":true,\"valueName\":\"search_term_string\"}}],\"inLanguage\":\"vi\"}]}<\/script>\n<!-- \/ Yoast SEO plugin. -->","yoast_head_json":{"title":"Cover Shoes - JNC VN","robots":{"index":"index","follow":"follow","max-snippet":"max-snippet:-1","max-image-preview":"max-image-preview:large","max-video-preview":"max-video-preview:-1"},"canonical":"https:\/\/jncvietnam.com\/en\/san-pham\/cover-shoes-2\/","og_locale":"vi_VN","og_type":"article","og_title":"Cover Shoes - JNC VN","og_description":"Ch\u1ea5t li\u1ec7u: V\u1ea3i kh\u00f4ng d\u1ec7t  M\u00e0u s\u1eafc: Xanh  T\u00ednh n\u0103ng: B\u1ecdc gi\u00e0y d\u00e9p trong ph\u00f2ng s\u1ea1ch  K\u00edch th\u01b0\u1edbc: Free size  \u0110\u00f3ng g\u00f3i: Theo y\u00eau c\u1ea7u","og_url":"https:\/\/jncvietnam.com\/en\/san-pham\/cover-shoes-2\/","og_site_name":"JNC VN","article_modified_time":"2021-06-22T09:33:19+00:00","og_image":[{"width":573,"height":503,"url":"https:\/\/jncvietnam.com\/en\/wp-content\/uploads\/2021\/06\/bao-boc-giay.jpg","type":"image\/jpeg"}],"twitter_card":"summary_large_image","twitter_misc":{"\u01af\u1edbc t\u00ednh th\u1eddi gian \u0111\u1ecdc":"2 ph\u00fat"},"schema":{"@context":"https:\/\/schema.org","@graph":[{"@type":"WebPage","@id":"https:\/\/jncvietnam.com\/en\/san-pham\/cover-shoes-2\/","url":"https:\/\/jncvietnam.com\/en\/san-pham\/cover-shoes-2\/","name":"Cover Shoes - JNC VN","isPartOf":{"@id":"https:\/\/jncvietnam.com\/en\/#website"},"primaryImageOfPage":{"@id":"https:\/\/jncvietnam.com\/en\/san-pham\/cover-shoes-2\/#primaryimage"},"image":{"@id":"https:\/\/jncvietnam.com\/en\/san-pham\/cover-shoes-2\/#primaryimage"},"thumbnailUrl":"https:\/\/jncvietnam.com\/en\/wp-content\/uploads\/2021\/06\/bao-boc-giay.jpg","datePublished":"2021-06-03T07:17:06+00:00","dateModified":"2021-06-22T09:33:19+00:00","breadcrumb":{"@id":"https:\/\/jncvietnam.com\/en\/san-pham\/cover-shoes-2\/#breadcrumb"},"inLanguage":"vi","potentialAction":[{"@type":"ReadAction","target":["https:\/\/jncvietnam.com\/en\/san-pham\/cover-shoes-2\/"]}]},{"@type":"ImageObject","inLanguage":"vi","@id":"https:\/\/jncvietnam.com\/en\/san-pham\/cover-shoes-2\/#primaryimage","url":"https:\/\/jncvietnam.com\/en\/wp-content\/uploads\/2021\/06\/bao-boc-giay.jpg","contentUrl":"https:\/\/jncvietnam.com\/en\/wp-content\/uploads\/2021\/06\/bao-boc-giay.jpg","width":573,"height":503},{"@type":"BreadcrumbList","@id":"https:\/\/jncvietnam.com\/en\/san-pham\/cover-shoes-2\/#breadcrumb","itemListElement":[{"@type":"ListItem","position":1,"name":"Trang ch\u1ee7","item":"https:\/\/jncvietnam.com\/en\/"},{"@type":"ListItem","position":2,"name":"Product","item":"https:\/\/jncvietnam.com\/en\/product\/"},{"@type":"ListItem","position":3,"name":"Cover Shoes"}]},{"@type":"WebSite","@id":"https:\/\/jncvietnam.com\/en\/#website","url":"https:\/\/jncvietnam.com\/en\/","name":"JNC VN","description":"HTH","potentialAction":[{"@type":"SearchAction","target":{"@type":"EntryPoint","urlTemplate":"https:\/\/jncvietnam.com\/en\/?s={search_term_string}"},"query-input":{"@type":"PropertyValueSpecification","valueRequired":true,"valueName":"search_term_string"}}],"inLanguage":"vi"}]}},"_links":{"self":[{"href":"https:\/\/jncvietnam.com\/en\/wp-json\/wp\/v2\/product\/1497","targetHints":{"allow":["GET"]}}],"collection":[{"href":"https:\/\/jncvietnam.com\/en\/wp-json\/wp\/v2\/product"}],"about":[{"href":"https:\/\/jncvietnam.com\/en\/wp-json\/wp\/v2\/types\/product"}],"replies":[{"embeddable":true,"href":"https:\/\/jncvietnam.com\/en\/wp-json\/wp\/v2\/comments?post=1497"}],"wp:featuredmedia":[{"embeddable":true,"href":"https:\/\/jncvietnam.com\/en\/wp-json\/wp\/v2\/media\/1498"}],"wp:attachment":[{"href":"https:\/\/jncvietnam.com\/en\/wp-json\/wp\/v2\/media?parent=1497"}],"wp:term":[{"taxonomy":"product_brand","embeddable":true,"href":"https:\/\/jncvietnam.com\/en\/wp-json\/wp\/v2\/product_brand?post=1497"},{"taxonomy":"product_cat","embeddable":true,"href":"https:\/\/jncvietnam.com\/en\/wp-json\/wp\/v2\/product_cat?post=1497"},{"taxonomy":"product_tag","embeddable":true,"href":"https:\/\/jncvietnam.com\/en\/wp-json\/wp\/v2\/product_tag?post=1497"}],"curies":[{"name":"wp","href":"https:\/\/api.w.org\/{rel}","templated":true}]}}