{"id":1505,"date":"2021-06-03T14:53:46","date_gmt":"2021-06-03T07:53:46","guid":{"rendered":"https:\/\/jncvietnam.com\/en\/?post_type=product&#038;p=1505"},"modified":"2021-06-22T16:31:26","modified_gmt":"2021-06-22T09:31:26","slug":"round-face-antistatic-chair-with-hole","status":"publish","type":"product","link":"https:\/\/jncvietnam.com\/en\/san-pham\/round-face-antistatic-chair-with-hole\/","title":{"rendered":"Round face antistatic chair with hole"},"content":{"rendered":"<h3><span style=\"color: #00a859;\">Gh\u1ebf ch\u1ed1ng t\u0129nh \u0111i\u1ec7n m\u1eb7t l\u1ed7 ch\u00e2n b\u00e1nh xoay<\/span><\/h3>\n<div>Gh\u1ebf ch\u1ed1ng t\u0129nh \u0111i\u1ec7n kh\u00f4ng t\u1ef1a \u0111\u01b0\u1ee3c t\u1ea1o b\u1edfi th\u00e2n v\u00e0 ph\u1ea7n ch\u00e2n khung th\u00e9p s\u00e1ng b\u00f3ng v\u1edbi l\u1edbp m\u1ea1 crom v\u00f4 c\u00f9ng\u00a0 b\u1ec1n b\u1ec9. M\u1eb7t gh\u1ebf tr\u00f2n, c\u00f3 l\u1ed7 tho\u00e1ng kh\u00ed, da m\u00e0u \u0111en v\u1edbi ch\u1ea5t li\u1ec7u PU m\u1ec1m m\u1ea1i, \u0111\u01b0\u1ee3c b\u1ecdc b\u00ean trong b\u1edfi 1 l\u1edbp m\u00fat t\u1ea1o \u0111\u1ed9 \u00eam \u00e1i cho ng\u01b0\u1eddi ng\u1ed3i. Gh\u00ea da d\u1ec5 d\u00e0ng lau chui khi c\u1ea7n thi\u1ebft<\/div>\n<div><\/div>\n<div>&#8211;\u00a0 \u00a0 \u00a0 \u00a0 \u00a0M\u1eb7t gh\u1ebf\u00a0 PVC ch\u1ea5t li\u1ec7u m\u1eb7t da PU ch\u1ed1ng t\u0129nh \u0111i\u1ec7n c\u1ef1c k\u1ef3 t\u1ed1t<\/div>\n<div><\/div>\n<div>&#8211;\u00a0 \u00a0 \u00a0 \u00a0 \u00a0L\u1edbp m\u00fat \u00eam \u00e1i t\u1ea1o c\u1ea3m gi\u00e1c ng\u1ed3i kh\u00f4ng \u00ea m\u1ecfi cho ng\u01b0\u1eddi s\u1eed d\u1ee5ng<\/div>\n<div><\/div>\n<div>&#8211;\u00a0 \u00a0 \u00a0 \u00a0 \u00a0S\u1ee9c b\u1ec1n b\u1ec1 m\u1eb7t c\u1ee7a gh\u1ebf xoay m\u1eb7t l\u1ed7 ch\u1ed1ng t\u0129nh \u0111i\u1ec7n MGL: 10^6 ~ 10^9 \u03a9<\/div>\n<div><\/div>\n<div>&#8211;\u00a0 \u00a0 \u00a0 \u00a0 \u00a0Ch\u00e2n gh\u1ebf 5 nh\u00e1nh h\u1ee3p kim nh\u00f4m v\u1edbi l\u1edbp m\u1ea1 crom s\u00e1ng b\u00f3ng c\u00f3 b\u00e1n k\u00ednh 240 mm<\/div>\n<div><\/div>\n<div>&#8211;\u00a0 \u00a0 \u00a0 \u00a0 \u00a0C\u1ea5u t\u1ea1o:\u00a0 G\u1ed3m m\u1eb7t gh\u1ebf \u03a6360mm,tr\u1ee5c \u0111i\u1ec1u ch\u1ec9nh \u0111\u1ed9 cao trong kho\u1ea3ng 440mm- 580mm<\/div>\n<div><\/div>\n<div>&#8211;\u00a0 \u00a0 \u00a0 \u00a0 \u00a0S\u1eed d\u1ee5ng l\u1ef1c \u0111\u1ea9y c\u1ee7a kh\u00ed n\u00e9n khi sinh c\u00f4ng kh\u00f4ng g\u00e2y h\u1ea1i cho m\u00f4i tr\u01b0\u1eddng l\u00e0m vi\u1ec7c.<\/div>\n<div><\/div>\n<div>&#8211;\u00a0 \u00a0 \u00a0 \u00a0 \u00a0Ch\u1ed7 ng\u1ed3i ch\u1ed1ng tr\u01a1n tr\u01b0\u1ee3t, c\u00f3 th\u1ec3 ng\u0103n kh\u00f4ng cho qu\u1ea7n \u00e1o di chuy\u1ec3n<\/div>\n<div><\/div>\n<div>&#8211;\u00a0 \u00a0 \u00a0 \u00a0 \u00a0Gh\u1ebf xoay ch\u1ed1ng t\u0129nh \u0111i\u1ec7n ph\u00f9 h\u1ee3p s\u1eed d\u1ee5ng trong m\u00f4i tr\u01b0\u1eddng l\u00e0m vi\u1ec7c kh\u00e1c nhau, \u0111\u1ea1t chu\u1ea9n v\u1ec1 y\u00eau c\u1ea7u ch\u1ed1ng t\u0129nh \u0111i\u1ec7n<\/div>\n<h3><span style=\"color: #00a859;\">\u01afu \u0111i\u1ec3m c\u1ee7a gh\u00ea xoay ch\u1ed1ng t\u0129nh \u0111i\u1ec7n mang l\u1ea1i<\/span><\/h3>\n<div>Tr\u1ee5c gh\u1ebf l\u00e0m b\u1eb1ng ch\u1ea5t inox gi\u00fap tu\u1ed5i th\u1ecd s\u1eed d\u1ee5ng c\u1ee7a chi\u1ebfc gh\u00ea \u0111\u01b0\u1ee3c \u0111\u1ea3m b\u1ea3o cao h\u01a1n nh\u1eefng chi\u1ebfc gh\u00ea \u0111\u01b0\u1ee3c l\u00e0m b\u1eb1ng ch\u1ea5t li\u1ec7u kh\u00e1c, ch\u1ea5t li\u1ec7u inox s\u00e1ng b\u00f3ng l\u00e0m t\u0103ng t\u00ednh th\u1ea9m m\u1ef9 cho chi\u1ebfc gh\u1ebf, \u0111i\u1ec1u ch\u1ec9nh \u0111\u1ed9 cao 140mm nh\u1edd v\u00e0o kh\u00ed n\u00e9n<\/div>\n<div><\/div>\n<div>Ch\u00e2n gh\u1ebf \u0111\u01b0\u1ee3c thi\u1ebft k\u1ebf b\u1edfi 5 b\u00e1nh xe l\u0103n gi\u00fap ng\u01b0\u1eddi s\u1eed d\u1ee5ng c\u00f3 th\u1ec3 tho\u1ea3i m\u00e1i di chuy\u1ec3n \u0111\u1ebfn m\u1ed9t v\u1ecb tr\u00ed \u0111ang mong mu\u1ed1n \u0111\u1ec3 \u0111\u1ea1t \u0111\u01b0\u1ee3c s\u1ef1 tho\u1ea3i m\u00e1i v\u00e0 hi\u1ec7u qua c\u00f4ng vi\u1ec7c<\/div>\n<div><\/div>\n<div>Qu\u00fd kh\u00e1ch h\u00e0ng \u0111ang th\u1eafc m\u1eafc kh\u00f4ng bi\u1ebft n\u00ean mua h\u00e0ng \u1edf \u0111\u00e2u cho uy t\u00edn<\/div>\n<div><\/div>\n<div>H\u00e3y \u0111\u1ebfn ng\u00e0y v\u1edbi ch\u00fang t\u00f4i, b\u1ea1n s\u1ebd \u0111\u01b0\u1ee3c tho\u1ea3i m\u00e1i l\u1ef1a ch\u1ecdn cho m\u00ecnh nh\u01b0ng s\u1ea3n ph\u1ea9m gh\u00ea ch\u1ed1ng t\u0129nh \u0111i\u1ec7n v\u1edbi nhi\u1ec1u m\u1eabu m\u00e3 kh\u00e1c nhau v\u1edbi gi\u00e1 c\u1ea3 c\u1ea1nh tranh h\u1ee3p l\u00fd nh\u1ea5t th\u1ecb tr\u01b0\u1eddng. Ngo\u00e0i ra ch\u00fang t\u00f4i c\u00f2n nh\u1eadn \u0111\u1eb7t l\u00e0m c\u00e1c m\u1eabu gh\u1ebf ch\u1ed1ng t\u0129nh \u0111i\u1ec7n theo y\u00eau c\u1ea7u c\u1ee7a qu\u00fd kh\u00e1ch<\/div>\n<div><\/div>\n<div>Ngo\u00e0i ra ch\u00fang t\u00f4i c\u00f2n c\u00f3 r\u1ea5t nhi\u1ec1u s\u1ea3n ph\u1ea9m \u0111\u1ec3 qu\u00fd kh\u00e1ch l\u1ef1a ch\u1ecdn nh\u01b0: gh\u1ebf ch\u1ed1ng t\u0129nh \u0111i\u00ean ch\u1eef th\u1eadp ch\u00e2n c\u1ed1 \u0111\u1ecbnh, gh\u1ebf ch\u1ed1ng t\u0129nh \u0111i\u1ec7n ch\u1eef th\u1eadp ch\u00e2n xoay<\/div>\n","protected":false},"excerpt":{"rendered":"<ul>\n<li><strong>Ch\u1ea5t li\u1ec7u:<\/strong> M\u1ea1 Inox, da PU<\/li>\n<li><strong>\u0110i\u1ec7n tr\u1edf:<\/strong> 106-1010\u03a9<\/li>\n<li><strong>Ph\u00e2n lo\u1ea1i:<\/strong> Ch\u00e2n b\u00e1nh xoay, d\u1ec5 d\u00e0ng di chuy\u1ec3n<\/li>\n<li><strong>M\u1eb7t gh\u1ebf<\/strong> h\u00ecnh tr\u00f2n c\u00f3 l\u1ed7 kho\u00e9t, \u0111\u01b0\u1ee3c ph\u1ee7 PU ch\u1ed1ng t\u0129nh \u0111i\u1ec7n, m\u1ec1m d\u1ebbo<\/li>\n<li><strong>Thi\u1ebft k\u1ebf:<\/strong> C\u00f3 c\u1ea7n g\u1ea1t thay \u0111\u1ed5i chi\u1ec1u cao<\/li>\n<\/ul>\n","protected":false},"featured_media":1506,"comment_status":"open","ping_status":"closed","template":"","meta":[],"product_brand":[],"product_cat":[57],"product_tag":[],"class_list":{"0":"post-1505","1":"product","2":"type-product","3":"status-publish","4":"has-post-thumbnail","6":"product_cat-ghe-chong-tinh-dien","8":"first","9":"instock","10":"shipping-taxable","11":"product-type-simple"},"yoast_head":"<!-- This site is optimized with the Yoast SEO plugin v26.8 - https:\/\/yoast.com\/product\/yoast-seo-wordpress\/ -->\n<title>Round face antistatic chair with hole - JNC VN<\/title>\n<meta name=\"robots\" content=\"index, follow, max-snippet:-1, max-image-preview:large, max-video-preview:-1\" \/>\n<link rel=\"canonical\" href=\"https:\/\/jncvietnam.com\/en\/san-pham\/round-face-antistatic-chair-with-hole\/\" \/>\n<meta property=\"og:locale\" content=\"vi_VN\" \/>\n<meta property=\"og:type\" content=\"article\" \/>\n<meta property=\"og:title\" content=\"Round face antistatic chair with hole - JNC VN\" \/>\n<meta property=\"og:description\" content=\"Ch\u1ea5t li\u1ec7u: M\u1ea1 Inox, da PU  \u0110i\u1ec7n tr\u1edf: 106-1010\u03a9  Ph\u00e2n lo\u1ea1i: Ch\u00e2n b\u00e1nh xoay, d\u1ec5 d\u00e0ng di chuy\u1ec3n  M\u1eb7t gh\u1ebf h\u00ecnh tr\u00f2n c\u00f3 l\u1ed7 kho\u00e9t, \u0111\u01b0\u1ee3c ph\u1ee7 PU ch\u1ed1ng t\u0129nh \u0111i\u1ec7n, m\u1ec1m d\u1ebbo  Thi\u1ebft k\u1ebf: C\u00f3 c\u1ea7n g\u1ea1t thay \u0111\u1ed5i chi\u1ec1u cao\" \/>\n<meta property=\"og:url\" content=\"https:\/\/jncvietnam.com\/en\/san-pham\/round-face-antistatic-chair-with-hole\/\" \/>\n<meta property=\"og:site_name\" content=\"JNC VN\" \/>\n<meta property=\"article:modified_time\" content=\"2021-06-22T09:31:26+00:00\" \/>\n<meta property=\"og:image\" content=\"https:\/\/jncvietnam.com\/en\/wp-content\/uploads\/2021\/06\/ghe-3.png\" \/>\n\t<meta property=\"og:image:width\" content=\"391\" \/>\n\t<meta property=\"og:image:height\" content=\"334\" \/>\n\t<meta property=\"og:image:type\" content=\"image\/png\" \/>\n<meta name=\"twitter:card\" content=\"summary_large_image\" \/>\n<meta name=\"twitter:label1\" content=\"\u01af\u1edbc t\u00ednh th\u1eddi gian \u0111\u1ecdc\" \/>\n\t<meta name=\"twitter:data1\" content=\"2 ph\u00fat\" \/>\n<script type=\"application\/ld+json\" class=\"yoast-schema-graph\">{\"@context\":\"https:\/\/schema.org\",\"@graph\":[{\"@type\":\"WebPage\",\"@id\":\"https:\/\/jncvietnam.com\/en\/san-pham\/round-face-antistatic-chair-with-hole\/\",\"url\":\"https:\/\/jncvietnam.com\/en\/san-pham\/round-face-antistatic-chair-with-hole\/\",\"name\":\"Round face antistatic chair with hole - JNC VN\",\"isPartOf\":{\"@id\":\"https:\/\/jncvietnam.com\/en\/#website\"},\"primaryImageOfPage\":{\"@id\":\"https:\/\/jncvietnam.com\/en\/san-pham\/round-face-antistatic-chair-with-hole\/#primaryimage\"},\"image\":{\"@id\":\"https:\/\/jncvietnam.com\/en\/san-pham\/round-face-antistatic-chair-with-hole\/#primaryimage\"},\"thumbnailUrl\":\"https:\/\/jncvietnam.com\/en\/wp-content\/uploads\/2021\/06\/ghe-3.png\",\"datePublished\":\"2021-06-03T07:53:46+00:00\",\"dateModified\":\"2021-06-22T09:31:26+00:00\",\"breadcrumb\":{\"@id\":\"https:\/\/jncvietnam.com\/en\/san-pham\/round-face-antistatic-chair-with-hole\/#breadcrumb\"},\"inLanguage\":\"vi\",\"potentialAction\":[{\"@type\":\"ReadAction\",\"target\":[\"https:\/\/jncvietnam.com\/en\/san-pham\/round-face-antistatic-chair-with-hole\/\"]}]},{\"@type\":\"ImageObject\",\"inLanguage\":\"vi\",\"@id\":\"https:\/\/jncvietnam.com\/en\/san-pham\/round-face-antistatic-chair-with-hole\/#primaryimage\",\"url\":\"https:\/\/jncvietnam.com\/en\/wp-content\/uploads\/2021\/06\/ghe-3.png\",\"contentUrl\":\"https:\/\/jncvietnam.com\/en\/wp-content\/uploads\/2021\/06\/ghe-3.png\",\"width\":391,\"height\":334},{\"@type\":\"BreadcrumbList\",\"@id\":\"https:\/\/jncvietnam.com\/en\/san-pham\/round-face-antistatic-chair-with-hole\/#breadcrumb\",\"itemListElement\":[{\"@type\":\"ListItem\",\"position\":1,\"name\":\"Trang ch\u1ee7\",\"item\":\"https:\/\/jncvietnam.com\/en\/\"},{\"@type\":\"ListItem\",\"position\":2,\"name\":\"Product\",\"item\":\"https:\/\/jncvietnam.com\/en\/product\/\"},{\"@type\":\"ListItem\",\"position\":3,\"name\":\"Round face antistatic chair with hole\"}]},{\"@type\":\"WebSite\",\"@id\":\"https:\/\/jncvietnam.com\/en\/#website\",\"url\":\"https:\/\/jncvietnam.com\/en\/\",\"name\":\"JNC VN\",\"description\":\"HTH\",\"potentialAction\":[{\"@type\":\"SearchAction\",\"target\":{\"@type\":\"EntryPoint\",\"urlTemplate\":\"https:\/\/jncvietnam.com\/en\/?s={search_term_string}\"},\"query-input\":{\"@type\":\"PropertyValueSpecification\",\"valueRequired\":true,\"valueName\":\"search_term_string\"}}],\"inLanguage\":\"vi\"}]}<\/script>\n<!-- \/ Yoast SEO plugin. -->","yoast_head_json":{"title":"Round face antistatic chair with hole - JNC VN","robots":{"index":"index","follow":"follow","max-snippet":"max-snippet:-1","max-image-preview":"max-image-preview:large","max-video-preview":"max-video-preview:-1"},"canonical":"https:\/\/jncvietnam.com\/en\/san-pham\/round-face-antistatic-chair-with-hole\/","og_locale":"vi_VN","og_type":"article","og_title":"Round face antistatic chair with hole - JNC VN","og_description":"Ch\u1ea5t li\u1ec7u: M\u1ea1 Inox, da PU  \u0110i\u1ec7n tr\u1edf: 106-1010\u03a9  Ph\u00e2n lo\u1ea1i: Ch\u00e2n b\u00e1nh xoay, d\u1ec5 d\u00e0ng di chuy\u1ec3n  M\u1eb7t gh\u1ebf h\u00ecnh tr\u00f2n c\u00f3 l\u1ed7 kho\u00e9t, \u0111\u01b0\u1ee3c ph\u1ee7 PU ch\u1ed1ng t\u0129nh \u0111i\u1ec7n, m\u1ec1m d\u1ebbo  Thi\u1ebft k\u1ebf: C\u00f3 c\u1ea7n g\u1ea1t thay \u0111\u1ed5i chi\u1ec1u cao","og_url":"https:\/\/jncvietnam.com\/en\/san-pham\/round-face-antistatic-chair-with-hole\/","og_site_name":"JNC VN","article_modified_time":"2021-06-22T09:31:26+00:00","og_image":[{"width":391,"height":334,"url":"https:\/\/jncvietnam.com\/en\/wp-content\/uploads\/2021\/06\/ghe-3.png","type":"image\/png"}],"twitter_card":"summary_large_image","twitter_misc":{"\u01af\u1edbc t\u00ednh th\u1eddi gian \u0111\u1ecdc":"2 ph\u00fat"},"schema":{"@context":"https:\/\/schema.org","@graph":[{"@type":"WebPage","@id":"https:\/\/jncvietnam.com\/en\/san-pham\/round-face-antistatic-chair-with-hole\/","url":"https:\/\/jncvietnam.com\/en\/san-pham\/round-face-antistatic-chair-with-hole\/","name":"Round face antistatic chair with hole - JNC VN","isPartOf":{"@id":"https:\/\/jncvietnam.com\/en\/#website"},"primaryImageOfPage":{"@id":"https:\/\/jncvietnam.com\/en\/san-pham\/round-face-antistatic-chair-with-hole\/#primaryimage"},"image":{"@id":"https:\/\/jncvietnam.com\/en\/san-pham\/round-face-antistatic-chair-with-hole\/#primaryimage"},"thumbnailUrl":"https:\/\/jncvietnam.com\/en\/wp-content\/uploads\/2021\/06\/ghe-3.png","datePublished":"2021-06-03T07:53:46+00:00","dateModified":"2021-06-22T09:31:26+00:00","breadcrumb":{"@id":"https:\/\/jncvietnam.com\/en\/san-pham\/round-face-antistatic-chair-with-hole\/#breadcrumb"},"inLanguage":"vi","potentialAction":[{"@type":"ReadAction","target":["https:\/\/jncvietnam.com\/en\/san-pham\/round-face-antistatic-chair-with-hole\/"]}]},{"@type":"ImageObject","inLanguage":"vi","@id":"https:\/\/jncvietnam.com\/en\/san-pham\/round-face-antistatic-chair-with-hole\/#primaryimage","url":"https:\/\/jncvietnam.com\/en\/wp-content\/uploads\/2021\/06\/ghe-3.png","contentUrl":"https:\/\/jncvietnam.com\/en\/wp-content\/uploads\/2021\/06\/ghe-3.png","width":391,"height":334},{"@type":"BreadcrumbList","@id":"https:\/\/jncvietnam.com\/en\/san-pham\/round-face-antistatic-chair-with-hole\/#breadcrumb","itemListElement":[{"@type":"ListItem","position":1,"name":"Trang ch\u1ee7","item":"https:\/\/jncvietnam.com\/en\/"},{"@type":"ListItem","position":2,"name":"Product","item":"https:\/\/jncvietnam.com\/en\/product\/"},{"@type":"ListItem","position":3,"name":"Round face antistatic chair with hole"}]},{"@type":"WebSite","@id":"https:\/\/jncvietnam.com\/en\/#website","url":"https:\/\/jncvietnam.com\/en\/","name":"JNC VN","description":"HTH","potentialAction":[{"@type":"SearchAction","target":{"@type":"EntryPoint","urlTemplate":"https:\/\/jncvietnam.com\/en\/?s={search_term_string}"},"query-input":{"@type":"PropertyValueSpecification","valueRequired":true,"valueName":"search_term_string"}}],"inLanguage":"vi"}]}},"_links":{"self":[{"href":"https:\/\/jncvietnam.com\/en\/wp-json\/wp\/v2\/product\/1505","targetHints":{"allow":["GET"]}}],"collection":[{"href":"https:\/\/jncvietnam.com\/en\/wp-json\/wp\/v2\/product"}],"about":[{"href":"https:\/\/jncvietnam.com\/en\/wp-json\/wp\/v2\/types\/product"}],"replies":[{"embeddable":true,"href":"https:\/\/jncvietnam.com\/en\/wp-json\/wp\/v2\/comments?post=1505"}],"wp:featuredmedia":[{"embeddable":true,"href":"https:\/\/jncvietnam.com\/en\/wp-json\/wp\/v2\/media\/1506"}],"wp:attachment":[{"href":"https:\/\/jncvietnam.com\/en\/wp-json\/wp\/v2\/media?parent=1505"}],"wp:term":[{"taxonomy":"product_brand","embeddable":true,"href":"https:\/\/jncvietnam.com\/en\/wp-json\/wp\/v2\/product_brand?post=1505"},{"taxonomy":"product_cat","embeddable":true,"href":"https:\/\/jncvietnam.com\/en\/wp-json\/wp\/v2\/product_cat?post=1505"},{"taxonomy":"product_tag","embeddable":true,"href":"https:\/\/jncvietnam.com\/en\/wp-json\/wp\/v2\/product_tag?post=1505"}],"curies":[{"name":"wp","href":"https:\/\/api.w.org\/{rel}","templated":true}]}}