{"id":1508,"date":"2021-06-03T14:59:41","date_gmt":"2021-06-03T07:59:41","guid":{"rendered":"https:\/\/jncvietnam.com\/en\/?post_type=product&#038;p=1508"},"modified":"2021-06-22T16:22:34","modified_gmt":"2021-06-22T09:22:34","slug":"antistatic-chair-roud-face-swivel-legs","status":"publish","type":"product","link":"https:\/\/jncvietnam.com\/en\/san-pham\/antistatic-chair-roud-face-swivel-legs\/","title":{"rendered":"Antistatic Chair, Roud face, swivel legs"},"content":{"rendered":"<div>Gh\u1ebf tr\u00f2n ch\u1ed1ng t\u0129nh \u0111i\u1ec7n ch\u1eef th\u1eadp d\u00f9ng trong ph\u00f2ng s\u1ea1ch, \u0111\u01b0\u1ee3c thi\u1ebft k\u1ebf \u0111\u1eb7c bi\u1ec7t \u0111\u1ec3 s\u1eed d\u1ee5ng trong ph\u00f2ng s\u1ea1ch, ph\u00f2ng nghi\u00ean c\u1ee9u, \u0111\u1ea3m b\u1ea3o c\u00e1c y\u00eau c\u00e2u kh\u1eaft khe v\u1ec1 \u0111\u1ed9 t\u0129nh \u0111i\u1ec7n trong ph\u00f2ng s\u1ea1ch<\/div>\n<h3><span style=\"color: #00a859;\">\u0110\u1eb7c \u0111i\u1ec3m n\u1ed5i b\u1eadt c\u1ee7a s\u1ea3n ph\u1ea9m<\/span><\/h3>\n<div>&#8211; M\u1eb7t gh\u1ebf c\u00f3 h\u00ecnh ch\u1eef th\u1eadp v\u00e0 l\u00e0m b\u1eb1ng da,\u00a0 ch\u1ed1ng t\u0129nh \u0111i\u1ec7n c\u1ef1c t\u1ed1t<\/div>\n<div><\/div>\n<div>&#8211; Thanh kh\u00ed: S\u1eed d\u1ee5ng l\u1ef1c \u0111\u1ea9y c\u1ee7a kh\u00ed n\u00e9n, ch\u1ea5t l\u01b0\u1ee3ng xu\u1ea5t kh\u1ea9u, gi\u00fap cho vi\u1ec7c \u0111i\u1ec1u ch\u1ec9nh \u0111\u1ed9 cao c\u1ee7a gh\u1ebf m\u1ed9t c\u00e1ch d\u1ec5 d\u00e0ng h\u01a1n<\/div>\n<div><\/div>\n<div>&#8211; Ch\u00e2n gh\u00ea \u0111\u01b0\u1ee3c l\u00e0m b\u1eb1ng th\u00e9p ch\u1ed5ng x\u1ec9, \u0111\u01b0\u1ee3c ph\u1ee7 th\u00eam 1 l\u1edbp m\u1ea1 crom nh\u00ecn r\u1ea5t s\u1ea1ch s\u1ebd v\u00e0 hi\u1ec7n \u0111\u1ea1i, t\u1ea1o c\u1ea3m gi\u00e1c an to\u00e0n cho ng\u01b0\u1eddi s\u1eed d\u1ee5ng<\/div>\n<div><\/div>\n<div>&#8211; Ch\u1ec9 s\u1ed1 ch\u1ed1ng t\u0129nh \u0111i\u1ec7n 10^6 &#8211; 10^9<\/div>\n<div><\/div>\n<div>&#8211; Gh\u1ebf ch\u1ed1ng t\u0129nh \u0111i\u1ec7n\u00a0 \u0111\u01b0\u1ee3c trang b\u1ecb 5 b\u00e1nh xe, b\u1ec1n b\u1ec9 kh\u00f4ng v\u1ee1 hay nong b\u00e1nh khi va \u0111\u1eadp<\/div>\n<h3><span style=\"color: #00a859;\">\u1ee8ng d\u1ee5ng c\u1ee7a gh\u1ebf ch\u1ed1ng t\u0129nh \u0111i\u1ec7n v\u00e0o th\u1ef1c t\u1ebf<\/span><\/h3>\n<div>Gh\u1ebf ch\u1ed1ng t\u0129nh \u0111i\u1ec7n ch\u00e2n xoay r\u1ea5t thu\u1eadn ti\u1ec7n v\u00e0 \u0111\u00e1p \u1ee9ng nhu c\u1ea7u l\u00e0m vi\u1ec7c c\u1ee7a nh\u1eefng kh\u00e1ch h\u00e0ng l\u00e0m vi\u1ec7c trong m\u00f4i tr\u01b0\u1eddng \u0111\u00f2i h\u1ecfi kh\u1ea3 n\u0103ng c\u00f3 th\u1ec3 l\u00e0m nhi\u1ec1u vi\u1ec7c kh\u00e1c nhau, ch\u00e2n gh\u1ebf \u0111\u01b0\u1ee3c trang b\u1ecb b\u00e1nh xe d\u1ec5 d\u00e0ng di chuy\u1ec3n<\/div>\n<div><\/div>\n<div>Gh\u00ea \u0111\u01b0\u1ee3c trang b\u1ecb l\u1ef1c treo khi n\u00e9n gi\u00fap cho vi\u1ec7c ng\u1ed3i l\u00e0m vi\u1ec7c \u0111\u01b0\u1ee3c tho\u1ea3i m\u00e1i v\u00e0 tr\u00e1nh g\u00e2y c\u1ea3m gi\u00e1c \u00ea m\u1ecfi.<\/div>\n<div><\/div>\n<div>Qu\u00fd kh\u00e1ch \u0111ang ph\u00e2n v\u00e2n kh\u00f4ng bi\u1ebft n\u00ean l\u1ef1a ch\u1ecdn s\u1ea3n ph\u1ea9m \u1edf \u0111\u00e2u cho ch\u1ea5t l\u01b0\u1ee3ng, H\u00e3y \u0111\u1ebfn ngay v\u1edbi ch\u00fang t\u00f4i, c\u00f4ng ty TNHH megaline chuy\u00ean cung c\u1ea5p c\u00e1c trang thi\u1ebft b\u1ecb ph\u00f2ng s\u1ea1ch v\u1edbi gi\u00e1 c\u1ea3 v\u00e0 ch\u1ea5t l\u01b0\u1ee3ng tuy\u1ec7t v\u1eddi<\/div>\n","protected":false},"excerpt":{"rendered":"<ul>\n<li><strong>Ch\u1ea5t li\u1ec7u:<\/strong> Inox ho\u1eb7c th\u00e9p kh\u00f4ng g\u1ec9 m\u1ea1 crom<\/li>\n<li><strong>\u0110i\u1ec7n tr\u1edf:<\/strong> 106 &#8211; 109 \u03a9<\/li>\n<li><strong>Ph\u00e2n lo\u1ea1i:<\/strong> ch\u00e2n gh\u1ebf c\u00f3 b\u00e1nh xe, d\u1ec5 d\u00e0ng di chuy\u1ec3n<\/li>\n<li><strong>Chi\u1ec1u cao:<\/strong> c\u00f3 th\u1ec3 thay \u0111\u1ed5i.<\/li>\n<li><strong>K\u00edch th\u01b0\u1edbc:<\/strong> C\u00f3 c\u1ea7n g\u1ea1t thay \u0111\u1ed5i chi\u1ec1u cao<\/li>\n<\/ul>\n","protected":false},"featured_media":1509,"comment_status":"open","ping_status":"closed","template":"","meta":[],"product_brand":[],"product_cat":[57],"product_tag":[],"class_list":{"0":"post-1508","1":"product","2":"type-product","3":"status-publish","4":"has-post-thumbnail","6":"product_cat-ghe-chong-tinh-dien","8":"first","9":"instock","10":"shipping-taxable","11":"product-type-simple"},"yoast_head":"<!-- This site is optimized with the Yoast SEO plugin v26.8 - https:\/\/yoast.com\/product\/yoast-seo-wordpress\/ -->\n<title>Antistatic Chair, Roud face, swivel legs - JNC VN<\/title>\n<meta name=\"robots\" content=\"index, follow, max-snippet:-1, max-image-preview:large, max-video-preview:-1\" \/>\n<link rel=\"canonical\" href=\"https:\/\/jncvietnam.com\/en\/san-pham\/antistatic-chair-roud-face-swivel-legs\/\" \/>\n<meta property=\"og:locale\" content=\"vi_VN\" \/>\n<meta property=\"og:type\" content=\"article\" \/>\n<meta property=\"og:title\" content=\"Antistatic Chair, Roud face, swivel legs - JNC VN\" \/>\n<meta property=\"og:description\" content=\"Ch\u1ea5t li\u1ec7u: Inox ho\u1eb7c th\u00e9p kh\u00f4ng g\u1ec9 m\u1ea1 crom  \u0110i\u1ec7n tr\u1edf: 106 - 109 \u03a9  Ph\u00e2n lo\u1ea1i: ch\u00e2n gh\u1ebf c\u00f3 b\u00e1nh xe, d\u1ec5 d\u00e0ng di chuy\u1ec3n  Chi\u1ec1u cao: c\u00f3 th\u1ec3 thay \u0111\u1ed5i.  K\u00edch th\u01b0\u1edbc: C\u00f3 c\u1ea7n g\u1ea1t thay \u0111\u1ed5i chi\u1ec1u cao\" \/>\n<meta property=\"og:url\" content=\"https:\/\/jncvietnam.com\/en\/san-pham\/antistatic-chair-roud-face-swivel-legs\/\" \/>\n<meta property=\"og:site_name\" content=\"JNC VN\" \/>\n<meta property=\"article:modified_time\" content=\"2021-06-22T09:22:34+00:00\" \/>\n<meta property=\"og:image\" content=\"https:\/\/jncvietnam.com\/en\/wp-content\/uploads\/2021\/06\/ghe-4.png\" \/>\n\t<meta property=\"og:image:width\" content=\"392\" \/>\n\t<meta property=\"og:image:height\" content=\"345\" \/>\n\t<meta property=\"og:image:type\" content=\"image\/png\" \/>\n<meta name=\"twitter:card\" content=\"summary_large_image\" \/>\n<meta name=\"twitter:label1\" content=\"\u01af\u1edbc t\u00ednh th\u1eddi gian \u0111\u1ecdc\" \/>\n\t<meta name=\"twitter:data1\" content=\"2 ph\u00fat\" \/>\n<script type=\"application\/ld+json\" class=\"yoast-schema-graph\">{\"@context\":\"https:\/\/schema.org\",\"@graph\":[{\"@type\":\"WebPage\",\"@id\":\"https:\/\/jncvietnam.com\/en\/san-pham\/antistatic-chair-roud-face-swivel-legs\/\",\"url\":\"https:\/\/jncvietnam.com\/en\/san-pham\/antistatic-chair-roud-face-swivel-legs\/\",\"name\":\"Antistatic Chair, Roud face, swivel legs - JNC VN\",\"isPartOf\":{\"@id\":\"https:\/\/jncvietnam.com\/en\/#website\"},\"primaryImageOfPage\":{\"@id\":\"https:\/\/jncvietnam.com\/en\/san-pham\/antistatic-chair-roud-face-swivel-legs\/#primaryimage\"},\"image\":{\"@id\":\"https:\/\/jncvietnam.com\/en\/san-pham\/antistatic-chair-roud-face-swivel-legs\/#primaryimage\"},\"thumbnailUrl\":\"https:\/\/jncvietnam.com\/en\/wp-content\/uploads\/2021\/06\/ghe-4.png\",\"datePublished\":\"2021-06-03T07:59:41+00:00\",\"dateModified\":\"2021-06-22T09:22:34+00:00\",\"breadcrumb\":{\"@id\":\"https:\/\/jncvietnam.com\/en\/san-pham\/antistatic-chair-roud-face-swivel-legs\/#breadcrumb\"},\"inLanguage\":\"vi\",\"potentialAction\":[{\"@type\":\"ReadAction\",\"target\":[\"https:\/\/jncvietnam.com\/en\/san-pham\/antistatic-chair-roud-face-swivel-legs\/\"]}]},{\"@type\":\"ImageObject\",\"inLanguage\":\"vi\",\"@id\":\"https:\/\/jncvietnam.com\/en\/san-pham\/antistatic-chair-roud-face-swivel-legs\/#primaryimage\",\"url\":\"https:\/\/jncvietnam.com\/en\/wp-content\/uploads\/2021\/06\/ghe-4.png\",\"contentUrl\":\"https:\/\/jncvietnam.com\/en\/wp-content\/uploads\/2021\/06\/ghe-4.png\",\"width\":392,\"height\":345},{\"@type\":\"BreadcrumbList\",\"@id\":\"https:\/\/jncvietnam.com\/en\/san-pham\/antistatic-chair-roud-face-swivel-legs\/#breadcrumb\",\"itemListElement\":[{\"@type\":\"ListItem\",\"position\":1,\"name\":\"Trang ch\u1ee7\",\"item\":\"https:\/\/jncvietnam.com\/en\/\"},{\"@type\":\"ListItem\",\"position\":2,\"name\":\"Product\",\"item\":\"https:\/\/jncvietnam.com\/en\/product\/\"},{\"@type\":\"ListItem\",\"position\":3,\"name\":\"Antistatic Chair, Roud face, swivel legs\"}]},{\"@type\":\"WebSite\",\"@id\":\"https:\/\/jncvietnam.com\/en\/#website\",\"url\":\"https:\/\/jncvietnam.com\/en\/\",\"name\":\"JNC VN\",\"description\":\"HTH\",\"potentialAction\":[{\"@type\":\"SearchAction\",\"target\":{\"@type\":\"EntryPoint\",\"urlTemplate\":\"https:\/\/jncvietnam.com\/en\/?s={search_term_string}\"},\"query-input\":{\"@type\":\"PropertyValueSpecification\",\"valueRequired\":true,\"valueName\":\"search_term_string\"}}],\"inLanguage\":\"vi\"}]}<\/script>\n<!-- \/ Yoast SEO plugin. -->","yoast_head_json":{"title":"Antistatic Chair, Roud face, swivel legs - JNC VN","robots":{"index":"index","follow":"follow","max-snippet":"max-snippet:-1","max-image-preview":"max-image-preview:large","max-video-preview":"max-video-preview:-1"},"canonical":"https:\/\/jncvietnam.com\/en\/san-pham\/antistatic-chair-roud-face-swivel-legs\/","og_locale":"vi_VN","og_type":"article","og_title":"Antistatic Chair, Roud face, swivel legs - JNC VN","og_description":"Ch\u1ea5t li\u1ec7u: Inox ho\u1eb7c th\u00e9p kh\u00f4ng g\u1ec9 m\u1ea1 crom  \u0110i\u1ec7n tr\u1edf: 106 - 109 \u03a9  Ph\u00e2n lo\u1ea1i: ch\u00e2n gh\u1ebf c\u00f3 b\u00e1nh xe, d\u1ec5 d\u00e0ng di chuy\u1ec3n  Chi\u1ec1u cao: c\u00f3 th\u1ec3 thay \u0111\u1ed5i.  K\u00edch th\u01b0\u1edbc: C\u00f3 c\u1ea7n g\u1ea1t thay \u0111\u1ed5i chi\u1ec1u cao","og_url":"https:\/\/jncvietnam.com\/en\/san-pham\/antistatic-chair-roud-face-swivel-legs\/","og_site_name":"JNC VN","article_modified_time":"2021-06-22T09:22:34+00:00","og_image":[{"width":392,"height":345,"url":"https:\/\/jncvietnam.com\/en\/wp-content\/uploads\/2021\/06\/ghe-4.png","type":"image\/png"}],"twitter_card":"summary_large_image","twitter_misc":{"\u01af\u1edbc t\u00ednh th\u1eddi gian \u0111\u1ecdc":"2 ph\u00fat"},"schema":{"@context":"https:\/\/schema.org","@graph":[{"@type":"WebPage","@id":"https:\/\/jncvietnam.com\/en\/san-pham\/antistatic-chair-roud-face-swivel-legs\/","url":"https:\/\/jncvietnam.com\/en\/san-pham\/antistatic-chair-roud-face-swivel-legs\/","name":"Antistatic Chair, Roud face, swivel legs - JNC VN","isPartOf":{"@id":"https:\/\/jncvietnam.com\/en\/#website"},"primaryImageOfPage":{"@id":"https:\/\/jncvietnam.com\/en\/san-pham\/antistatic-chair-roud-face-swivel-legs\/#primaryimage"},"image":{"@id":"https:\/\/jncvietnam.com\/en\/san-pham\/antistatic-chair-roud-face-swivel-legs\/#primaryimage"},"thumbnailUrl":"https:\/\/jncvietnam.com\/en\/wp-content\/uploads\/2021\/06\/ghe-4.png","datePublished":"2021-06-03T07:59:41+00:00","dateModified":"2021-06-22T09:22:34+00:00","breadcrumb":{"@id":"https:\/\/jncvietnam.com\/en\/san-pham\/antistatic-chair-roud-face-swivel-legs\/#breadcrumb"},"inLanguage":"vi","potentialAction":[{"@type":"ReadAction","target":["https:\/\/jncvietnam.com\/en\/san-pham\/antistatic-chair-roud-face-swivel-legs\/"]}]},{"@type":"ImageObject","inLanguage":"vi","@id":"https:\/\/jncvietnam.com\/en\/san-pham\/antistatic-chair-roud-face-swivel-legs\/#primaryimage","url":"https:\/\/jncvietnam.com\/en\/wp-content\/uploads\/2021\/06\/ghe-4.png","contentUrl":"https:\/\/jncvietnam.com\/en\/wp-content\/uploads\/2021\/06\/ghe-4.png","width":392,"height":345},{"@type":"BreadcrumbList","@id":"https:\/\/jncvietnam.com\/en\/san-pham\/antistatic-chair-roud-face-swivel-legs\/#breadcrumb","itemListElement":[{"@type":"ListItem","position":1,"name":"Trang ch\u1ee7","item":"https:\/\/jncvietnam.com\/en\/"},{"@type":"ListItem","position":2,"name":"Product","item":"https:\/\/jncvietnam.com\/en\/product\/"},{"@type":"ListItem","position":3,"name":"Antistatic Chair, Roud face, swivel legs"}]},{"@type":"WebSite","@id":"https:\/\/jncvietnam.com\/en\/#website","url":"https:\/\/jncvietnam.com\/en\/","name":"JNC VN","description":"HTH","potentialAction":[{"@type":"SearchAction","target":{"@type":"EntryPoint","urlTemplate":"https:\/\/jncvietnam.com\/en\/?s={search_term_string}"},"query-input":{"@type":"PropertyValueSpecification","valueRequired":true,"valueName":"search_term_string"}}],"inLanguage":"vi"}]}},"_links":{"self":[{"href":"https:\/\/jncvietnam.com\/en\/wp-json\/wp\/v2\/product\/1508","targetHints":{"allow":["GET"]}}],"collection":[{"href":"https:\/\/jncvietnam.com\/en\/wp-json\/wp\/v2\/product"}],"about":[{"href":"https:\/\/jncvietnam.com\/en\/wp-json\/wp\/v2\/types\/product"}],"replies":[{"embeddable":true,"href":"https:\/\/jncvietnam.com\/en\/wp-json\/wp\/v2\/comments?post=1508"}],"wp:featuredmedia":[{"embeddable":true,"href":"https:\/\/jncvietnam.com\/en\/wp-json\/wp\/v2\/media\/1509"}],"wp:attachment":[{"href":"https:\/\/jncvietnam.com\/en\/wp-json\/wp\/v2\/media?parent=1508"}],"wp:term":[{"taxonomy":"product_brand","embeddable":true,"href":"https:\/\/jncvietnam.com\/en\/wp-json\/wp\/v2\/product_brand?post=1508"},{"taxonomy":"product_cat","embeddable":true,"href":"https:\/\/jncvietnam.com\/en\/wp-json\/wp\/v2\/product_cat?post=1508"},{"taxonomy":"product_tag","embeddable":true,"href":"https:\/\/jncvietnam.com\/en\/wp-json\/wp\/v2\/product_tag?post=1508"}],"curies":[{"name":"wp","href":"https:\/\/api.w.org\/{rel}","templated":true}]}}