{"id":1510,"date":"2021-06-03T15:05:46","date_gmt":"2021-06-03T08:05:46","guid":{"rendered":"https:\/\/jncvietnam.com\/en\/?post_type=product&#038;p=1510"},"modified":"2021-06-22T16:20:29","modified_gmt":"2021-06-22T09:20:29","slug":"cleanroom-wiper-1009sle","status":"publish","type":"product","link":"https:\/\/jncvietnam.com\/en\/san-pham\/cleanroom-wiper-1009sle\/","title":{"rendered":"Cleanroom Wiper 1009SLE"},"content":{"rendered":"<div>V\u1edbi nh\u1eefng ng\u00e0y s\u1ea3n xu\u1ea5t hi\u1ec7n n\u00e0y, m\u00f4i tr\u01b0\u1eddng l\u00e0m vi\u1ec7c lu\u00f4n \u0111\u01b0\u1ee3c y\u00eau c\u1ea7u \u1edf m\u1ef1c \u0111\u1ed9 ph\u00f2ng s\u1ea1ch ti\u00eau chu\u1ea9n, \u0111\u1eb7c bi\u1ec7t v\u1edbi c\u00e1c ng\u00e0nh y\u00eau c\u1ea7u ti\u00eau chu\u1ea9n s\u1ea1ch class 10000, th\u00ec vi\u1ec7c s\u1eed d\u1ee5ng c\u00e1c thi\u1ebft b\u1ecb chuy\u00ean d\u00f9ng cho ph\u00f2ng s\u1ea1ch l\u00e0 v\u00f4 c\u00f9ng c\u1ea7n thi\u1ebft v\u00e0 h\u1eefu \u00edch, kh\u0103n lau lu\u00f4n l\u00e0 y\u00eau c\u1ea7u \u0111\u1ea7u ti\u00ean \u0111\u1ec3 \u0111\u1ea3m b\u1ea3o gi\u1eef g\u00ecn c\u0103n ph\u00f2ng \u0111\u01b0\u1ee3c s\u1ea1ch s\u1ebd<\/div>\n<h3><span style=\"color: #00a859;\">Kh\u0103n lau ph\u00f2ng s\u1ea1ch 1009SLE<\/span><\/h3>\n<div>Kh\u0103n lau ph\u00f2ng s\u1ea1ch 1009SLE \u0111\u01b0\u1ee3c thi\u1ebft k\u1ebf v\u1edbi ti\u00eau chu\u1ea9n t\u1ed1t nh\u1ea5t nh\u1eb1m \u0111\u00e1p \u1ee9ng t\u1ea5t c\u1ea3 c\u00e1c nhu c\u1ea7u s\u1eed d\u1ee5ng trong ph\u00f2ng s\u1ea1ch \u1edf Vi\u1ec7t Nam hi\u1ec7n nay<\/div>\n<h3><span style=\"color: #00a859;\">Th\u00f4ng s\u1ed1 k\u0129 thu\u1eadt c\u1ee7a s\u1ea3n ph\u1ea9m<\/span><\/h3>\n<ul>\n<li>Kh\u0103n \u0111\u01b0\u1ee3c s\u1ea3n xu\u1ea5t v\u1edbi ch\u1ea5t li\u1ec7u 100% s\u1ee3i polyester<\/li>\n<li>Kh\u0103n lau c\u00f3 m\u00e0u tr\u1eafng t\u1ea1o c\u1ea3m gi\u00e1c s\u1ea1ch s\u1ebd trong m\u00f4i tr\u01b0\u1eddng l\u00e0m vi\u1ec7c \u0111\u00f2i h\u1ecfi cao v\u1ec1 ph\u00f2ng s\u1ea1ch<\/li>\n<li>K\u00edch th\u01b0\u1edbc: 9 x 9<\/li>\n<li>Kh\u0103n \u0111\u01b0\u1ee3c thi\u1ebft k\u1ebf c\u00f3 \u0111\u1ed9 co gi\u00e3n, \u0111\u1ed9 m\u01b0\u1ee3t cao, cho kh\u1ea3 n\u0103ng th\u1ea9m h\u00fat c\u1ef1c t\u1ed1t v\u00e0 kh\u00f4ng g\u00e2y ra hi\u1ec7n t\u01b0\u1ee3ng tr\u1ea7y x\u01b0\u1edbc tr\u00ean b\u1ec1 m\u1eb7t c\u00e1c v\u1eadt c\u1ea7n l\u00e0m s\u1ea1ch<\/li>\n<\/ul>\n<h3><span style=\"color: #00a859;\">\u1ee8ng d\u1ee5ng c\u1ee7a kh\u0103n lau 1009SLE v\u00e0o th\u1ef1c t\u1ebf<\/span><\/h3>\n<div>Kh\u0103n ph\u00f9 h\u1ee3p v\u00e0 \u0111\u01b0\u1ee3c s\u1eed d\u1ee5ng nhi\u1ec1u trong m\u00f4i tr\u01b0\u1eddng l\u00e0m vi\u1ec7c c\u00f3 ti\u00eau chu\u1ea9n cao v\u1ec1 ph\u00f2ng s\u1ea1ch nh\u01b0:<\/div>\n<ul>\n<li>Ng\u00e0nh y t\u1ebf, s\u1ea3n xu\u1ea5t thi\u1ebft b\u1ecb y t\u1ebf<\/li>\n<li>D\u00f9ng cho c\u00e1c ph\u00f2ng nghi\u00ean c\u1ee9u, c\u00e1c ph\u00f2ng ph\u00f2ng th\u00ed nghi\u1ec7m, s\u1ea3n xu\u1ea5t h\u00f3a ch\u1ea5t<\/li>\n<li>\u0110\u00e1p \u1ee9ng nhu c\u1ea7u c\u1ee7a ng\u00e0nh s\u1ea3n xu\u1ea5t v\u00e0 ch\u1ebf bi\u1ebfn thu\u1ed1c, m\u1ef9 ph\u1ea9m, th\u1ef1c ph\u1ea9m nh\u01b0ng n\u01a1i \u0111\u00f2i h\u1ecfi an to\u00e0n v\u1ec7 sinh cao<\/li>\n<li>Ng\u00e0nh s\u1ea3n xu\u1ea5t linh ki\u1ec7n \u0111i\u1ec7n t\u1eed<\/li>\n<\/ul>\n","protected":false},"excerpt":{"rendered":"<ul>\n<li>lau ph\u00f2ng s\u1ea1ch 1009 SLE<\/li>\n<li><strong>Ch\u1ea5t l\u01b0\u1ee3ng:<\/strong> 100% polyester, double knit<\/li>\n<li><strong>M\u00e0u s\u1eafc:<\/strong> tr\u1eafng<\/li>\n<li><strong>\u0110\u00f3ng g\u00f3i s\u1ea3n ph\u1ea9m:<\/strong> 130PCS\/ t\u00fai (t\u00f9y theo y\u00eau c\u1ea7u c\u1ee7a kh\u00e1ch h\u00e0ng).<\/li>\n<li>Kh\u00f4ng b\u1ee5i, ch\u1ed1ng t\u0129nh \u0111i\u1ec7n. Th\u1ea5m n\u01b0\u1edbc v\u00e0 dung m\u00f4i t\u1ed1t.<\/li>\n<li>Kh\u0103n \u0111\u01b0\u1ee3c l\u00e0m t\u1eeb polyester n\u00ean r\u1ea5t m\u1ecbn, khi lau ch\u00f9i v\u1ec7 sinh kh\u00f4ng lo s\u1ee3 s\u1ebd tr\u1ea7y x\u01b0\u1edbc s\u1ea3n ph\u1ea9m.<\/li>\n<\/ul>\n","protected":false},"featured_media":1511,"comment_status":"open","ping_status":"closed","template":"","meta":[],"product_brand":[],"product_cat":[58],"product_tag":[],"class_list":{"0":"post-1510","1":"product","2":"type-product","3":"status-publish","4":"has-post-thumbnail","6":"product_cat-khan-lau-phong-sach","8":"first","9":"instock","10":"shipping-taxable","11":"product-type-simple"},"yoast_head":"<!-- This site is optimized with the Yoast SEO plugin v26.8 - https:\/\/yoast.com\/product\/yoast-seo-wordpress\/ -->\n<title>Cleanroom Wiper 1009SLE - JNC VN<\/title>\n<meta name=\"robots\" content=\"index, follow, max-snippet:-1, max-image-preview:large, max-video-preview:-1\" \/>\n<link rel=\"canonical\" href=\"https:\/\/jncvietnam.com\/en\/san-pham\/cleanroom-wiper-1009sle\/\" \/>\n<meta property=\"og:locale\" content=\"vi_VN\" \/>\n<meta property=\"og:type\" content=\"article\" \/>\n<meta property=\"og:title\" content=\"Cleanroom Wiper 1009SLE - JNC VN\" \/>\n<meta property=\"og:description\" content=\"lau ph\u00f2ng s\u1ea1ch 1009 SLE  Ch\u1ea5t l\u01b0\u1ee3ng: 100% polyester, double knit  M\u00e0u s\u1eafc: tr\u1eafng  \u0110\u00f3ng g\u00f3i s\u1ea3n ph\u1ea9m: 130PCS\/ t\u00fai (t\u00f9y theo y\u00eau c\u1ea7u c\u1ee7a kh\u00e1ch h\u00e0ng).  Kh\u00f4ng b\u1ee5i, ch\u1ed1ng t\u0129nh \u0111i\u1ec7n. Th\u1ea5m n\u01b0\u1edbc v\u00e0 dung m\u00f4i t\u1ed1t.  Kh\u0103n \u0111\u01b0\u1ee3c l\u00e0m t\u1eeb polyester n\u00ean r\u1ea5t m\u1ecbn, khi lau ch\u00f9i v\u1ec7 sinh kh\u00f4ng lo s\u1ee3 s\u1ebd tr\u1ea7y x\u01b0\u1edbc s\u1ea3n ph\u1ea9m.\" \/>\n<meta property=\"og:url\" content=\"https:\/\/jncvietnam.com\/en\/san-pham\/cleanroom-wiper-1009sle\/\" \/>\n<meta property=\"og:site_name\" content=\"JNC VN\" \/>\n<meta property=\"article:modified_time\" content=\"2021-06-22T09:20:29+00:00\" \/>\n<meta property=\"og:image\" content=\"https:\/\/jncvietnam.com\/en\/wp-content\/uploads\/2021\/06\/Fact-Depot-khan-lau-phong-sach-1009le.png\" \/>\n\t<meta property=\"og:image:width\" content=\"720\" \/>\n\t<meta property=\"og:image:height\" content=\"720\" \/>\n\t<meta property=\"og:image:type\" content=\"image\/png\" \/>\n<meta name=\"twitter:card\" content=\"summary_large_image\" \/>\n<meta name=\"twitter:label1\" content=\"\u01af\u1edbc t\u00ednh th\u1eddi gian \u0111\u1ecdc\" \/>\n\t<meta name=\"twitter:data1\" content=\"2 ph\u00fat\" \/>\n<script type=\"application\/ld+json\" class=\"yoast-schema-graph\">{\"@context\":\"https:\/\/schema.org\",\"@graph\":[{\"@type\":\"WebPage\",\"@id\":\"https:\/\/jncvietnam.com\/en\/san-pham\/cleanroom-wiper-1009sle\/\",\"url\":\"https:\/\/jncvietnam.com\/en\/san-pham\/cleanroom-wiper-1009sle\/\",\"name\":\"Cleanroom Wiper 1009SLE - JNC VN\",\"isPartOf\":{\"@id\":\"https:\/\/jncvietnam.com\/en\/#website\"},\"primaryImageOfPage\":{\"@id\":\"https:\/\/jncvietnam.com\/en\/san-pham\/cleanroom-wiper-1009sle\/#primaryimage\"},\"image\":{\"@id\":\"https:\/\/jncvietnam.com\/en\/san-pham\/cleanroom-wiper-1009sle\/#primaryimage\"},\"thumbnailUrl\":\"https:\/\/jncvietnam.com\/en\/wp-content\/uploads\/2021\/06\/Fact-Depot-khan-lau-phong-sach-1009le.png\",\"datePublished\":\"2021-06-03T08:05:46+00:00\",\"dateModified\":\"2021-06-22T09:20:29+00:00\",\"breadcrumb\":{\"@id\":\"https:\/\/jncvietnam.com\/en\/san-pham\/cleanroom-wiper-1009sle\/#breadcrumb\"},\"inLanguage\":\"vi\",\"potentialAction\":[{\"@type\":\"ReadAction\",\"target\":[\"https:\/\/jncvietnam.com\/en\/san-pham\/cleanroom-wiper-1009sle\/\"]}]},{\"@type\":\"ImageObject\",\"inLanguage\":\"vi\",\"@id\":\"https:\/\/jncvietnam.com\/en\/san-pham\/cleanroom-wiper-1009sle\/#primaryimage\",\"url\":\"https:\/\/jncvietnam.com\/en\/wp-content\/uploads\/2021\/06\/Fact-Depot-khan-lau-phong-sach-1009le.png\",\"contentUrl\":\"https:\/\/jncvietnam.com\/en\/wp-content\/uploads\/2021\/06\/Fact-Depot-khan-lau-phong-sach-1009le.png\",\"width\":720,\"height\":720},{\"@type\":\"BreadcrumbList\",\"@id\":\"https:\/\/jncvietnam.com\/en\/san-pham\/cleanroom-wiper-1009sle\/#breadcrumb\",\"itemListElement\":[{\"@type\":\"ListItem\",\"position\":1,\"name\":\"Trang ch\u1ee7\",\"item\":\"https:\/\/jncvietnam.com\/en\/\"},{\"@type\":\"ListItem\",\"position\":2,\"name\":\"Product\",\"item\":\"https:\/\/jncvietnam.com\/en\/product\/\"},{\"@type\":\"ListItem\",\"position\":3,\"name\":\"Cleanroom Wiper 1009SLE\"}]},{\"@type\":\"WebSite\",\"@id\":\"https:\/\/jncvietnam.com\/en\/#website\",\"url\":\"https:\/\/jncvietnam.com\/en\/\",\"name\":\"JNC VN\",\"description\":\"HTH\",\"potentialAction\":[{\"@type\":\"SearchAction\",\"target\":{\"@type\":\"EntryPoint\",\"urlTemplate\":\"https:\/\/jncvietnam.com\/en\/?s={search_term_string}\"},\"query-input\":{\"@type\":\"PropertyValueSpecification\",\"valueRequired\":true,\"valueName\":\"search_term_string\"}}],\"inLanguage\":\"vi\"}]}<\/script>\n<!-- \/ Yoast SEO plugin. -->","yoast_head_json":{"title":"Cleanroom Wiper 1009SLE - JNC VN","robots":{"index":"index","follow":"follow","max-snippet":"max-snippet:-1","max-image-preview":"max-image-preview:large","max-video-preview":"max-video-preview:-1"},"canonical":"https:\/\/jncvietnam.com\/en\/san-pham\/cleanroom-wiper-1009sle\/","og_locale":"vi_VN","og_type":"article","og_title":"Cleanroom Wiper 1009SLE - JNC VN","og_description":"lau ph\u00f2ng s\u1ea1ch 1009 SLE  Ch\u1ea5t l\u01b0\u1ee3ng: 100% polyester, double knit  M\u00e0u s\u1eafc: tr\u1eafng  \u0110\u00f3ng g\u00f3i s\u1ea3n ph\u1ea9m: 130PCS\/ t\u00fai (t\u00f9y theo y\u00eau c\u1ea7u c\u1ee7a kh\u00e1ch h\u00e0ng).  Kh\u00f4ng b\u1ee5i, ch\u1ed1ng t\u0129nh \u0111i\u1ec7n. Th\u1ea5m n\u01b0\u1edbc v\u00e0 dung m\u00f4i t\u1ed1t.  Kh\u0103n \u0111\u01b0\u1ee3c l\u00e0m t\u1eeb polyester n\u00ean r\u1ea5t m\u1ecbn, khi lau ch\u00f9i v\u1ec7 sinh kh\u00f4ng lo s\u1ee3 s\u1ebd tr\u1ea7y x\u01b0\u1edbc s\u1ea3n ph\u1ea9m.","og_url":"https:\/\/jncvietnam.com\/en\/san-pham\/cleanroom-wiper-1009sle\/","og_site_name":"JNC VN","article_modified_time":"2021-06-22T09:20:29+00:00","og_image":[{"width":720,"height":720,"url":"https:\/\/jncvietnam.com\/en\/wp-content\/uploads\/2021\/06\/Fact-Depot-khan-lau-phong-sach-1009le.png","type":"image\/png"}],"twitter_card":"summary_large_image","twitter_misc":{"\u01af\u1edbc t\u00ednh th\u1eddi gian \u0111\u1ecdc":"2 ph\u00fat"},"schema":{"@context":"https:\/\/schema.org","@graph":[{"@type":"WebPage","@id":"https:\/\/jncvietnam.com\/en\/san-pham\/cleanroom-wiper-1009sle\/","url":"https:\/\/jncvietnam.com\/en\/san-pham\/cleanroom-wiper-1009sle\/","name":"Cleanroom Wiper 1009SLE - JNC VN","isPartOf":{"@id":"https:\/\/jncvietnam.com\/en\/#website"},"primaryImageOfPage":{"@id":"https:\/\/jncvietnam.com\/en\/san-pham\/cleanroom-wiper-1009sle\/#primaryimage"},"image":{"@id":"https:\/\/jncvietnam.com\/en\/san-pham\/cleanroom-wiper-1009sle\/#primaryimage"},"thumbnailUrl":"https:\/\/jncvietnam.com\/en\/wp-content\/uploads\/2021\/06\/Fact-Depot-khan-lau-phong-sach-1009le.png","datePublished":"2021-06-03T08:05:46+00:00","dateModified":"2021-06-22T09:20:29+00:00","breadcrumb":{"@id":"https:\/\/jncvietnam.com\/en\/san-pham\/cleanroom-wiper-1009sle\/#breadcrumb"},"inLanguage":"vi","potentialAction":[{"@type":"ReadAction","target":["https:\/\/jncvietnam.com\/en\/san-pham\/cleanroom-wiper-1009sle\/"]}]},{"@type":"ImageObject","inLanguage":"vi","@id":"https:\/\/jncvietnam.com\/en\/san-pham\/cleanroom-wiper-1009sle\/#primaryimage","url":"https:\/\/jncvietnam.com\/en\/wp-content\/uploads\/2021\/06\/Fact-Depot-khan-lau-phong-sach-1009le.png","contentUrl":"https:\/\/jncvietnam.com\/en\/wp-content\/uploads\/2021\/06\/Fact-Depot-khan-lau-phong-sach-1009le.png","width":720,"height":720},{"@type":"BreadcrumbList","@id":"https:\/\/jncvietnam.com\/en\/san-pham\/cleanroom-wiper-1009sle\/#breadcrumb","itemListElement":[{"@type":"ListItem","position":1,"name":"Trang ch\u1ee7","item":"https:\/\/jncvietnam.com\/en\/"},{"@type":"ListItem","position":2,"name":"Product","item":"https:\/\/jncvietnam.com\/en\/product\/"},{"@type":"ListItem","position":3,"name":"Cleanroom Wiper 1009SLE"}]},{"@type":"WebSite","@id":"https:\/\/jncvietnam.com\/en\/#website","url":"https:\/\/jncvietnam.com\/en\/","name":"JNC VN","description":"HTH","potentialAction":[{"@type":"SearchAction","target":{"@type":"EntryPoint","urlTemplate":"https:\/\/jncvietnam.com\/en\/?s={search_term_string}"},"query-input":{"@type":"PropertyValueSpecification","valueRequired":true,"valueName":"search_term_string"}}],"inLanguage":"vi"}]}},"_links":{"self":[{"href":"https:\/\/jncvietnam.com\/en\/wp-json\/wp\/v2\/product\/1510","targetHints":{"allow":["GET"]}}],"collection":[{"href":"https:\/\/jncvietnam.com\/en\/wp-json\/wp\/v2\/product"}],"about":[{"href":"https:\/\/jncvietnam.com\/en\/wp-json\/wp\/v2\/types\/product"}],"replies":[{"embeddable":true,"href":"https:\/\/jncvietnam.com\/en\/wp-json\/wp\/v2\/comments?post=1510"}],"wp:featuredmedia":[{"embeddable":true,"href":"https:\/\/jncvietnam.com\/en\/wp-json\/wp\/v2\/media\/1511"}],"wp:attachment":[{"href":"https:\/\/jncvietnam.com\/en\/wp-json\/wp\/v2\/media?parent=1510"}],"wp:term":[{"taxonomy":"product_brand","embeddable":true,"href":"https:\/\/jncvietnam.com\/en\/wp-json\/wp\/v2\/product_brand?post=1510"},{"taxonomy":"product_cat","embeddable":true,"href":"https:\/\/jncvietnam.com\/en\/wp-json\/wp\/v2\/product_cat?post=1510"},{"taxonomy":"product_tag","embeddable":true,"href":"https:\/\/jncvietnam.com\/en\/wp-json\/wp\/v2\/product_tag?post=1510"}],"curies":[{"name":"wp","href":"https:\/\/api.w.org\/{rel}","templated":true}]}}