{"id":1514,"date":"2021-06-03T15:15:29","date_gmt":"2021-06-03T08:15:29","guid":{"rendered":"https:\/\/jncvietnam.com\/en\/?post_type=product&#038;p=1514"},"modified":"2022-08-06T18:39:09","modified_gmt":"2022-08-06T11:39:09","slug":"cleanroom-wiper-pl-3008","status":"publish","type":"product","link":"https:\/\/jncvietnam.com\/en\/san-pham\/cleanroom-wiper-pl-3008\/","title":{"rendered":"Cleanroom Wiper PL-3008"},"content":{"rendered":"<div>Kh\u0103n lau ph\u00f2ng s\u1ea1ch l\u00e0 m\u1ed9t kh\u00e1i ni\u1ec7m kh\u00f4ng h\u1ec1 xa l\u1ea1 v\u1edbi c\u00e1c ng\u00e0nh c\u00f4ng nghi\u1ec7p y\u00eau c\u1ea7u v\u00e0 \u0111\u00f2i h\u1ecfi s\u1ef1 s\u1ea1ch s\u1ebd, c\u1ea9n th\u1eadn v\u00e0 t\u1ec9 m\u1ec9, c\u00f3 r\u1ea5t nhi\u1ec1u lo\u1ea1i s\u1ea3n ph\u1ea9m kh\u0103n lau ph\u00f2ng s\u1ea1ch kh\u00e1c nhau, m\u1ed7i lo\u1ea1i c\u00f3 nh\u01b0ng \u01b0u \u0111i\u1ec3m ri\u00eang, chung t\u00f4i xin gi\u1edbi thi\u1ec7u cho c\u00e1c b\u1ea1n v\u1ec1 s\u1ea3n ph\u1ea9m kh\u0103n lau ph\u00f2ng s\u1ea1ch PL-3008<\/div>\n<h3><span style=\"color: #00a859;\">M\u00f4 t\u1ea3 chi ti\u1ebft v\u1ec1 kh\u0103n lau ph\u00f2ng s\u1ea1ch PL-3008<\/span><\/h3>\n<ul>\n<li>Kh\u0103n lau ph\u00f2ng s\u1ea1ch \u0111\u01b0\u1ee3c c\u1ea5u t\u1ea1o ho\u00e0n to\u00e0n b\u1edfi c\u00e1c s\u1ee3i polyester c\u00f3 \u0111\u1ed9 th\u1ea5m h\u00fat t\u1ed1t, ch\u1ed1ng nh\u0103n, ch\u1ed1ng nh\u00e0u khi gi\u1eb7t, kh\u00f4ng l\u00e0m x\u01b0\u1edbc b\u1ec3 m\u1eb7t c\u1ee7a s\u1ea3n ph\u1ea9m c\u1ea7n lau<\/li>\n<li>Kh\u0103n c\u00f3 k\u00edch th\u01b0\u1edbc 9 x 9, t\u1ea1o c\u1ea3m gi\u00e1c v\u1eeba v\u1eb7n tr\u00ean tay ng\u01b0\u1eddi s\u1eed d\u1ee5ng qua \u0111\u00f3 gi\u00fap cho kh\u00e1ch h\u00e0ng c\u00f3 th\u1ec3 lau s\u1ea1ch c\u00e1c b\u1ec1 m\u1eb7t c\u1ee7a thi\u1ebft b\u1ecb nh\u01b0 c\u00e1c linh ki\u1ec7n \u0111i\u1ec7n t\u1eed m\u1ed9t c\u00e1ch d\u1ec5 d\u00e0ng v\u00e0 hi\u1ec7u qu\u1ea3 nh\u1ea5t<\/li>\n<li>Kh\u0103n lau \u0111\u01b0\u1ee3c \u0111\u00f3ng g\u00f3i s\u1ea3n ph\u1ea9m k\u0129 c\u00e0ng, 100 t\u1edd \/ t\u00fai<\/li>\n<li>Tr\u1ecdng l\u01b0\u1ee3ng: 110g\/ sp<\/li>\n<\/ul>\n<h3><span style=\"color: #00a859;\">\u1ee8ng d\u1ee5ng c\u1ee7a kh\u0103n lau PL-3008 v\u00e0o th\u1ef1c t\u1ebf<\/span><\/h3>\n<ul>\n<li>Kh\u0103n c\u00f3 th\u1ec3 th\u1ea5m \u0111\u01b0\u1ee3c \u1edf d\u1ea1ng kh\u00f4 v\u00e0 d\u1ea1ng n\u01b0\u1edbc, \u0111\u1ec1u c\u00f3 th\u1ec3 lau s\u1ea1ch khi b\u1ecb b\u00e1m b\u1ee5i ho\u1eb7c b\u1ecb \u01b0\u1edbt<\/li>\n<li>C\u00f3 kh\u1ea3 n\u0103ng b\u1eafn b\u1ee5i c\u1ef1c t\u1ed1t, kh\u0103n m\u1ec1m kh\u00f4ng g\u00e2y tr\u1ea7y x\u01b0\u1edbc l\u00ean v\u1eadt ph\u1ea9m, s\u1ea3n ph\u1ea9m \u0111\u01b0\u1ee3c s\u1eed d\u1ee5ng r\u1ed9ng r\u00e3i trong c\u00e1c nh\u00e0 m\u00e1y, c\u00e1c c\u00f4ng ty, x\u00ed nghi\u1ec7p c\u1ea7n y\u00eau c\u1ea7u quy tr\u00ecnh s\u1ea3n xu\u1ea5t c\u00f3 t\u00ednh \u0111\u1ec1 cao ch\u1ea5t l\u01b0\u1ee3ng s\u1ea1ch<\/li>\n<li>C\u00f3 th\u1eed s\u1eed d\u1ee5ng trong c\u00e1c ph\u00f2ng th\u00ed nghi\u1ec7m, ph\u00f2ng nghi\u00ean c\u1ee9u<\/li>\n<\/ul>\n<div>Ch\u00fang t\u00f4i, c\u00f3 nhi\u1ec1u n\u0103m kinh nghi\u1ec7m l\u00e0m trong l\u0129nh v\u1ef1c cung c\u1ea5p v\u00e0 ph\u00e2n ph\u1ed1i c\u00e1c thi\u1ebft b\u1ecb ph\u00f2ng s\u1ea1ch, ch\u00fang t\u00f4i li\u00ean k\u1ebft v\u1edbi r\u1ea5t nhi\u1ec1u c\u00f4ng ty l\u1edbn nh\u1ecf tr\u00ean kh\u1eafp c\u1ea3 n\u01b0\u1edbc, v\u1edbi quy tr\u00ecnh l\u00e0m vi\u1ec7c r\u00f5 r\u00e0ng, ch\u00ednh s\u00e1ch b\u1ea3o h\u00e0nh v\u00e0 gi\u00e1 c\u1ea3 \u01b0u \u0111\u1ea1i nh\u1ea5t tr\u00ean th\u1ecb tr\u01b0\u1eddng. S\u1ea3n ph\u1ea9m \u0111\u01b0\u1ee3c ch\u00fang t\u1ed1i xu\u1ea5t \u0111i \u0111\u1ec1u \u0111\u01b0\u1ee3c ki\u1ec3m tra k\u0129 c\u00e0ng tr\u00e1nh vi\u1ec7c h\u00e0ng k\u00e9m ch\u1ea5t l\u01b0\u1ee3ng tr\u01b0\u1edbc khi giao \u0111\u1ebfn tay ng\u01b0\u1eddi s\u1eed d\u1ee5ng. Megaline ch\u00fang t\u00f4i l\u00e0 c\u00f4ng ty ph\u00e2n ph\u1ed1i v\u00e0 cung c\u1ea5p kh\u00f4ng qua b\u1ea5t c\u1ee9 c\u00f4ng ty n\u00e0o kh\u00e1c, v\u1eady n\u00ean gi\u00e1 s\u1ea3n ph\u1ea9m ch\u00fang t\u00f4i \u0111\u01b0a ra l\u00e0 c\u1ea1nh tranh nh\u1ea5t th\u1ecb tr\u01b0\u1eddng hi\u1ec7n nay.<\/div>\n","protected":false},"excerpt":{"rendered":"<ul>\n<li><strong>Ch\u1ea5t li\u1ec7u:<\/strong> 100% Polyester<\/li>\n<li><strong>K\u00edch th\u01b0\u1edbc:<\/strong> 9<\/li>\n<li><strong>Tr\u1ecdng l\u01b0\u1ee3ng<\/strong>: 95g\/m2 &#8211; 110g\/m2 &#8211; 140g\/m2 tu\u1ef3 theo y\u00eau c\u1ea7u<\/li>\n<li><strong>\u0110\u00f3ng g\u00f3i h\u00fat ch\u00e2n kh\u00f4ng:<\/strong> 100 t\u1edd = 1 t\u00fai, 20 t\u00fai = 1 th\u00f9ng<\/li>\n<li>C<strong>lass:<\/strong> 1,000 &#8211; 10,000<\/li>\n<li><strong>Ti\u00eau chu\u1ea9n:<\/strong> SGS, ROHS, TDS, ISO 9001, MSDS<\/li>\n<li><strong>M\u00e0u s\u1eafc: <\/strong>Tr\u1eafng<\/li>\n<\/ul>\n","protected":false},"featured_media":1515,"comment_status":"open","ping_status":"closed","template":"","meta":[],"product_brand":[],"product_cat":[58],"product_tag":[],"class_list":{"0":"post-1514","1":"product","2":"type-product","3":"status-publish","4":"has-post-thumbnail","6":"product_cat-khan-lau-phong-sach","8":"first","9":"instock","10":"shipping-taxable","11":"product-type-simple"},"yoast_head":"<!-- This site is optimized with the Yoast SEO plugin v26.8 - https:\/\/yoast.com\/product\/yoast-seo-wordpress\/ -->\n<title>Cleanroom Wiper PL-3008 - JNC VN<\/title>\n<meta name=\"robots\" content=\"index, follow, max-snippet:-1, max-image-preview:large, max-video-preview:-1\" \/>\n<link rel=\"canonical\" href=\"https:\/\/jncvietnam.com\/en\/san-pham\/cleanroom-wiper-pl-3008\/\" \/>\n<meta property=\"og:locale\" content=\"vi_VN\" \/>\n<meta property=\"og:type\" content=\"article\" \/>\n<meta property=\"og:title\" content=\"Cleanroom Wiper PL-3008 - JNC VN\" \/>\n<meta property=\"og:description\" content=\"Ch\u1ea5t li\u1ec7u: 100% Polyester  K\u00edch th\u01b0\u1edbc: 9  Tr\u1ecdng l\u01b0\u1ee3ng: 95g\/m2 - 110g\/m2 - 140g\/m2 tu\u1ef3 theo y\u00eau c\u1ea7u  \u0110\u00f3ng g\u00f3i h\u00fat ch\u00e2n kh\u00f4ng: 100 t\u1edd = 1 t\u00fai, 20 t\u00fai = 1 th\u00f9ng  Class: 1,000 - 10,000  Ti\u00eau chu\u1ea9n: SGS, ROHS, TDS, ISO 9001, MSDS  M\u00e0u s\u1eafc: Tr\u1eafng\" \/>\n<meta property=\"og:url\" content=\"https:\/\/jncvietnam.com\/en\/san-pham\/cleanroom-wiper-pl-3008\/\" \/>\n<meta property=\"og:site_name\" content=\"JNC VN\" \/>\n<meta property=\"article:modified_time\" content=\"2022-08-06T11:39:09+00:00\" \/>\n<meta property=\"og:image\" content=\"https:\/\/jncvietnam.com\/en\/wp-content\/uploads\/2021\/06\/khan-lau-phong-sach-pl-3008.jpg\" \/>\n\t<meta property=\"og:image:width\" content=\"480\" \/>\n\t<meta property=\"og:image:height\" content=\"480\" \/>\n\t<meta property=\"og:image:type\" content=\"image\/jpeg\" \/>\n<meta name=\"twitter:card\" content=\"summary_large_image\" \/>\n<meta name=\"twitter:label1\" content=\"\u01af\u1edbc t\u00ednh th\u1eddi gian \u0111\u1ecdc\" \/>\n\t<meta name=\"twitter:data1\" content=\"2 ph\u00fat\" \/>\n<script type=\"application\/ld+json\" class=\"yoast-schema-graph\">{\"@context\":\"https:\/\/schema.org\",\"@graph\":[{\"@type\":\"WebPage\",\"@id\":\"https:\/\/jncvietnam.com\/en\/san-pham\/cleanroom-wiper-pl-3008\/\",\"url\":\"https:\/\/jncvietnam.com\/en\/san-pham\/cleanroom-wiper-pl-3008\/\",\"name\":\"Cleanroom Wiper PL-3008 - JNC VN\",\"isPartOf\":{\"@id\":\"https:\/\/jncvietnam.com\/en\/#website\"},\"primaryImageOfPage\":{\"@id\":\"https:\/\/jncvietnam.com\/en\/san-pham\/cleanroom-wiper-pl-3008\/#primaryimage\"},\"image\":{\"@id\":\"https:\/\/jncvietnam.com\/en\/san-pham\/cleanroom-wiper-pl-3008\/#primaryimage\"},\"thumbnailUrl\":\"https:\/\/jncvietnam.com\/en\/wp-content\/uploads\/2021\/06\/khan-lau-phong-sach-pl-3008.jpg\",\"datePublished\":\"2021-06-03T08:15:29+00:00\",\"dateModified\":\"2022-08-06T11:39:09+00:00\",\"breadcrumb\":{\"@id\":\"https:\/\/jncvietnam.com\/en\/san-pham\/cleanroom-wiper-pl-3008\/#breadcrumb\"},\"inLanguage\":\"vi\",\"potentialAction\":[{\"@type\":\"ReadAction\",\"target\":[\"https:\/\/jncvietnam.com\/en\/san-pham\/cleanroom-wiper-pl-3008\/\"]}]},{\"@type\":\"ImageObject\",\"inLanguage\":\"vi\",\"@id\":\"https:\/\/jncvietnam.com\/en\/san-pham\/cleanroom-wiper-pl-3008\/#primaryimage\",\"url\":\"https:\/\/jncvietnam.com\/en\/wp-content\/uploads\/2021\/06\/khan-lau-phong-sach-pl-3008.jpg\",\"contentUrl\":\"https:\/\/jncvietnam.com\/en\/wp-content\/uploads\/2021\/06\/khan-lau-phong-sach-pl-3008.jpg\",\"width\":480,\"height\":480},{\"@type\":\"BreadcrumbList\",\"@id\":\"https:\/\/jncvietnam.com\/en\/san-pham\/cleanroom-wiper-pl-3008\/#breadcrumb\",\"itemListElement\":[{\"@type\":\"ListItem\",\"position\":1,\"name\":\"Trang ch\u1ee7\",\"item\":\"https:\/\/jncvietnam.com\/en\/\"},{\"@type\":\"ListItem\",\"position\":2,\"name\":\"Product\",\"item\":\"https:\/\/jncvietnam.com\/en\/product\/\"},{\"@type\":\"ListItem\",\"position\":3,\"name\":\"Cleanroom Wiper PL-3008\"}]},{\"@type\":\"WebSite\",\"@id\":\"https:\/\/jncvietnam.com\/en\/#website\",\"url\":\"https:\/\/jncvietnam.com\/en\/\",\"name\":\"JNC VN\",\"description\":\"HTH\",\"potentialAction\":[{\"@type\":\"SearchAction\",\"target\":{\"@type\":\"EntryPoint\",\"urlTemplate\":\"https:\/\/jncvietnam.com\/en\/?s={search_term_string}\"},\"query-input\":{\"@type\":\"PropertyValueSpecification\",\"valueRequired\":true,\"valueName\":\"search_term_string\"}}],\"inLanguage\":\"vi\"}]}<\/script>\n<!-- \/ Yoast SEO plugin. -->","yoast_head_json":{"title":"Cleanroom Wiper PL-3008 - JNC VN","robots":{"index":"index","follow":"follow","max-snippet":"max-snippet:-1","max-image-preview":"max-image-preview:large","max-video-preview":"max-video-preview:-1"},"canonical":"https:\/\/jncvietnam.com\/en\/san-pham\/cleanroom-wiper-pl-3008\/","og_locale":"vi_VN","og_type":"article","og_title":"Cleanroom Wiper PL-3008 - JNC VN","og_description":"Ch\u1ea5t li\u1ec7u: 100% Polyester  K\u00edch th\u01b0\u1edbc: 9  Tr\u1ecdng l\u01b0\u1ee3ng: 95g\/m2 - 110g\/m2 - 140g\/m2 tu\u1ef3 theo y\u00eau c\u1ea7u  \u0110\u00f3ng g\u00f3i h\u00fat ch\u00e2n kh\u00f4ng: 100 t\u1edd = 1 t\u00fai, 20 t\u00fai = 1 th\u00f9ng  Class: 1,000 - 10,000  Ti\u00eau chu\u1ea9n: SGS, ROHS, TDS, ISO 9001, MSDS  M\u00e0u s\u1eafc: Tr\u1eafng","og_url":"https:\/\/jncvietnam.com\/en\/san-pham\/cleanroom-wiper-pl-3008\/","og_site_name":"JNC VN","article_modified_time":"2022-08-06T11:39:09+00:00","og_image":[{"width":480,"height":480,"url":"https:\/\/jncvietnam.com\/en\/wp-content\/uploads\/2021\/06\/khan-lau-phong-sach-pl-3008.jpg","type":"image\/jpeg"}],"twitter_card":"summary_large_image","twitter_misc":{"\u01af\u1edbc t\u00ednh th\u1eddi gian \u0111\u1ecdc":"2 ph\u00fat"},"schema":{"@context":"https:\/\/schema.org","@graph":[{"@type":"WebPage","@id":"https:\/\/jncvietnam.com\/en\/san-pham\/cleanroom-wiper-pl-3008\/","url":"https:\/\/jncvietnam.com\/en\/san-pham\/cleanroom-wiper-pl-3008\/","name":"Cleanroom Wiper PL-3008 - JNC VN","isPartOf":{"@id":"https:\/\/jncvietnam.com\/en\/#website"},"primaryImageOfPage":{"@id":"https:\/\/jncvietnam.com\/en\/san-pham\/cleanroom-wiper-pl-3008\/#primaryimage"},"image":{"@id":"https:\/\/jncvietnam.com\/en\/san-pham\/cleanroom-wiper-pl-3008\/#primaryimage"},"thumbnailUrl":"https:\/\/jncvietnam.com\/en\/wp-content\/uploads\/2021\/06\/khan-lau-phong-sach-pl-3008.jpg","datePublished":"2021-06-03T08:15:29+00:00","dateModified":"2022-08-06T11:39:09+00:00","breadcrumb":{"@id":"https:\/\/jncvietnam.com\/en\/san-pham\/cleanroom-wiper-pl-3008\/#breadcrumb"},"inLanguage":"vi","potentialAction":[{"@type":"ReadAction","target":["https:\/\/jncvietnam.com\/en\/san-pham\/cleanroom-wiper-pl-3008\/"]}]},{"@type":"ImageObject","inLanguage":"vi","@id":"https:\/\/jncvietnam.com\/en\/san-pham\/cleanroom-wiper-pl-3008\/#primaryimage","url":"https:\/\/jncvietnam.com\/en\/wp-content\/uploads\/2021\/06\/khan-lau-phong-sach-pl-3008.jpg","contentUrl":"https:\/\/jncvietnam.com\/en\/wp-content\/uploads\/2021\/06\/khan-lau-phong-sach-pl-3008.jpg","width":480,"height":480},{"@type":"BreadcrumbList","@id":"https:\/\/jncvietnam.com\/en\/san-pham\/cleanroom-wiper-pl-3008\/#breadcrumb","itemListElement":[{"@type":"ListItem","position":1,"name":"Trang ch\u1ee7","item":"https:\/\/jncvietnam.com\/en\/"},{"@type":"ListItem","position":2,"name":"Product","item":"https:\/\/jncvietnam.com\/en\/product\/"},{"@type":"ListItem","position":3,"name":"Cleanroom Wiper PL-3008"}]},{"@type":"WebSite","@id":"https:\/\/jncvietnam.com\/en\/#website","url":"https:\/\/jncvietnam.com\/en\/","name":"JNC VN","description":"HTH","potentialAction":[{"@type":"SearchAction","target":{"@type":"EntryPoint","urlTemplate":"https:\/\/jncvietnam.com\/en\/?s={search_term_string}"},"query-input":{"@type":"PropertyValueSpecification","valueRequired":true,"valueName":"search_term_string"}}],"inLanguage":"vi"}]}},"_links":{"self":[{"href":"https:\/\/jncvietnam.com\/en\/wp-json\/wp\/v2\/product\/1514","targetHints":{"allow":["GET"]}}],"collection":[{"href":"https:\/\/jncvietnam.com\/en\/wp-json\/wp\/v2\/product"}],"about":[{"href":"https:\/\/jncvietnam.com\/en\/wp-json\/wp\/v2\/types\/product"}],"replies":[{"embeddable":true,"href":"https:\/\/jncvietnam.com\/en\/wp-json\/wp\/v2\/comments?post=1514"}],"wp:featuredmedia":[{"embeddable":true,"href":"https:\/\/jncvietnam.com\/en\/wp-json\/wp\/v2\/media\/1515"}],"wp:attachment":[{"href":"https:\/\/jncvietnam.com\/en\/wp-json\/wp\/v2\/media?parent=1514"}],"wp:term":[{"taxonomy":"product_brand","embeddable":true,"href":"https:\/\/jncvietnam.com\/en\/wp-json\/wp\/v2\/product_brand?post=1514"},{"taxonomy":"product_cat","embeddable":true,"href":"https:\/\/jncvietnam.com\/en\/wp-json\/wp\/v2\/product_cat?post=1514"},{"taxonomy":"product_tag","embeddable":true,"href":"https:\/\/jncvietnam.com\/en\/wp-json\/wp\/v2\/product_tag?post=1514"}],"curies":[{"name":"wp","href":"https:\/\/api.w.org\/{rel}","templated":true}]}}