{"id":1517,"date":"2021-06-04T15:55:28","date_gmt":"2021-06-04T08:55:28","guid":{"rendered":"https:\/\/jncvietnam.com\/en\/?post_type=product&#038;p=1517"},"modified":"2021-06-22T16:18:46","modified_gmt":"2021-06-22T09:18:46","slug":"cleanroom-wiper-bemcot-m3","status":"publish","type":"product","link":"https:\/\/jncvietnam.com\/en\/san-pham\/cleanroom-wiper-bemcot-m3\/","title":{"rendered":"Cleanroom Wiper Bemcot M3"},"content":{"rendered":"<p>S\u1ea3n ph\u1ea9m gi\u1ea5y lau ph\u00f2ng s\u1ea1ch M3 \u0111\u01b0\u1ee3c s\u1eed d\u1ee5ng r\u1ed9ng r\u00e3i trong c\u00e1c ng\u00e0nh c\u00f4ng nghi\u1ec7p b\u0103ng t\u1eeb, s\u1ea3n xu\u1ea5t \u0111i\u1ec7n tho\u1ea1i \u2026, Gi\u1ea5y lau ph\u00f2ng s\u1ea1ch\u0111\u01b0\u1ee3c nh\u1eadp kh\u1ea9u v\u1edbi ch\u1ea5t l\u01b0\u1ee3ng gi\u1ea5y b\u00e1m b\u1ee5i t\u1ed1t.<\/p>\n<p><img loading=\"lazy\" decoding=\"async\" class=\"aligncenter wp-image-1518\" src=\"https:\/\/jncvietnam.com\/en\/wp-content\/uploads\/2021\/06\/giay-lau-phong-sach-3.jpg\" alt=\"\" width=\"600\" height=\"600\" srcset=\"https:\/\/jncvietnam.com\/en\/wp-content\/uploads\/2021\/06\/giay-lau-phong-sach-3.jpg 1200w, https:\/\/jncvietnam.com\/en\/wp-content\/uploads\/2021\/06\/giay-lau-phong-sach-3-300x300.jpg 300w, https:\/\/jncvietnam.com\/en\/wp-content\/uploads\/2021\/06\/giay-lau-phong-sach-3-1024x1024.jpg 1024w, https:\/\/jncvietnam.com\/en\/wp-content\/uploads\/2021\/06\/giay-lau-phong-sach-3-150x150.jpg 150w, https:\/\/jncvietnam.com\/en\/wp-content\/uploads\/2021\/06\/giay-lau-phong-sach-3-768x768.jpg 768w, https:\/\/jncvietnam.com\/en\/wp-content\/uploads\/2021\/06\/giay-lau-phong-sach-3-600x600.jpg 600w, https:\/\/jncvietnam.com\/en\/wp-content\/uploads\/2021\/06\/giay-lau-phong-sach-3-100x100.jpg 100w\" sizes=\"auto, (max-width: 600px) 100vw, 600px\" \/><\/p>\n<div>S\u1ea3n ph\u1ea9m gi\u1ea5y lau ph\u00f2ng s\u1ea1ch \u0111\u01b0\u1ee3c s\u1ea3n xu\u1ea5t tr\u00ean d\u00e2y chuy\u1ec1n Nh\u1eadt B\u1ea3n, ch\u00fang t\u00f4i chuy\u00ean cung c\u1ea5p s\u1ea3n ph\u1ea9m ch\u1ea5t l\u01b0\u1ee3ng cao, gi\u00e1 r\u1ebb. Gi\u1ea5y lau ph\u00f2ng s\u1ea1ch chuy\u00ean d\u00f9ng trong c\u00e1c khu c\u00f4ng nghi\u1ec7p \u0111i\u1ec7n t\u1eed, vi \u0111i\u1ec7n t\u1eed, b\u1ea3ng m\u1ea1ch \u0111i\u1ec7n.v.v..\u00a0 Gi\u1ea5y ch\u1ea5t l\u01b0\u1ee3ng t\u1ed1t, m\u1ec1n m\u1ea1i, \u0111\u1ed9 dai c\u1ee7a gi\u1ea5y t\u1ed1t b\u1ecb r\u00e1ch khi s\u1eed d\u1ee5ng, s\u1ea3n xu\u1ea5t 100% s\u1ee3i t\u01a1 nh\u00e2n t\u1ea1o n\u00ean khi lau kh\u00f4ng g\u00e2y tr\u1ea7y s\u01b0\u1edbc khi lau s\u1ea3n ph\u1ea9m, gi\u1ea5y lau ph\u00f2ng s\u1ea1ch l\u00e0 ph\u01b0\u01a1ng ph\u00e1p t\u1ed1t d\u00f9ng trong m\u00f4i tr\u01b0\u1eddng y\u00eau c\u1ea7u cao v\u1ec1 ph\u00f2ng s\u1ea1ch. Th\u01b0\u1eddng trong c\u00f4ng nghi\u1ec7p hi\u1ec7n nay ch\u1ee7 y\u1ebfu s\u1eed d\u00f9ng 3 lo\u1ea1i gi\u1ea5y l\u00e0:<\/div>\n<h3><span style=\"color: #00a859;\">Th\u00f4ng tin gi\u1ea5y lau ph\u00f2ng s\u1ea1ch<\/span><\/h3>\n<div>\u2013\u00a0 S\u1ea3n xu\u1ea5t gi\u1ea5y lau ph\u00f2ng s\u1ea1ch Bemcot M3 l\u00e0 m\u1ed9t lo\u1ea1i v\u1ea3i kh\u00f4ng d\u1ec7t ph\u1ed5 bi\u1ebfn hi\u1ec7n nay, v\u1edbi th\u00e0nh ph\u1ea7n 100% s\u1ee3i t\u01a1 nh\u00e2n t\u1ea1o h\u1ea5p th\u1ee5 r\u1ea5t t\u1ed1t.<\/div>\n<div>\u2013\u00a0 C\u00e1c t\u1ea5m c\u00f3 k\u00edch th\u01b0\u1edbc 9\u2033 x 9\u2033 (250 mm x 250 mm) thi\u1ebft k\u1ebf \u0111\u1ec3 ph\u00f9 h\u1ee3p v\u1edbi b\u00e0n tay ng\u01b0\u1eddi d\u00f9ng.<\/div>\n<div>\u2013\u00a0 M\u1ec1m m\u1ea1i v\u00e0 \u00edt b\u1ecb x\u01a1 v\u1ea3i, n\u00ean kh\u00f4ng g\u00e2y \u1ea3nh h\u01b0\u1edfng \u0111\u1ebfn s\u1ea3n ph\u1ea9m.<\/div>\n<div>\u2013\u00a0 Ch\u1ecbu nhi\u1ec7t t\u1ed1t, \u0111\u1ec3 l\u00e0m s\u1ea1ch trang thi\u1ebft b\u1ecb c\u00f3 nhi\u1ec7t \u0111\u1ed9 cao trong m\u00f4i tr\u01b0\u1eddng ph\u00f2ng s\u1ea1ch.<\/div>\n<div>\u2013\u00a0 Quy c\u00e1ch \u0111\u00f3ng g\u00f3i: 100 c\u00e1i \/ g\u00f3i ho\u1eb7c 30 g\u00f3i \/ th\u00f9ng.<\/div>\n<div><\/div>\n<div><span style=\"color: #00a859;\"><strong>C\u00f4ng ty TNHH JNC Vi\u1ec7t Nam<\/strong><\/span> l\u00e0 nh\u00e0 ph\u00e2n ph\u1ed1i ch\u00ednh th\u1ee9c s\u1ea3n ph\u1ea9m kh\u0103n lau bemcot M3 tr\u00ean th\u1ecb tr\u01b0\u1eddng Vi\u1ec7t Nam, s\u1ea3n ph\u1ea9m c\u1ee7a ch\u00fang t\u00f4i \u0111\u1ea1t ch\u1ea5t l\u01b0\u1ee3ng t\u1ed1t, gi\u00e1 c\u1ea3 canh tranh, v\u00e0 cung c\u1ea5p r\u1ea5t nhi\u1ec1u s\u1ea3n ph\u1ea9m cho c\u00e1c khu c\u00f4ng nghi\u1ec7p, nh\u1eefng s\u1ea3n ph\u1ea9m ti\u00eau chu\u1ea9n ph\u00f2ng s\u1ea1ch, ti\u00eau chu\u1ea9n ph\u00f2ng s\u1ea1ch, ch\u1ed1ng t\u0129nh \u0111i\u1ec7n c\u1ee7a Qu\u1ed1c t\u1ebf. Ngo\u00e0i ra, kh\u00e1ch h\u00e0ng c\u00f3 th\u1ec3 \u0111\u1eb7t m\u1eabu thi\u1ebft k\u1ebf t\u1ea5t c\u1ea3 c\u00e1c s\u1ea3n ph\u1ea9m ph\u00f2ng s\u1ea1ch, ch\u1ed1ng t\u0129nh \u0111i\u1ec7n.<\/div>\n<div><\/div>\n","protected":false},"excerpt":{"rendered":"<ul>\n<li><strong>Ch\u1ea5t li\u1ec7u:<\/strong> 100% s\u1ee3i t\u01a1 nh\u00e2n t\u1ea1o<\/li>\n<li><strong>M\u00e0u s\u1eafc:<\/strong> Tr\u1eafng<\/li>\n<li><strong>K\u00edch th\u01b0\u1edbc<\/strong>: 9\u2033 x 9\u2033 (250 mm x 250 mm)<\/li>\n<li><strong>T\u00ednh n\u0103ng:<\/strong> Lau b\u1ee5i ph\u00f2ng s\u1ea1ch<\/li>\n<li><strong>\u0110\u00f3ng g\u00f3i:<\/strong> 30 T\u00fai \/ Th\u00f9ng<\/li>\n<li><strong>Th\u1eddi gian:<\/strong> T\u00f9y theo \u0111\u01a1n \u0111\u1eb7t h\u00e0ng<\/li>\n<\/ul>\n","protected":false},"featured_media":1518,"comment_status":"open","ping_status":"closed","template":"","meta":[],"product_brand":[],"product_cat":[58],"product_tag":[],"class_list":{"0":"post-1517","1":"product","2":"type-product","3":"status-publish","4":"has-post-thumbnail","6":"product_cat-khan-lau-phong-sach","8":"first","9":"instock","10":"shipping-taxable","11":"product-type-simple"},"yoast_head":"<!-- This site is optimized with the Yoast SEO plugin v26.8 - https:\/\/yoast.com\/product\/yoast-seo-wordpress\/ -->\n<title>Cleanroom Wiper Bemcot M3 - JNC VN<\/title>\n<meta name=\"robots\" content=\"index, follow, max-snippet:-1, max-image-preview:large, max-video-preview:-1\" \/>\n<link rel=\"canonical\" href=\"https:\/\/jncvietnam.com\/en\/san-pham\/cleanroom-wiper-bemcot-m3\/\" \/>\n<meta property=\"og:locale\" content=\"vi_VN\" \/>\n<meta property=\"og:type\" content=\"article\" \/>\n<meta property=\"og:title\" content=\"Cleanroom Wiper Bemcot M3 - JNC VN\" \/>\n<meta property=\"og:description\" content=\"Ch\u1ea5t li\u1ec7u: 100% s\u1ee3i t\u01a1 nh\u00e2n t\u1ea1o  M\u00e0u s\u1eafc: Tr\u1eafng  K\u00edch th\u01b0\u1edbc: 9\u2033 x 9\u2033 (250 mm x 250 mm)  T\u00ednh n\u0103ng: Lau b\u1ee5i ph\u00f2ng s\u1ea1ch  \u0110\u00f3ng g\u00f3i: 30 T\u00fai \/ Th\u00f9ng  Th\u1eddi gian: T\u00f9y theo \u0111\u01a1n \u0111\u1eb7t h\u00e0ng\" \/>\n<meta property=\"og:url\" content=\"https:\/\/jncvietnam.com\/en\/san-pham\/cleanroom-wiper-bemcot-m3\/\" \/>\n<meta property=\"og:site_name\" content=\"JNC VN\" \/>\n<meta property=\"article:modified_time\" content=\"2021-06-22T09:18:46+00:00\" \/>\n<meta property=\"og:image\" content=\"https:\/\/jncvietnam.com\/en\/wp-content\/uploads\/2021\/06\/giay-lau-phong-sach-3.jpg\" \/>\n\t<meta property=\"og:image:width\" content=\"1200\" \/>\n\t<meta property=\"og:image:height\" content=\"1200\" \/>\n\t<meta property=\"og:image:type\" content=\"image\/jpeg\" \/>\n<meta name=\"twitter:card\" content=\"summary_large_image\" \/>\n<meta name=\"twitter:label1\" content=\"\u01af\u1edbc t\u00ednh th\u1eddi gian \u0111\u1ecdc\" \/>\n\t<meta name=\"twitter:data1\" content=\"2 ph\u00fat\" \/>\n<script type=\"application\/ld+json\" class=\"yoast-schema-graph\">{\"@context\":\"https:\/\/schema.org\",\"@graph\":[{\"@type\":\"WebPage\",\"@id\":\"https:\/\/jncvietnam.com\/en\/san-pham\/cleanroom-wiper-bemcot-m3\/\",\"url\":\"https:\/\/jncvietnam.com\/en\/san-pham\/cleanroom-wiper-bemcot-m3\/\",\"name\":\"Cleanroom Wiper Bemcot M3 - JNC VN\",\"isPartOf\":{\"@id\":\"https:\/\/jncvietnam.com\/en\/#website\"},\"primaryImageOfPage\":{\"@id\":\"https:\/\/jncvietnam.com\/en\/san-pham\/cleanroom-wiper-bemcot-m3\/#primaryimage\"},\"image\":{\"@id\":\"https:\/\/jncvietnam.com\/en\/san-pham\/cleanroom-wiper-bemcot-m3\/#primaryimage\"},\"thumbnailUrl\":\"https:\/\/jncvietnam.com\/en\/wp-content\/uploads\/2021\/06\/giay-lau-phong-sach-3.jpg\",\"datePublished\":\"2021-06-04T08:55:28+00:00\",\"dateModified\":\"2021-06-22T09:18:46+00:00\",\"breadcrumb\":{\"@id\":\"https:\/\/jncvietnam.com\/en\/san-pham\/cleanroom-wiper-bemcot-m3\/#breadcrumb\"},\"inLanguage\":\"vi\",\"potentialAction\":[{\"@type\":\"ReadAction\",\"target\":[\"https:\/\/jncvietnam.com\/en\/san-pham\/cleanroom-wiper-bemcot-m3\/\"]}]},{\"@type\":\"ImageObject\",\"inLanguage\":\"vi\",\"@id\":\"https:\/\/jncvietnam.com\/en\/san-pham\/cleanroom-wiper-bemcot-m3\/#primaryimage\",\"url\":\"https:\/\/jncvietnam.com\/en\/wp-content\/uploads\/2021\/06\/giay-lau-phong-sach-3.jpg\",\"contentUrl\":\"https:\/\/jncvietnam.com\/en\/wp-content\/uploads\/2021\/06\/giay-lau-phong-sach-3.jpg\",\"width\":1200,\"height\":1200},{\"@type\":\"BreadcrumbList\",\"@id\":\"https:\/\/jncvietnam.com\/en\/san-pham\/cleanroom-wiper-bemcot-m3\/#breadcrumb\",\"itemListElement\":[{\"@type\":\"ListItem\",\"position\":1,\"name\":\"Trang ch\u1ee7\",\"item\":\"https:\/\/jncvietnam.com\/en\/\"},{\"@type\":\"ListItem\",\"position\":2,\"name\":\"Product\",\"item\":\"https:\/\/jncvietnam.com\/en\/product\/\"},{\"@type\":\"ListItem\",\"position\":3,\"name\":\"Cleanroom Wiper Bemcot M3\"}]},{\"@type\":\"WebSite\",\"@id\":\"https:\/\/jncvietnam.com\/en\/#website\",\"url\":\"https:\/\/jncvietnam.com\/en\/\",\"name\":\"JNC VN\",\"description\":\"HTH\",\"potentialAction\":[{\"@type\":\"SearchAction\",\"target\":{\"@type\":\"EntryPoint\",\"urlTemplate\":\"https:\/\/jncvietnam.com\/en\/?s={search_term_string}\"},\"query-input\":{\"@type\":\"PropertyValueSpecification\",\"valueRequired\":true,\"valueName\":\"search_term_string\"}}],\"inLanguage\":\"vi\"}]}<\/script>\n<!-- \/ Yoast SEO plugin. -->","yoast_head_json":{"title":"Cleanroom Wiper Bemcot M3 - JNC VN","robots":{"index":"index","follow":"follow","max-snippet":"max-snippet:-1","max-image-preview":"max-image-preview:large","max-video-preview":"max-video-preview:-1"},"canonical":"https:\/\/jncvietnam.com\/en\/san-pham\/cleanroom-wiper-bemcot-m3\/","og_locale":"vi_VN","og_type":"article","og_title":"Cleanroom Wiper Bemcot M3 - JNC VN","og_description":"Ch\u1ea5t li\u1ec7u: 100% s\u1ee3i t\u01a1 nh\u00e2n t\u1ea1o  M\u00e0u s\u1eafc: Tr\u1eafng  K\u00edch th\u01b0\u1edbc: 9\u2033 x 9\u2033 (250 mm x 250 mm)  T\u00ednh n\u0103ng: Lau b\u1ee5i ph\u00f2ng s\u1ea1ch  \u0110\u00f3ng g\u00f3i: 30 T\u00fai \/ Th\u00f9ng  Th\u1eddi gian: T\u00f9y theo \u0111\u01a1n \u0111\u1eb7t h\u00e0ng","og_url":"https:\/\/jncvietnam.com\/en\/san-pham\/cleanroom-wiper-bemcot-m3\/","og_site_name":"JNC VN","article_modified_time":"2021-06-22T09:18:46+00:00","og_image":[{"width":1200,"height":1200,"url":"https:\/\/jncvietnam.com\/en\/wp-content\/uploads\/2021\/06\/giay-lau-phong-sach-3.jpg","type":"image\/jpeg"}],"twitter_card":"summary_large_image","twitter_misc":{"\u01af\u1edbc t\u00ednh th\u1eddi gian \u0111\u1ecdc":"2 ph\u00fat"},"schema":{"@context":"https:\/\/schema.org","@graph":[{"@type":"WebPage","@id":"https:\/\/jncvietnam.com\/en\/san-pham\/cleanroom-wiper-bemcot-m3\/","url":"https:\/\/jncvietnam.com\/en\/san-pham\/cleanroom-wiper-bemcot-m3\/","name":"Cleanroom Wiper Bemcot M3 - JNC VN","isPartOf":{"@id":"https:\/\/jncvietnam.com\/en\/#website"},"primaryImageOfPage":{"@id":"https:\/\/jncvietnam.com\/en\/san-pham\/cleanroom-wiper-bemcot-m3\/#primaryimage"},"image":{"@id":"https:\/\/jncvietnam.com\/en\/san-pham\/cleanroom-wiper-bemcot-m3\/#primaryimage"},"thumbnailUrl":"https:\/\/jncvietnam.com\/en\/wp-content\/uploads\/2021\/06\/giay-lau-phong-sach-3.jpg","datePublished":"2021-06-04T08:55:28+00:00","dateModified":"2021-06-22T09:18:46+00:00","breadcrumb":{"@id":"https:\/\/jncvietnam.com\/en\/san-pham\/cleanroom-wiper-bemcot-m3\/#breadcrumb"},"inLanguage":"vi","potentialAction":[{"@type":"ReadAction","target":["https:\/\/jncvietnam.com\/en\/san-pham\/cleanroom-wiper-bemcot-m3\/"]}]},{"@type":"ImageObject","inLanguage":"vi","@id":"https:\/\/jncvietnam.com\/en\/san-pham\/cleanroom-wiper-bemcot-m3\/#primaryimage","url":"https:\/\/jncvietnam.com\/en\/wp-content\/uploads\/2021\/06\/giay-lau-phong-sach-3.jpg","contentUrl":"https:\/\/jncvietnam.com\/en\/wp-content\/uploads\/2021\/06\/giay-lau-phong-sach-3.jpg","width":1200,"height":1200},{"@type":"BreadcrumbList","@id":"https:\/\/jncvietnam.com\/en\/san-pham\/cleanroom-wiper-bemcot-m3\/#breadcrumb","itemListElement":[{"@type":"ListItem","position":1,"name":"Trang ch\u1ee7","item":"https:\/\/jncvietnam.com\/en\/"},{"@type":"ListItem","position":2,"name":"Product","item":"https:\/\/jncvietnam.com\/en\/product\/"},{"@type":"ListItem","position":3,"name":"Cleanroom Wiper Bemcot M3"}]},{"@type":"WebSite","@id":"https:\/\/jncvietnam.com\/en\/#website","url":"https:\/\/jncvietnam.com\/en\/","name":"JNC VN","description":"HTH","potentialAction":[{"@type":"SearchAction","target":{"@type":"EntryPoint","urlTemplate":"https:\/\/jncvietnam.com\/en\/?s={search_term_string}"},"query-input":{"@type":"PropertyValueSpecification","valueRequired":true,"valueName":"search_term_string"}}],"inLanguage":"vi"}]}},"_links":{"self":[{"href":"https:\/\/jncvietnam.com\/en\/wp-json\/wp\/v2\/product\/1517","targetHints":{"allow":["GET"]}}],"collection":[{"href":"https:\/\/jncvietnam.com\/en\/wp-json\/wp\/v2\/product"}],"about":[{"href":"https:\/\/jncvietnam.com\/en\/wp-json\/wp\/v2\/types\/product"}],"replies":[{"embeddable":true,"href":"https:\/\/jncvietnam.com\/en\/wp-json\/wp\/v2\/comments?post=1517"}],"wp:featuredmedia":[{"embeddable":true,"href":"https:\/\/jncvietnam.com\/en\/wp-json\/wp\/v2\/media\/1518"}],"wp:attachment":[{"href":"https:\/\/jncvietnam.com\/en\/wp-json\/wp\/v2\/media?parent=1517"}],"wp:term":[{"taxonomy":"product_brand","embeddable":true,"href":"https:\/\/jncvietnam.com\/en\/wp-json\/wp\/v2\/product_brand?post=1517"},{"taxonomy":"product_cat","embeddable":true,"href":"https:\/\/jncvietnam.com\/en\/wp-json\/wp\/v2\/product_cat?post=1517"},{"taxonomy":"product_tag","embeddable":true,"href":"https:\/\/jncvietnam.com\/en\/wp-json\/wp\/v2\/product_tag?post=1517"}],"curies":[{"name":"wp","href":"https:\/\/api.w.org\/{rel}","templated":true}]}}