{"id":1519,"date":"2021-06-04T16:06:05","date_gmt":"2021-06-04T09:06:05","guid":{"rendered":"https:\/\/jncvietnam.com\/en\/?post_type=product&#038;p=1519"},"modified":"2024-06-19T11:08:19","modified_gmt":"2024-06-19T04:08:19","slug":"cleanroom-wiper","status":"publish","type":"product","link":"https:\/\/jncvietnam.com\/en\/san-pham\/cleanroom-wiper\/","title":{"rendered":"Cleanroom Wiper"},"content":{"rendered":"<h3><span style=\"color: #00a859;\">Kh\u0103n lau ph\u00f2ng s\u1ea1ch<\/span><\/h3>\n<div>Kh\u0103n lau ph\u00f2ng s\u1ea1ch l\u00e0 v\u1eadt d\u1ee5ng kh\u00f4ng th\u1ec3 thi\u1ebfu v\u00e0 \u0111\u01b0\u1ee3c d\u00f9ng th\u01b0\u1eddng xuy\u00ean trong c\u00e1c l\u0129nh v\u1ef1c s\u1ea3n xu\u1ea5t linh ki\u1ec7n,\u00a0 ph\u00f2ng th\u00ed nghi\u1ec7m, y t\u1ebf do c\u00e1c y\u00eau c\u1ea7u v\u1ec1 an to\u00e0n ph\u00f2ng s\u1ea1ch<\/div>\n<div><\/div>\n<div><strong>Th\u00f4ng tin c\u01a1 b\u1ea3n kh\u0103n lau ph\u00f2ng s\u1ea1ch 0606Ch\u1ea5t l\u01b0\u1ee3ng:<\/strong> 55% cellulose, 45% polyester.<\/div>\n<div><\/div>\n<div><strong>K\u00edch th\u01b0\u1edbc:<\/strong> 6&#8243; * 6&#8243;<\/div>\n<div><\/div>\n<div><strong>S\u1ea3n ph\u1ea9m \u0111\u01b0\u1ee3c \u0111\u00f3ng g\u00f3i :<\/strong> 300PCS\/t\u00fai<\/div>\n<div><\/div>\n<div><strong>M\u00e0u s\u1eafc:<\/strong> tr\u1eafng<\/div>\n<div>\n<h3><span style=\"color: #00a859;\">\u0110\u1eb7c \u0111i\u1ec3m n\u1ed5i b\u1eadt c\u1ee7a s\u1ea3n ph\u1ea9m<\/span><\/h3>\n<ul>\n<li>Kh\u00f4ng b\u1ee5i, ch\u1ed1ng t\u0129nh \u0111i\u1ec7n ph\u00f9 h\u1ee3p s\u1eed d\u1ee5ng trong m\u00f4i tr\u01b0\u1eddng l\u00e0m vi\u1ec7c \u0111\u00f2i h\u1ecfi cao v\u1ec1 kh\u1ea3 n\u0103ng ch\u00f3ng t\u0129nh \u0111i\u1ec7n<\/li>\n<li>C\u00f3 kh\u1ea3 n\u0103ng th\u1ea5m n\u01b0\u1edbc v\u00e0 dung m\u00f4i t\u1ed1t<\/li>\n<li>Kh\u0103n cho kh\u1ea3 n\u0103ng s\u1eed d\u1ee5ng v\u00f4 c\u00f9ng m\u1ec1m m\u01b0\u1ee3t, kh\u00f4ng \u1ea3nh h\u01b0\u1edfng g\u00e2y tr\u1ea7y x\u01b0\u1edbc cho s\u1ea3n ph\u1ea9m<\/li>\n<\/ul>\n<h3><span style=\"color: #00a859;\">Kh\u0103n ph\u00f9 h\u1ee3p v\u00e0 \u0111\u01b0\u1ee3c s\u1eed d\u1ee5ng nhi\u1ec1u trong m\u00f4i tr\u01b0\u1eddng l\u00e0m vi\u1ec7c c\u00f3 ti\u00eau chu\u1ea9n cao v\u1ec1 ph\u00f2ng s\u1ea1ch nh\u01b0<\/span><\/h3>\n<ul>\n<li>Ng\u00e0nh y t\u1ebf, s\u1ea3n xu\u1ea5t thi\u1ebft b\u1ecb y t\u1ebf<\/li>\n<li>D\u00f9ng cho c\u00e1c ph\u00f2ng nghi\u00ean c\u1ee9u, c\u00e1c ph\u00f2ng ph\u00f2ng th\u00ed nghi\u1ec7m, s\u1ea3n xu\u1ea5t h\u00f3a ch\u1ea5t<\/li>\n<li>\u0110\u00e1p \u1ee9ng nhu c\u1ea7u c\u1ee7a ng\u00e0nh s\u1ea3n xu\u1ea5t v\u00e0 ch\u1ebf bi\u1ebfn thu\u1ed1c, m\u1ef9 ph\u1ea9m, th\u1ef1c ph\u1ea9m nh\u01b0ng n\u01a1i \u0111\u00f2i h\u1ecfi an to\u00e0n v\u1ec7 sinh cao<\/li>\n<li>Ng\u00e0nh s\u1ea3n xu\u1ea5t linh ki\u1ec7n \u0111i\u1ec7n t\u1eed<\/li>\n<\/ul>\n<div><\/div>\n<div>Hi\u1ec7n nay, tr\u00ean th\u1ecb th\u01b0\u1eddng c\u00f3 r\u1ea5t nhi\u1ec1u c\u00e1c c\u00f4ng ty cung c\u1ea5p v\u00e0 ph\u00e2n ph\u1ed1i s\u1ea3n ph\u1ea9m ph\u00f2ng s\u1ea1ch, kh\u00e1ch h\u00e0ng \u0111ang kh\u00f4ng bi\u1ebft l\u1ef1a ch\u1ecdn c\u00f4ng ty n\u00e0o cho uy t\u00edn..H\u00e3y \u0111\u1ebfn ngay v\u1edbi ch\u00fang t\u00f4i, c\u00f4ng ty TNHH JNC Vi\u1ec7t Nam ch\u00fang t\u00f4i chuy\u00ean cung c\u1ea5p v\u00e0 ph\u00e2n ph\u1ed1i c\u00e1c s\u1ea3n ph\u1ea9m ph\u00f2ng s\u1ea1ch v\u1edbi gi\u00e1 c\u1ea3 v\u00e0 ch\u1ea5t l\u01b0\u1ee3ng tuy\u1ec7t v\u1eddi nh\u1ea5t.<\/div>\n<\/div>\n","protected":false},"excerpt":{"rendered":"<ul>\n<li><strong>Ch\u1ea5t l\u01b0\u1ee3ng:<\/strong> 55% cellulose, 45% polyester.<\/li>\n<li><strong>K\u00edch th\u01b0\u1edbc:<\/strong> 6\u2033 * 6\u2033(inch)<\/li>\n<li><strong>\u0110\u00f3ng g\u00f3i s\u1ea3n ph\u1ea9m:<\/strong> 300pcs\/t\u00fai<\/li>\n<li><strong>M\u00e0u s\u1eafc:<\/strong> tr\u1eafng<\/li>\n<\/ul>\n","protected":false},"featured_media":1520,"comment_status":"open","ping_status":"closed","template":"","meta":[],"product_brand":[],"product_cat":[58],"product_tag":[],"class_list":{"0":"post-1519","1":"product","2":"type-product","3":"status-publish","4":"has-post-thumbnail","6":"product_cat-khan-lau-phong-sach","8":"first","9":"instock","10":"shipping-taxable","11":"product-type-simple"},"yoast_head":"<!-- This site is optimized with the Yoast SEO plugin v26.8 - https:\/\/yoast.com\/product\/yoast-seo-wordpress\/ -->\n<title>Cleanroom Wiper - JNC VN<\/title>\n<meta name=\"robots\" content=\"index, follow, max-snippet:-1, max-image-preview:large, max-video-preview:-1\" \/>\n<link rel=\"canonical\" href=\"https:\/\/jncvietnam.com\/en\/san-pham\/cleanroom-wiper\/\" \/>\n<meta property=\"og:locale\" content=\"vi_VN\" \/>\n<meta property=\"og:type\" content=\"article\" \/>\n<meta property=\"og:title\" content=\"Cleanroom Wiper - JNC VN\" \/>\n<meta property=\"og:description\" content=\"Ch\u1ea5t l\u01b0\u1ee3ng: 55% cellulose, 45% polyester.  K\u00edch th\u01b0\u1edbc: 6\u2033 * 6\u2033(inch)  \u0110\u00f3ng g\u00f3i s\u1ea3n ph\u1ea9m: 300pcs\/t\u00fai  M\u00e0u s\u1eafc: tr\u1eafng\" \/>\n<meta property=\"og:url\" content=\"https:\/\/jncvietnam.com\/en\/san-pham\/cleanroom-wiper\/\" \/>\n<meta property=\"og:site_name\" content=\"JNC VN\" \/>\n<meta property=\"article:modified_time\" content=\"2024-06-19T04:08:19+00:00\" \/>\n<meta property=\"og:image\" content=\"https:\/\/jncvietnam.com\/en\/wp-content\/uploads\/2021\/06\/khan-lau-phong-sach-6060-min.jpg\" \/>\n\t<meta property=\"og:image:width\" content=\"800\" \/>\n\t<meta property=\"og:image:height\" content=\"800\" \/>\n\t<meta property=\"og:image:type\" content=\"image\/jpeg\" \/>\n<meta name=\"twitter:card\" content=\"summary_large_image\" \/>\n<meta name=\"twitter:label1\" content=\"\u01af\u1edbc t\u00ednh th\u1eddi gian \u0111\u1ecdc\" \/>\n\t<meta name=\"twitter:data1\" content=\"2 ph\u00fat\" \/>\n<script type=\"application\/ld+json\" class=\"yoast-schema-graph\">{\"@context\":\"https:\/\/schema.org\",\"@graph\":[{\"@type\":\"WebPage\",\"@id\":\"https:\/\/jncvietnam.com\/en\/san-pham\/cleanroom-wiper\/\",\"url\":\"https:\/\/jncvietnam.com\/en\/san-pham\/cleanroom-wiper\/\",\"name\":\"Cleanroom Wiper - JNC VN\",\"isPartOf\":{\"@id\":\"https:\/\/jncvietnam.com\/en\/#website\"},\"primaryImageOfPage\":{\"@id\":\"https:\/\/jncvietnam.com\/en\/san-pham\/cleanroom-wiper\/#primaryimage\"},\"image\":{\"@id\":\"https:\/\/jncvietnam.com\/en\/san-pham\/cleanroom-wiper\/#primaryimage\"},\"thumbnailUrl\":\"https:\/\/jncvietnam.com\/en\/wp-content\/uploads\/2021\/06\/khan-lau-phong-sach-6060-min.jpg\",\"datePublished\":\"2021-06-04T09:06:05+00:00\",\"dateModified\":\"2024-06-19T04:08:19+00:00\",\"breadcrumb\":{\"@id\":\"https:\/\/jncvietnam.com\/en\/san-pham\/cleanroom-wiper\/#breadcrumb\"},\"inLanguage\":\"vi\",\"potentialAction\":[{\"@type\":\"ReadAction\",\"target\":[\"https:\/\/jncvietnam.com\/en\/san-pham\/cleanroom-wiper\/\"]}]},{\"@type\":\"ImageObject\",\"inLanguage\":\"vi\",\"@id\":\"https:\/\/jncvietnam.com\/en\/san-pham\/cleanroom-wiper\/#primaryimage\",\"url\":\"https:\/\/jncvietnam.com\/en\/wp-content\/uploads\/2021\/06\/khan-lau-phong-sach-6060-min.jpg\",\"contentUrl\":\"https:\/\/jncvietnam.com\/en\/wp-content\/uploads\/2021\/06\/khan-lau-phong-sach-6060-min.jpg\",\"width\":800,\"height\":800},{\"@type\":\"BreadcrumbList\",\"@id\":\"https:\/\/jncvietnam.com\/en\/san-pham\/cleanroom-wiper\/#breadcrumb\",\"itemListElement\":[{\"@type\":\"ListItem\",\"position\":1,\"name\":\"Trang ch\u1ee7\",\"item\":\"https:\/\/jncvietnam.com\/en\/\"},{\"@type\":\"ListItem\",\"position\":2,\"name\":\"Product\",\"item\":\"https:\/\/jncvietnam.com\/en\/product\/\"},{\"@type\":\"ListItem\",\"position\":3,\"name\":\"Cleanroom Wiper\"}]},{\"@type\":\"WebSite\",\"@id\":\"https:\/\/jncvietnam.com\/en\/#website\",\"url\":\"https:\/\/jncvietnam.com\/en\/\",\"name\":\"JNC VN\",\"description\":\"HTH\",\"potentialAction\":[{\"@type\":\"SearchAction\",\"target\":{\"@type\":\"EntryPoint\",\"urlTemplate\":\"https:\/\/jncvietnam.com\/en\/?s={search_term_string}\"},\"query-input\":{\"@type\":\"PropertyValueSpecification\",\"valueRequired\":true,\"valueName\":\"search_term_string\"}}],\"inLanguage\":\"vi\"}]}<\/script>\n<!-- \/ Yoast SEO plugin. -->","yoast_head_json":{"title":"Cleanroom Wiper - JNC VN","robots":{"index":"index","follow":"follow","max-snippet":"max-snippet:-1","max-image-preview":"max-image-preview:large","max-video-preview":"max-video-preview:-1"},"canonical":"https:\/\/jncvietnam.com\/en\/san-pham\/cleanroom-wiper\/","og_locale":"vi_VN","og_type":"article","og_title":"Cleanroom Wiper - JNC VN","og_description":"Ch\u1ea5t l\u01b0\u1ee3ng: 55% cellulose, 45% polyester.  K\u00edch th\u01b0\u1edbc: 6\u2033 * 6\u2033(inch)  \u0110\u00f3ng g\u00f3i s\u1ea3n ph\u1ea9m: 300pcs\/t\u00fai  M\u00e0u s\u1eafc: tr\u1eafng","og_url":"https:\/\/jncvietnam.com\/en\/san-pham\/cleanroom-wiper\/","og_site_name":"JNC VN","article_modified_time":"2024-06-19T04:08:19+00:00","og_image":[{"width":800,"height":800,"url":"https:\/\/jncvietnam.com\/en\/wp-content\/uploads\/2021\/06\/khan-lau-phong-sach-6060-min.jpg","type":"image\/jpeg"}],"twitter_card":"summary_large_image","twitter_misc":{"\u01af\u1edbc t\u00ednh th\u1eddi gian \u0111\u1ecdc":"2 ph\u00fat"},"schema":{"@context":"https:\/\/schema.org","@graph":[{"@type":"WebPage","@id":"https:\/\/jncvietnam.com\/en\/san-pham\/cleanroom-wiper\/","url":"https:\/\/jncvietnam.com\/en\/san-pham\/cleanroom-wiper\/","name":"Cleanroom Wiper - JNC VN","isPartOf":{"@id":"https:\/\/jncvietnam.com\/en\/#website"},"primaryImageOfPage":{"@id":"https:\/\/jncvietnam.com\/en\/san-pham\/cleanroom-wiper\/#primaryimage"},"image":{"@id":"https:\/\/jncvietnam.com\/en\/san-pham\/cleanroom-wiper\/#primaryimage"},"thumbnailUrl":"https:\/\/jncvietnam.com\/en\/wp-content\/uploads\/2021\/06\/khan-lau-phong-sach-6060-min.jpg","datePublished":"2021-06-04T09:06:05+00:00","dateModified":"2024-06-19T04:08:19+00:00","breadcrumb":{"@id":"https:\/\/jncvietnam.com\/en\/san-pham\/cleanroom-wiper\/#breadcrumb"},"inLanguage":"vi","potentialAction":[{"@type":"ReadAction","target":["https:\/\/jncvietnam.com\/en\/san-pham\/cleanroom-wiper\/"]}]},{"@type":"ImageObject","inLanguage":"vi","@id":"https:\/\/jncvietnam.com\/en\/san-pham\/cleanroom-wiper\/#primaryimage","url":"https:\/\/jncvietnam.com\/en\/wp-content\/uploads\/2021\/06\/khan-lau-phong-sach-6060-min.jpg","contentUrl":"https:\/\/jncvietnam.com\/en\/wp-content\/uploads\/2021\/06\/khan-lau-phong-sach-6060-min.jpg","width":800,"height":800},{"@type":"BreadcrumbList","@id":"https:\/\/jncvietnam.com\/en\/san-pham\/cleanroom-wiper\/#breadcrumb","itemListElement":[{"@type":"ListItem","position":1,"name":"Trang ch\u1ee7","item":"https:\/\/jncvietnam.com\/en\/"},{"@type":"ListItem","position":2,"name":"Product","item":"https:\/\/jncvietnam.com\/en\/product\/"},{"@type":"ListItem","position":3,"name":"Cleanroom Wiper"}]},{"@type":"WebSite","@id":"https:\/\/jncvietnam.com\/en\/#website","url":"https:\/\/jncvietnam.com\/en\/","name":"JNC VN","description":"HTH","potentialAction":[{"@type":"SearchAction","target":{"@type":"EntryPoint","urlTemplate":"https:\/\/jncvietnam.com\/en\/?s={search_term_string}"},"query-input":{"@type":"PropertyValueSpecification","valueRequired":true,"valueName":"search_term_string"}}],"inLanguage":"vi"}]}},"_links":{"self":[{"href":"https:\/\/jncvietnam.com\/en\/wp-json\/wp\/v2\/product\/1519","targetHints":{"allow":["GET"]}}],"collection":[{"href":"https:\/\/jncvietnam.com\/en\/wp-json\/wp\/v2\/product"}],"about":[{"href":"https:\/\/jncvietnam.com\/en\/wp-json\/wp\/v2\/types\/product"}],"replies":[{"embeddable":true,"href":"https:\/\/jncvietnam.com\/en\/wp-json\/wp\/v2\/comments?post=1519"}],"wp:featuredmedia":[{"embeddable":true,"href":"https:\/\/jncvietnam.com\/en\/wp-json\/wp\/v2\/media\/1520"}],"wp:attachment":[{"href":"https:\/\/jncvietnam.com\/en\/wp-json\/wp\/v2\/media?parent=1519"}],"wp:term":[{"taxonomy":"product_brand","embeddable":true,"href":"https:\/\/jncvietnam.com\/en\/wp-json\/wp\/v2\/product_brand?post=1519"},{"taxonomy":"product_cat","embeddable":true,"href":"https:\/\/jncvietnam.com\/en\/wp-json\/wp\/v2\/product_cat?post=1519"},{"taxonomy":"product_tag","embeddable":true,"href":"https:\/\/jncvietnam.com\/en\/wp-json\/wp\/v2\/product_tag?post=1519"}],"curies":[{"name":"wp","href":"https:\/\/api.w.org\/{rel}","templated":true}]}}