{"id":1523,"date":"2021-06-04T16:25:50","date_gmt":"2021-06-04T09:25:50","guid":{"rendered":"https:\/\/jncvietnam.com\/en\/?post_type=product&#038;p=1523"},"modified":"2021-06-22T16:15:57","modified_gmt":"2021-06-22T09:15:57","slug":"pu-coated-finger-gloves","status":"publish","type":"product","link":"https:\/\/jncvietnam.com\/en\/san-pham\/pu-coated-finger-gloves\/","title":{"rendered":"PU Coated Finger Gloves"},"content":{"rendered":"<h3><span style=\"color: #00a859;\">G\u0103ng tay ch\u1ed1ng t\u0129nh \u0111i\u1ec7n Carbon ph\u1ee7 PU Ng\u00f3n<\/span><\/h3>\n<div>Hi\u1ec7n nay an to\u00e0n lao \u0111\u1ed9ng \u0111\u01b0\u1ee3c n\u00e2ng cao r\u1ea5t nhi\u1ec1u. Trong ng\u00e0nh c\u00f4ng nghi\u1ec7p \u1edf kh\u00e2u s\u1ea3n xu\u1ea5t thi\u1ebft b\u1ecb \u0111i\u1ec7n t\u1eed, vi m\u1ea1ch\u2026 lu\u00f4n c\u00f3 s\u1ef1 giao ti\u1ebfp gi\u1eefa b\u00e0n tay con ng\u01b0\u1eddi v\u00e0 thi\u1ebft b\u1ecb. V\u00ec v\u1eady s\u1ea3n ph\u1ea9m G\u0103ng tay ch\u1ed1ng t\u0129nh \u0111i\u1ec7n hay c\u00f2n g\u1ecdi l\u00e0 ESD Gloves , l\u00e0 s\u1ea3n ph\u1ea9m t\u1ed1i c\u1ea7n thi\u1ebft trong c\u00f4ng nghi\u1ec7p \u0111i\u1ec7n t\u1eed\u2026.<\/div>\n<div>\n<h3><span style=\"color: #00a859;\">Th\u00f4ng tin G\u0103ng tay ch\u1ed1ng t\u0129nh \u0111i\u1ec7n ph\u1ee7 PU Ng\u00f3n<\/span><\/h3>\n<div><strong>&#8211; S\u1ea3n ph\u1ea9m :<\/strong>\u00a0 g\u0103ng tay ch\u1ed1ng t\u0129nh \u0111i\u1ec7n<\/div>\n<div><\/div>\n<div><strong>&#8211; Ch\u1ea5t li\u1ec7u :<\/strong> 100% Polyester c\u00f3 pha s\u1ee3i carbon ch\u1ed1ng t\u0129nh \u0111i\u1ec7n.<\/div>\n<div><\/div>\n<div><strong>&#8211; C\u1ea5u t\u1ea1o :<\/strong> nh\u1eb9\u00a0 v\u00e0 \u0111\u1ed9 b\u1ec1n cao.<\/div>\n<div><\/div>\n<div><strong>&#8211; Kho\u1ea3ng c\u00e1ch s\u1ee3i carbon :<\/strong> 1 mm.<\/div>\n<div><\/div>\n<div><strong>&#8211; Ch\u1ed1ng t\u0129nh \u0111i\u1ec7n :\u00a0<\/strong> 106 &#8211; 109 \u2126<\/div>\n<div><\/div>\n<div><strong>&#8211; C\u1ee1 :<\/strong> S, M, L\u2026<\/div>\n<div><\/div>\n<div><strong>&#8211; \u1ee8ng d\u1ee5ng :<\/strong> \u0110\u01b0\u1ee3c s\u1eed d\u1ee5ng r\u1ed9ng r\u00e3i trong khu c\u00f4ng nghi\u1ec7p v\u00e0 m\u00f4i tr\u01b0\u1eddng s\u1ea3n xu\u1ea5t thi\u1ebft b\u1ecb \u0111i\u1ec7n t\u1eed\u2026<\/div>\n<div><\/div>\n<div>Hi\u1ec7n nay tr\u00ean th\u1ecb tr\u01b0\u1eddng \u0111ang b\u00e1n r\u1ea5t nhi\u1ec1u lo\u1ea1i g\u0103ng tay ch\u1ed1ng t\u0129nh \u0111i\u1ec7n ch\u1ea5t l\u01b0\u1ee3ng k\u00e9m, khi s\u1eed d\u1ee5ng s\u1ebd b\u1ecb \u1ea3nh h\u01b0\u1edfng v\u00e0 g\u00e2y kh\u00f3 ch\u1ecbu cho tay ng\u01b0\u1eddi s\u1eed d\u1ee5ng. C\u00f4ng ty ch\u00fang t\u00f4i khuy\u1ebfn cao c\u00e1c \u0111\u01a1n v\u1ecb mua s\u1ea3n ph\u1ea9m \u0111\u00fang ch\u1ee7ng lo\u1ea1i ch\u1ea5t l\u01b0\u1ee3ng v\u00e0 \u0111\u1ed9 ch\u1ed1ng t\u0129nh \u0111i\u1ec7n theo y\u00eau c\u1ea7u, \u0111\u1ec3 \u0111\u1ea3m b\u1ea3o \u0111\u01b0\u1ee3c \u0111\u1ed9 an to\u00e0n cao cho c\u00f4ng nh\u00e2n trong ho\u1ea1t \u0111\u1ed9ng s\u1ea3n xu\u1ea5t c\u1ee7a doanh nghi\u1ec7p.<\/div>\n<div><\/div>\n<div><span style=\"color: #00a859;\"><strong>C\u00f4ng ty TNHH JNC Vi\u1ec7t Nam<\/strong><\/span> lu\u00f4n cung c\u1ea5p ra th\u1ecb tr\u01b0\u1eddng c\u00e1c s\u1ea3n ph\u1ea9m v\u1eadt t\u01b0 ch\u1ed1ng tinh \u0111i\u1ec7n, v\u1eadt t\u01b0 ph\u00f2ng s\u1ea1ch. Trong \u0111\u00f3 s\u1ea3n ph\u1ea9m G\u0103ng tay carbon ph\u1ee7 Pu ng\u00f3n v\u1edbi nhi\u1ec1u m\u1ea7u s\u1eafc kh\u00e1c nhau cho kh\u00e1ch h\u00e0ng l\u1ef1a ch\u1ecdn, m\u1ee9c gi\u00e1 c\u1ea1nh ch\u00fang t\u00f4i \u0111\u01b0a ra l\u00e0 t\u1ed1t nh\u1ea5t cho ng\u01b0\u1eddi ti\u00eau d\u00f9ng. Ngo\u00e0i ra C\u00f4ng ty c\u00f2n nh\u1eadn \u0111\u1eb7t c\u00e1c lo\u1ea1i s\u1ea3n ph\u1ea9m ch\u1ed1ng t\u0129nh \u0111i\u1ec7n, ph\u00f2ng s\u1ea1ch theo y\u00eau c\u1ea7u ri\u00eang c\u1ee7a c\u00e1c \u0111\u01a1n v\u1ecb kh\u00e1ch h\u00e0ng.<\/div>\n<\/div>\n","protected":false},"excerpt":{"rendered":"<ul>\n<li><strong>Ch\u1ea5t li\u1ec7u:<\/strong> 100% Polyester c\u00f3 pha s\u1ee3i carbon<\/li>\n<li><strong>M\u00e0u s\u1eafc :<\/strong> Tr\u1eafng PU ng\u00f3n<\/li>\n<li><strong>Size:<\/strong> S,M,L<\/li>\n<li><strong>Lo\u1ea1i:<\/strong> Ph\u1ee7 PU \u0111\u1ea7u ng\u00f3n tay<\/li>\n<li><strong>T\u00ednh n\u0103ng :<\/strong> Ch\u1ed1ng t\u0129nh \u0111i\u1ec7n<\/li>\n<\/ul>\n","protected":false},"featured_media":1524,"comment_status":"open","ping_status":"closed","template":"","meta":[],"product_brand":[],"product_cat":[85,60],"product_tag":[],"class_list":{"0":"post-1523","1":"product","2":"type-product","3":"status-publish","4":"has-post-thumbnail","6":"product_cat-gang-tay-phu-pu-gang-tay","7":"product_cat-gang-tay-phu-pu","9":"first","10":"instock","11":"shipping-taxable","12":"product-type-simple"},"yoast_head":"<!-- This site is optimized with the Yoast SEO plugin v26.8 - https:\/\/yoast.com\/product\/yoast-seo-wordpress\/ -->\n<title>PU Coated Finger Gloves - JNC VN<\/title>\n<meta name=\"robots\" content=\"index, follow, max-snippet:-1, max-image-preview:large, max-video-preview:-1\" \/>\n<link rel=\"canonical\" href=\"https:\/\/jncvietnam.com\/en\/san-pham\/pu-coated-finger-gloves\/\" \/>\n<meta property=\"og:locale\" content=\"vi_VN\" \/>\n<meta property=\"og:type\" content=\"article\" \/>\n<meta property=\"og:title\" content=\"PU Coated Finger Gloves - JNC VN\" \/>\n<meta property=\"og:description\" content=\"Ch\u1ea5t li\u1ec7u: 100% Polyester c\u00f3 pha s\u1ee3i carbon  M\u00e0u s\u1eafc : Tr\u1eafng PU ng\u00f3n  Size: S,M,L  Lo\u1ea1i: Ph\u1ee7 PU \u0111\u1ea7u ng\u00f3n tay  T\u00ednh n\u0103ng : Ch\u1ed1ng t\u0129nh \u0111i\u1ec7n\" \/>\n<meta property=\"og:url\" content=\"https:\/\/jncvietnam.com\/en\/san-pham\/pu-coated-finger-gloves\/\" \/>\n<meta property=\"og:site_name\" content=\"JNC VN\" \/>\n<meta property=\"article:modified_time\" content=\"2021-06-22T09:15:57+00:00\" \/>\n<meta property=\"og:image\" content=\"https:\/\/jncvietnam.com\/en\/wp-content\/uploads\/2021\/06\/7f72c32f939866c63f89.jpg\" \/>\n\t<meta property=\"og:image:width\" content=\"400\" \/>\n\t<meta property=\"og:image:height\" content=\"310\" \/>\n\t<meta property=\"og:image:type\" content=\"image\/jpeg\" \/>\n<meta name=\"twitter:card\" content=\"summary_large_image\" \/>\n<meta name=\"twitter:label1\" content=\"\u01af\u1edbc t\u00ednh th\u1eddi gian \u0111\u1ecdc\" \/>\n\t<meta name=\"twitter:data1\" content=\"2 ph\u00fat\" \/>\n<script type=\"application\/ld+json\" class=\"yoast-schema-graph\">{\"@context\":\"https:\/\/schema.org\",\"@graph\":[{\"@type\":\"WebPage\",\"@id\":\"https:\/\/jncvietnam.com\/en\/san-pham\/pu-coated-finger-gloves\/\",\"url\":\"https:\/\/jncvietnam.com\/en\/san-pham\/pu-coated-finger-gloves\/\",\"name\":\"PU Coated Finger Gloves - JNC VN\",\"isPartOf\":{\"@id\":\"https:\/\/jncvietnam.com\/en\/#website\"},\"primaryImageOfPage\":{\"@id\":\"https:\/\/jncvietnam.com\/en\/san-pham\/pu-coated-finger-gloves\/#primaryimage\"},\"image\":{\"@id\":\"https:\/\/jncvietnam.com\/en\/san-pham\/pu-coated-finger-gloves\/#primaryimage\"},\"thumbnailUrl\":\"https:\/\/jncvietnam.com\/en\/wp-content\/uploads\/2021\/06\/7f72c32f939866c63f89.jpg\",\"datePublished\":\"2021-06-04T09:25:50+00:00\",\"dateModified\":\"2021-06-22T09:15:57+00:00\",\"breadcrumb\":{\"@id\":\"https:\/\/jncvietnam.com\/en\/san-pham\/pu-coated-finger-gloves\/#breadcrumb\"},\"inLanguage\":\"vi\",\"potentialAction\":[{\"@type\":\"ReadAction\",\"target\":[\"https:\/\/jncvietnam.com\/en\/san-pham\/pu-coated-finger-gloves\/\"]}]},{\"@type\":\"ImageObject\",\"inLanguage\":\"vi\",\"@id\":\"https:\/\/jncvietnam.com\/en\/san-pham\/pu-coated-finger-gloves\/#primaryimage\",\"url\":\"https:\/\/jncvietnam.com\/en\/wp-content\/uploads\/2021\/06\/7f72c32f939866c63f89.jpg\",\"contentUrl\":\"https:\/\/jncvietnam.com\/en\/wp-content\/uploads\/2021\/06\/7f72c32f939866c63f89.jpg\",\"width\":400,\"height\":310},{\"@type\":\"BreadcrumbList\",\"@id\":\"https:\/\/jncvietnam.com\/en\/san-pham\/pu-coated-finger-gloves\/#breadcrumb\",\"itemListElement\":[{\"@type\":\"ListItem\",\"position\":1,\"name\":\"Trang ch\u1ee7\",\"item\":\"https:\/\/jncvietnam.com\/en\/\"},{\"@type\":\"ListItem\",\"position\":2,\"name\":\"Product\",\"item\":\"https:\/\/jncvietnam.com\/en\/product\/\"},{\"@type\":\"ListItem\",\"position\":3,\"name\":\"PU Coated Finger Gloves\"}]},{\"@type\":\"WebSite\",\"@id\":\"https:\/\/jncvietnam.com\/en\/#website\",\"url\":\"https:\/\/jncvietnam.com\/en\/\",\"name\":\"JNC VN\",\"description\":\"HTH\",\"potentialAction\":[{\"@type\":\"SearchAction\",\"target\":{\"@type\":\"EntryPoint\",\"urlTemplate\":\"https:\/\/jncvietnam.com\/en\/?s={search_term_string}\"},\"query-input\":{\"@type\":\"PropertyValueSpecification\",\"valueRequired\":true,\"valueName\":\"search_term_string\"}}],\"inLanguage\":\"vi\"}]}<\/script>\n<!-- \/ Yoast SEO plugin. -->","yoast_head_json":{"title":"PU Coated Finger Gloves - JNC VN","robots":{"index":"index","follow":"follow","max-snippet":"max-snippet:-1","max-image-preview":"max-image-preview:large","max-video-preview":"max-video-preview:-1"},"canonical":"https:\/\/jncvietnam.com\/en\/san-pham\/pu-coated-finger-gloves\/","og_locale":"vi_VN","og_type":"article","og_title":"PU Coated Finger Gloves - JNC VN","og_description":"Ch\u1ea5t li\u1ec7u: 100% Polyester c\u00f3 pha s\u1ee3i carbon  M\u00e0u s\u1eafc : Tr\u1eafng PU ng\u00f3n  Size: S,M,L  Lo\u1ea1i: Ph\u1ee7 PU \u0111\u1ea7u ng\u00f3n tay  T\u00ednh n\u0103ng : Ch\u1ed1ng t\u0129nh \u0111i\u1ec7n","og_url":"https:\/\/jncvietnam.com\/en\/san-pham\/pu-coated-finger-gloves\/","og_site_name":"JNC VN","article_modified_time":"2021-06-22T09:15:57+00:00","og_image":[{"width":400,"height":310,"url":"https:\/\/jncvietnam.com\/en\/wp-content\/uploads\/2021\/06\/7f72c32f939866c63f89.jpg","type":"image\/jpeg"}],"twitter_card":"summary_large_image","twitter_misc":{"\u01af\u1edbc t\u00ednh th\u1eddi gian \u0111\u1ecdc":"2 ph\u00fat"},"schema":{"@context":"https:\/\/schema.org","@graph":[{"@type":"WebPage","@id":"https:\/\/jncvietnam.com\/en\/san-pham\/pu-coated-finger-gloves\/","url":"https:\/\/jncvietnam.com\/en\/san-pham\/pu-coated-finger-gloves\/","name":"PU Coated Finger Gloves - JNC VN","isPartOf":{"@id":"https:\/\/jncvietnam.com\/en\/#website"},"primaryImageOfPage":{"@id":"https:\/\/jncvietnam.com\/en\/san-pham\/pu-coated-finger-gloves\/#primaryimage"},"image":{"@id":"https:\/\/jncvietnam.com\/en\/san-pham\/pu-coated-finger-gloves\/#primaryimage"},"thumbnailUrl":"https:\/\/jncvietnam.com\/en\/wp-content\/uploads\/2021\/06\/7f72c32f939866c63f89.jpg","datePublished":"2021-06-04T09:25:50+00:00","dateModified":"2021-06-22T09:15:57+00:00","breadcrumb":{"@id":"https:\/\/jncvietnam.com\/en\/san-pham\/pu-coated-finger-gloves\/#breadcrumb"},"inLanguage":"vi","potentialAction":[{"@type":"ReadAction","target":["https:\/\/jncvietnam.com\/en\/san-pham\/pu-coated-finger-gloves\/"]}]},{"@type":"ImageObject","inLanguage":"vi","@id":"https:\/\/jncvietnam.com\/en\/san-pham\/pu-coated-finger-gloves\/#primaryimage","url":"https:\/\/jncvietnam.com\/en\/wp-content\/uploads\/2021\/06\/7f72c32f939866c63f89.jpg","contentUrl":"https:\/\/jncvietnam.com\/en\/wp-content\/uploads\/2021\/06\/7f72c32f939866c63f89.jpg","width":400,"height":310},{"@type":"BreadcrumbList","@id":"https:\/\/jncvietnam.com\/en\/san-pham\/pu-coated-finger-gloves\/#breadcrumb","itemListElement":[{"@type":"ListItem","position":1,"name":"Trang ch\u1ee7","item":"https:\/\/jncvietnam.com\/en\/"},{"@type":"ListItem","position":2,"name":"Product","item":"https:\/\/jncvietnam.com\/en\/product\/"},{"@type":"ListItem","position":3,"name":"PU Coated Finger Gloves"}]},{"@type":"WebSite","@id":"https:\/\/jncvietnam.com\/en\/#website","url":"https:\/\/jncvietnam.com\/en\/","name":"JNC VN","description":"HTH","potentialAction":[{"@type":"SearchAction","target":{"@type":"EntryPoint","urlTemplate":"https:\/\/jncvietnam.com\/en\/?s={search_term_string}"},"query-input":{"@type":"PropertyValueSpecification","valueRequired":true,"valueName":"search_term_string"}}],"inLanguage":"vi"}]}},"_links":{"self":[{"href":"https:\/\/jncvietnam.com\/en\/wp-json\/wp\/v2\/product\/1523","targetHints":{"allow":["GET"]}}],"collection":[{"href":"https:\/\/jncvietnam.com\/en\/wp-json\/wp\/v2\/product"}],"about":[{"href":"https:\/\/jncvietnam.com\/en\/wp-json\/wp\/v2\/types\/product"}],"replies":[{"embeddable":true,"href":"https:\/\/jncvietnam.com\/en\/wp-json\/wp\/v2\/comments?post=1523"}],"wp:featuredmedia":[{"embeddable":true,"href":"https:\/\/jncvietnam.com\/en\/wp-json\/wp\/v2\/media\/1524"}],"wp:attachment":[{"href":"https:\/\/jncvietnam.com\/en\/wp-json\/wp\/v2\/media?parent=1523"}],"wp:term":[{"taxonomy":"product_brand","embeddable":true,"href":"https:\/\/jncvietnam.com\/en\/wp-json\/wp\/v2\/product_brand?post=1523"},{"taxonomy":"product_cat","embeddable":true,"href":"https:\/\/jncvietnam.com\/en\/wp-json\/wp\/v2\/product_cat?post=1523"},{"taxonomy":"product_tag","embeddable":true,"href":"https:\/\/jncvietnam.com\/en\/wp-json\/wp\/v2\/product_tag?post=1523"}],"curies":[{"name":"wp","href":"https:\/\/api.w.org\/{rel}","templated":true}]}}