{"id":1530,"date":"2021-06-04T17:22:13","date_gmt":"2021-06-04T10:22:13","guid":{"rendered":"https:\/\/jncvietnam.com\/en\/?post_type=product&#038;p=1530"},"modified":"2021-06-22T16:11:08","modified_gmt":"2021-06-22T09:11:08","slug":"ground-cord","status":"publish","type":"product","link":"https:\/\/jncvietnam.com\/en\/san-pham\/ground-cord\/","title":{"rendered":"Ground Cord"},"content":{"rendered":"<p>D\u00e2y ti\u1ebfp \u0111\u1ea5t ch\u1ed1ng t\u0129nh \u0111i\u1ec7n th\u01b0\u1eddng \u0111\u01b0\u1ee3c s\u1eed d\u1ee5ng \u0111\u1ec3 l\u00e0m gi\u1ea3m t\u0129nh \u0111i\u1ec7n c\u1ee7a m\u1eb7t b\u00e0n l\u00e0m vi\u1ec7c xu\u1ed1ng m\u1eb7t \u0111\u1ea5t ho\u1eb7c t\u1eeb c\u00e1c thi\u1ebft b\u1ecb \u0111i\u1ec7n t\u1eed v\u1edbi m\u1eb7t s\u00e0n nh\u1eb1m m\u1ee5c \u0111\u00ednh c\u00e2n b\u1eb1ng \u0111i\u1ec7n t\u00edch gi\u1eefa c\u00e1c b\u1ec1 m\u1eb7t trong m\u00f4i tr\u01b0\u1eddng l\u00e0m vi\u1ec7c.<\/p>\n<p><img loading=\"lazy\" decoding=\"async\" class=\"aligncenter wp-image-1531 size-full\" src=\"https:\/\/jncvietnam.com\/en\/wp-content\/uploads\/2021\/06\/fdcbf4220595f0cba984.jpg\" alt=\"\" width=\"355\" height=\"336\" srcset=\"https:\/\/jncvietnam.com\/en\/wp-content\/uploads\/2021\/06\/fdcbf4220595f0cba984.jpg 355w, https:\/\/jncvietnam.com\/en\/wp-content\/uploads\/2021\/06\/fdcbf4220595f0cba984-300x284.jpg 300w\" sizes=\"auto, (max-width: 355px) 100vw, 355px\" \/><\/p>\n<h3><span style=\"color: #00a859;\">C\u1ea5u t\u1ea1o h\u00ecnh th\u00e0nh n\u00ean d\u00e2y ti\u1ebfp \u0111\u1ea5t ch\u1ed1ng t\u0129nh \u0111i\u1ec7n<\/span><\/h3>\n<div>D\u00e2y ch\u1ed1ng t\u0129nh \u0111i\u1ec7n c\u00f3 3 ph\u1ea7n l\u00e0 \u0111\u1ea7u n\u1ed1i c\u00f3 d\u1ea1ng tr\u00f2n, \u0111\u1ea7u k\u1eb9p v\u00e0 d\u00e2y cao su \u0111\u00e0n h\u1ed3i \u1edf gi\u1eefa gi\u00fap cho vi\u1ec7c keo d\u00e3n \u0111\u01b0\u1ee3c tr\u1edf n\u00ean d\u1ec5 d\u00e0ng h\u01a1n r\u1ea5t nhi\u1ec1u t\u1ea1o \u0111i\u1ec1u ki\u1ec7n t\u1ed1t khi l\u00e0m vi\u1ec7c<\/div>\n<h3><span style=\"color: #00a859;\">\u01afu \u0111i\u1ec3m c\u1ee7a d\u00e2y n\u1ed1i \u0111\u1ea5t ch\u1ed1ng t\u0129nh \u0111i\u1ec7n<\/span><\/h3>\n<div>C\u00e2n b\u1eb1ng \u0111i\u1ec7n trong m\u00f4i tr\u01b0\u1eddng l\u00e0m vi\u1ec7c, l\u00e0m gi\u1ea3m kh\u1ea3 n\u0103ng truy\u1ec1n t\u0129nh \u0111i\u1ec7n ph\u00f2ng tr\u00e1nh tr\u01b0\u1eddng h\u1ee3p x\u1ea3y ra s\u1ef1 ph\u00f3ng t\u0129nh \u0111i\u1ec7n \u1edf c\u00e1c thi\u1ebft b\u1ecb \u0111i\u1ec7n t\u1eed<\/div>\n<div>S\u1ea3n ph\u1ea9m \u0111\u1ea1t ti\u00eau chu\u1ea9n s\u1ea3n xu\u1ea5t v\u00e0 m\u1ee5c ti\u00eau c\u1ee7a kh\u00e1ch h\u00e0ng<\/div>\n<div><\/div>\n<div>D\u00e2y ti\u1ebfp \u0111\u1ea5t ch\u1ed1ng t\u0129nh \u0111i\u1ec7n th\u01b0\u1eddng \u0111\u01b0\u1ee3c s\u1eed d\u1ee5ng trong c\u00e1c nh\u00e0 m\u00e1y, nh\u00e0 x\u01b0\u1edfng, c\u00e1c khu c\u00f4ng nghi\u1ec7p s\u1ea3n xu\u1ea5t c\u00f4ng ngh\u1ec7, linh ki\u1ec7n \u0111i\u1ec7n t\u1eed, c\u00e1c khu qu\u00e2n s\u1ef1 v\u00e0 s\u1ea3n xu\u1ea5t h\u00f3a ch\u1ea5t<\/div>\n<div><\/div>\n<div>D\u00e2y c\u00f3 \u0111\u1ed9 d\u00e0i ng\u1eafn kh\u00e1c nhau t\u00f9y thu\u1ed9c v\u00e0o m\u1ee5c \u0111\u00edch s\u1eed d\u1ee5ng trong c\u00f4ng vi\u1ec7c, d\u00e2y c\u00f3 k\u00edch th\u01b0\u1edbc ch\u00ednh l\u00e0 1,8m v\u00e0 2,4m..Ngo\u00e0i ra c\u00f4ng ty ch\u00fang t\u00f4i nh\u1eadn \u0111\u1eb7t k\u00edch th\u01b0\u1edbc d\u00e2y theo y\u00eau c\u1ea7u c\u1ee7a kh\u00e1ch h\u00e0ng<\/div>\n<div><\/div>\n","protected":false},"excerpt":{"rendered":"<ul>\n<li>Lo\u1ea1i: 1 \u0111\u1ea7u tr\u00f2n \/ 1 \u0111\u1ea7u k\u1eb9p<\/li>\n<li>K\u00edch th\u01b0\u1edbc: 2,4m<\/li>\n<li>\u0110\u01b0\u1eddng k\u00ednh d\u00e2y: 2.4mm<\/li>\n<li>Tinh n\u0103ng: D\u00e2y n\u1ed1i ch\u1ed1ng t\u0129nh \u0111i\u1ec7n<\/li>\n<\/ul>\n","protected":false},"featured_media":1531,"comment_status":"open","ping_status":"closed","template":"","meta":[],"product_brand":[],"product_cat":[66,104],"product_tag":[],"class_list":{"0":"post-1530","1":"product","2":"type-product","3":"status-publish","4":"has-post-thumbnail","6":"product_cat-day-vong-chong-tinh-dien","7":"product_cat-day-vong-chong-tinh-dien-vat-tu-khac","9":"first","10":"instock","11":"shipping-taxable","12":"product-type-simple"},"yoast_head":"<!-- This site is optimized with the Yoast SEO plugin v26.8 - https:\/\/yoast.com\/product\/yoast-seo-wordpress\/ -->\n<title>Ground Cord - JNC VN<\/title>\n<meta name=\"robots\" content=\"index, follow, max-snippet:-1, max-image-preview:large, max-video-preview:-1\" \/>\n<link rel=\"canonical\" href=\"https:\/\/jncvietnam.com\/en\/san-pham\/ground-cord\/\" \/>\n<meta property=\"og:locale\" content=\"vi_VN\" \/>\n<meta property=\"og:type\" content=\"article\" \/>\n<meta property=\"og:title\" content=\"Ground Cord - JNC VN\" \/>\n<meta property=\"og:description\" content=\"Lo\u1ea1i: 1 \u0111\u1ea7u tr\u00f2n \/ 1 \u0111\u1ea7u k\u1eb9p  K\u00edch th\u01b0\u1edbc: 2,4m  \u0110\u01b0\u1eddng k\u00ednh d\u00e2y: 2.4mm  Tinh n\u0103ng: D\u00e2y n\u1ed1i ch\u1ed1ng t\u0129nh \u0111i\u1ec7n\" \/>\n<meta property=\"og:url\" content=\"https:\/\/jncvietnam.com\/en\/san-pham\/ground-cord\/\" \/>\n<meta property=\"og:site_name\" content=\"JNC VN\" \/>\n<meta property=\"article:modified_time\" content=\"2021-06-22T09:11:08+00:00\" \/>\n<meta property=\"og:image\" content=\"https:\/\/jncvietnam.com\/en\/wp-content\/uploads\/2021\/06\/fdcbf4220595f0cba984.jpg\" \/>\n\t<meta property=\"og:image:width\" content=\"355\" \/>\n\t<meta property=\"og:image:height\" content=\"336\" \/>\n\t<meta property=\"og:image:type\" content=\"image\/jpeg\" \/>\n<meta name=\"twitter:card\" content=\"summary_large_image\" \/>\n<meta name=\"twitter:label1\" content=\"\u01af\u1edbc t\u00ednh th\u1eddi gian \u0111\u1ecdc\" \/>\n\t<meta name=\"twitter:data1\" content=\"2 ph\u00fat\" \/>\n<script type=\"application\/ld+json\" class=\"yoast-schema-graph\">{\"@context\":\"https:\/\/schema.org\",\"@graph\":[{\"@type\":\"WebPage\",\"@id\":\"https:\/\/jncvietnam.com\/en\/san-pham\/ground-cord\/\",\"url\":\"https:\/\/jncvietnam.com\/en\/san-pham\/ground-cord\/\",\"name\":\"Ground Cord - JNC VN\",\"isPartOf\":{\"@id\":\"https:\/\/jncvietnam.com\/en\/#website\"},\"primaryImageOfPage\":{\"@id\":\"https:\/\/jncvietnam.com\/en\/san-pham\/ground-cord\/#primaryimage\"},\"image\":{\"@id\":\"https:\/\/jncvietnam.com\/en\/san-pham\/ground-cord\/#primaryimage\"},\"thumbnailUrl\":\"https:\/\/jncvietnam.com\/en\/wp-content\/uploads\/2021\/06\/fdcbf4220595f0cba984.jpg\",\"datePublished\":\"2021-06-04T10:22:13+00:00\",\"dateModified\":\"2021-06-22T09:11:08+00:00\",\"breadcrumb\":{\"@id\":\"https:\/\/jncvietnam.com\/en\/san-pham\/ground-cord\/#breadcrumb\"},\"inLanguage\":\"vi\",\"potentialAction\":[{\"@type\":\"ReadAction\",\"target\":[\"https:\/\/jncvietnam.com\/en\/san-pham\/ground-cord\/\"]}]},{\"@type\":\"ImageObject\",\"inLanguage\":\"vi\",\"@id\":\"https:\/\/jncvietnam.com\/en\/san-pham\/ground-cord\/#primaryimage\",\"url\":\"https:\/\/jncvietnam.com\/en\/wp-content\/uploads\/2021\/06\/fdcbf4220595f0cba984.jpg\",\"contentUrl\":\"https:\/\/jncvietnam.com\/en\/wp-content\/uploads\/2021\/06\/fdcbf4220595f0cba984.jpg\",\"width\":355,\"height\":336},{\"@type\":\"BreadcrumbList\",\"@id\":\"https:\/\/jncvietnam.com\/en\/san-pham\/ground-cord\/#breadcrumb\",\"itemListElement\":[{\"@type\":\"ListItem\",\"position\":1,\"name\":\"Trang ch\u1ee7\",\"item\":\"https:\/\/jncvietnam.com\/en\/\"},{\"@type\":\"ListItem\",\"position\":2,\"name\":\"Product\",\"item\":\"https:\/\/jncvietnam.com\/en\/product\/\"},{\"@type\":\"ListItem\",\"position\":3,\"name\":\"Ground Cord\"}]},{\"@type\":\"WebSite\",\"@id\":\"https:\/\/jncvietnam.com\/en\/#website\",\"url\":\"https:\/\/jncvietnam.com\/en\/\",\"name\":\"JNC VN\",\"description\":\"HTH\",\"potentialAction\":[{\"@type\":\"SearchAction\",\"target\":{\"@type\":\"EntryPoint\",\"urlTemplate\":\"https:\/\/jncvietnam.com\/en\/?s={search_term_string}\"},\"query-input\":{\"@type\":\"PropertyValueSpecification\",\"valueRequired\":true,\"valueName\":\"search_term_string\"}}],\"inLanguage\":\"vi\"}]}<\/script>\n<!-- \/ Yoast SEO plugin. -->","yoast_head_json":{"title":"Ground Cord - JNC VN","robots":{"index":"index","follow":"follow","max-snippet":"max-snippet:-1","max-image-preview":"max-image-preview:large","max-video-preview":"max-video-preview:-1"},"canonical":"https:\/\/jncvietnam.com\/en\/san-pham\/ground-cord\/","og_locale":"vi_VN","og_type":"article","og_title":"Ground Cord - JNC VN","og_description":"Lo\u1ea1i: 1 \u0111\u1ea7u tr\u00f2n \/ 1 \u0111\u1ea7u k\u1eb9p  K\u00edch th\u01b0\u1edbc: 2,4m  \u0110\u01b0\u1eddng k\u00ednh d\u00e2y: 2.4mm  Tinh n\u0103ng: D\u00e2y n\u1ed1i ch\u1ed1ng t\u0129nh \u0111i\u1ec7n","og_url":"https:\/\/jncvietnam.com\/en\/san-pham\/ground-cord\/","og_site_name":"JNC VN","article_modified_time":"2021-06-22T09:11:08+00:00","og_image":[{"width":355,"height":336,"url":"https:\/\/jncvietnam.com\/en\/wp-content\/uploads\/2021\/06\/fdcbf4220595f0cba984.jpg","type":"image\/jpeg"}],"twitter_card":"summary_large_image","twitter_misc":{"\u01af\u1edbc t\u00ednh th\u1eddi gian \u0111\u1ecdc":"2 ph\u00fat"},"schema":{"@context":"https:\/\/schema.org","@graph":[{"@type":"WebPage","@id":"https:\/\/jncvietnam.com\/en\/san-pham\/ground-cord\/","url":"https:\/\/jncvietnam.com\/en\/san-pham\/ground-cord\/","name":"Ground Cord - JNC VN","isPartOf":{"@id":"https:\/\/jncvietnam.com\/en\/#website"},"primaryImageOfPage":{"@id":"https:\/\/jncvietnam.com\/en\/san-pham\/ground-cord\/#primaryimage"},"image":{"@id":"https:\/\/jncvietnam.com\/en\/san-pham\/ground-cord\/#primaryimage"},"thumbnailUrl":"https:\/\/jncvietnam.com\/en\/wp-content\/uploads\/2021\/06\/fdcbf4220595f0cba984.jpg","datePublished":"2021-06-04T10:22:13+00:00","dateModified":"2021-06-22T09:11:08+00:00","breadcrumb":{"@id":"https:\/\/jncvietnam.com\/en\/san-pham\/ground-cord\/#breadcrumb"},"inLanguage":"vi","potentialAction":[{"@type":"ReadAction","target":["https:\/\/jncvietnam.com\/en\/san-pham\/ground-cord\/"]}]},{"@type":"ImageObject","inLanguage":"vi","@id":"https:\/\/jncvietnam.com\/en\/san-pham\/ground-cord\/#primaryimage","url":"https:\/\/jncvietnam.com\/en\/wp-content\/uploads\/2021\/06\/fdcbf4220595f0cba984.jpg","contentUrl":"https:\/\/jncvietnam.com\/en\/wp-content\/uploads\/2021\/06\/fdcbf4220595f0cba984.jpg","width":355,"height":336},{"@type":"BreadcrumbList","@id":"https:\/\/jncvietnam.com\/en\/san-pham\/ground-cord\/#breadcrumb","itemListElement":[{"@type":"ListItem","position":1,"name":"Trang ch\u1ee7","item":"https:\/\/jncvietnam.com\/en\/"},{"@type":"ListItem","position":2,"name":"Product","item":"https:\/\/jncvietnam.com\/en\/product\/"},{"@type":"ListItem","position":3,"name":"Ground Cord"}]},{"@type":"WebSite","@id":"https:\/\/jncvietnam.com\/en\/#website","url":"https:\/\/jncvietnam.com\/en\/","name":"JNC VN","description":"HTH","potentialAction":[{"@type":"SearchAction","target":{"@type":"EntryPoint","urlTemplate":"https:\/\/jncvietnam.com\/en\/?s={search_term_string}"},"query-input":{"@type":"PropertyValueSpecification","valueRequired":true,"valueName":"search_term_string"}}],"inLanguage":"vi"}]}},"_links":{"self":[{"href":"https:\/\/jncvietnam.com\/en\/wp-json\/wp\/v2\/product\/1530","targetHints":{"allow":["GET"]}}],"collection":[{"href":"https:\/\/jncvietnam.com\/en\/wp-json\/wp\/v2\/product"}],"about":[{"href":"https:\/\/jncvietnam.com\/en\/wp-json\/wp\/v2\/types\/product"}],"replies":[{"embeddable":true,"href":"https:\/\/jncvietnam.com\/en\/wp-json\/wp\/v2\/comments?post=1530"}],"wp:featuredmedia":[{"embeddable":true,"href":"https:\/\/jncvietnam.com\/en\/wp-json\/wp\/v2\/media\/1531"}],"wp:attachment":[{"href":"https:\/\/jncvietnam.com\/en\/wp-json\/wp\/v2\/media?parent=1530"}],"wp:term":[{"taxonomy":"product_brand","embeddable":true,"href":"https:\/\/jncvietnam.com\/en\/wp-json\/wp\/v2\/product_brand?post=1530"},{"taxonomy":"product_cat","embeddable":true,"href":"https:\/\/jncvietnam.com\/en\/wp-json\/wp\/v2\/product_cat?post=1530"},{"taxonomy":"product_tag","embeddable":true,"href":"https:\/\/jncvietnam.com\/en\/wp-json\/wp\/v2\/product_tag?post=1530"}],"curies":[{"name":"wp","href":"https:\/\/api.w.org\/{rel}","templated":true}]}}