{"id":1555,"date":"2021-06-07T14:48:09","date_gmt":"2021-06-07T07:48:09","guid":{"rendered":"https:\/\/jncvietnam.com\/en\/?post_type=product&#038;p=1555"},"modified":"2021-06-22T16:08:42","modified_gmt":"2021-06-22T09:08:42","slug":"sticky-mat-china","status":"publish","type":"product","link":"https:\/\/jncvietnam.com\/en\/san-pham\/sticky-mat-china\/","title":{"rendered":"Sticky Mat- China"},"content":{"rendered":"<h3><span style=\"color: #00a859;\">\u1ee8ng d\u1ee5ng th\u1ea3m d\u00ednh b\u1ee5i ph\u00f2ng s\u1ea1ch<\/span><\/h3>\n<p>\u2013 S\u1ea3n ph\u1ea9m \u0111\u01b0\u1ee3c \u1ee9ng d\u1ee5ng r\u1ed9ng r\u00e3i trong c\u00f4ng nghi\u1ec7p \u0111i\u1ec7n t\u1eed<br \/>\n\u2013 D\u00f9ng trong c\u00f4ng nghi\u1ec7p b\u00e1n d\u1eabn.<br \/>\n\u2013 D\u00f9ng trong y h\u1ecdc, s\u1ea3n xu\u1ea5t d\u01b0\u1ee3c ph\u1ea9m.<br \/>\n\u2013 S\u1eed d\u1ee5ng trong s\u1ea3n xu\u1ea5t d\u01b0\u1ee3c h\u1ecdc h\u00f3a sinh.<br \/>\n\u2013 S\u1eed d\u1ee5ng cho ph\u00f2ng m\u1ed5 v\u00e0 c\u00f4ng nghi\u1ec7p l\u00e0m s\u1ea1ch.<br \/>\n\u2013 Th\u1ea3m d\u00ednh b\u1ee5i ph\u00f2ng s\u1ea1ch<\/p>\n<h3><span style=\"color: #00a859;\">H\u01b0\u1edbng d\u1eabn s\u1eed d\u1ee5ng th\u1ea3m d\u00ednh b\u1ee5i ph\u00f2ng s\u1ea1ch<\/span><\/h3>\n<p>\u0110\u1eb7t th\u1ea3m tr\u00ean s\u00e0n b\u1eb1ng ph\u1eb3ng, c\u1ed1 \u0111\u1ecbnh b\u1eb1ng khung th\u1ea3m kho\u1eb7c keo d\u00e1n.<br \/>\nD\u00e1n th\u1ea3m ch\u1eafc ch\u1eafn xu\u1ed1ng \u0111\u1ec3 gi\u1eef ch\u1eb7t th\u1ea3m kh\u00f4ng b\u1ecb x\u00ea d\u1ecbch khi \u0111i l\u1ea1i.<br \/>\nKhi th\u1ea3m h\u1ebft kh\u1ea3 n\u0103ng d\u00ednh b\u1ee5i ta l\u1ed9t t\u1eebng l\u1edbp ra, d\u1ef1a v\u00e0o s\u1ed1 th\u1ee9 t\u1ef1 b\u00ean tr\u00ean th\u1ea3m \u0111\u1ec3 nh\u1eadn \u0111\u1ecbnh th\u1ea3m \u0111\u00e3 \u0111\u01b0\u1ee3c thay hay ch\u01b0a.<br \/>\nNgo\u00e0i s\u1ea3n ph\u1ea9m th\u1ea3m d\u00ednh b\u1ecbu Sticky mat ra, b\u00ean t\u00f4i c\u00f4ng ty megaline c\u00f2n r\u1ea5t nhi\u1ec1u s\u1ea3n ph\u1ea9m h\u1eefu \u00edch kh\u00e1c li\u00ean quan \u0111\u1ebfn ph\u00f2ng s\u1ea1ch nh\u01b0: b\u0103ng d\u00ednh, khay t\u00fai ch\u1ed1ng t\u0129nh \u0111i\u1ec7n, qu\u1ea7n \u00e1o, thi\u1ebft b\u1ecb c\u00f4ng nghi\u1ec7p<\/p>\n","protected":false},"excerpt":{"rendered":"<p>\u1ee8ng d\u1ee5ng th\u1ea3m d\u00ednh b\u1ee5i ph\u00f2ng s\u1ea1ch \u2013 S\u1ea3n ph\u1ea9m \u0111\u01b0\u1ee3c \u1ee9ng d\u1ee5ng r\u1ed9ng r\u00e3i trong c\u00f4ng nghi\u1ec7p \u0111i\u1ec7n t\u1eed \u2013 D\u00f9ng trong c\u00f4ng nghi\u1ec7p b\u00e1n d\u1eabn. \u2013 D\u00f9ng trong y h\u1ecdc, s\u1ea3n xu\u1ea5t d\u01b0\u1ee3c ph\u1ea9m. \u2013 S\u1eed d\u1ee5ng trong s\u1ea3n xu\u1ea5t d\u01b0\u1ee3c h\u1ecdc h\u00f3a sinh. \u2013 S\u1eed d\u1ee5ng cho ph\u00f2ng m\u1ed5 v\u00e0 c\u00f4ng nghi\u1ec7p [&#8230;]\n","protected":false},"featured_media":1556,"comment_status":"open","ping_status":"closed","template":"","meta":[],"product_brand":[],"product_cat":[111,73,53],"product_tag":[],"class_list":{"0":"post-1555","1":"product","2":"type-product","3":"status-publish","4":"has-post-thumbnail","6":"product_cat-san-pham-noi-bat","7":"product_cat-tham-dinh-bui","8":"product_cat-tham-dinh-bui-phong-sach","10":"first","11":"instock","12":"shipping-taxable","13":"product-type-simple"},"yoast_head":"<!-- This site is optimized with the Yoast SEO plugin v26.8 - https:\/\/yoast.com\/product\/yoast-seo-wordpress\/ -->\n<title>Sticky Mat- China - JNC VN<\/title>\n<meta name=\"robots\" content=\"index, follow, max-snippet:-1, max-image-preview:large, max-video-preview:-1\" \/>\n<link rel=\"canonical\" href=\"https:\/\/jncvietnam.com\/en\/san-pham\/sticky-mat-china\/\" \/>\n<meta property=\"og:locale\" content=\"vi_VN\" \/>\n<meta property=\"og:type\" content=\"article\" \/>\n<meta property=\"og:title\" content=\"Sticky Mat- China - JNC VN\" \/>\n<meta property=\"og:description\" content=\"\u1ee8ng d\u1ee5ng th\u1ea3m d\u00ednh b\u1ee5i ph\u00f2ng s\u1ea1ch \u2013 S\u1ea3n ph\u1ea9m \u0111\u01b0\u1ee3c \u1ee9ng d\u1ee5ng r\u1ed9ng r\u00e3i trong c\u00f4ng nghi\u1ec7p \u0111i\u1ec7n t\u1eed \u2013 D\u00f9ng trong c\u00f4ng nghi\u1ec7p b\u00e1n d\u1eabn. \u2013 D\u00f9ng trong y h\u1ecdc, s\u1ea3n xu\u1ea5t d\u01b0\u1ee3c ph\u1ea9m. \u2013 S\u1eed d\u1ee5ng trong s\u1ea3n xu\u1ea5t d\u01b0\u1ee3c h\u1ecdc h\u00f3a sinh. \u2013 S\u1eed d\u1ee5ng cho ph\u00f2ng m\u1ed5 v\u00e0 c\u00f4ng nghi\u1ec7p [...]\" \/>\n<meta property=\"og:url\" content=\"https:\/\/jncvietnam.com\/en\/san-pham\/sticky-mat-china\/\" \/>\n<meta property=\"og:site_name\" content=\"JNC VN\" \/>\n<meta property=\"article:modified_time\" content=\"2021-06-22T09:08:42+00:00\" \/>\n<meta property=\"og:image\" content=\"https:\/\/jncvietnam.com\/en\/wp-content\/uploads\/2021\/06\/Tham-dinh-bui-3.jpg\" \/>\n\t<meta property=\"og:image:width\" content=\"303\" \/>\n\t<meta property=\"og:image:height\" content=\"166\" \/>\n\t<meta property=\"og:image:type\" content=\"image\/jpeg\" \/>\n<meta name=\"twitter:card\" content=\"summary_large_image\" \/>\n<meta name=\"twitter:label1\" content=\"\u01af\u1edbc t\u00ednh th\u1eddi gian \u0111\u1ecdc\" \/>\n\t<meta name=\"twitter:data1\" content=\"1 ph\u00fat\" \/>\n<script type=\"application\/ld+json\" class=\"yoast-schema-graph\">{\"@context\":\"https:\/\/schema.org\",\"@graph\":[{\"@type\":\"WebPage\",\"@id\":\"https:\/\/jncvietnam.com\/en\/san-pham\/sticky-mat-china\/\",\"url\":\"https:\/\/jncvietnam.com\/en\/san-pham\/sticky-mat-china\/\",\"name\":\"Sticky Mat- China - JNC VN\",\"isPartOf\":{\"@id\":\"https:\/\/jncvietnam.com\/en\/#website\"},\"primaryImageOfPage\":{\"@id\":\"https:\/\/jncvietnam.com\/en\/san-pham\/sticky-mat-china\/#primaryimage\"},\"image\":{\"@id\":\"https:\/\/jncvietnam.com\/en\/san-pham\/sticky-mat-china\/#primaryimage\"},\"thumbnailUrl\":\"https:\/\/jncvietnam.com\/en\/wp-content\/uploads\/2021\/06\/Tham-dinh-bui-3.jpg\",\"datePublished\":\"2021-06-07T07:48:09+00:00\",\"dateModified\":\"2021-06-22T09:08:42+00:00\",\"breadcrumb\":{\"@id\":\"https:\/\/jncvietnam.com\/en\/san-pham\/sticky-mat-china\/#breadcrumb\"},\"inLanguage\":\"vi\",\"potentialAction\":[{\"@type\":\"ReadAction\",\"target\":[\"https:\/\/jncvietnam.com\/en\/san-pham\/sticky-mat-china\/\"]}]},{\"@type\":\"ImageObject\",\"inLanguage\":\"vi\",\"@id\":\"https:\/\/jncvietnam.com\/en\/san-pham\/sticky-mat-china\/#primaryimage\",\"url\":\"https:\/\/jncvietnam.com\/en\/wp-content\/uploads\/2021\/06\/Tham-dinh-bui-3.jpg\",\"contentUrl\":\"https:\/\/jncvietnam.com\/en\/wp-content\/uploads\/2021\/06\/Tham-dinh-bui-3.jpg\",\"width\":303,\"height\":166},{\"@type\":\"BreadcrumbList\",\"@id\":\"https:\/\/jncvietnam.com\/en\/san-pham\/sticky-mat-china\/#breadcrumb\",\"itemListElement\":[{\"@type\":\"ListItem\",\"position\":1,\"name\":\"Trang ch\u1ee7\",\"item\":\"https:\/\/jncvietnam.com\/en\/\"},{\"@type\":\"ListItem\",\"position\":2,\"name\":\"Product\",\"item\":\"https:\/\/jncvietnam.com\/en\/product\/\"},{\"@type\":\"ListItem\",\"position\":3,\"name\":\"Sticky Mat- China\"}]},{\"@type\":\"WebSite\",\"@id\":\"https:\/\/jncvietnam.com\/en\/#website\",\"url\":\"https:\/\/jncvietnam.com\/en\/\",\"name\":\"JNC VN\",\"description\":\"HTH\",\"potentialAction\":[{\"@type\":\"SearchAction\",\"target\":{\"@type\":\"EntryPoint\",\"urlTemplate\":\"https:\/\/jncvietnam.com\/en\/?s={search_term_string}\"},\"query-input\":{\"@type\":\"PropertyValueSpecification\",\"valueRequired\":true,\"valueName\":\"search_term_string\"}}],\"inLanguage\":\"vi\"}]}<\/script>\n<!-- \/ Yoast SEO plugin. -->","yoast_head_json":{"title":"Sticky Mat- China - JNC VN","robots":{"index":"index","follow":"follow","max-snippet":"max-snippet:-1","max-image-preview":"max-image-preview:large","max-video-preview":"max-video-preview:-1"},"canonical":"https:\/\/jncvietnam.com\/en\/san-pham\/sticky-mat-china\/","og_locale":"vi_VN","og_type":"article","og_title":"Sticky Mat- China - JNC VN","og_description":"\u1ee8ng d\u1ee5ng th\u1ea3m d\u00ednh b\u1ee5i ph\u00f2ng s\u1ea1ch \u2013 S\u1ea3n ph\u1ea9m \u0111\u01b0\u1ee3c \u1ee9ng d\u1ee5ng r\u1ed9ng r\u00e3i trong c\u00f4ng nghi\u1ec7p \u0111i\u1ec7n t\u1eed \u2013 D\u00f9ng trong c\u00f4ng nghi\u1ec7p b\u00e1n d\u1eabn. \u2013 D\u00f9ng trong y h\u1ecdc, s\u1ea3n xu\u1ea5t d\u01b0\u1ee3c ph\u1ea9m. \u2013 S\u1eed d\u1ee5ng trong s\u1ea3n xu\u1ea5t d\u01b0\u1ee3c h\u1ecdc h\u00f3a sinh. \u2013 S\u1eed d\u1ee5ng cho ph\u00f2ng m\u1ed5 v\u00e0 c\u00f4ng nghi\u1ec7p [...]","og_url":"https:\/\/jncvietnam.com\/en\/san-pham\/sticky-mat-china\/","og_site_name":"JNC VN","article_modified_time":"2021-06-22T09:08:42+00:00","og_image":[{"width":303,"height":166,"url":"https:\/\/jncvietnam.com\/en\/wp-content\/uploads\/2021\/06\/Tham-dinh-bui-3.jpg","type":"image\/jpeg"}],"twitter_card":"summary_large_image","twitter_misc":{"\u01af\u1edbc t\u00ednh th\u1eddi gian \u0111\u1ecdc":"1 ph\u00fat"},"schema":{"@context":"https:\/\/schema.org","@graph":[{"@type":"WebPage","@id":"https:\/\/jncvietnam.com\/en\/san-pham\/sticky-mat-china\/","url":"https:\/\/jncvietnam.com\/en\/san-pham\/sticky-mat-china\/","name":"Sticky Mat- China - JNC VN","isPartOf":{"@id":"https:\/\/jncvietnam.com\/en\/#website"},"primaryImageOfPage":{"@id":"https:\/\/jncvietnam.com\/en\/san-pham\/sticky-mat-china\/#primaryimage"},"image":{"@id":"https:\/\/jncvietnam.com\/en\/san-pham\/sticky-mat-china\/#primaryimage"},"thumbnailUrl":"https:\/\/jncvietnam.com\/en\/wp-content\/uploads\/2021\/06\/Tham-dinh-bui-3.jpg","datePublished":"2021-06-07T07:48:09+00:00","dateModified":"2021-06-22T09:08:42+00:00","breadcrumb":{"@id":"https:\/\/jncvietnam.com\/en\/san-pham\/sticky-mat-china\/#breadcrumb"},"inLanguage":"vi","potentialAction":[{"@type":"ReadAction","target":["https:\/\/jncvietnam.com\/en\/san-pham\/sticky-mat-china\/"]}]},{"@type":"ImageObject","inLanguage":"vi","@id":"https:\/\/jncvietnam.com\/en\/san-pham\/sticky-mat-china\/#primaryimage","url":"https:\/\/jncvietnam.com\/en\/wp-content\/uploads\/2021\/06\/Tham-dinh-bui-3.jpg","contentUrl":"https:\/\/jncvietnam.com\/en\/wp-content\/uploads\/2021\/06\/Tham-dinh-bui-3.jpg","width":303,"height":166},{"@type":"BreadcrumbList","@id":"https:\/\/jncvietnam.com\/en\/san-pham\/sticky-mat-china\/#breadcrumb","itemListElement":[{"@type":"ListItem","position":1,"name":"Trang ch\u1ee7","item":"https:\/\/jncvietnam.com\/en\/"},{"@type":"ListItem","position":2,"name":"Product","item":"https:\/\/jncvietnam.com\/en\/product\/"},{"@type":"ListItem","position":3,"name":"Sticky Mat- China"}]},{"@type":"WebSite","@id":"https:\/\/jncvietnam.com\/en\/#website","url":"https:\/\/jncvietnam.com\/en\/","name":"JNC VN","description":"HTH","potentialAction":[{"@type":"SearchAction","target":{"@type":"EntryPoint","urlTemplate":"https:\/\/jncvietnam.com\/en\/?s={search_term_string}"},"query-input":{"@type":"PropertyValueSpecification","valueRequired":true,"valueName":"search_term_string"}}],"inLanguage":"vi"}]}},"_links":{"self":[{"href":"https:\/\/jncvietnam.com\/en\/wp-json\/wp\/v2\/product\/1555","targetHints":{"allow":["GET"]}}],"collection":[{"href":"https:\/\/jncvietnam.com\/en\/wp-json\/wp\/v2\/product"}],"about":[{"href":"https:\/\/jncvietnam.com\/en\/wp-json\/wp\/v2\/types\/product"}],"replies":[{"embeddable":true,"href":"https:\/\/jncvietnam.com\/en\/wp-json\/wp\/v2\/comments?post=1555"}],"wp:featuredmedia":[{"embeddable":true,"href":"https:\/\/jncvietnam.com\/en\/wp-json\/wp\/v2\/media\/1556"}],"wp:attachment":[{"href":"https:\/\/jncvietnam.com\/en\/wp-json\/wp\/v2\/media?parent=1555"}],"wp:term":[{"taxonomy":"product_brand","embeddable":true,"href":"https:\/\/jncvietnam.com\/en\/wp-json\/wp\/v2\/product_brand?post=1555"},{"taxonomy":"product_cat","embeddable":true,"href":"https:\/\/jncvietnam.com\/en\/wp-json\/wp\/v2\/product_cat?post=1555"},{"taxonomy":"product_tag","embeddable":true,"href":"https:\/\/jncvietnam.com\/en\/wp-json\/wp\/v2\/product_tag?post=1555"}],"curies":[{"name":"wp","href":"https:\/\/api.w.org\/{rel}","templated":true}]}}