{"id":1557,"date":"2021-06-07T15:08:58","date_gmt":"2021-06-07T08:08:58","guid":{"rendered":"https:\/\/jncvietnam.com\/en\/?post_type=product&#038;p=1557"},"modified":"2021-06-22T16:07:18","modified_gmt":"2021-06-22T09:07:18","slug":"sticky-roller","status":"publish","type":"product","link":"https:\/\/jncvietnam.com\/en\/san-pham\/sticky-roller\/","title":{"rendered":"Sticky Roller"},"content":{"rendered":"<p><span style=\"color: #00a859;\"><strong>Con l\u0103n d\u00ednh b\u1ee5i<\/strong><\/span> l\u00e0 s\u1ea3n ph\u1ea9m \u0111\u1ec3 l\u00e0m s\u1ea1ch c\u00e1c h\u1ea1t b\u1ee5i b\u1ea9n tr\u00ean b\u1ec1 m\u1eb7t l\u00e0m vi\u1ec7c trong ph\u00f2ng s\u1ea1ch. Trong c\u00e1c x\u01b0\u1edfng s\u1ea3n xu\u1ea5t, con l\u0103n d\u00ednh b\u1ee5i ph\u00f2ng s\u1ea1ch ch\u1ee7 y\u1ebfu \u0111\u01b0\u1ee3c d\u00f9ng \u0111\u1ec3 l\u00e0m s\u1ea1ch b\u1ee5i tr\u00ean c\u00e1c d\u00e2y chuy\u1ec1n c\u00f4ng nghi\u1ec7p, b\u1ea3n m\u1ea1ch, ho\u1eb7c d\u00ednh b\u1ee5i b\u1ea9n tr\u00ean qu\u1ea7n \u00e1o b\u1ea3o h\u1ed9 c\u1ee7a c\u00f4ng nh\u00e2n. \u0110\u00e2y l\u00e0 s\u1ea3n ph\u1ea9m r\u1ea5t \u0111\u01b0\u1ee3c \u01b0a d\u00f9ng trong ph\u00f2ng s\u1ea1ch do c\u00f3 nhi\u1ec1u \u0111\u1eb7c \u0111i\u1ec3m v\u00e0 l\u1ee3i \u00edch nh\u01b0:<\/p>\n<ul>\n<li>\u0110\u1ed9 d\u00ednh b\u1ee5i cao, c\u00f3 kh\u1ea3 n\u0103ng h\u00fat d\u00ednh c\u00e1c h\u1ea1t b\u1ee5i r\u1ea5t nh\u1ecf.<\/li>\n<li>C\u00f3 kh\u1ea3 n\u0103ng s\u1eed d\u1ee5ng nhi\u1ec1u l\u1ea7n.<\/li>\n<li>Con l\u0103n d\u00ednh b\u1ee5i \u0111\u01b0\u1ee3c qu\u1ea5n l\u1ea1i gi\u1ed1ng nh\u01b0 m\u1ed9t cu\u1ed9n b\u0103ng d\u00ednh.<\/li>\n<li>Khi s\u1eed d\u1ee5ng t\u1edbi \u0111\u00e2u, ng\u01b0\u1eddi d\u00f9ng c\u00f3 th\u1ec3 d\u1ec5 d\u00e0ng b\u00f3c l\u1edbp m\u00e0ng b\u00ean ngo\u00e0i ra v\u00e0 ti\u1ebfp t\u1ee5c s\u1eed d\u1ee5ng gi\u1ed1ng nh\u01b0 l\u00e0 m\u1ed9t cu\u1ed9n b\u0103ng d\u00ednh.<\/li>\n<li>C\u00f3 kh\u1ea3 n\u0103ng ch\u1ed1ng t\u0129nh \u0111i\u1ec7n, v\u00ec v\u1eady m\u00e0 n\u00f3 r\u1ea5t \u0111\u01b0\u1ee3c \u01b0a d\u00f9ng trong ph\u00f2ng s\u1ea1ch s\u1ea3n xu\u1ea5t ch\u1ea5t b\u00e1n d\u1eabn, linh ki\u1ec7n \u0111i\u1ec7n t\u1eed, ph\u00f2ng nghi\u00ean c\u1ee9u c\u00f4ng ngh\u1ec7 cao..<\/li>\n<li>Gi\u00e1 th\u00e0nh v\u00e0 chi ph\u00ed th\u1ea5p, ti\u1ebft ki\u1ec7m \u0111\u01b0\u1ee3c r\u1ea5t nhi\u1ec1u ti\u1ec1n b\u1ea1c.<\/li>\n<li>\u0110\u01a1n gi\u1ea3n, d\u1ec5 d\u00e0ng s\u1eed d\u1ee5ng. Ch\u1ec9 v\u1edbi m\u1ed9t con l\u0103n d\u00ednh b\u1ee5i v\u00e0 m\u1ed9t chi\u1ebfc tay c\u1ea7m c\u00f3 k\u00edch th\u01b0\u1edbc t\u01b0\u01a1ng \u1ee9ng l\u00e0 \u0111\u00e3 c\u00f3 th\u1ec3 d\u00f9ng \u0111\u1ec3 l\u1ea5y b\u1ee5i m\u1ed9t c\u00e1ch nh\u1eb9 nh\u00e0ng.<\/li>\n<\/ul>\n<p><img loading=\"lazy\" decoding=\"async\" class=\"aligncenter wp-image-1558 size-full\" src=\"https:\/\/jncvietnam.com\/en\/wp-content\/uploads\/2021\/06\/Con-lan-1.jpg\" alt=\"\" width=\"424\" height=\"424\" srcset=\"https:\/\/jncvietnam.com\/en\/wp-content\/uploads\/2021\/06\/Con-lan-1.jpg 424w, https:\/\/jncvietnam.com\/en\/wp-content\/uploads\/2021\/06\/Con-lan-1-300x300.jpg 300w, https:\/\/jncvietnam.com\/en\/wp-content\/uploads\/2021\/06\/Con-lan-1-150x150.jpg 150w, https:\/\/jncvietnam.com\/en\/wp-content\/uploads\/2021\/06\/Con-lan-1-100x100.jpg 100w\" sizes=\"auto, (max-width: 424px) 100vw, 424px\" \/><\/p>\n<h3><span style=\"color: #00a859;\">C\u1ea5u t\u1ea1o con l\u0103n d\u00ednh b\u1ee5i ph\u00f2ng s\u1ea1ch<\/span><\/h3>\n<div><strong>Con l\u0103n d\u00ednh b\u1ee5i m\u00e0ng PE:<\/strong> \u0110\u01b0\u1ee3c c\u1ea5u t\u1ea1o t\u1eeb PE m\u00e0u tr\u1eafng trong, m\u00e0u xanh. C\u00e1c l\u1edbp PE \u0111\u01b0\u1ee3c x\u1eaft r\u1ea5t m\u1ecfng, sau \u0111\u00f3 tr\u00e1ng l\u00ean m\u1ed9t lo\u1ea1i h\u1ee3p ch\u1ea5t c\u00f3 \u0111\u1ed9 k\u1ebft d\u00ednh c\u1ef1c cao c\u00f3 kh\u1ea3 n\u0103ng h\u00f2a tan trong n\u01b0\u1edbc. C\u00e1c l\u1edbp PE \u0111\u01b0\u1ee3c x\u00e1t m\u1ecfng sau \u0111\u00f3 s\u1ebd qu\u1ea5n th\u00e0nh v\u00f2ng tr\u00f2n nh\u01b0 m\u1ed9t cu\u1ed9n b\u0103ng d\u00ednh, v\u00e0 g\u1eafn v\u00e0o tay c\u1ea7m con l\u0103n<\/div>\n<div><\/div>\n<div><strong>Con l\u0103n d\u00ednh b\u1ee5i ph\u00f2ng s\u1ea1ch silicon:<\/strong> \u0111\u01b0\u1ee3c c\u1ea5u t\u1ea1o t\u1eeb nh\u1ef1a silicon c\u00f3 \u0111\u1ed9 b\u1ec1n cao. S\u1ea3n ph\u1ea9m n\u00e0y c\u00f3 kh\u1ea3 n\u0103ng d\u00ednh b\u1ee5i r\u1ea5t t\u1ed1t. B\u1ec1 m\u1eb7t c\u00f3 k\u1ebft c\u1ea5u r\u1ea5t m\u1ecbn v\u00e0 b\u00f3ng, thi\u1ebft k\u1ebf g\u1ecdn nh\u1eb9 v\u00e0 d\u1ec5 d\u00e0ng s\u1eed d\u1ee5ng. Con l\u0103n silicon c\u00f3 kh\u1ea3 n\u0103ng d\u00ednh \u0111\u01b0\u1ee3c c\u00e1c lo\u1ea1i b\u1ee5i b\u1ea9n v\u00f4 c\u00f9ng nh\u1ecf, c\u00f3 k\u00edch th\u01b0\u1edbc ch\u1ec9 2\u00b5m. Con l\u0103n silicon c\u0169ng c\u00f3 kh\u1ea3 n\u0103ng ch\u1ed1ng t\u0129nh \u0111i\u1ec7n v\u00f4 c\u00f9ng t\u1ed1t.<\/div>\n<div><\/div>\n<div><strong>Con l\u0103n d\u00ednh b\u1ee5i<\/strong> c\u00f3 nhi\u1ec1u k\u00edch th\u01b0\u1edbc v\u00e0 m\u00e0u s\u1eafc kh\u00e1c nhau, ph\u00f9 h\u1ee3p v\u1edbi t\u1eebng nhu c\u1ea7u c\u1ee7a ng\u01b0\u1eddi s\u1eed d\u1ee5ng. Hi\u1ec7n nay, ATZ Vi\u1ec7t Nam cung c\u1ea5p 2 lo\u1ea1i con l\u0103n d\u00ednh b\u1ee5i m\u00e0u tr\u1eafng v\u00e0 xanh, v\u1edbi k\u00edch th\u01b0\u1edbc: 4inch, 6inch,8inch,12inch<\/div>\n<div><\/div>\n<div><img loading=\"lazy\" decoding=\"async\" class=\"aligncenter wp-image-1559 size-full\" src=\"https:\/\/jncvietnam.com\/en\/wp-content\/uploads\/2021\/06\/Con-lan-3.jpg\" alt=\"\" width=\"481\" height=\"481\" srcset=\"https:\/\/jncvietnam.com\/en\/wp-content\/uploads\/2021\/06\/Con-lan-3.jpg 481w, https:\/\/jncvietnam.com\/en\/wp-content\/uploads\/2021\/06\/Con-lan-3-300x300.jpg 300w, https:\/\/jncvietnam.com\/en\/wp-content\/uploads\/2021\/06\/Con-lan-3-150x150.jpg 150w, https:\/\/jncvietnam.com\/en\/wp-content\/uploads\/2021\/06\/Con-lan-3-100x100.jpg 100w\" sizes=\"auto, (max-width: 481px) 100vw, 481px\" \/><\/div>\n<h3><span style=\"color: #00a859;\">\u1ee8ng d\u1ee5ng c\u1ee7a con l\u0103n d\u00ednh b\u1ee5i ph\u00f2ng s\u1ea1ch<\/span><\/h3>\n<div>L\u00e0m s\u1ea1ch b\u1ec1 m\u1eb7t trong ph\u00f2ng s\u1ea1ch, d\u00ednh c\u00e1c h\u1ea1t b\u1ee5i b\u1ea9n tr\u00ean b\u1ec1 m\u1eb7t d\u00e2y chuy\u1ec1n s\u1ea3n xu\u1ea5t, lo\u1ea1i b\u1ecf b\u1ee5i b\u1ea9n tr\u00ean c\u00e1c b\u1ea3n m\u1ea1ch \u0111i\u1ec7n t\u1eed, m\u00e0n h\u00ecnh; lo\u1ea1i b\u1ecf b\u1ee5i b\u1ea9n, t\u00f3c.. tr\u00ean \u0111\u1ed3 b\u1ea3o h\u1ed9 c\u1ee7a nh\u00e2n vi\u00ean tr\u01b0\u1edbc khi b\u01b0\u1edbc v\u00e0o ph\u00f2ng s\u1ea1ch C\u00f3 kh\u1ea3 n\u0103ng ch\u1ed1ng t\u0129nh \u0111i\u1ec7n, v\u00ec v\u1eady m\u00e0 n\u00f3 v\u00f4 c\u00f9ng an to\u00e0n \u0111\u1ed1i v\u1edbi c\u00e1c s\u1ea3n ph\u1ea9m linh ki\u1ec7n \u0111i\u1ec7n t\u1eed.<\/div>\n","protected":false},"excerpt":{"rendered":"<p>Con l\u0103n d\u00ednh b\u1ee5i l\u00e0 s\u1ea3n ph\u1ea9m \u0111\u1ec3 l\u00e0m s\u1ea1ch c\u00e1c h\u1ea1t b\u1ee5i b\u1ea9n tr\u00ean b\u1ec1 m\u1eb7t l\u00e0m vi\u1ec7c trong ph\u00f2ng s\u1ea1ch. Trong c\u00e1c x\u01b0\u1edfng s\u1ea3n xu\u1ea5t, con l\u0103n d\u00ednh b\u1ee5i ph\u00f2ng s\u1ea1ch ch\u1ee7 y\u1ebfu \u0111\u01b0\u1ee3c d\u00f9ng \u0111\u1ec3 l\u00e0m s\u1ea1ch b\u1ee5i tr\u00ean c\u00e1c d\u00e2y chuy\u1ec1n c\u00f4ng nghi\u1ec7p, b\u1ea3n m\u1ea1ch, ho\u1eb7c d\u00ednh b\u1ee5i b\u1ea9n tr\u00ean qu\u1ea7n [&#8230;]\n","protected":false},"featured_media":1560,"comment_status":"open","ping_status":"closed","template":"","meta":[],"product_brand":[],"product_cat":[49,56,75,55,74,111],"product_tag":[],"class_list":{"0":"post-1557","1":"product","2":"type-product","3":"status-publish","4":"has-post-thumbnail","6":"product_cat-con-lan-dinh-bui","7":"product_cat-can-con-lan-dinh-bui-phong-sach","8":"product_cat-con-lan","9":"product_cat-con-lan-phong-sach","10":"product_cat-con-lan-va-bang-dinh-phong-sach","11":"product_cat-san-pham-noi-bat","13":"first","14":"instock","15":"shipping-taxable","16":"product-type-simple"},"yoast_head":"<!-- This site is optimized with the Yoast SEO plugin v26.8 - https:\/\/yoast.com\/product\/yoast-seo-wordpress\/ -->\n<title>Sticky Roller - JNC VN<\/title>\n<meta name=\"robots\" content=\"index, follow, max-snippet:-1, max-image-preview:large, max-video-preview:-1\" \/>\n<link rel=\"canonical\" href=\"https:\/\/jncvietnam.com\/en\/san-pham\/sticky-roller\/\" \/>\n<meta property=\"og:locale\" content=\"vi_VN\" \/>\n<meta property=\"og:type\" content=\"article\" \/>\n<meta property=\"og:title\" content=\"Sticky Roller - JNC VN\" \/>\n<meta property=\"og:description\" content=\"Con l\u0103n d\u00ednh b\u1ee5i l\u00e0 s\u1ea3n ph\u1ea9m \u0111\u1ec3 l\u00e0m s\u1ea1ch c\u00e1c h\u1ea1t b\u1ee5i b\u1ea9n tr\u00ean b\u1ec1 m\u1eb7t l\u00e0m vi\u1ec7c trong ph\u00f2ng s\u1ea1ch. Trong c\u00e1c x\u01b0\u1edfng s\u1ea3n xu\u1ea5t, con l\u0103n d\u00ednh b\u1ee5i ph\u00f2ng s\u1ea1ch ch\u1ee7 y\u1ebfu \u0111\u01b0\u1ee3c d\u00f9ng \u0111\u1ec3 l\u00e0m s\u1ea1ch b\u1ee5i tr\u00ean c\u00e1c d\u00e2y chuy\u1ec1n c\u00f4ng nghi\u1ec7p, b\u1ea3n m\u1ea1ch, ho\u1eb7c d\u00ednh b\u1ee5i b\u1ea9n tr\u00ean qu\u1ea7n [...]\" \/>\n<meta property=\"og:url\" content=\"https:\/\/jncvietnam.com\/en\/san-pham\/sticky-roller\/\" \/>\n<meta property=\"og:site_name\" content=\"JNC VN\" \/>\n<meta property=\"article:modified_time\" content=\"2021-06-22T09:07:18+00:00\" \/>\n<meta property=\"og:image\" content=\"https:\/\/jncvietnam.com\/en\/wp-content\/uploads\/2021\/06\/Con-lan-5.jpg\" \/>\n\t<meta property=\"og:image:width\" content=\"235\" \/>\n\t<meta property=\"og:image:height\" content=\"214\" \/>\n\t<meta property=\"og:image:type\" content=\"image\/jpeg\" \/>\n<meta name=\"twitter:card\" content=\"summary_large_image\" \/>\n<meta name=\"twitter:label1\" content=\"\u01af\u1edbc t\u00ednh th\u1eddi gian \u0111\u1ecdc\" \/>\n\t<meta name=\"twitter:data1\" content=\"3 ph\u00fat\" \/>\n<script type=\"application\/ld+json\" class=\"yoast-schema-graph\">{\"@context\":\"https:\/\/schema.org\",\"@graph\":[{\"@type\":\"WebPage\",\"@id\":\"https:\/\/jncvietnam.com\/en\/san-pham\/sticky-roller\/\",\"url\":\"https:\/\/jncvietnam.com\/en\/san-pham\/sticky-roller\/\",\"name\":\"Sticky Roller - JNC VN\",\"isPartOf\":{\"@id\":\"https:\/\/jncvietnam.com\/en\/#website\"},\"primaryImageOfPage\":{\"@id\":\"https:\/\/jncvietnam.com\/en\/san-pham\/sticky-roller\/#primaryimage\"},\"image\":{\"@id\":\"https:\/\/jncvietnam.com\/en\/san-pham\/sticky-roller\/#primaryimage\"},\"thumbnailUrl\":\"https:\/\/jncvietnam.com\/en\/wp-content\/uploads\/2021\/06\/Con-lan-5.jpg\",\"datePublished\":\"2021-06-07T08:08:58+00:00\",\"dateModified\":\"2021-06-22T09:07:18+00:00\",\"breadcrumb\":{\"@id\":\"https:\/\/jncvietnam.com\/en\/san-pham\/sticky-roller\/#breadcrumb\"},\"inLanguage\":\"vi\",\"potentialAction\":[{\"@type\":\"ReadAction\",\"target\":[\"https:\/\/jncvietnam.com\/en\/san-pham\/sticky-roller\/\"]}]},{\"@type\":\"ImageObject\",\"inLanguage\":\"vi\",\"@id\":\"https:\/\/jncvietnam.com\/en\/san-pham\/sticky-roller\/#primaryimage\",\"url\":\"https:\/\/jncvietnam.com\/en\/wp-content\/uploads\/2021\/06\/Con-lan-5.jpg\",\"contentUrl\":\"https:\/\/jncvietnam.com\/en\/wp-content\/uploads\/2021\/06\/Con-lan-5.jpg\",\"width\":235,\"height\":214},{\"@type\":\"BreadcrumbList\",\"@id\":\"https:\/\/jncvietnam.com\/en\/san-pham\/sticky-roller\/#breadcrumb\",\"itemListElement\":[{\"@type\":\"ListItem\",\"position\":1,\"name\":\"Trang ch\u1ee7\",\"item\":\"https:\/\/jncvietnam.com\/en\/\"},{\"@type\":\"ListItem\",\"position\":2,\"name\":\"Product\",\"item\":\"https:\/\/jncvietnam.com\/en\/product\/\"},{\"@type\":\"ListItem\",\"position\":3,\"name\":\"Sticky Roller\"}]},{\"@type\":\"WebSite\",\"@id\":\"https:\/\/jncvietnam.com\/en\/#website\",\"url\":\"https:\/\/jncvietnam.com\/en\/\",\"name\":\"JNC VN\",\"description\":\"HTH\",\"potentialAction\":[{\"@type\":\"SearchAction\",\"target\":{\"@type\":\"EntryPoint\",\"urlTemplate\":\"https:\/\/jncvietnam.com\/en\/?s={search_term_string}\"},\"query-input\":{\"@type\":\"PropertyValueSpecification\",\"valueRequired\":true,\"valueName\":\"search_term_string\"}}],\"inLanguage\":\"vi\"}]}<\/script>\n<!-- \/ Yoast SEO plugin. -->","yoast_head_json":{"title":"Sticky Roller - JNC VN","robots":{"index":"index","follow":"follow","max-snippet":"max-snippet:-1","max-image-preview":"max-image-preview:large","max-video-preview":"max-video-preview:-1"},"canonical":"https:\/\/jncvietnam.com\/en\/san-pham\/sticky-roller\/","og_locale":"vi_VN","og_type":"article","og_title":"Sticky Roller - JNC VN","og_description":"Con l\u0103n d\u00ednh b\u1ee5i l\u00e0 s\u1ea3n ph\u1ea9m \u0111\u1ec3 l\u00e0m s\u1ea1ch c\u00e1c h\u1ea1t b\u1ee5i b\u1ea9n tr\u00ean b\u1ec1 m\u1eb7t l\u00e0m vi\u1ec7c trong ph\u00f2ng s\u1ea1ch. Trong c\u00e1c x\u01b0\u1edfng s\u1ea3n xu\u1ea5t, con l\u0103n d\u00ednh b\u1ee5i ph\u00f2ng s\u1ea1ch ch\u1ee7 y\u1ebfu \u0111\u01b0\u1ee3c d\u00f9ng \u0111\u1ec3 l\u00e0m s\u1ea1ch b\u1ee5i tr\u00ean c\u00e1c d\u00e2y chuy\u1ec1n c\u00f4ng nghi\u1ec7p, b\u1ea3n m\u1ea1ch, ho\u1eb7c d\u00ednh b\u1ee5i b\u1ea9n tr\u00ean qu\u1ea7n [...]","og_url":"https:\/\/jncvietnam.com\/en\/san-pham\/sticky-roller\/","og_site_name":"JNC VN","article_modified_time":"2021-06-22T09:07:18+00:00","og_image":[{"width":235,"height":214,"url":"https:\/\/jncvietnam.com\/en\/wp-content\/uploads\/2021\/06\/Con-lan-5.jpg","type":"image\/jpeg"}],"twitter_card":"summary_large_image","twitter_misc":{"\u01af\u1edbc t\u00ednh th\u1eddi gian \u0111\u1ecdc":"3 ph\u00fat"},"schema":{"@context":"https:\/\/schema.org","@graph":[{"@type":"WebPage","@id":"https:\/\/jncvietnam.com\/en\/san-pham\/sticky-roller\/","url":"https:\/\/jncvietnam.com\/en\/san-pham\/sticky-roller\/","name":"Sticky Roller - JNC VN","isPartOf":{"@id":"https:\/\/jncvietnam.com\/en\/#website"},"primaryImageOfPage":{"@id":"https:\/\/jncvietnam.com\/en\/san-pham\/sticky-roller\/#primaryimage"},"image":{"@id":"https:\/\/jncvietnam.com\/en\/san-pham\/sticky-roller\/#primaryimage"},"thumbnailUrl":"https:\/\/jncvietnam.com\/en\/wp-content\/uploads\/2021\/06\/Con-lan-5.jpg","datePublished":"2021-06-07T08:08:58+00:00","dateModified":"2021-06-22T09:07:18+00:00","breadcrumb":{"@id":"https:\/\/jncvietnam.com\/en\/san-pham\/sticky-roller\/#breadcrumb"},"inLanguage":"vi","potentialAction":[{"@type":"ReadAction","target":["https:\/\/jncvietnam.com\/en\/san-pham\/sticky-roller\/"]}]},{"@type":"ImageObject","inLanguage":"vi","@id":"https:\/\/jncvietnam.com\/en\/san-pham\/sticky-roller\/#primaryimage","url":"https:\/\/jncvietnam.com\/en\/wp-content\/uploads\/2021\/06\/Con-lan-5.jpg","contentUrl":"https:\/\/jncvietnam.com\/en\/wp-content\/uploads\/2021\/06\/Con-lan-5.jpg","width":235,"height":214},{"@type":"BreadcrumbList","@id":"https:\/\/jncvietnam.com\/en\/san-pham\/sticky-roller\/#breadcrumb","itemListElement":[{"@type":"ListItem","position":1,"name":"Trang ch\u1ee7","item":"https:\/\/jncvietnam.com\/en\/"},{"@type":"ListItem","position":2,"name":"Product","item":"https:\/\/jncvietnam.com\/en\/product\/"},{"@type":"ListItem","position":3,"name":"Sticky Roller"}]},{"@type":"WebSite","@id":"https:\/\/jncvietnam.com\/en\/#website","url":"https:\/\/jncvietnam.com\/en\/","name":"JNC VN","description":"HTH","potentialAction":[{"@type":"SearchAction","target":{"@type":"EntryPoint","urlTemplate":"https:\/\/jncvietnam.com\/en\/?s={search_term_string}"},"query-input":{"@type":"PropertyValueSpecification","valueRequired":true,"valueName":"search_term_string"}}],"inLanguage":"vi"}]}},"_links":{"self":[{"href":"https:\/\/jncvietnam.com\/en\/wp-json\/wp\/v2\/product\/1557","targetHints":{"allow":["GET"]}}],"collection":[{"href":"https:\/\/jncvietnam.com\/en\/wp-json\/wp\/v2\/product"}],"about":[{"href":"https:\/\/jncvietnam.com\/en\/wp-json\/wp\/v2\/types\/product"}],"replies":[{"embeddable":true,"href":"https:\/\/jncvietnam.com\/en\/wp-json\/wp\/v2\/comments?post=1557"}],"wp:featuredmedia":[{"embeddable":true,"href":"https:\/\/jncvietnam.com\/en\/wp-json\/wp\/v2\/media\/1560"}],"wp:attachment":[{"href":"https:\/\/jncvietnam.com\/en\/wp-json\/wp\/v2\/media?parent=1557"}],"wp:term":[{"taxonomy":"product_brand","embeddable":true,"href":"https:\/\/jncvietnam.com\/en\/wp-json\/wp\/v2\/product_brand?post=1557"},{"taxonomy":"product_cat","embeddable":true,"href":"https:\/\/jncvietnam.com\/en\/wp-json\/wp\/v2\/product_cat?post=1557"},{"taxonomy":"product_tag","embeddable":true,"href":"https:\/\/jncvietnam.com\/en\/wp-json\/wp\/v2\/product_tag?post=1557"}],"curies":[{"name":"wp","href":"https:\/\/api.w.org\/{rel}","templated":true}]}}