{"id":1561,"date":"2021-06-07T15:24:08","date_gmt":"2021-06-07T08:24:08","guid":{"rendered":"https:\/\/jncvietnam.com\/en\/?post_type=product&#038;p=1561"},"modified":"2021-06-22T16:04:32","modified_gmt":"2021-06-22T09:04:32","slug":"sticky-roller-handle-4","status":"publish","type":"product","link":"https:\/\/jncvietnam.com\/en\/san-pham\/sticky-roller-handle-4\/","title":{"rendered":"Sticky Roller Handle"},"content":{"rendered":"<h3><span style=\"color: #00a859;\">Tay c\u1ea7m con l\u0103n d\u00ednh b\u1ee5i ph\u00f2ng s\u1ea1ch l\u00e0 g\u00ec?<\/span><\/h3>\n<p>Tay c\u1ea7m con l\u0103n d\u00ednh b\u1ee5i ph\u00f2ng s\u1ea1ch l\u00e0 d\u1ee5ng c\u1ee5 \u0111\u1ec3 l\u1ed3ng v\u00e0o l\u00f5i con l\u0103n d\u00ednh b\u1ee5i, d\u00f9ng \u0111\u1ec3 l\u0103n l\u00ean b\u1ec1 m\u1eb7t c\u1ea7n l\u1ea5y \u0111i b\u1ee5i b\u1ea9n k\u1ec3 c\u1ea3 nh\u1eefng h\u1ea1t b\u1ee5i c\u00f3 k\u00edch th\u01b0\u1edbc nh\u1ecf nh\u1ea5t tr\u00ean b\u1ec1 m\u1eb7t ph\u1eb3ng. Mu\u1ed1n s\u1eed d\u1ee5ng con l\u0103n d\u00ednh b\u1ee5i th\u00ec b\u1eaft bu\u1ed9c ph\u1ea3i c\u00f3 tay c\u1ea7m con l\u0103n.<\/p>\n<p><img loading=\"lazy\" decoding=\"async\" class=\"aligncenter wp-image-1562\" src=\"https:\/\/jncvietnam.com\/en\/wp-content\/uploads\/2021\/06\/tay-cam-con-lan-1.png\" alt=\"\" width=\"800\" height=\"800\" srcset=\"https:\/\/jncvietnam.com\/en\/wp-content\/uploads\/2021\/06\/tay-cam-con-lan-1.png 900w, https:\/\/jncvietnam.com\/en\/wp-content\/uploads\/2021\/06\/tay-cam-con-lan-1-300x300.png 300w, https:\/\/jncvietnam.com\/en\/wp-content\/uploads\/2021\/06\/tay-cam-con-lan-1-150x150.png 150w, https:\/\/jncvietnam.com\/en\/wp-content\/uploads\/2021\/06\/tay-cam-con-lan-1-768x768.png 768w, https:\/\/jncvietnam.com\/en\/wp-content\/uploads\/2021\/06\/tay-cam-con-lan-1-600x600.png 600w, https:\/\/jncvietnam.com\/en\/wp-content\/uploads\/2021\/06\/tay-cam-con-lan-1-100x100.png 100w\" sizes=\"auto, (max-width: 800px) 100vw, 800px\" \/><\/p>\n<h3><span style=\"color: #00a859;\">Tay c\u1ea7m con l\u0103n d\u00ednh b\u1ee5i c\u00f3 nh\u1eefng k\u00edch th\u01b0\u1edbc? <\/span><\/h3>\n<p>Tr\u00ean th\u1ecb tr\u01b0\u1eddng hi\u1ec7n nay c\u00f3 nhi\u1ec1u lo\u1ea1i con l\u0103n d\u00ednh b\u1ee5i v\u1edbi nhi\u1ec1u k\u00edch th\u01b0\u1edbc kh\u00e1c nhau. Ch\u00fang t\u00f4i cung c\u1ea5p t\u1ea5t c\u1ea3 c\u00e1c lo\u1ea1i tay c\u1ea7m con l\u0103n d\u00ednh b\u1ee5i s\u1eed d\u1ee5ng trong ph\u00f2ng s\u1ea1ch, v\u1edbi c\u00e1c k\u00edch th\u01b0\u1edbc: 4 inch, 6 inch, 8 inch, 12 inch.<\/p>\n","protected":false},"excerpt":{"rendered":"<p>Tay c\u1ea7m con l\u0103n d\u00ednh b\u1ee5i ph\u00f2ng s\u1ea1ch l\u00e0 g\u00ec? Tay c\u1ea7m con l\u0103n d\u00ednh b\u1ee5i ph\u00f2ng s\u1ea1ch l\u00e0 d\u1ee5ng c\u1ee5 \u0111\u1ec3 l\u1ed3ng v\u00e0o l\u00f5i con l\u0103n d\u00ednh b\u1ee5i, d\u00f9ng \u0111\u1ec3 l\u0103n l\u00ean b\u1ec1 m\u1eb7t c\u1ea7n l\u1ea5y \u0111i b\u1ee5i b\u1ea9n k\u1ec3 c\u1ea3 nh\u1eefng h\u1ea1t b\u1ee5i c\u00f3 k\u00edch th\u01b0\u1edbc nh\u1ecf nh\u1ea5t tr\u00ean b\u1ec1 m\u1eb7t ph\u1eb3ng. Mu\u1ed1n [&#8230;]\n","protected":false},"featured_media":1563,"comment_status":"open","ping_status":"closed","template":"","meta":[],"product_brand":[],"product_cat":[49,55,78],"product_tag":[],"class_list":{"0":"post-1561","1":"product","2":"type-product","3":"status-publish","4":"has-post-thumbnail","6":"product_cat-con-lan-dinh-bui","7":"product_cat-con-lan-phong-sach","8":"product_cat-tay-cam-con-lan","10":"first","11":"instock","12":"shipping-taxable","13":"product-type-simple"},"yoast_head":"<!-- This site is optimized with the Yoast SEO plugin v26.8 - https:\/\/yoast.com\/product\/yoast-seo-wordpress\/ -->\n<title>Sticky Roller Handle - JNC VN<\/title>\n<meta name=\"robots\" content=\"index, follow, max-snippet:-1, max-image-preview:large, max-video-preview:-1\" \/>\n<link rel=\"canonical\" href=\"https:\/\/jncvietnam.com\/en\/san-pham\/sticky-roller-handle-4\/\" \/>\n<meta property=\"og:locale\" content=\"vi_VN\" \/>\n<meta property=\"og:type\" content=\"article\" \/>\n<meta property=\"og:title\" content=\"Sticky Roller Handle - JNC VN\" \/>\n<meta property=\"og:description\" content=\"Tay c\u1ea7m con l\u0103n d\u00ednh b\u1ee5i ph\u00f2ng s\u1ea1ch l\u00e0 g\u00ec? Tay c\u1ea7m con l\u0103n d\u00ednh b\u1ee5i ph\u00f2ng s\u1ea1ch l\u00e0 d\u1ee5ng c\u1ee5 \u0111\u1ec3 l\u1ed3ng v\u00e0o l\u00f5i con l\u0103n d\u00ednh b\u1ee5i, d\u00f9ng \u0111\u1ec3 l\u0103n l\u00ean b\u1ec1 m\u1eb7t c\u1ea7n l\u1ea5y \u0111i b\u1ee5i b\u1ea9n k\u1ec3 c\u1ea3 nh\u1eefng h\u1ea1t b\u1ee5i c\u00f3 k\u00edch th\u01b0\u1edbc nh\u1ecf nh\u1ea5t tr\u00ean b\u1ec1 m\u1eb7t ph\u1eb3ng. Mu\u1ed1n [...]\" \/>\n<meta property=\"og:url\" content=\"https:\/\/jncvietnam.com\/en\/san-pham\/sticky-roller-handle-4\/\" \/>\n<meta property=\"og:site_name\" content=\"JNC VN\" \/>\n<meta property=\"article:modified_time\" content=\"2021-06-22T09:04:32+00:00\" \/>\n<meta property=\"og:image\" content=\"https:\/\/jncvietnam.com\/en\/wp-content\/uploads\/2021\/06\/tay-cam-con-lan-2.jpg\" \/>\n\t<meta property=\"og:image:width\" content=\"500\" \/>\n\t<meta property=\"og:image:height\" content=\"406\" \/>\n\t<meta property=\"og:image:type\" content=\"image\/jpeg\" \/>\n<meta name=\"twitter:card\" content=\"summary_large_image\" \/>\n<meta name=\"twitter:label1\" content=\"\u01af\u1edbc t\u00ednh th\u1eddi gian \u0111\u1ecdc\" \/>\n\t<meta name=\"twitter:data1\" content=\"1 ph\u00fat\" \/>\n<script type=\"application\/ld+json\" class=\"yoast-schema-graph\">{\"@context\":\"https:\/\/schema.org\",\"@graph\":[{\"@type\":\"WebPage\",\"@id\":\"https:\/\/jncvietnam.com\/en\/san-pham\/sticky-roller-handle-4\/\",\"url\":\"https:\/\/jncvietnam.com\/en\/san-pham\/sticky-roller-handle-4\/\",\"name\":\"Sticky Roller Handle - JNC VN\",\"isPartOf\":{\"@id\":\"https:\/\/jncvietnam.com\/en\/#website\"},\"primaryImageOfPage\":{\"@id\":\"https:\/\/jncvietnam.com\/en\/san-pham\/sticky-roller-handle-4\/#primaryimage\"},\"image\":{\"@id\":\"https:\/\/jncvietnam.com\/en\/san-pham\/sticky-roller-handle-4\/#primaryimage\"},\"thumbnailUrl\":\"https:\/\/jncvietnam.com\/en\/wp-content\/uploads\/2021\/06\/tay-cam-con-lan-2.jpg\",\"datePublished\":\"2021-06-07T08:24:08+00:00\",\"dateModified\":\"2021-06-22T09:04:32+00:00\",\"breadcrumb\":{\"@id\":\"https:\/\/jncvietnam.com\/en\/san-pham\/sticky-roller-handle-4\/#breadcrumb\"},\"inLanguage\":\"vi\",\"potentialAction\":[{\"@type\":\"ReadAction\",\"target\":[\"https:\/\/jncvietnam.com\/en\/san-pham\/sticky-roller-handle-4\/\"]}]},{\"@type\":\"ImageObject\",\"inLanguage\":\"vi\",\"@id\":\"https:\/\/jncvietnam.com\/en\/san-pham\/sticky-roller-handle-4\/#primaryimage\",\"url\":\"https:\/\/jncvietnam.com\/en\/wp-content\/uploads\/2021\/06\/tay-cam-con-lan-2.jpg\",\"contentUrl\":\"https:\/\/jncvietnam.com\/en\/wp-content\/uploads\/2021\/06\/tay-cam-con-lan-2.jpg\",\"width\":500,\"height\":406},{\"@type\":\"BreadcrumbList\",\"@id\":\"https:\/\/jncvietnam.com\/en\/san-pham\/sticky-roller-handle-4\/#breadcrumb\",\"itemListElement\":[{\"@type\":\"ListItem\",\"position\":1,\"name\":\"Trang ch\u1ee7\",\"item\":\"https:\/\/jncvietnam.com\/en\/\"},{\"@type\":\"ListItem\",\"position\":2,\"name\":\"Product\",\"item\":\"https:\/\/jncvietnam.com\/en\/product\/\"},{\"@type\":\"ListItem\",\"position\":3,\"name\":\"Sticky Roller Handle\"}]},{\"@type\":\"WebSite\",\"@id\":\"https:\/\/jncvietnam.com\/en\/#website\",\"url\":\"https:\/\/jncvietnam.com\/en\/\",\"name\":\"JNC VN\",\"description\":\"HTH\",\"potentialAction\":[{\"@type\":\"SearchAction\",\"target\":{\"@type\":\"EntryPoint\",\"urlTemplate\":\"https:\/\/jncvietnam.com\/en\/?s={search_term_string}\"},\"query-input\":{\"@type\":\"PropertyValueSpecification\",\"valueRequired\":true,\"valueName\":\"search_term_string\"}}],\"inLanguage\":\"vi\"}]}<\/script>\n<!-- \/ Yoast SEO plugin. -->","yoast_head_json":{"title":"Sticky Roller Handle - JNC VN","robots":{"index":"index","follow":"follow","max-snippet":"max-snippet:-1","max-image-preview":"max-image-preview:large","max-video-preview":"max-video-preview:-1"},"canonical":"https:\/\/jncvietnam.com\/en\/san-pham\/sticky-roller-handle-4\/","og_locale":"vi_VN","og_type":"article","og_title":"Sticky Roller Handle - JNC VN","og_description":"Tay c\u1ea7m con l\u0103n d\u00ednh b\u1ee5i ph\u00f2ng s\u1ea1ch l\u00e0 g\u00ec? Tay c\u1ea7m con l\u0103n d\u00ednh b\u1ee5i ph\u00f2ng s\u1ea1ch l\u00e0 d\u1ee5ng c\u1ee5 \u0111\u1ec3 l\u1ed3ng v\u00e0o l\u00f5i con l\u0103n d\u00ednh b\u1ee5i, d\u00f9ng \u0111\u1ec3 l\u0103n l\u00ean b\u1ec1 m\u1eb7t c\u1ea7n l\u1ea5y \u0111i b\u1ee5i b\u1ea9n k\u1ec3 c\u1ea3 nh\u1eefng h\u1ea1t b\u1ee5i c\u00f3 k\u00edch th\u01b0\u1edbc nh\u1ecf nh\u1ea5t tr\u00ean b\u1ec1 m\u1eb7t ph\u1eb3ng. Mu\u1ed1n [...]","og_url":"https:\/\/jncvietnam.com\/en\/san-pham\/sticky-roller-handle-4\/","og_site_name":"JNC VN","article_modified_time":"2021-06-22T09:04:32+00:00","og_image":[{"width":500,"height":406,"url":"https:\/\/jncvietnam.com\/en\/wp-content\/uploads\/2021\/06\/tay-cam-con-lan-2.jpg","type":"image\/jpeg"}],"twitter_card":"summary_large_image","twitter_misc":{"\u01af\u1edbc t\u00ednh th\u1eddi gian \u0111\u1ecdc":"1 ph\u00fat"},"schema":{"@context":"https:\/\/schema.org","@graph":[{"@type":"WebPage","@id":"https:\/\/jncvietnam.com\/en\/san-pham\/sticky-roller-handle-4\/","url":"https:\/\/jncvietnam.com\/en\/san-pham\/sticky-roller-handle-4\/","name":"Sticky Roller Handle - JNC VN","isPartOf":{"@id":"https:\/\/jncvietnam.com\/en\/#website"},"primaryImageOfPage":{"@id":"https:\/\/jncvietnam.com\/en\/san-pham\/sticky-roller-handle-4\/#primaryimage"},"image":{"@id":"https:\/\/jncvietnam.com\/en\/san-pham\/sticky-roller-handle-4\/#primaryimage"},"thumbnailUrl":"https:\/\/jncvietnam.com\/en\/wp-content\/uploads\/2021\/06\/tay-cam-con-lan-2.jpg","datePublished":"2021-06-07T08:24:08+00:00","dateModified":"2021-06-22T09:04:32+00:00","breadcrumb":{"@id":"https:\/\/jncvietnam.com\/en\/san-pham\/sticky-roller-handle-4\/#breadcrumb"},"inLanguage":"vi","potentialAction":[{"@type":"ReadAction","target":["https:\/\/jncvietnam.com\/en\/san-pham\/sticky-roller-handle-4\/"]}]},{"@type":"ImageObject","inLanguage":"vi","@id":"https:\/\/jncvietnam.com\/en\/san-pham\/sticky-roller-handle-4\/#primaryimage","url":"https:\/\/jncvietnam.com\/en\/wp-content\/uploads\/2021\/06\/tay-cam-con-lan-2.jpg","contentUrl":"https:\/\/jncvietnam.com\/en\/wp-content\/uploads\/2021\/06\/tay-cam-con-lan-2.jpg","width":500,"height":406},{"@type":"BreadcrumbList","@id":"https:\/\/jncvietnam.com\/en\/san-pham\/sticky-roller-handle-4\/#breadcrumb","itemListElement":[{"@type":"ListItem","position":1,"name":"Trang ch\u1ee7","item":"https:\/\/jncvietnam.com\/en\/"},{"@type":"ListItem","position":2,"name":"Product","item":"https:\/\/jncvietnam.com\/en\/product\/"},{"@type":"ListItem","position":3,"name":"Sticky Roller Handle"}]},{"@type":"WebSite","@id":"https:\/\/jncvietnam.com\/en\/#website","url":"https:\/\/jncvietnam.com\/en\/","name":"JNC VN","description":"HTH","potentialAction":[{"@type":"SearchAction","target":{"@type":"EntryPoint","urlTemplate":"https:\/\/jncvietnam.com\/en\/?s={search_term_string}"},"query-input":{"@type":"PropertyValueSpecification","valueRequired":true,"valueName":"search_term_string"}}],"inLanguage":"vi"}]}},"_links":{"self":[{"href":"https:\/\/jncvietnam.com\/en\/wp-json\/wp\/v2\/product\/1561","targetHints":{"allow":["GET"]}}],"collection":[{"href":"https:\/\/jncvietnam.com\/en\/wp-json\/wp\/v2\/product"}],"about":[{"href":"https:\/\/jncvietnam.com\/en\/wp-json\/wp\/v2\/types\/product"}],"replies":[{"embeddable":true,"href":"https:\/\/jncvietnam.com\/en\/wp-json\/wp\/v2\/comments?post=1561"}],"wp:featuredmedia":[{"embeddable":true,"href":"https:\/\/jncvietnam.com\/en\/wp-json\/wp\/v2\/media\/1563"}],"wp:attachment":[{"href":"https:\/\/jncvietnam.com\/en\/wp-json\/wp\/v2\/media?parent=1561"}],"wp:term":[{"taxonomy":"product_brand","embeddable":true,"href":"https:\/\/jncvietnam.com\/en\/wp-json\/wp\/v2\/product_brand?post=1561"},{"taxonomy":"product_cat","embeddable":true,"href":"https:\/\/jncvietnam.com\/en\/wp-json\/wp\/v2\/product_cat?post=1561"},{"taxonomy":"product_tag","embeddable":true,"href":"https:\/\/jncvietnam.com\/en\/wp-json\/wp\/v2\/product_tag?post=1561"}],"curies":[{"name":"wp","href":"https:\/\/api.w.org\/{rel}","templated":true}]}}