{"id":1565,"date":"2021-06-07T15:29:59","date_gmt":"2021-06-07T08:29:59","guid":{"rendered":"https:\/\/jncvietnam.com\/en\/?post_type=product&#038;p=1565"},"modified":"2021-06-22T16:03:00","modified_gmt":"2021-06-22T09:03:00","slug":"gel-stick","status":"publish","type":"product","link":"https:\/\/jncvietnam.com\/en\/san-pham\/gel-stick\/","title":{"rendered":"Gel Stick"},"content":{"rendered":"<p>Thi\u1ebft k\u1ebf d\u1ea1ng thanh inox nh\u1ecf nh\u01b0 que t\u0103m \u0111\u1ea7u b\u1ecdc Silicon d\u00f9ng trong ph\u00f2ng s\u1ea1ch, d\u1ec5 d\u00e0ng ho\u1ea1t \u0111\u1ed9ng. \u0110\u1ea7u d\u00ednh m\u1ec1m m\u1ea1i, kh\u00f4ng l\u00e0m h\u1ecfng thi\u1ebft b\u1ecb. Gi\u00fap b\u1ec1 m\u1eb7t s\u1ea3n ph\u1ea9m kh\u00f4ng b\u1ecb x\u01b0\u1edbc ho\u1eb7c v\u00e2n tay trong qu\u00e1 tr\u00ecnh s\u1eed d\u1ee5ng.<\/p>\n<p><img loading=\"lazy\" decoding=\"async\" class=\"aligncenter wp-image-1567 size-full\" src=\"https:\/\/jncvietnam.com\/en\/wp-content\/uploads\/2021\/06\/Que-cham-bui-phong-sach-1.jpg\" alt=\"\" width=\"225\" height=\"225\" srcset=\"https:\/\/jncvietnam.com\/en\/wp-content\/uploads\/2021\/06\/Que-cham-bui-phong-sach-1.jpg 225w, https:\/\/jncvietnam.com\/en\/wp-content\/uploads\/2021\/06\/Que-cham-bui-phong-sach-1-150x150.jpg 150w, https:\/\/jncvietnam.com\/en\/wp-content\/uploads\/2021\/06\/Que-cham-bui-phong-sach-1-100x100.jpg 100w\" sizes=\"auto, (max-width: 225px) 100vw, 225px\" \/><\/p>\n<ul>\n<li>T\u00e1c d\u1ee5ng: l\u1ea5y b\u1ee5i b\u1ea9n ra kh\u1ecfi s\u1ea3n ph\u1ea9m<\/li>\n<li>Ch\u1ea5t li\u1ec7u d\u00ednh: Teflon phim; \u0110\u1ed9 d\u00e0y: 50\u00b5m\/Tr\u1ecdng l\u01b0\u1ee3ng: 18mg\/K\u00edch th\u01b0\u1edbc: 13mm2<\/li>\n<li>Chi\u1ec1u r\u1ed9ng 2,0 mm (0,079 \u201c)<\/li>\n<li>\u0110\u1ed9 d\u00e0y 2,0 mm (0,079 \u201c)<\/li>\n<li>\u0110\u1ed9 d\u00e0i \u0111\u1ea7u d\u00ednh 2,0 mm (0,079 \u201c)<\/li>\n<li>X\u1eed l\u00fd nguy\u00ean li\u1ec7u th\u00e9p kh\u00f4ng g\u1ec9<\/li>\n<li>X\u1eed l\u00fd r\u1ed9ng 1,0 mm (0,039 \u201c)<\/li>\n<li>X\u1eed l\u00fd \u0111\u1ed9 d\u00e0y 1,0 mm (0,039 \u201c)<\/li>\n<li>Chi\u1ec1u d\u00e0i tay c\u1ea7m 68,0 mm (2,677 \u201c)<\/li>\n<li>T\u1ed5ng t\u0103m d\u00e0i 70,0 mm (2,756 \u201c)<\/li>\n<li>S\u1eed d\u1ee5ng \u1edf c\u00e1c g\u00f3c 60o\u2013 90o<\/li>\n<li>Nhi\u1ec7t \u0111\u1ed9 b\u1ea3o qu\u1ea3n: 20oC \u2013 30oC<\/li>\n<li>S\u1ed1 l\u01b0\u1ee3ng s\u1eed d\u1ee5ng: 8-10 l\u1ea7n\/chi\u1ebfc<\/li>\n<li>Th\u1eddi gian l\u01b0u tr\u1eef: 60 ng\u00e0y<\/li>\n<\/ul>\n","protected":false},"excerpt":{"rendered":"<p>Thi\u1ebft k\u1ebf d\u1ea1ng thanh inox nh\u1ecf nh\u01b0 que t\u0103m \u0111\u1ea7u b\u1ecdc Silicon d\u00f9ng trong ph\u00f2ng s\u1ea1ch, d\u1ec5 d\u00e0ng ho\u1ea1t \u0111\u1ed9ng. \u0110\u1ea7u d\u00ednh m\u1ec1m m\u1ea1i, kh\u00f4ng l\u00e0m h\u1ecfng thi\u1ebft b\u1ecb. Gi\u00fap b\u1ec1 m\u1eb7t s\u1ea3n ph\u1ea9m kh\u00f4ng b\u1ecb x\u01b0\u1edbc ho\u1eb7c v\u00e2n tay trong qu\u00e1 tr\u00ecnh s\u1eed d\u1ee5ng. T\u00e1c d\u1ee5ng: l\u1ea5y b\u1ee5i b\u1ea9n ra kh\u1ecfi s\u1ea3n ph\u1ea9m Ch\u1ea5t [&#8230;]\n","protected":false},"featured_media":1566,"comment_status":"open","ping_status":"closed","template":"","meta":[],"product_brand":[],"product_cat":[55,79,64],"product_tag":[],"class_list":{"0":"post-1565","1":"product","2":"type-product","3":"status-publish","4":"has-post-thumbnail","6":"product_cat-con-lan-phong-sach","7":"product_cat-que-cham-bui","8":"product_cat-que-cham-bui-phong-sach","10":"first","11":"instock","12":"shipping-taxable","13":"product-type-simple"},"yoast_head":"<!-- This site is optimized with the Yoast SEO plugin v26.8 - https:\/\/yoast.com\/product\/yoast-seo-wordpress\/ -->\n<title>Gel Stick - JNC VN<\/title>\n<meta name=\"robots\" content=\"index, follow, max-snippet:-1, max-image-preview:large, max-video-preview:-1\" \/>\n<link rel=\"canonical\" href=\"https:\/\/jncvietnam.com\/en\/san-pham\/gel-stick\/\" \/>\n<meta property=\"og:locale\" content=\"vi_VN\" \/>\n<meta property=\"og:type\" content=\"article\" \/>\n<meta property=\"og:title\" content=\"Gel Stick - JNC VN\" \/>\n<meta property=\"og:description\" content=\"Thi\u1ebft k\u1ebf d\u1ea1ng thanh inox nh\u1ecf nh\u01b0 que t\u0103m \u0111\u1ea7u b\u1ecdc Silicon d\u00f9ng trong ph\u00f2ng s\u1ea1ch, d\u1ec5 d\u00e0ng ho\u1ea1t \u0111\u1ed9ng. \u0110\u1ea7u d\u00ednh m\u1ec1m m\u1ea1i, kh\u00f4ng l\u00e0m h\u1ecfng thi\u1ebft b\u1ecb. Gi\u00fap b\u1ec1 m\u1eb7t s\u1ea3n ph\u1ea9m kh\u00f4ng b\u1ecb x\u01b0\u1edbc ho\u1eb7c v\u00e2n tay trong qu\u00e1 tr\u00ecnh s\u1eed d\u1ee5ng. T\u00e1c d\u1ee5ng: l\u1ea5y b\u1ee5i b\u1ea9n ra kh\u1ecfi s\u1ea3n ph\u1ea9m Ch\u1ea5t [...]\" \/>\n<meta property=\"og:url\" content=\"https:\/\/jncvietnam.com\/en\/san-pham\/gel-stick\/\" \/>\n<meta property=\"og:site_name\" content=\"JNC VN\" \/>\n<meta property=\"article:modified_time\" content=\"2021-06-22T09:03:00+00:00\" \/>\n<meta property=\"og:image\" content=\"https:\/\/jncvietnam.com\/en\/wp-content\/uploads\/2021\/06\/Que-cham-bui-phong-sach-2.jpg\" \/>\n\t<meta property=\"og:image:width\" content=\"225\" \/>\n\t<meta property=\"og:image:height\" content=\"225\" \/>\n\t<meta property=\"og:image:type\" content=\"image\/jpeg\" \/>\n<meta name=\"twitter:card\" content=\"summary_large_image\" \/>\n<meta name=\"twitter:label1\" content=\"\u01af\u1edbc t\u00ednh th\u1eddi gian \u0111\u1ecdc\" \/>\n\t<meta name=\"twitter:data1\" content=\"1 ph\u00fat\" \/>\n<script type=\"application\/ld+json\" class=\"yoast-schema-graph\">{\"@context\":\"https:\/\/schema.org\",\"@graph\":[{\"@type\":\"WebPage\",\"@id\":\"https:\/\/jncvietnam.com\/en\/san-pham\/gel-stick\/\",\"url\":\"https:\/\/jncvietnam.com\/en\/san-pham\/gel-stick\/\",\"name\":\"Gel Stick - JNC VN\",\"isPartOf\":{\"@id\":\"https:\/\/jncvietnam.com\/en\/#website\"},\"primaryImageOfPage\":{\"@id\":\"https:\/\/jncvietnam.com\/en\/san-pham\/gel-stick\/#primaryimage\"},\"image\":{\"@id\":\"https:\/\/jncvietnam.com\/en\/san-pham\/gel-stick\/#primaryimage\"},\"thumbnailUrl\":\"https:\/\/jncvietnam.com\/en\/wp-content\/uploads\/2021\/06\/Que-cham-bui-phong-sach-2.jpg\",\"datePublished\":\"2021-06-07T08:29:59+00:00\",\"dateModified\":\"2021-06-22T09:03:00+00:00\",\"breadcrumb\":{\"@id\":\"https:\/\/jncvietnam.com\/en\/san-pham\/gel-stick\/#breadcrumb\"},\"inLanguage\":\"vi\",\"potentialAction\":[{\"@type\":\"ReadAction\",\"target\":[\"https:\/\/jncvietnam.com\/en\/san-pham\/gel-stick\/\"]}]},{\"@type\":\"ImageObject\",\"inLanguage\":\"vi\",\"@id\":\"https:\/\/jncvietnam.com\/en\/san-pham\/gel-stick\/#primaryimage\",\"url\":\"https:\/\/jncvietnam.com\/en\/wp-content\/uploads\/2021\/06\/Que-cham-bui-phong-sach-2.jpg\",\"contentUrl\":\"https:\/\/jncvietnam.com\/en\/wp-content\/uploads\/2021\/06\/Que-cham-bui-phong-sach-2.jpg\",\"width\":225,\"height\":225},{\"@type\":\"BreadcrumbList\",\"@id\":\"https:\/\/jncvietnam.com\/en\/san-pham\/gel-stick\/#breadcrumb\",\"itemListElement\":[{\"@type\":\"ListItem\",\"position\":1,\"name\":\"Trang ch\u1ee7\",\"item\":\"https:\/\/jncvietnam.com\/en\/\"},{\"@type\":\"ListItem\",\"position\":2,\"name\":\"Product\",\"item\":\"https:\/\/jncvietnam.com\/en\/product\/\"},{\"@type\":\"ListItem\",\"position\":3,\"name\":\"Gel Stick\"}]},{\"@type\":\"WebSite\",\"@id\":\"https:\/\/jncvietnam.com\/en\/#website\",\"url\":\"https:\/\/jncvietnam.com\/en\/\",\"name\":\"JNC VN\",\"description\":\"HTH\",\"potentialAction\":[{\"@type\":\"SearchAction\",\"target\":{\"@type\":\"EntryPoint\",\"urlTemplate\":\"https:\/\/jncvietnam.com\/en\/?s={search_term_string}\"},\"query-input\":{\"@type\":\"PropertyValueSpecification\",\"valueRequired\":true,\"valueName\":\"search_term_string\"}}],\"inLanguage\":\"vi\"}]}<\/script>\n<!-- \/ Yoast SEO plugin. -->","yoast_head_json":{"title":"Gel Stick - JNC VN","robots":{"index":"index","follow":"follow","max-snippet":"max-snippet:-1","max-image-preview":"max-image-preview:large","max-video-preview":"max-video-preview:-1"},"canonical":"https:\/\/jncvietnam.com\/en\/san-pham\/gel-stick\/","og_locale":"vi_VN","og_type":"article","og_title":"Gel Stick - JNC VN","og_description":"Thi\u1ebft k\u1ebf d\u1ea1ng thanh inox nh\u1ecf nh\u01b0 que t\u0103m \u0111\u1ea7u b\u1ecdc Silicon d\u00f9ng trong ph\u00f2ng s\u1ea1ch, d\u1ec5 d\u00e0ng ho\u1ea1t \u0111\u1ed9ng. \u0110\u1ea7u d\u00ednh m\u1ec1m m\u1ea1i, kh\u00f4ng l\u00e0m h\u1ecfng thi\u1ebft b\u1ecb. Gi\u00fap b\u1ec1 m\u1eb7t s\u1ea3n ph\u1ea9m kh\u00f4ng b\u1ecb x\u01b0\u1edbc ho\u1eb7c v\u00e2n tay trong qu\u00e1 tr\u00ecnh s\u1eed d\u1ee5ng. T\u00e1c d\u1ee5ng: l\u1ea5y b\u1ee5i b\u1ea9n ra kh\u1ecfi s\u1ea3n ph\u1ea9m Ch\u1ea5t [...]","og_url":"https:\/\/jncvietnam.com\/en\/san-pham\/gel-stick\/","og_site_name":"JNC VN","article_modified_time":"2021-06-22T09:03:00+00:00","og_image":[{"width":225,"height":225,"url":"https:\/\/jncvietnam.com\/en\/wp-content\/uploads\/2021\/06\/Que-cham-bui-phong-sach-2.jpg","type":"image\/jpeg"}],"twitter_card":"summary_large_image","twitter_misc":{"\u01af\u1edbc t\u00ednh th\u1eddi gian \u0111\u1ecdc":"1 ph\u00fat"},"schema":{"@context":"https:\/\/schema.org","@graph":[{"@type":"WebPage","@id":"https:\/\/jncvietnam.com\/en\/san-pham\/gel-stick\/","url":"https:\/\/jncvietnam.com\/en\/san-pham\/gel-stick\/","name":"Gel Stick - JNC VN","isPartOf":{"@id":"https:\/\/jncvietnam.com\/en\/#website"},"primaryImageOfPage":{"@id":"https:\/\/jncvietnam.com\/en\/san-pham\/gel-stick\/#primaryimage"},"image":{"@id":"https:\/\/jncvietnam.com\/en\/san-pham\/gel-stick\/#primaryimage"},"thumbnailUrl":"https:\/\/jncvietnam.com\/en\/wp-content\/uploads\/2021\/06\/Que-cham-bui-phong-sach-2.jpg","datePublished":"2021-06-07T08:29:59+00:00","dateModified":"2021-06-22T09:03:00+00:00","breadcrumb":{"@id":"https:\/\/jncvietnam.com\/en\/san-pham\/gel-stick\/#breadcrumb"},"inLanguage":"vi","potentialAction":[{"@type":"ReadAction","target":["https:\/\/jncvietnam.com\/en\/san-pham\/gel-stick\/"]}]},{"@type":"ImageObject","inLanguage":"vi","@id":"https:\/\/jncvietnam.com\/en\/san-pham\/gel-stick\/#primaryimage","url":"https:\/\/jncvietnam.com\/en\/wp-content\/uploads\/2021\/06\/Que-cham-bui-phong-sach-2.jpg","contentUrl":"https:\/\/jncvietnam.com\/en\/wp-content\/uploads\/2021\/06\/Que-cham-bui-phong-sach-2.jpg","width":225,"height":225},{"@type":"BreadcrumbList","@id":"https:\/\/jncvietnam.com\/en\/san-pham\/gel-stick\/#breadcrumb","itemListElement":[{"@type":"ListItem","position":1,"name":"Trang ch\u1ee7","item":"https:\/\/jncvietnam.com\/en\/"},{"@type":"ListItem","position":2,"name":"Product","item":"https:\/\/jncvietnam.com\/en\/product\/"},{"@type":"ListItem","position":3,"name":"Gel Stick"}]},{"@type":"WebSite","@id":"https:\/\/jncvietnam.com\/en\/#website","url":"https:\/\/jncvietnam.com\/en\/","name":"JNC VN","description":"HTH","potentialAction":[{"@type":"SearchAction","target":{"@type":"EntryPoint","urlTemplate":"https:\/\/jncvietnam.com\/en\/?s={search_term_string}"},"query-input":{"@type":"PropertyValueSpecification","valueRequired":true,"valueName":"search_term_string"}}],"inLanguage":"vi"}]}},"_links":{"self":[{"href":"https:\/\/jncvietnam.com\/en\/wp-json\/wp\/v2\/product\/1565","targetHints":{"allow":["GET"]}}],"collection":[{"href":"https:\/\/jncvietnam.com\/en\/wp-json\/wp\/v2\/product"}],"about":[{"href":"https:\/\/jncvietnam.com\/en\/wp-json\/wp\/v2\/types\/product"}],"replies":[{"embeddable":true,"href":"https:\/\/jncvietnam.com\/en\/wp-json\/wp\/v2\/comments?post=1565"}],"wp:featuredmedia":[{"embeddable":true,"href":"https:\/\/jncvietnam.com\/en\/wp-json\/wp\/v2\/media\/1566"}],"wp:attachment":[{"href":"https:\/\/jncvietnam.com\/en\/wp-json\/wp\/v2\/media?parent=1565"}],"wp:term":[{"taxonomy":"product_brand","embeddable":true,"href":"https:\/\/jncvietnam.com\/en\/wp-json\/wp\/v2\/product_brand?post=1565"},{"taxonomy":"product_cat","embeddable":true,"href":"https:\/\/jncvietnam.com\/en\/wp-json\/wp\/v2\/product_cat?post=1565"},{"taxonomy":"product_tag","embeddable":true,"href":"https:\/\/jncvietnam.com\/en\/wp-json\/wp\/v2\/product_tag?post=1565"}],"curies":[{"name":"wp","href":"https:\/\/api.w.org\/{rel}","templated":true}]}}