{"id":1568,"date":"2021-06-07T15:50:34","date_gmt":"2021-06-07T08:50:34","guid":{"rendered":"https:\/\/jncvietnam.com\/en\/?post_type=product&#038;p=1568"},"modified":"2021-06-22T16:01:58","modified_gmt":"2021-06-22T09:01:58","slug":"dcr-pad","status":"publish","type":"product","link":"https:\/\/jncvietnam.com\/en\/san-pham\/dcr-pad\/","title":{"rendered":"DCR PAD"},"content":{"rendered":"<h3><span style=\"color: #00a859;\">C\u00f4ng d\u1ee5ng c\u1ee7a DCR pad<\/span><\/h3>\n<p>D\u00f9ng \u0111\u1ec3 thu gi\u1eef b\u1ee5i t\u1eeb con l\u0103n ph\u00f2ng s\u1ea1ch m\u1ed9t c\u00e1ch nhanh ch\u00f3ng, hi\u1ec7u qu\u1ea3. Gi\u1ea5y d\u00ednh b\u1ee5i ph\u00f2ng s\u1ea1ch DCR Pad cho con l\u0103n d\u00f9ng \u0111\u1ec3 thu gi\u1eef b\u1ee5i t\u1eeb con l\u0103n ph\u00f2ng s\u1ea1ch m\u1ed9t c\u00e1ch nhanh ch\u00f3ng v\u00e0 hi\u1ec7u qu\u1ea3, con l\u0103n n\u00e0y c\u00f3 th\u1ec3 t\u00e1i s\u1eed d\u1ee5ng l\u1ea1i<\/p>\n<p><img loading=\"lazy\" decoding=\"async\" class=\"aligncenter wp-image-1569 size-full\" src=\"https:\/\/jncvietnam.com\/en\/wp-content\/uploads\/2021\/06\/2.2-DCR-pad.jpg\" alt=\"\" width=\"275\" height=\"183\" \/><\/p>\n<h3><span style=\"color: #00a859;\">\u0110\u1eb7c t\u00ednh Gi\u1ea5y d\u00ednh b\u1ee5i ph\u00f2ng s\u1ea1ch cho con l\u0103n DCR PAD:<\/span><\/h3>\n<p>V\u1edbi kh\u1ea3 n\u0103ng k\u1ebft d\u00ednh cao, DCR-Pad c\u00f3 th\u1ec3 lo\u1ea1i b\u1ecf nh\u1eefng d\u1ecb v\u1eadt, b\u1ee5i b\u1ea9n d\u00ednh tr\u00ean b\u1ec1 m\u1eb7t con l\u0103n silicon d\u1ea1ng c\u1ea7m tay.<\/p>\n<h3><span style=\"color: #00a859;\">\u1ee8ng d\u1ee5ng Gi\u1ea5y d\u00ednh b\u1ee5i ph\u00f2ng s\u1ea1ch cho con l\u0103n DCR PAD<\/span>:<\/h3>\n<p>Trong c\u00f4ng nghi\u1ec7p ph\u00f2ng s\u1ea1ch, c\u00f4ng nghi\u1ec7p b\u00e1n d\u1eabn,..<\/p>\n","protected":false},"excerpt":{"rendered":"<p>C\u00f4ng d\u1ee5ng c\u1ee7a DCR pad D\u00f9ng \u0111\u1ec3 thu gi\u1eef b\u1ee5i t\u1eeb con l\u0103n ph\u00f2ng s\u1ea1ch m\u1ed9t c\u00e1ch nhanh ch\u00f3ng, hi\u1ec7u qu\u1ea3. Gi\u1ea5y d\u00ednh b\u1ee5i ph\u00f2ng s\u1ea1ch DCR Pad cho con l\u0103n d\u00f9ng \u0111\u1ec3 thu gi\u1eef b\u1ee5i t\u1eeb con l\u0103n ph\u00f2ng s\u1ea1ch m\u1ed9t c\u00e1ch nhanh ch\u00f3ng v\u00e0 hi\u1ec7u qu\u1ea3, con l\u0103n n\u00e0y c\u00f3 th\u1ec3 t\u00e1i s\u1eed [&#8230;]\n","protected":false},"featured_media":1569,"comment_status":"open","ping_status":"closed","template":"","meta":[],"product_brand":[],"product_cat":[55,76],"product_tag":[],"class_list":{"0":"post-1568","1":"product","2":"type-product","3":"status-publish","4":"has-post-thumbnail","6":"product_cat-con-lan-phong-sach","7":"product_cat-tam-dinh-bui-a4-dcr-pad-a4","9":"first","10":"instock","11":"shipping-taxable","12":"product-type-simple"},"yoast_head":"<!-- This site is optimized with the Yoast SEO plugin v26.8 - https:\/\/yoast.com\/product\/yoast-seo-wordpress\/ -->\n<title>DCR PAD - JNC VN<\/title>\n<meta name=\"robots\" content=\"index, follow, max-snippet:-1, max-image-preview:large, max-video-preview:-1\" \/>\n<link rel=\"canonical\" href=\"https:\/\/jncvietnam.com\/en\/san-pham\/dcr-pad\/\" \/>\n<meta property=\"og:locale\" content=\"vi_VN\" \/>\n<meta property=\"og:type\" content=\"article\" \/>\n<meta property=\"og:title\" content=\"DCR PAD - JNC VN\" \/>\n<meta property=\"og:description\" content=\"C\u00f4ng d\u1ee5ng c\u1ee7a DCR pad D\u00f9ng \u0111\u1ec3 thu gi\u1eef b\u1ee5i t\u1eeb con l\u0103n ph\u00f2ng s\u1ea1ch m\u1ed9t c\u00e1ch nhanh ch\u00f3ng, hi\u1ec7u qu\u1ea3. Gi\u1ea5y d\u00ednh b\u1ee5i ph\u00f2ng s\u1ea1ch DCR Pad cho con l\u0103n d\u00f9ng \u0111\u1ec3 thu gi\u1eef b\u1ee5i t\u1eeb con l\u0103n ph\u00f2ng s\u1ea1ch m\u1ed9t c\u00e1ch nhanh ch\u00f3ng v\u00e0 hi\u1ec7u qu\u1ea3, con l\u0103n n\u00e0y c\u00f3 th\u1ec3 t\u00e1i s\u1eed [...]\" \/>\n<meta property=\"og:url\" content=\"https:\/\/jncvietnam.com\/en\/san-pham\/dcr-pad\/\" \/>\n<meta property=\"og:site_name\" content=\"JNC VN\" \/>\n<meta property=\"article:modified_time\" content=\"2021-06-22T09:01:58+00:00\" \/>\n<meta property=\"og:image\" content=\"https:\/\/jncvietnam.com\/en\/wp-content\/uploads\/2021\/06\/2.2-DCR-pad.jpg\" \/>\n\t<meta property=\"og:image:width\" content=\"275\" \/>\n\t<meta property=\"og:image:height\" content=\"183\" \/>\n\t<meta property=\"og:image:type\" content=\"image\/jpeg\" \/>\n<meta name=\"twitter:card\" content=\"summary_large_image\" \/>\n<meta name=\"twitter:label1\" content=\"\u01af\u1edbc t\u00ednh th\u1eddi gian \u0111\u1ecdc\" \/>\n\t<meta name=\"twitter:data1\" content=\"1 ph\u00fat\" \/>\n<script type=\"application\/ld+json\" class=\"yoast-schema-graph\">{\"@context\":\"https:\/\/schema.org\",\"@graph\":[{\"@type\":\"WebPage\",\"@id\":\"https:\/\/jncvietnam.com\/en\/san-pham\/dcr-pad\/\",\"url\":\"https:\/\/jncvietnam.com\/en\/san-pham\/dcr-pad\/\",\"name\":\"DCR PAD - JNC VN\",\"isPartOf\":{\"@id\":\"https:\/\/jncvietnam.com\/en\/#website\"},\"primaryImageOfPage\":{\"@id\":\"https:\/\/jncvietnam.com\/en\/san-pham\/dcr-pad\/#primaryimage\"},\"image\":{\"@id\":\"https:\/\/jncvietnam.com\/en\/san-pham\/dcr-pad\/#primaryimage\"},\"thumbnailUrl\":\"https:\/\/jncvietnam.com\/en\/wp-content\/uploads\/2021\/06\/2.2-DCR-pad.jpg\",\"datePublished\":\"2021-06-07T08:50:34+00:00\",\"dateModified\":\"2021-06-22T09:01:58+00:00\",\"breadcrumb\":{\"@id\":\"https:\/\/jncvietnam.com\/en\/san-pham\/dcr-pad\/#breadcrumb\"},\"inLanguage\":\"vi\",\"potentialAction\":[{\"@type\":\"ReadAction\",\"target\":[\"https:\/\/jncvietnam.com\/en\/san-pham\/dcr-pad\/\"]}]},{\"@type\":\"ImageObject\",\"inLanguage\":\"vi\",\"@id\":\"https:\/\/jncvietnam.com\/en\/san-pham\/dcr-pad\/#primaryimage\",\"url\":\"https:\/\/jncvietnam.com\/en\/wp-content\/uploads\/2021\/06\/2.2-DCR-pad.jpg\",\"contentUrl\":\"https:\/\/jncvietnam.com\/en\/wp-content\/uploads\/2021\/06\/2.2-DCR-pad.jpg\",\"width\":275,\"height\":183},{\"@type\":\"BreadcrumbList\",\"@id\":\"https:\/\/jncvietnam.com\/en\/san-pham\/dcr-pad\/#breadcrumb\",\"itemListElement\":[{\"@type\":\"ListItem\",\"position\":1,\"name\":\"Trang ch\u1ee7\",\"item\":\"https:\/\/jncvietnam.com\/en\/\"},{\"@type\":\"ListItem\",\"position\":2,\"name\":\"Product\",\"item\":\"https:\/\/jncvietnam.com\/en\/product\/\"},{\"@type\":\"ListItem\",\"position\":3,\"name\":\"DCR PAD\"}]},{\"@type\":\"WebSite\",\"@id\":\"https:\/\/jncvietnam.com\/en\/#website\",\"url\":\"https:\/\/jncvietnam.com\/en\/\",\"name\":\"JNC VN\",\"description\":\"HTH\",\"potentialAction\":[{\"@type\":\"SearchAction\",\"target\":{\"@type\":\"EntryPoint\",\"urlTemplate\":\"https:\/\/jncvietnam.com\/en\/?s={search_term_string}\"},\"query-input\":{\"@type\":\"PropertyValueSpecification\",\"valueRequired\":true,\"valueName\":\"search_term_string\"}}],\"inLanguage\":\"vi\"}]}<\/script>\n<!-- \/ Yoast SEO plugin. -->","yoast_head_json":{"title":"DCR PAD - JNC VN","robots":{"index":"index","follow":"follow","max-snippet":"max-snippet:-1","max-image-preview":"max-image-preview:large","max-video-preview":"max-video-preview:-1"},"canonical":"https:\/\/jncvietnam.com\/en\/san-pham\/dcr-pad\/","og_locale":"vi_VN","og_type":"article","og_title":"DCR PAD - JNC VN","og_description":"C\u00f4ng d\u1ee5ng c\u1ee7a DCR pad D\u00f9ng \u0111\u1ec3 thu gi\u1eef b\u1ee5i t\u1eeb con l\u0103n ph\u00f2ng s\u1ea1ch m\u1ed9t c\u00e1ch nhanh ch\u00f3ng, hi\u1ec7u qu\u1ea3. Gi\u1ea5y d\u00ednh b\u1ee5i ph\u00f2ng s\u1ea1ch DCR Pad cho con l\u0103n d\u00f9ng \u0111\u1ec3 thu gi\u1eef b\u1ee5i t\u1eeb con l\u0103n ph\u00f2ng s\u1ea1ch m\u1ed9t c\u00e1ch nhanh ch\u00f3ng v\u00e0 hi\u1ec7u qu\u1ea3, con l\u0103n n\u00e0y c\u00f3 th\u1ec3 t\u00e1i s\u1eed [...]","og_url":"https:\/\/jncvietnam.com\/en\/san-pham\/dcr-pad\/","og_site_name":"JNC VN","article_modified_time":"2021-06-22T09:01:58+00:00","og_image":[{"width":275,"height":183,"url":"https:\/\/jncvietnam.com\/en\/wp-content\/uploads\/2021\/06\/2.2-DCR-pad.jpg","type":"image\/jpeg"}],"twitter_card":"summary_large_image","twitter_misc":{"\u01af\u1edbc t\u00ednh th\u1eddi gian \u0111\u1ecdc":"1 ph\u00fat"},"schema":{"@context":"https:\/\/schema.org","@graph":[{"@type":"WebPage","@id":"https:\/\/jncvietnam.com\/en\/san-pham\/dcr-pad\/","url":"https:\/\/jncvietnam.com\/en\/san-pham\/dcr-pad\/","name":"DCR PAD - JNC VN","isPartOf":{"@id":"https:\/\/jncvietnam.com\/en\/#website"},"primaryImageOfPage":{"@id":"https:\/\/jncvietnam.com\/en\/san-pham\/dcr-pad\/#primaryimage"},"image":{"@id":"https:\/\/jncvietnam.com\/en\/san-pham\/dcr-pad\/#primaryimage"},"thumbnailUrl":"https:\/\/jncvietnam.com\/en\/wp-content\/uploads\/2021\/06\/2.2-DCR-pad.jpg","datePublished":"2021-06-07T08:50:34+00:00","dateModified":"2021-06-22T09:01:58+00:00","breadcrumb":{"@id":"https:\/\/jncvietnam.com\/en\/san-pham\/dcr-pad\/#breadcrumb"},"inLanguage":"vi","potentialAction":[{"@type":"ReadAction","target":["https:\/\/jncvietnam.com\/en\/san-pham\/dcr-pad\/"]}]},{"@type":"ImageObject","inLanguage":"vi","@id":"https:\/\/jncvietnam.com\/en\/san-pham\/dcr-pad\/#primaryimage","url":"https:\/\/jncvietnam.com\/en\/wp-content\/uploads\/2021\/06\/2.2-DCR-pad.jpg","contentUrl":"https:\/\/jncvietnam.com\/en\/wp-content\/uploads\/2021\/06\/2.2-DCR-pad.jpg","width":275,"height":183},{"@type":"BreadcrumbList","@id":"https:\/\/jncvietnam.com\/en\/san-pham\/dcr-pad\/#breadcrumb","itemListElement":[{"@type":"ListItem","position":1,"name":"Trang ch\u1ee7","item":"https:\/\/jncvietnam.com\/en\/"},{"@type":"ListItem","position":2,"name":"Product","item":"https:\/\/jncvietnam.com\/en\/product\/"},{"@type":"ListItem","position":3,"name":"DCR PAD"}]},{"@type":"WebSite","@id":"https:\/\/jncvietnam.com\/en\/#website","url":"https:\/\/jncvietnam.com\/en\/","name":"JNC VN","description":"HTH","potentialAction":[{"@type":"SearchAction","target":{"@type":"EntryPoint","urlTemplate":"https:\/\/jncvietnam.com\/en\/?s={search_term_string}"},"query-input":{"@type":"PropertyValueSpecification","valueRequired":true,"valueName":"search_term_string"}}],"inLanguage":"vi"}]}},"_links":{"self":[{"href":"https:\/\/jncvietnam.com\/en\/wp-json\/wp\/v2\/product\/1568","targetHints":{"allow":["GET"]}}],"collection":[{"href":"https:\/\/jncvietnam.com\/en\/wp-json\/wp\/v2\/product"}],"about":[{"href":"https:\/\/jncvietnam.com\/en\/wp-json\/wp\/v2\/types\/product"}],"replies":[{"embeddable":true,"href":"https:\/\/jncvietnam.com\/en\/wp-json\/wp\/v2\/comments?post=1568"}],"wp:featuredmedia":[{"embeddable":true,"href":"https:\/\/jncvietnam.com\/en\/wp-json\/wp\/v2\/media\/1569"}],"wp:attachment":[{"href":"https:\/\/jncvietnam.com\/en\/wp-json\/wp\/v2\/media?parent=1568"}],"wp:term":[{"taxonomy":"product_brand","embeddable":true,"href":"https:\/\/jncvietnam.com\/en\/wp-json\/wp\/v2\/product_brand?post=1568"},{"taxonomy":"product_cat","embeddable":true,"href":"https:\/\/jncvietnam.com\/en\/wp-json\/wp\/v2\/product_cat?post=1568"},{"taxonomy":"product_tag","embeddable":true,"href":"https:\/\/jncvietnam.com\/en\/wp-json\/wp\/v2\/product_tag?post=1568"}],"curies":[{"name":"wp","href":"https:\/\/api.w.org\/{rel}","templated":true}]}}