{"id":1570,"date":"2021-06-07T16:01:32","date_gmt":"2021-06-07T09:01:32","guid":{"rendered":"https:\/\/jncvietnam.com\/en\/?post_type=product&#038;p=1570"},"modified":"2021-06-22T16:00:35","modified_gmt":"2021-06-22T09:00:35","slug":"esd-dotted","status":"publish","type":"product","link":"https:\/\/jncvietnam.com\/en\/san-pham\/esd-dotted\/","title":{"rendered":"ESD Dotted"},"content":{"rendered":"<p>G\u0103ng tay v\u1ea3i ch\u1ed1ng t\u0129nh \u0111i\u1ec7n ph\u1ee7 h\u1ea1t nh\u1ef1a c\u1ea5u t\u1ea1o t\u1eeb ch\u1ea5t li\u1ec7u polyeste c\u00f3 ph\u1ea7n % theo nhu c\u1ea7u kh\u00e1ch h\u00e0ng s\u1ee3i carbon trong g\u0103ng tay gi\u00fap t\u1ed1i \u01b0u t\u0103ng kh\u1ea3 n\u0103ng ch\u1ed1ng t\u0129nh \u0111i\u1ec7n , g\u0103ng tay \u0111eo m\u00e1t tho\u1ea3i m\u00e1i thao t\u00e1c khi l\u00e0m vi\u1ec7c.<\/p>\n<p><img loading=\"lazy\" decoding=\"async\" class=\"aligncenter wp-image-1571 size-full\" src=\"https:\/\/jncvietnam.com\/en\/wp-content\/uploads\/2021\/06\/Gang-tay-vai-chong-tinh-dien-phu-hat.jpg\" alt=\"\" width=\"320\" height=\"274\" srcset=\"https:\/\/jncvietnam.com\/en\/wp-content\/uploads\/2021\/06\/Gang-tay-vai-chong-tinh-dien-phu-hat.jpg 320w, https:\/\/jncvietnam.com\/en\/wp-content\/uploads\/2021\/06\/Gang-tay-vai-chong-tinh-dien-phu-hat-300x257.jpg 300w\" sizes=\"auto, (max-width: 320px) 100vw, 320px\" \/><\/p>\n<h3><span style=\"color: #00a859;\">\u01afu \u0111i\u1ec3m g\u0103ng tay v\u1ea3i ch\u1ed1ng t\u0129nh \u0111i\u1ec7n ph\u1ee7 h\u1ea1t nh\u1ef1a<\/span><\/h3>\n<ul>\n<li>S\u1ee9c b\u1ec1n , l\u1ef1c \u0111\u00e0n h\u1ed3i t\u1ed1t , tr\u1ecdng l\u01b0\u1ee3ng nh\u1eb9<\/li>\n<li>Kh\u00f4ng h\u00fat b\u1ee5i b\u1ea9n , ch\u1ed1ng nhi\u1ec7t nh\u1eb9<\/li>\n<li>D\u1ec5 d\u00e0ng l\u00e0m s\u1ea1ch sau khi s\u1eed d\u1ee5ng , kh\u00f4ng g\u00e2y nh\u0103n nh\u00fam v\u00e0 co<\/li>\n<li>S\u1ea3n ph\u1ea9m theo form b\u00e0n tay , \u00f4m s\u00e1t khi \u0111eo thu\u1eadn ti\u1ec7n cho vi\u1ec7c lao \u0111\u1ed9ng<\/li>\n<li>C\u1edfi b\u1ecf , \u0111eo v\u00e0o d\u1ec5 d\u00e0ng sau khi d\u00f9ng v\u00e0 tr\u01b0\u1edbc khi d\u00f9ng g\u0103ng tay<\/li>\n<li>G\u0103ng tay ch\u1ed1ng t\u0129nh \u0111i\u1ec7n v\u1ea3i thun tr\u1eafng c\u00f3 th\u1ec3 s\u1eed d\u1ee5ng nhi\u1ec1u l\u1ea7n<\/li>\n<\/ul>\n<h3><span style=\"color: #00a859;\">B\u1ea3o qu\u1ea3n g\u0103ng tay v\u1ea3i ch\u1ed1ng t\u0129nh \u0111i\u1ec7n ph\u1ee7 h\u1ea1t nh\u1ef1a<\/span><\/h3>\n<ul>\n<li>Kh\u00f4ng d\u00f9ng c\u00e1c v\u1eadt nh\u1ecdn \u0111\u00e2m tr\u1ef1c ti\u1ebfp v\u00e0o g\u0103ng tay<\/li>\n<li>Ch\u1ec9 d\u00f9ng c\u00e1c dung d\u1ecbch x\u00e0 ph\u00f2ng c\u00f3 t\u00ednh axit nh\u1eb9 \u0111\u00ea t\u1ea9y r\u1eeda<\/li>\n<li>Th\u01b0\u1eddng xuy\u00ean v\u1ec7 sinh g\u0103ng tay h\u00e0ng tu\u1ea7n.<\/li>\n<li>Khi kh\u00f4ng s\u1eed d\u1ee5ng \u0111\u1ebfn, b\u1ea3o qu\u1ea3n g\u0103ng tay n\u01a1i tho\u00e1ng m\u00e1t , kh\u00f4ng \u0111\u1ec3 g\u0103ng tay ti\u1ebfp x\u00fac v\u1edbi \u00e1nh n\u1eafng m\u1eb7t tr\u1eddi qu\u00e1 l\u00e2u<\/li>\n<\/ul>\n","protected":false},"excerpt":{"rendered":"<p>G\u0103ng tay v\u1ea3i ch\u1ed1ng t\u0129nh \u0111i\u1ec7n ph\u1ee7 h\u1ea1t nh\u1ef1a c\u1ea5u t\u1ea1o t\u1eeb ch\u1ea5t li\u1ec7u polyeste c\u00f3 ph\u1ea7n % theo nhu c\u1ea7u kh\u00e1ch h\u00e0ng s\u1ee3i carbon trong g\u0103ng tay gi\u00fap t\u1ed1i \u01b0u t\u0103ng kh\u1ea3 n\u0103ng ch\u1ed1ng t\u0129nh \u0111i\u1ec7n , g\u0103ng tay \u0111eo m\u00e1t tho\u1ea3i m\u00e1i thao t\u00e1c khi l\u00e0m vi\u1ec7c. \u01afu \u0111i\u1ec3m g\u0103ng tay v\u1ea3i ch\u1ed1ng [&#8230;]\n","protected":false},"featured_media":1571,"comment_status":"open","ping_status":"closed","template":"","meta":[],"product_brand":[],"product_cat":[59,84],"product_tag":[],"class_list":{"0":"post-1570","1":"product","2":"type-product","3":"status-publish","4":"has-post-thumbnail","6":"product_cat-gang-tay-chong-tinh-dien","7":"product_cat-gang-tay-long-san-phu-hat","9":"first","10":"instock","11":"shipping-taxable","12":"product-type-simple"},"yoast_head":"<!-- This site is optimized with the Yoast SEO plugin v26.8 - https:\/\/yoast.com\/product\/yoast-seo-wordpress\/ -->\n<title>ESD Dotted - JNC VN<\/title>\n<meta name=\"robots\" content=\"index, follow, max-snippet:-1, max-image-preview:large, max-video-preview:-1\" \/>\n<link rel=\"canonical\" href=\"https:\/\/jncvietnam.com\/en\/san-pham\/esd-dotted\/\" \/>\n<meta property=\"og:locale\" content=\"vi_VN\" \/>\n<meta property=\"og:type\" content=\"article\" \/>\n<meta property=\"og:title\" content=\"ESD Dotted - JNC VN\" \/>\n<meta property=\"og:description\" content=\"G\u0103ng tay v\u1ea3i ch\u1ed1ng t\u0129nh \u0111i\u1ec7n ph\u1ee7 h\u1ea1t nh\u1ef1a c\u1ea5u t\u1ea1o t\u1eeb ch\u1ea5t li\u1ec7u polyeste c\u00f3 ph\u1ea7n % theo nhu c\u1ea7u kh\u00e1ch h\u00e0ng s\u1ee3i carbon trong g\u0103ng tay gi\u00fap t\u1ed1i \u01b0u t\u0103ng kh\u1ea3 n\u0103ng ch\u1ed1ng t\u0129nh \u0111i\u1ec7n , g\u0103ng tay \u0111eo m\u00e1t tho\u1ea3i m\u00e1i thao t\u00e1c khi l\u00e0m vi\u1ec7c. \u01afu \u0111i\u1ec3m g\u0103ng tay v\u1ea3i ch\u1ed1ng [...]\" \/>\n<meta property=\"og:url\" content=\"https:\/\/jncvietnam.com\/en\/san-pham\/esd-dotted\/\" \/>\n<meta property=\"og:site_name\" content=\"JNC VN\" \/>\n<meta property=\"article:modified_time\" content=\"2021-06-22T09:00:35+00:00\" \/>\n<meta property=\"og:image\" content=\"https:\/\/jncvietnam.com\/en\/wp-content\/uploads\/2021\/06\/Gang-tay-vai-chong-tinh-dien-phu-hat.jpg\" \/>\n\t<meta property=\"og:image:width\" content=\"320\" \/>\n\t<meta property=\"og:image:height\" content=\"274\" \/>\n\t<meta property=\"og:image:type\" content=\"image\/jpeg\" \/>\n<meta name=\"twitter:card\" content=\"summary_large_image\" \/>\n<meta name=\"twitter:label1\" content=\"\u01af\u1edbc t\u00ednh th\u1eddi gian \u0111\u1ecdc\" \/>\n\t<meta name=\"twitter:data1\" content=\"2 ph\u00fat\" \/>\n<script type=\"application\/ld+json\" class=\"yoast-schema-graph\">{\"@context\":\"https:\/\/schema.org\",\"@graph\":[{\"@type\":\"WebPage\",\"@id\":\"https:\/\/jncvietnam.com\/en\/san-pham\/esd-dotted\/\",\"url\":\"https:\/\/jncvietnam.com\/en\/san-pham\/esd-dotted\/\",\"name\":\"ESD Dotted - JNC VN\",\"isPartOf\":{\"@id\":\"https:\/\/jncvietnam.com\/en\/#website\"},\"primaryImageOfPage\":{\"@id\":\"https:\/\/jncvietnam.com\/en\/san-pham\/esd-dotted\/#primaryimage\"},\"image\":{\"@id\":\"https:\/\/jncvietnam.com\/en\/san-pham\/esd-dotted\/#primaryimage\"},\"thumbnailUrl\":\"https:\/\/jncvietnam.com\/en\/wp-content\/uploads\/2021\/06\/Gang-tay-vai-chong-tinh-dien-phu-hat.jpg\",\"datePublished\":\"2021-06-07T09:01:32+00:00\",\"dateModified\":\"2021-06-22T09:00:35+00:00\",\"breadcrumb\":{\"@id\":\"https:\/\/jncvietnam.com\/en\/san-pham\/esd-dotted\/#breadcrumb\"},\"inLanguage\":\"vi\",\"potentialAction\":[{\"@type\":\"ReadAction\",\"target\":[\"https:\/\/jncvietnam.com\/en\/san-pham\/esd-dotted\/\"]}]},{\"@type\":\"ImageObject\",\"inLanguage\":\"vi\",\"@id\":\"https:\/\/jncvietnam.com\/en\/san-pham\/esd-dotted\/#primaryimage\",\"url\":\"https:\/\/jncvietnam.com\/en\/wp-content\/uploads\/2021\/06\/Gang-tay-vai-chong-tinh-dien-phu-hat.jpg\",\"contentUrl\":\"https:\/\/jncvietnam.com\/en\/wp-content\/uploads\/2021\/06\/Gang-tay-vai-chong-tinh-dien-phu-hat.jpg\",\"width\":320,\"height\":274},{\"@type\":\"BreadcrumbList\",\"@id\":\"https:\/\/jncvietnam.com\/en\/san-pham\/esd-dotted\/#breadcrumb\",\"itemListElement\":[{\"@type\":\"ListItem\",\"position\":1,\"name\":\"Trang ch\u1ee7\",\"item\":\"https:\/\/jncvietnam.com\/en\/\"},{\"@type\":\"ListItem\",\"position\":2,\"name\":\"Product\",\"item\":\"https:\/\/jncvietnam.com\/en\/product\/\"},{\"@type\":\"ListItem\",\"position\":3,\"name\":\"ESD Dotted\"}]},{\"@type\":\"WebSite\",\"@id\":\"https:\/\/jncvietnam.com\/en\/#website\",\"url\":\"https:\/\/jncvietnam.com\/en\/\",\"name\":\"JNC VN\",\"description\":\"HTH\",\"potentialAction\":[{\"@type\":\"SearchAction\",\"target\":{\"@type\":\"EntryPoint\",\"urlTemplate\":\"https:\/\/jncvietnam.com\/en\/?s={search_term_string}\"},\"query-input\":{\"@type\":\"PropertyValueSpecification\",\"valueRequired\":true,\"valueName\":\"search_term_string\"}}],\"inLanguage\":\"vi\"}]}<\/script>\n<!-- \/ Yoast SEO plugin. -->","yoast_head_json":{"title":"ESD Dotted - JNC VN","robots":{"index":"index","follow":"follow","max-snippet":"max-snippet:-1","max-image-preview":"max-image-preview:large","max-video-preview":"max-video-preview:-1"},"canonical":"https:\/\/jncvietnam.com\/en\/san-pham\/esd-dotted\/","og_locale":"vi_VN","og_type":"article","og_title":"ESD Dotted - JNC VN","og_description":"G\u0103ng tay v\u1ea3i ch\u1ed1ng t\u0129nh \u0111i\u1ec7n ph\u1ee7 h\u1ea1t nh\u1ef1a c\u1ea5u t\u1ea1o t\u1eeb ch\u1ea5t li\u1ec7u polyeste c\u00f3 ph\u1ea7n % theo nhu c\u1ea7u kh\u00e1ch h\u00e0ng s\u1ee3i carbon trong g\u0103ng tay gi\u00fap t\u1ed1i \u01b0u t\u0103ng kh\u1ea3 n\u0103ng ch\u1ed1ng t\u0129nh \u0111i\u1ec7n , g\u0103ng tay \u0111eo m\u00e1t tho\u1ea3i m\u00e1i thao t\u00e1c khi l\u00e0m vi\u1ec7c. \u01afu \u0111i\u1ec3m g\u0103ng tay v\u1ea3i ch\u1ed1ng [...]","og_url":"https:\/\/jncvietnam.com\/en\/san-pham\/esd-dotted\/","og_site_name":"JNC VN","article_modified_time":"2021-06-22T09:00:35+00:00","og_image":[{"width":320,"height":274,"url":"https:\/\/jncvietnam.com\/en\/wp-content\/uploads\/2021\/06\/Gang-tay-vai-chong-tinh-dien-phu-hat.jpg","type":"image\/jpeg"}],"twitter_card":"summary_large_image","twitter_misc":{"\u01af\u1edbc t\u00ednh th\u1eddi gian \u0111\u1ecdc":"2 ph\u00fat"},"schema":{"@context":"https:\/\/schema.org","@graph":[{"@type":"WebPage","@id":"https:\/\/jncvietnam.com\/en\/san-pham\/esd-dotted\/","url":"https:\/\/jncvietnam.com\/en\/san-pham\/esd-dotted\/","name":"ESD Dotted - JNC VN","isPartOf":{"@id":"https:\/\/jncvietnam.com\/en\/#website"},"primaryImageOfPage":{"@id":"https:\/\/jncvietnam.com\/en\/san-pham\/esd-dotted\/#primaryimage"},"image":{"@id":"https:\/\/jncvietnam.com\/en\/san-pham\/esd-dotted\/#primaryimage"},"thumbnailUrl":"https:\/\/jncvietnam.com\/en\/wp-content\/uploads\/2021\/06\/Gang-tay-vai-chong-tinh-dien-phu-hat.jpg","datePublished":"2021-06-07T09:01:32+00:00","dateModified":"2021-06-22T09:00:35+00:00","breadcrumb":{"@id":"https:\/\/jncvietnam.com\/en\/san-pham\/esd-dotted\/#breadcrumb"},"inLanguage":"vi","potentialAction":[{"@type":"ReadAction","target":["https:\/\/jncvietnam.com\/en\/san-pham\/esd-dotted\/"]}]},{"@type":"ImageObject","inLanguage":"vi","@id":"https:\/\/jncvietnam.com\/en\/san-pham\/esd-dotted\/#primaryimage","url":"https:\/\/jncvietnam.com\/en\/wp-content\/uploads\/2021\/06\/Gang-tay-vai-chong-tinh-dien-phu-hat.jpg","contentUrl":"https:\/\/jncvietnam.com\/en\/wp-content\/uploads\/2021\/06\/Gang-tay-vai-chong-tinh-dien-phu-hat.jpg","width":320,"height":274},{"@type":"BreadcrumbList","@id":"https:\/\/jncvietnam.com\/en\/san-pham\/esd-dotted\/#breadcrumb","itemListElement":[{"@type":"ListItem","position":1,"name":"Trang ch\u1ee7","item":"https:\/\/jncvietnam.com\/en\/"},{"@type":"ListItem","position":2,"name":"Product","item":"https:\/\/jncvietnam.com\/en\/product\/"},{"@type":"ListItem","position":3,"name":"ESD Dotted"}]},{"@type":"WebSite","@id":"https:\/\/jncvietnam.com\/en\/#website","url":"https:\/\/jncvietnam.com\/en\/","name":"JNC VN","description":"HTH","potentialAction":[{"@type":"SearchAction","target":{"@type":"EntryPoint","urlTemplate":"https:\/\/jncvietnam.com\/en\/?s={search_term_string}"},"query-input":{"@type":"PropertyValueSpecification","valueRequired":true,"valueName":"search_term_string"}}],"inLanguage":"vi"}]}},"_links":{"self":[{"href":"https:\/\/jncvietnam.com\/en\/wp-json\/wp\/v2\/product\/1570","targetHints":{"allow":["GET"]}}],"collection":[{"href":"https:\/\/jncvietnam.com\/en\/wp-json\/wp\/v2\/product"}],"about":[{"href":"https:\/\/jncvietnam.com\/en\/wp-json\/wp\/v2\/types\/product"}],"replies":[{"embeddable":true,"href":"https:\/\/jncvietnam.com\/en\/wp-json\/wp\/v2\/comments?post=1570"}],"wp:featuredmedia":[{"embeddable":true,"href":"https:\/\/jncvietnam.com\/en\/wp-json\/wp\/v2\/media\/1571"}],"wp:attachment":[{"href":"https:\/\/jncvietnam.com\/en\/wp-json\/wp\/v2\/media?parent=1570"}],"wp:term":[{"taxonomy":"product_brand","embeddable":true,"href":"https:\/\/jncvietnam.com\/en\/wp-json\/wp\/v2\/product_brand?post=1570"},{"taxonomy":"product_cat","embeddable":true,"href":"https:\/\/jncvietnam.com\/en\/wp-json\/wp\/v2\/product_cat?post=1570"},{"taxonomy":"product_tag","embeddable":true,"href":"https:\/\/jncvietnam.com\/en\/wp-json\/wp\/v2\/product_tag?post=1570"}],"curies":[{"name":"wp","href":"https:\/\/api.w.org\/{rel}","templated":true}]}}