{"id":1572,"date":"2021-06-07T16:08:05","date_gmt":"2021-06-07T09:08:05","guid":{"rendered":"https:\/\/jncvietnam.com\/en\/?post_type=product&#038;p=1572"},"modified":"2021-06-22T15:59:33","modified_gmt":"2021-06-22T08:59:33","slug":"nitrile-gloves","status":"publish","type":"product","link":"https:\/\/jncvietnam.com\/en\/san-pham\/nitrile-gloves\/","title":{"rendered":"Nitrile Gloves"},"content":{"rendered":"<p><span style=\"color: #00a859;\"><strong>G\u0103ng tay Nitrile<\/strong><\/span> \u0111\u01b0\u1ee3c l\u00e0m t\u1eeb cao su nh\u00e2n t\u1ea1o l\u00e0 lo\u1ea1i G\u0103ng tay m\u1edbi thay th\u1ebf cho G\u0103ng tay cao su t\u1ef1 nhi\u00eau (c\u00f2n g\u1ecdi l\u00e0 G\u0103ng y t\u1ebf ho\u1eb7c G\u0103ng c\u00f3 b\u1ed9t) m\u00e0 G\u0103ng n\u00e0y d\u1ec5 g\u00e2y d\u1ecb \u1ee9ng. G\u0103ng tay Nitrile l\u00e0 lo\u1ea1i G\u0103ng tay v\u01b0\u1ee3t tr\u1ed9i v\u1ec1 t\u00ednh n\u0103ng ch\u1ed1ng \u0111\u00e2m th\u1ee7ng. G\u0103ng tay Nitrile \u0111\u01b0\u1ee3c d\u00f9ng r\u1ed9ng r\u00e3i trong c\u00e1c \u1ee9ng d\u1ee5ng \u0111\u1eddi s\u1ed1ng nh\u01b0 y t\u1ebf, c\u00f4ng nghi\u1ec7p, sinh ho\u1ea1t\u2026<\/p>\n<p>Tr\u01b0\u1edbc khi G\u0103ng tay Nitrile \u0111\u01b0\u1ee3c gi\u1edbi thi\u1ec7u ra th\u1ecb tr\u01b0\u1eddng c\u00e1c b\u1ec7nh vi\u1ec7n, trung t\u00e2m y t\u1ebf&#8230; G\u0103ng Nitrile ph\u1ea3i tr\u1ea3i qua c\u00e1c chu\u1ed7i ki\u1ec3m nghi\u1ec7m kh\u1eaft khe d\u01b0\u1edbi s\u1ef1 ki\u1ec3m so\u00e1t c\u1ee7a Ban Qu\u1ea3n L\u00fd Th\u1ef1c Ph\u1ea9m v\u00e0 D\u01b0\u1ee3c c\u1ee7a M\u1ef9 (FDA) \u0111\u1ec3 \u0111\u1ea3m b\u1ea3o t\u00ednh b\u1ec1n v\u1eefng v\u00e0 ph\u00f9 h\u1ee3p c\u1ee7a G\u0103ng Nitrile.<\/p>\n<p><img loading=\"lazy\" decoding=\"async\" class=\"aligncenter wp-image-1573 size-full\" src=\"https:\/\/jncvietnam.com\/en\/wp-content\/uploads\/2021\/06\/Gang-tay-nitrile-khong-bot.jpg\" alt=\"\" width=\"225\" height=\"225\" srcset=\"https:\/\/jncvietnam.com\/en\/wp-content\/uploads\/2021\/06\/Gang-tay-nitrile-khong-bot.jpg 225w, https:\/\/jncvietnam.com\/en\/wp-content\/uploads\/2021\/06\/Gang-tay-nitrile-khong-bot-150x150.jpg 150w, https:\/\/jncvietnam.com\/en\/wp-content\/uploads\/2021\/06\/Gang-tay-nitrile-khong-bot-100x100.jpg 100w\" sizes=\"auto, (max-width: 225px) 100vw, 225px\" \/><\/p>\n<h3><span style=\"color: #00a859;\">Nh\u1eefng thu\u1ed9c t\u00ednh:<\/span><\/h3>\n<ul>\n<li>Kh\u00f4ng c\u00f3 th\u00e0nh ph\u1ea7n cao su t\u1ef1 nhi\u00ean<\/li>\n<li>Ch\u1ed1ng \u0111\u00e2m th\u1ee7ng, \u0111\u1ed9 b\u1ec1n cao<\/li>\n<li>D\u1ebbo dai, k\u00e9o d\u00e0i tu\u1ed5i th\u1ecd G\u0103ng tay<\/li>\n<li>\u00d4m s\u00e1t tay ng\u01b0\u1eddi \u0111eo, c\u1ea3i ti\u1ebfn vi\u1ec7c ng\u0103n ch\u1eb7n r\u00e1ch G\u0103ng tay so v\u1edbi Latex, Vinyl<\/li>\n<li>T\u1ea1o c\u1ea3m gi\u00e1 tho\u1ea3i m\u00e1i cho ng\u01b0\u1eddi \u0111eo trong th\u1eddi gian d\u00e0i<\/li>\n<li>Ng\u0103n ch\u1eb7n nh\u1eefng r\u1ee7i ro x\u1ea3y ra \u1edf m\u1ee9c \u0111\u1ed9 cao.<\/li>\n<li>Ch\u1ed1ng \u0111\u01b0\u1ee3c nhi\u1ec1u lo\u1ea1i h\u00f3a ch\u1ea5t.<\/li>\n<\/ul>\n","protected":false},"excerpt":{"rendered":"<p>G\u0103ng tay Nitrile \u0111\u01b0\u1ee3c l\u00e0m t\u1eeb cao su nh\u00e2n t\u1ea1o l\u00e0 lo\u1ea1i G\u0103ng tay m\u1edbi thay th\u1ebf cho G\u0103ng tay cao su t\u1ef1 nhi\u00eau (c\u00f2n g\u1ecdi l\u00e0 G\u0103ng y t\u1ebf ho\u1eb7c G\u0103ng c\u00f3 b\u1ed9t) m\u00e0 G\u0103ng n\u00e0y d\u1ec5 g\u00e2y d\u1ecb \u1ee9ng. G\u0103ng tay Nitrile l\u00e0 lo\u1ea1i G\u0103ng tay v\u01b0\u1ee3t tr\u1ed9i v\u1ec1 t\u00ednh n\u0103ng ch\u1ed1ng \u0111\u00e2m [&#8230;]\n","protected":false},"featured_media":1573,"comment_status":"open","ping_status":"closed","template":"","meta":[],"product_brand":[],"product_cat":[59,88],"product_tag":[],"class_list":{"0":"post-1572","1":"product","2":"type-product","3":"status-publish","4":"has-post-thumbnail","6":"product_cat-gang-tay-chong-tinh-dien","7":"product_cat-gang-tay-nitrile","9":"first","10":"instock","11":"shipping-taxable","12":"product-type-simple"},"yoast_head":"<!-- This site is optimized with the Yoast SEO plugin v26.8 - https:\/\/yoast.com\/product\/yoast-seo-wordpress\/ -->\n<title>Nitrile Gloves - JNC VN<\/title>\n<meta name=\"robots\" content=\"index, follow, max-snippet:-1, max-image-preview:large, max-video-preview:-1\" \/>\n<link rel=\"canonical\" href=\"https:\/\/jncvietnam.com\/en\/san-pham\/nitrile-gloves\/\" \/>\n<meta property=\"og:locale\" content=\"vi_VN\" \/>\n<meta property=\"og:type\" content=\"article\" \/>\n<meta property=\"og:title\" content=\"Nitrile Gloves - JNC VN\" \/>\n<meta property=\"og:description\" content=\"G\u0103ng tay Nitrile \u0111\u01b0\u1ee3c l\u00e0m t\u1eeb cao su nh\u00e2n t\u1ea1o l\u00e0 lo\u1ea1i G\u0103ng tay m\u1edbi thay th\u1ebf cho G\u0103ng tay cao su t\u1ef1 nhi\u00eau (c\u00f2n g\u1ecdi l\u00e0 G\u0103ng y t\u1ebf ho\u1eb7c G\u0103ng c\u00f3 b\u1ed9t) m\u00e0 G\u0103ng n\u00e0y d\u1ec5 g\u00e2y d\u1ecb \u1ee9ng. G\u0103ng tay Nitrile l\u00e0 lo\u1ea1i G\u0103ng tay v\u01b0\u1ee3t tr\u1ed9i v\u1ec1 t\u00ednh n\u0103ng ch\u1ed1ng \u0111\u00e2m [...]\" \/>\n<meta property=\"og:url\" content=\"https:\/\/jncvietnam.com\/en\/san-pham\/nitrile-gloves\/\" \/>\n<meta property=\"og:site_name\" content=\"JNC VN\" \/>\n<meta property=\"article:modified_time\" content=\"2021-06-22T08:59:33+00:00\" \/>\n<meta property=\"og:image\" content=\"https:\/\/jncvietnam.com\/en\/wp-content\/uploads\/2021\/06\/Gang-tay-nitrile-khong-bot.jpg\" \/>\n\t<meta property=\"og:image:width\" content=\"225\" \/>\n\t<meta property=\"og:image:height\" content=\"225\" \/>\n\t<meta property=\"og:image:type\" content=\"image\/jpeg\" \/>\n<meta name=\"twitter:card\" content=\"summary_large_image\" \/>\n<meta name=\"twitter:label1\" content=\"\u01af\u1edbc t\u00ednh th\u1eddi gian \u0111\u1ecdc\" \/>\n\t<meta name=\"twitter:data1\" content=\"2 ph\u00fat\" \/>\n<script type=\"application\/ld+json\" class=\"yoast-schema-graph\">{\"@context\":\"https:\/\/schema.org\",\"@graph\":[{\"@type\":\"WebPage\",\"@id\":\"https:\/\/jncvietnam.com\/en\/san-pham\/nitrile-gloves\/\",\"url\":\"https:\/\/jncvietnam.com\/en\/san-pham\/nitrile-gloves\/\",\"name\":\"Nitrile Gloves - JNC VN\",\"isPartOf\":{\"@id\":\"https:\/\/jncvietnam.com\/en\/#website\"},\"primaryImageOfPage\":{\"@id\":\"https:\/\/jncvietnam.com\/en\/san-pham\/nitrile-gloves\/#primaryimage\"},\"image\":{\"@id\":\"https:\/\/jncvietnam.com\/en\/san-pham\/nitrile-gloves\/#primaryimage\"},\"thumbnailUrl\":\"https:\/\/jncvietnam.com\/en\/wp-content\/uploads\/2021\/06\/Gang-tay-nitrile-khong-bot.jpg\",\"datePublished\":\"2021-06-07T09:08:05+00:00\",\"dateModified\":\"2021-06-22T08:59:33+00:00\",\"breadcrumb\":{\"@id\":\"https:\/\/jncvietnam.com\/en\/san-pham\/nitrile-gloves\/#breadcrumb\"},\"inLanguage\":\"vi\",\"potentialAction\":[{\"@type\":\"ReadAction\",\"target\":[\"https:\/\/jncvietnam.com\/en\/san-pham\/nitrile-gloves\/\"]}]},{\"@type\":\"ImageObject\",\"inLanguage\":\"vi\",\"@id\":\"https:\/\/jncvietnam.com\/en\/san-pham\/nitrile-gloves\/#primaryimage\",\"url\":\"https:\/\/jncvietnam.com\/en\/wp-content\/uploads\/2021\/06\/Gang-tay-nitrile-khong-bot.jpg\",\"contentUrl\":\"https:\/\/jncvietnam.com\/en\/wp-content\/uploads\/2021\/06\/Gang-tay-nitrile-khong-bot.jpg\",\"width\":225,\"height\":225},{\"@type\":\"BreadcrumbList\",\"@id\":\"https:\/\/jncvietnam.com\/en\/san-pham\/nitrile-gloves\/#breadcrumb\",\"itemListElement\":[{\"@type\":\"ListItem\",\"position\":1,\"name\":\"Trang ch\u1ee7\",\"item\":\"https:\/\/jncvietnam.com\/en\/\"},{\"@type\":\"ListItem\",\"position\":2,\"name\":\"Product\",\"item\":\"https:\/\/jncvietnam.com\/en\/product\/\"},{\"@type\":\"ListItem\",\"position\":3,\"name\":\"Nitrile Gloves\"}]},{\"@type\":\"WebSite\",\"@id\":\"https:\/\/jncvietnam.com\/en\/#website\",\"url\":\"https:\/\/jncvietnam.com\/en\/\",\"name\":\"JNC VN\",\"description\":\"HTH\",\"potentialAction\":[{\"@type\":\"SearchAction\",\"target\":{\"@type\":\"EntryPoint\",\"urlTemplate\":\"https:\/\/jncvietnam.com\/en\/?s={search_term_string}\"},\"query-input\":{\"@type\":\"PropertyValueSpecification\",\"valueRequired\":true,\"valueName\":\"search_term_string\"}}],\"inLanguage\":\"vi\"}]}<\/script>\n<!-- \/ Yoast SEO plugin. -->","yoast_head_json":{"title":"Nitrile Gloves - JNC VN","robots":{"index":"index","follow":"follow","max-snippet":"max-snippet:-1","max-image-preview":"max-image-preview:large","max-video-preview":"max-video-preview:-1"},"canonical":"https:\/\/jncvietnam.com\/en\/san-pham\/nitrile-gloves\/","og_locale":"vi_VN","og_type":"article","og_title":"Nitrile Gloves - JNC VN","og_description":"G\u0103ng tay Nitrile \u0111\u01b0\u1ee3c l\u00e0m t\u1eeb cao su nh\u00e2n t\u1ea1o l\u00e0 lo\u1ea1i G\u0103ng tay m\u1edbi thay th\u1ebf cho G\u0103ng tay cao su t\u1ef1 nhi\u00eau (c\u00f2n g\u1ecdi l\u00e0 G\u0103ng y t\u1ebf ho\u1eb7c G\u0103ng c\u00f3 b\u1ed9t) m\u00e0 G\u0103ng n\u00e0y d\u1ec5 g\u00e2y d\u1ecb \u1ee9ng. G\u0103ng tay Nitrile l\u00e0 lo\u1ea1i G\u0103ng tay v\u01b0\u1ee3t tr\u1ed9i v\u1ec1 t\u00ednh n\u0103ng ch\u1ed1ng \u0111\u00e2m [...]","og_url":"https:\/\/jncvietnam.com\/en\/san-pham\/nitrile-gloves\/","og_site_name":"JNC VN","article_modified_time":"2021-06-22T08:59:33+00:00","og_image":[{"width":225,"height":225,"url":"https:\/\/jncvietnam.com\/en\/wp-content\/uploads\/2021\/06\/Gang-tay-nitrile-khong-bot.jpg","type":"image\/jpeg"}],"twitter_card":"summary_large_image","twitter_misc":{"\u01af\u1edbc t\u00ednh th\u1eddi gian \u0111\u1ecdc":"2 ph\u00fat"},"schema":{"@context":"https:\/\/schema.org","@graph":[{"@type":"WebPage","@id":"https:\/\/jncvietnam.com\/en\/san-pham\/nitrile-gloves\/","url":"https:\/\/jncvietnam.com\/en\/san-pham\/nitrile-gloves\/","name":"Nitrile Gloves - JNC VN","isPartOf":{"@id":"https:\/\/jncvietnam.com\/en\/#website"},"primaryImageOfPage":{"@id":"https:\/\/jncvietnam.com\/en\/san-pham\/nitrile-gloves\/#primaryimage"},"image":{"@id":"https:\/\/jncvietnam.com\/en\/san-pham\/nitrile-gloves\/#primaryimage"},"thumbnailUrl":"https:\/\/jncvietnam.com\/en\/wp-content\/uploads\/2021\/06\/Gang-tay-nitrile-khong-bot.jpg","datePublished":"2021-06-07T09:08:05+00:00","dateModified":"2021-06-22T08:59:33+00:00","breadcrumb":{"@id":"https:\/\/jncvietnam.com\/en\/san-pham\/nitrile-gloves\/#breadcrumb"},"inLanguage":"vi","potentialAction":[{"@type":"ReadAction","target":["https:\/\/jncvietnam.com\/en\/san-pham\/nitrile-gloves\/"]}]},{"@type":"ImageObject","inLanguage":"vi","@id":"https:\/\/jncvietnam.com\/en\/san-pham\/nitrile-gloves\/#primaryimage","url":"https:\/\/jncvietnam.com\/en\/wp-content\/uploads\/2021\/06\/Gang-tay-nitrile-khong-bot.jpg","contentUrl":"https:\/\/jncvietnam.com\/en\/wp-content\/uploads\/2021\/06\/Gang-tay-nitrile-khong-bot.jpg","width":225,"height":225},{"@type":"BreadcrumbList","@id":"https:\/\/jncvietnam.com\/en\/san-pham\/nitrile-gloves\/#breadcrumb","itemListElement":[{"@type":"ListItem","position":1,"name":"Trang ch\u1ee7","item":"https:\/\/jncvietnam.com\/en\/"},{"@type":"ListItem","position":2,"name":"Product","item":"https:\/\/jncvietnam.com\/en\/product\/"},{"@type":"ListItem","position":3,"name":"Nitrile Gloves"}]},{"@type":"WebSite","@id":"https:\/\/jncvietnam.com\/en\/#website","url":"https:\/\/jncvietnam.com\/en\/","name":"JNC VN","description":"HTH","potentialAction":[{"@type":"SearchAction","target":{"@type":"EntryPoint","urlTemplate":"https:\/\/jncvietnam.com\/en\/?s={search_term_string}"},"query-input":{"@type":"PropertyValueSpecification","valueRequired":true,"valueName":"search_term_string"}}],"inLanguage":"vi"}]}},"_links":{"self":[{"href":"https:\/\/jncvietnam.com\/en\/wp-json\/wp\/v2\/product\/1572","targetHints":{"allow":["GET"]}}],"collection":[{"href":"https:\/\/jncvietnam.com\/en\/wp-json\/wp\/v2\/product"}],"about":[{"href":"https:\/\/jncvietnam.com\/en\/wp-json\/wp\/v2\/types\/product"}],"replies":[{"embeddable":true,"href":"https:\/\/jncvietnam.com\/en\/wp-json\/wp\/v2\/comments?post=1572"}],"wp:featuredmedia":[{"embeddable":true,"href":"https:\/\/jncvietnam.com\/en\/wp-json\/wp\/v2\/media\/1573"}],"wp:attachment":[{"href":"https:\/\/jncvietnam.com\/en\/wp-json\/wp\/v2\/media?parent=1572"}],"wp:term":[{"taxonomy":"product_brand","embeddable":true,"href":"https:\/\/jncvietnam.com\/en\/wp-json\/wp\/v2\/product_brand?post=1572"},{"taxonomy":"product_cat","embeddable":true,"href":"https:\/\/jncvietnam.com\/en\/wp-json\/wp\/v2\/product_cat?post=1572"},{"taxonomy":"product_tag","embeddable":true,"href":"https:\/\/jncvietnam.com\/en\/wp-json\/wp\/v2\/product_tag?post=1572"}],"curies":[{"name":"wp","href":"https:\/\/api.w.org\/{rel}","templated":true}]}}