{"id":1584,"date":"2021-05-07T16:52:58","date_gmt":"2021-05-07T09:52:58","guid":{"rendered":"https:\/\/jncvietnam.com\/en\/?post_type=product&#038;p=1584"},"modified":"2021-06-16T11:04:11","modified_gmt":"2021-06-16T04:04:11","slug":"ao-choang-phong-sach","status":"publish","type":"product","link":"https:\/\/jncvietnam.com\/en\/san-pham\/ao-choang-phong-sach\/","title":{"rendered":"\u00c1o cho\u00e0ng ph\u00f2ng s\u1ea1ch"},"content":{"rendered":"<h3><span style=\"color: #00a859;\">\u00c1o cho\u00e0ng ph\u00f2ng s\u1ea1ch ch\u1ed1ng t\u0129nh \u0111i\u1ec7n<\/span><\/h3>\n<p>Trong m\u00f4i tr\u01b0\u1eddng l\u00e0m vi\u1ec7c y\u00eau c\u1ea7u \u0111\u1ed9 ch\u1ed1ng t\u0129nh \u0111i\u1ec7n cao v\u00e0 y\u00eau c\u1ea7u \u0111\u1ed9 s\u1ea1ch th\u00ec \u00e1o b\u1ea3o h\u1ed9 ph\u00f2ng s\u1ea1ch ch\u1ed1ng t\u0129nh \u0111i\u1ec7n \u0111\u00f3ng vai tr\u00f2 v\u00f4 c\u00f9ng quan tr\u1ecdng. Trong nhi\u1ec1u ki\u1ec3u qu\u1ea7n \u00e1o ch\u1ed1ng t\u0129nh \u0111i\u1ec7n th\u00ec \u00e1o cho\u00e0ng ch\u1ed1ng t\u0129nh \u0111i\u1ec7n c\u0169ng \u0111\u01b0\u1ee3c s\u1eed d\u1ee5ng kh\u00e1 ph\u1ed5 bi\u1ebfn.<\/p>\n<p>\u00c1o cho\u00e0ng ph\u00f2ng s\u1ea1ch ch\u1ed1ng t\u0129nh \u0111i\u1ec7n c\u00f3 thi\u1ebft k\u1ebf may \u0111o d\u00e0i t\u1eddi t\u1eadn \u0111\u1ea7u g\u1ed1i n\u00ean \u0111\u1ed9 an to\u00e0n cho ng\u01b0\u1eddi m\u1eb7c c\u0169ng tho\u1ea3i m\u00e1i h\u01a1n. \u00c1o c\u00f3 \u0111\u1ed9 r\u1ed9ng r\u00e3i gi\u00fap cho ng\u01b0\u1eddi m\u1eb7c d\u1ec5 d\u00e0ng l\u00e0m vi\u1ec7c, kh\u00f4ng b\u1ecb \u1ea3nh h\u01b0\u1edfng trong c\u00f4ng vi\u1ec7c t\u1eeb \u0111\u00f3 n\u0103ng su\u1ea5t lao \u0111\u1ed9ng \u0111\u01b0\u1ee3c n\u00e2ng cao h\u01a1n, t\u1eeb \u0111\u00f3 l\u1ee3i nhu\u1eadn c\u1ee7a c\u00f4ng ty c\u0169ng t\u0103ng l\u00ean theo.<\/p>\n<p>C\u1ed5 \u00e1o l\u00e0 lo\u1ea1i c\u1ed5 b\u1ebb, c\u1ed5 may \u0111ai d\u00e1n\u2026 r\u1ea5t nhi\u1ec1u m\u1eabu m\u00e3 cho b\u1ea1n s\u1eed d\u1ee5ng sao cho thu\u1eadn ti\u1ec7n v\u1edbi c\u00f4ng vi\u1ec7c trong ng\u00e0nh ngh\u1ec1.<\/p>\n<p>\u00c1o cho\u00e0ng ch\u1ed1ng t\u0129nh \u0111i\u1ec7n c\u00f3 2 ki\u1ec3u: th\u1ee9 nh\u1ea5t l\u00e0 lo\u1ea1i c\u00f3 c\u00fac to, lo\u1ea1i th\u1ee9 2 l\u00e0 lo\u1ea1i may kh\u00f3a k\u00e9o.<\/p>\n<p><img loading=\"lazy\" decoding=\"async\" class=\"aligncenter wp-image-1585 size-full\" src=\"https:\/\/jncvietnam.com\/en\/wp-content\/uploads\/2021\/06\/Ao-choang-phong-sach.jpg\" alt=\"\" width=\"391\" height=\"509\" srcset=\"https:\/\/jncvietnam.com\/en\/wp-content\/uploads\/2021\/06\/Ao-choang-phong-sach.jpg 391w, https:\/\/jncvietnam.com\/en\/wp-content\/uploads\/2021\/06\/Ao-choang-phong-sach-230x300.jpg 230w\" sizes=\"auto, (max-width: 391px) 100vw, 391px\" \/><\/p>\n<p>Hai b\u00ean c\u00f3 t\u00fai h\u00ecnh ch\u1eef nh\u1eadt may n\u1ed5i b\u00ean ngo\u00e0i. Gi\u00fap b\u1ea1n gi\u1eef c\u00e1c \u0111\u1ed3 d\u00f9ng nh\u1ecf nh\u1eafn ph\u1ee5c v\u1ee5 trong qu\u00e1 tr\u00ecnh l\u00e0m vi\u1ec7c. \u00c1o c\u00f3 \u0111\u1ed9 d\u00e0i t\u1edbi \u0111\u1ea7u g\u1ed1i, r\u1ed9ng r\u00e3i tho\u1ea3i m\u00e1i cho b\u1ea1n l\u00e0m vi\u1ec7c.<\/p>\n<p>\u00c1o cho\u00e0ng ch\u1ed1ng t\u0129nh c\u00f3 \u0111\u1ed9 ch\u00f3ng t\u0129nh \u0111i\u1ec7n \u0111\u1ea3m b\u1ea3o trong kho\u1ea3ng : 10^6-10^9\u2126<\/p>\n<p>Lo\u1ea1i \u00e1o cho\u00e0ng n\u00e0y c\u0169ng c\u00f3 \u0111\u1ee7 c\u00e1c lo\u1ea1i size th\u00f4ng th\u01b0\u1eddng: S, M, L,XL, XXL,\u2026<\/p>\n<p>Ch\u00fang t\u00f4i c\u0169ng s\u1eed d\u1ee5ng lo\u1ea1i v\u1ea3i ph\u00f2ng s\u1ea1ch ch\u1ed1ng t\u0129nh \u0111i\u1ec7n \u0111\u1ec3 may. T\u00f9y v\u00e0o y\u00eau c\u1ea7u c\u1ee7a kh\u00e1ch hang ch\u00fang t\u00f4i s\u1ebd c\u00f3 nh\u1eefng m\u1eabu qu\u1ea7n \u00e1o ph\u00f2ng s\u1ea1ch th\u1ecfa m\u00e3n cho kh\u00e1ch hang.<\/p>\n","protected":false},"excerpt":{"rendered":"<ul>\n<li><strong>Ch\u1ea5t li\u1ec7u :<\/strong> polyester pha s\u1ee3i carbon<\/li>\n<li><strong>M\u00e0u s\u1eafc:<\/strong> Tr\u1eafng, xanh, h\u1ed3ng<\/li>\n<li><strong>T\u00ednh n\u0103ng:<\/strong> Ch\u1ed1ng t\u0129nh \u0111i\u1ec7n ph\u00f2ng s\u1ea1ch<\/li>\n<li><strong>Size:<\/strong> S, L, M, XL, XXL<\/li>\n<li><strong>Ch\u1ed1ng t\u0129nh \u0111i\u1ec7n :<\/strong> 10^6 &#8211; 10^9<\/li>\n<li><strong>Lo\u1ea1i kh\u00f3a :<\/strong> 1. C\u00fac \u0111\u00f3ng | 2. K\u00e9o Kh\u00f3a<\/li>\n<\/ul>\n","protected":false},"featured_media":1585,"comment_status":"open","ping_status":"closed","template":"","meta":[],"product_brand":[],"product_cat":[94,91,93,111,110],"product_tag":[],"class_list":{"0":"post-1584","1":"product","2":"type-product","3":"status-publish","4":"has-post-thumbnail","6":"product_cat-ao-choang-phong-sach","7":"product_cat-quan-ao","8":"product_cat-quan-va-ao-phong-sach","9":"product_cat-san-pham-noi-bat","10":"product_cat-trang-phuc-phong-sach","12":"first","13":"instock","14":"shipping-taxable","15":"product-type-simple"},"yoast_head":"<!-- This site is optimized with the Yoast SEO plugin v26.8 - https:\/\/yoast.com\/product\/yoast-seo-wordpress\/ -->\n<title>\u00c1o cho\u00e0ng ph\u00f2ng s\u1ea1ch - JNC VN<\/title>\n<meta name=\"robots\" content=\"index, follow, max-snippet:-1, max-image-preview:large, max-video-preview:-1\" \/>\n<link rel=\"canonical\" href=\"https:\/\/jncvietnam.com\/en\/san-pham\/ao-choang-phong-sach\/\" \/>\n<meta property=\"og:locale\" content=\"vi_VN\" \/>\n<meta property=\"og:type\" content=\"article\" \/>\n<meta property=\"og:title\" content=\"\u00c1o cho\u00e0ng ph\u00f2ng s\u1ea1ch - JNC VN\" \/>\n<meta property=\"og:description\" content=\"Ch\u1ea5t li\u1ec7u : polyester pha s\u1ee3i carbon  M\u00e0u s\u1eafc: Tr\u1eafng, xanh, h\u1ed3ng  T\u00ednh n\u0103ng: Ch\u1ed1ng t\u0129nh \u0111i\u1ec7n ph\u00f2ng s\u1ea1ch  Size: S, L, M, XL, XXL  Ch\u1ed1ng t\u0129nh \u0111i\u1ec7n : 10^6 - 10^9  Lo\u1ea1i kh\u00f3a : 1. C\u00fac \u0111\u00f3ng | 2. K\u00e9o Kh\u00f3a\" \/>\n<meta property=\"og:url\" content=\"https:\/\/jncvietnam.com\/en\/san-pham\/ao-choang-phong-sach\/\" \/>\n<meta property=\"og:site_name\" content=\"JNC VN\" \/>\n<meta property=\"article:modified_time\" content=\"2021-06-16T04:04:11+00:00\" \/>\n<meta property=\"og:image\" content=\"https:\/\/jncvietnam.com\/en\/wp-content\/uploads\/2021\/06\/Ao-choang-phong-sach.jpg\" \/>\n\t<meta property=\"og:image:width\" content=\"391\" \/>\n\t<meta property=\"og:image:height\" content=\"509\" \/>\n\t<meta property=\"og:image:type\" content=\"image\/jpeg\" \/>\n<meta name=\"twitter:card\" content=\"summary_large_image\" \/>\n<meta name=\"twitter:label1\" content=\"\u01af\u1edbc t\u00ednh th\u1eddi gian \u0111\u1ecdc\" \/>\n\t<meta name=\"twitter:data1\" content=\"2 ph\u00fat\" \/>\n<script type=\"application\/ld+json\" class=\"yoast-schema-graph\">{\"@context\":\"https:\/\/schema.org\",\"@graph\":[{\"@type\":\"WebPage\",\"@id\":\"https:\/\/jncvietnam.com\/en\/san-pham\/ao-choang-phong-sach\/\",\"url\":\"https:\/\/jncvietnam.com\/en\/san-pham\/ao-choang-phong-sach\/\",\"name\":\"\u00c1o cho\u00e0ng ph\u00f2ng s\u1ea1ch - JNC VN\",\"isPartOf\":{\"@id\":\"https:\/\/jncvietnam.com\/en\/#website\"},\"primaryImageOfPage\":{\"@id\":\"https:\/\/jncvietnam.com\/en\/san-pham\/ao-choang-phong-sach\/#primaryimage\"},\"image\":{\"@id\":\"https:\/\/jncvietnam.com\/en\/san-pham\/ao-choang-phong-sach\/#primaryimage\"},\"thumbnailUrl\":\"https:\/\/jncvietnam.com\/en\/wp-content\/uploads\/2021\/06\/Ao-choang-phong-sach.jpg\",\"datePublished\":\"2021-05-07T09:52:58+00:00\",\"dateModified\":\"2021-06-16T04:04:11+00:00\",\"breadcrumb\":{\"@id\":\"https:\/\/jncvietnam.com\/en\/san-pham\/ao-choang-phong-sach\/#breadcrumb\"},\"inLanguage\":\"vi\",\"potentialAction\":[{\"@type\":\"ReadAction\",\"target\":[\"https:\/\/jncvietnam.com\/en\/san-pham\/ao-choang-phong-sach\/\"]}]},{\"@type\":\"ImageObject\",\"inLanguage\":\"vi\",\"@id\":\"https:\/\/jncvietnam.com\/en\/san-pham\/ao-choang-phong-sach\/#primaryimage\",\"url\":\"https:\/\/jncvietnam.com\/en\/wp-content\/uploads\/2021\/06\/Ao-choang-phong-sach.jpg\",\"contentUrl\":\"https:\/\/jncvietnam.com\/en\/wp-content\/uploads\/2021\/06\/Ao-choang-phong-sach.jpg\",\"width\":391,\"height\":509},{\"@type\":\"BreadcrumbList\",\"@id\":\"https:\/\/jncvietnam.com\/en\/san-pham\/ao-choang-phong-sach\/#breadcrumb\",\"itemListElement\":[{\"@type\":\"ListItem\",\"position\":1,\"name\":\"Trang ch\u1ee7\",\"item\":\"https:\/\/jncvietnam.com\/en\/\"},{\"@type\":\"ListItem\",\"position\":2,\"name\":\"Product\",\"item\":\"https:\/\/jncvietnam.com\/en\/product\/\"},{\"@type\":\"ListItem\",\"position\":3,\"name\":\"\u00c1o cho\u00e0ng ph\u00f2ng s\u1ea1ch\"}]},{\"@type\":\"WebSite\",\"@id\":\"https:\/\/jncvietnam.com\/en\/#website\",\"url\":\"https:\/\/jncvietnam.com\/en\/\",\"name\":\"JNC VN\",\"description\":\"HTH\",\"potentialAction\":[{\"@type\":\"SearchAction\",\"target\":{\"@type\":\"EntryPoint\",\"urlTemplate\":\"https:\/\/jncvietnam.com\/en\/?s={search_term_string}\"},\"query-input\":{\"@type\":\"PropertyValueSpecification\",\"valueRequired\":true,\"valueName\":\"search_term_string\"}}],\"inLanguage\":\"vi\"}]}<\/script>\n<!-- \/ Yoast SEO plugin. -->","yoast_head_json":{"title":"\u00c1o cho\u00e0ng ph\u00f2ng s\u1ea1ch - JNC VN","robots":{"index":"index","follow":"follow","max-snippet":"max-snippet:-1","max-image-preview":"max-image-preview:large","max-video-preview":"max-video-preview:-1"},"canonical":"https:\/\/jncvietnam.com\/en\/san-pham\/ao-choang-phong-sach\/","og_locale":"vi_VN","og_type":"article","og_title":"\u00c1o cho\u00e0ng ph\u00f2ng s\u1ea1ch - JNC VN","og_description":"Ch\u1ea5t li\u1ec7u : polyester pha s\u1ee3i carbon  M\u00e0u s\u1eafc: Tr\u1eafng, xanh, h\u1ed3ng  T\u00ednh n\u0103ng: Ch\u1ed1ng t\u0129nh \u0111i\u1ec7n ph\u00f2ng s\u1ea1ch  Size: S, L, M, XL, XXL  Ch\u1ed1ng t\u0129nh \u0111i\u1ec7n : 10^6 - 10^9  Lo\u1ea1i kh\u00f3a : 1. C\u00fac \u0111\u00f3ng | 2. K\u00e9o Kh\u00f3a","og_url":"https:\/\/jncvietnam.com\/en\/san-pham\/ao-choang-phong-sach\/","og_site_name":"JNC VN","article_modified_time":"2021-06-16T04:04:11+00:00","og_image":[{"width":391,"height":509,"url":"https:\/\/jncvietnam.com\/en\/wp-content\/uploads\/2021\/06\/Ao-choang-phong-sach.jpg","type":"image\/jpeg"}],"twitter_card":"summary_large_image","twitter_misc":{"\u01af\u1edbc t\u00ednh th\u1eddi gian \u0111\u1ecdc":"2 ph\u00fat"},"schema":{"@context":"https:\/\/schema.org","@graph":[{"@type":"WebPage","@id":"https:\/\/jncvietnam.com\/en\/san-pham\/ao-choang-phong-sach\/","url":"https:\/\/jncvietnam.com\/en\/san-pham\/ao-choang-phong-sach\/","name":"\u00c1o cho\u00e0ng ph\u00f2ng s\u1ea1ch - JNC VN","isPartOf":{"@id":"https:\/\/jncvietnam.com\/en\/#website"},"primaryImageOfPage":{"@id":"https:\/\/jncvietnam.com\/en\/san-pham\/ao-choang-phong-sach\/#primaryimage"},"image":{"@id":"https:\/\/jncvietnam.com\/en\/san-pham\/ao-choang-phong-sach\/#primaryimage"},"thumbnailUrl":"https:\/\/jncvietnam.com\/en\/wp-content\/uploads\/2021\/06\/Ao-choang-phong-sach.jpg","datePublished":"2021-05-07T09:52:58+00:00","dateModified":"2021-06-16T04:04:11+00:00","breadcrumb":{"@id":"https:\/\/jncvietnam.com\/en\/san-pham\/ao-choang-phong-sach\/#breadcrumb"},"inLanguage":"vi","potentialAction":[{"@type":"ReadAction","target":["https:\/\/jncvietnam.com\/en\/san-pham\/ao-choang-phong-sach\/"]}]},{"@type":"ImageObject","inLanguage":"vi","@id":"https:\/\/jncvietnam.com\/en\/san-pham\/ao-choang-phong-sach\/#primaryimage","url":"https:\/\/jncvietnam.com\/en\/wp-content\/uploads\/2021\/06\/Ao-choang-phong-sach.jpg","contentUrl":"https:\/\/jncvietnam.com\/en\/wp-content\/uploads\/2021\/06\/Ao-choang-phong-sach.jpg","width":391,"height":509},{"@type":"BreadcrumbList","@id":"https:\/\/jncvietnam.com\/en\/san-pham\/ao-choang-phong-sach\/#breadcrumb","itemListElement":[{"@type":"ListItem","position":1,"name":"Trang ch\u1ee7","item":"https:\/\/jncvietnam.com\/en\/"},{"@type":"ListItem","position":2,"name":"Product","item":"https:\/\/jncvietnam.com\/en\/product\/"},{"@type":"ListItem","position":3,"name":"\u00c1o cho\u00e0ng ph\u00f2ng s\u1ea1ch"}]},{"@type":"WebSite","@id":"https:\/\/jncvietnam.com\/en\/#website","url":"https:\/\/jncvietnam.com\/en\/","name":"JNC VN","description":"HTH","potentialAction":[{"@type":"SearchAction","target":{"@type":"EntryPoint","urlTemplate":"https:\/\/jncvietnam.com\/en\/?s={search_term_string}"},"query-input":{"@type":"PropertyValueSpecification","valueRequired":true,"valueName":"search_term_string"}}],"inLanguage":"vi"}]}},"_links":{"self":[{"href":"https:\/\/jncvietnam.com\/en\/wp-json\/wp\/v2\/product\/1584","targetHints":{"allow":["GET"]}}],"collection":[{"href":"https:\/\/jncvietnam.com\/en\/wp-json\/wp\/v2\/product"}],"about":[{"href":"https:\/\/jncvietnam.com\/en\/wp-json\/wp\/v2\/types\/product"}],"replies":[{"embeddable":true,"href":"https:\/\/jncvietnam.com\/en\/wp-json\/wp\/v2\/comments?post=1584"}],"wp:featuredmedia":[{"embeddable":true,"href":"https:\/\/jncvietnam.com\/en\/wp-json\/wp\/v2\/media\/1585"}],"wp:attachment":[{"href":"https:\/\/jncvietnam.com\/en\/wp-json\/wp\/v2\/media?parent=1584"}],"wp:term":[{"taxonomy":"product_brand","embeddable":true,"href":"https:\/\/jncvietnam.com\/en\/wp-json\/wp\/v2\/product_brand?post=1584"},{"taxonomy":"product_cat","embeddable":true,"href":"https:\/\/jncvietnam.com\/en\/wp-json\/wp\/v2\/product_cat?post=1584"},{"taxonomy":"product_tag","embeddable":true,"href":"https:\/\/jncvietnam.com\/en\/wp-json\/wp\/v2\/product_tag?post=1584"}],"curies":[{"name":"wp","href":"https:\/\/api.w.org\/{rel}","templated":true}]}}