{"id":1591,"date":"2021-06-07T17:11:29","date_gmt":"2021-06-07T10:11:29","guid":{"rendered":"https:\/\/jncvietnam.com\/en\/?post_type=product&#038;p=1591"},"modified":"2021-06-22T15:48:21","modified_gmt":"2021-06-22T08:48:21","slug":"tyvek-apron-2","status":"publish","type":"product","link":"https:\/\/jncvietnam.com\/en\/san-pham\/tyvek-apron-2\/","title":{"rendered":"Tyvek Apron"},"content":{"rendered":"<h3><span style=\"color: #00a859;\">\u0110\u1eb6C \u0110I\u1ec2M T\u1ea1p \u0111\u1ec1 ch\u1ed1ng t\u0129nh \u0111i\u1ec7n<\/span><\/h3>\n<p>-T\u1ea1p \u0111\u1ec1 ch\u1ed1ng t\u0129nh \u0111i\u1ec7n l\u00e0 vi\u1ec7c s\u1eed d\u1ee5ng c\u00e1c s\u1ee3i polyester v\u00e0 hi\u1ec7u su\u1ea5t cao d\u1eabn s\u1ee3i d\u1ec7t v\u0129nh vi\u1ec5n b\u1eb1ng m\u1ed9t qu\u00e1 tr\u00ecnh \u0111\u1eb7c bi\u1ec7t, v\u1edbi hi\u1ec7u su\u1ea5t ch\u1ed1ng b\u1ee5i ch\u1ed1ng t\u0129nh l\u00e2u d\u00e0i.<\/p>\n<p>-Th\u00f4ng qua c\u00f4ng ngh\u1ec7 ch\u1ebf bi\u1ebfn ti\u00ean ti\u1ebfn, thi\u1ebft k\u1ebf v\u00e0 s\u1ea3n xu\u1ea5t m\u1ed9t lo\u1ea1t c\u00e1c phong c\u00e1ch v\u00e0 m\u1ed9t lo\u1ea1t c\u00e1c chi ti\u1ebft k\u1ef9 thu\u1eadt t\u1ea1p d\u1ec1 ch\u1ed1ng t\u0129nh \u0111i\u1ec7n, c\u00e1c bi\u1ec7n ph\u00e1p b\u1ea3o v\u1ec7 c\u01a1 th\u1ec3 t\u0129nh \u0111i\u1ec7n l\u00e0 c\u1ea7n thi\u1ebft, nh\u01b0ng c\u0169ng theo th\u00f4ng s\u1ed1 k\u1ef9 thu\u1eadt c\u1ee7a kh\u00e1ch h\u00e0ng v\u00e0 phong c\u00e1ch l\u00e0m.<\/p>\n<h3><span style=\"color: #00a859;\">C\u00d4NG D\u1ee4NG T\u1ea1p \u0111\u1ec1 ch\u1ed1ng t\u0129nh \u0111i\u1ec7n<\/span><\/h3>\n<p>S\u1ea3n xu\u1ea5t s\u1ea3n ph\u1ea9m LCD, LED s\u1ea3n xu\u1ea5t s\u1ea3n ph\u1ea9m, s\u1ea3n xu\u1ea5t thi\u1ebft b\u1ecb \u0111i\u1ec7n t\u1eed, s\u1ea3n xu\u1ea5t s\u1ea3n ph\u1ea9m \u0111\u1ea7u, s\u1ea3n xu\u1ea5t chip, s\u1ea3n xu\u1ea5t s\u1ea3n ph\u1ea9m truy\u1ec1n th\u00f4ng, s\u1ea3n xu\u1ea5t c\u00e1c s\u1ea3n ph\u1ea9m m\u00e1y t\u00ednh, s\u1ea3n xu\u1ea5t s\u1ea3n ph\u1ea9m th\u1ef1c ph\u1ea9m, s\u1ea3n xu\u1ea5t d\u01b0\u1ee3c ph\u1ea9m, c\u00e1c s\u1ea3n ph\u1ea9m b\u00e1n d\u1eabn m\u1ee9c s\u1ea3n xu\u1ea5t v\u00e0 kh\u00e1c ch\u1ed1ng t\u0129nh \u0111i\u1ec7n v\u00e0 l\u1ecdc c\u00f3 y\u00eau c\u1ea7u khu v\u1ef1c s\u1ea3n xu\u1ea5t.<\/p>\n<h3><span style=\"color: #00a859;\">TH\u00d4NG S\u1ed0 K\u1ef8 THU\u1eacT T\u1ea1p \u0111\u1ec1 ch\u1ed1ng t\u0129nh \u0111i\u1ec7n<\/span><\/h3>\n<p>2.5mm \/ s\u1ecdc 5mm, 2.5mm \/ l\u01b0\u1edbi 5mm ch\u1ed1ng t\u0129nh l\u1ee5a d\u1eabn, ph\u00f9 h\u1ee3p v\u1edbi m\u00f4i tr\u01b0\u1eddng b\u1ee5i s\u1ea1ch cao, s\u1ea3n ph\u1ea9m n\u00e0y c\u00f3 th\u1ec3 \u0111\u01b0\u1ee3c \u0111i\u1ec1u ch\u1ec9nh \u0111\u1ebfn 10 ~ 10000 m\u00f4i tr\u01b0\u1eddng trong s\u1ea1ch.<\/p>\n<h3><span style=\"color: #00a859;\">M\u00c0U S\u1eaeC t\u1ea1p d\u1ec1 ch\u1ed1ng t\u0129nh \u0111i\u1ec7n<\/span><\/h3>\n<p>M\u00e0u tr\u1eafng, m\u00e0u xanh nh\u1ea1t, xanh d\u01b0\u01a1ng, xanh \u0111\u1eadm, v\u00e0ng nh\u1ea1t, v\u00e0ng, h\u1ed3ng, \u0111\u1ecf, \u00e1nh s\u00e1ng m\u00e0u xanh l\u00e1 c\u00e2y, xanh l\u00e1 c\u00e2y, cam, x\u00e1m, \u0111en v\u00e0 c\u00e1c m\u00e0u s\u1eafc \u0111\u1ec3 l\u1ef1a ch\u1ecdn<\/p>\n","protected":false},"excerpt":{"rendered":"<p>\u0110\u1eb6C \u0110I\u1ec2M T\u1ea1p \u0111\u1ec1 ch\u1ed1ng t\u0129nh \u0111i\u1ec7n -T\u1ea1p \u0111\u1ec1 ch\u1ed1ng t\u0129nh \u0111i\u1ec7n l\u00e0 vi\u1ec7c s\u1eed d\u1ee5ng c\u00e1c s\u1ee3i polyester v\u00e0 hi\u1ec7u su\u1ea5t cao d\u1eabn s\u1ee3i d\u1ec7t v\u0129nh vi\u1ec5n b\u1eb1ng m\u1ed9t qu\u00e1 tr\u00ecnh \u0111\u1eb7c bi\u1ec7t, v\u1edbi hi\u1ec7u su\u1ea5t ch\u1ed1ng b\u1ee5i ch\u1ed1ng t\u0129nh l\u00e2u d\u00e0i. -Th\u00f4ng qua c\u00f4ng ngh\u1ec7 ch\u1ebf bi\u1ebfn ti\u00ean ti\u1ebfn, thi\u1ebft k\u1ebf v\u00e0 s\u1ea3n [&#8230;]\n","protected":false},"featured_media":1592,"comment_status":"open","ping_status":"closed","template":"","meta":[],"product_brand":[],"product_cat":[96,110],"product_tag":[],"class_list":{"0":"post-1591","1":"product","2":"type-product","3":"status-publish","4":"has-post-thumbnail","6":"product_cat-phu-kien-yem-phong-sach-xa-cap-tay-phong-sach","7":"product_cat-trang-phuc-phong-sach","9":"first","10":"instock","11":"shipping-taxable","12":"product-type-simple"},"yoast_head":"<!-- This site is optimized with the Yoast SEO plugin v26.8 - https:\/\/yoast.com\/product\/yoast-seo-wordpress\/ -->\n<title>Tyvek Apron - JNC VN<\/title>\n<meta name=\"robots\" content=\"index, follow, max-snippet:-1, max-image-preview:large, max-video-preview:-1\" \/>\n<link rel=\"canonical\" href=\"https:\/\/jncvietnam.com\/en\/san-pham\/tyvek-apron-2\/\" \/>\n<meta property=\"og:locale\" content=\"vi_VN\" \/>\n<meta property=\"og:type\" content=\"article\" \/>\n<meta property=\"og:title\" content=\"Tyvek Apron - JNC VN\" \/>\n<meta property=\"og:description\" content=\"\u0110\u1eb6C \u0110I\u1ec2M T\u1ea1p \u0111\u1ec1 ch\u1ed1ng t\u0129nh \u0111i\u1ec7n -T\u1ea1p \u0111\u1ec1 ch\u1ed1ng t\u0129nh \u0111i\u1ec7n l\u00e0 vi\u1ec7c s\u1eed d\u1ee5ng c\u00e1c s\u1ee3i polyester v\u00e0 hi\u1ec7u su\u1ea5t cao d\u1eabn s\u1ee3i d\u1ec7t v\u0129nh vi\u1ec5n b\u1eb1ng m\u1ed9t qu\u00e1 tr\u00ecnh \u0111\u1eb7c bi\u1ec7t, v\u1edbi hi\u1ec7u su\u1ea5t ch\u1ed1ng b\u1ee5i ch\u1ed1ng t\u0129nh l\u00e2u d\u00e0i. -Th\u00f4ng qua c\u00f4ng ngh\u1ec7 ch\u1ebf bi\u1ebfn ti\u00ean ti\u1ebfn, thi\u1ebft k\u1ebf v\u00e0 s\u1ea3n [...]\" \/>\n<meta property=\"og:url\" content=\"https:\/\/jncvietnam.com\/en\/san-pham\/tyvek-apron-2\/\" \/>\n<meta property=\"og:site_name\" content=\"JNC VN\" \/>\n<meta property=\"article:modified_time\" content=\"2021-06-22T08:48:21+00:00\" \/>\n<meta property=\"og:image\" content=\"https:\/\/jncvietnam.com\/en\/wp-content\/uploads\/2021\/06\/Tap-de-chong-tinh-dien.jpg\" \/>\n\t<meta property=\"og:image:width\" content=\"170\" \/>\n\t<meta property=\"og:image:height\" content=\"218\" \/>\n\t<meta property=\"og:image:type\" content=\"image\/jpeg\" \/>\n<meta name=\"twitter:card\" content=\"summary_large_image\" \/>\n<meta name=\"twitter:label1\" content=\"\u01af\u1edbc t\u00ednh th\u1eddi gian \u0111\u1ecdc\" \/>\n\t<meta name=\"twitter:data1\" content=\"2 ph\u00fat\" \/>\n<script type=\"application\/ld+json\" class=\"yoast-schema-graph\">{\"@context\":\"https:\/\/schema.org\",\"@graph\":[{\"@type\":\"WebPage\",\"@id\":\"https:\/\/jncvietnam.com\/en\/san-pham\/tyvek-apron-2\/\",\"url\":\"https:\/\/jncvietnam.com\/en\/san-pham\/tyvek-apron-2\/\",\"name\":\"Tyvek Apron - JNC VN\",\"isPartOf\":{\"@id\":\"https:\/\/jncvietnam.com\/en\/#website\"},\"primaryImageOfPage\":{\"@id\":\"https:\/\/jncvietnam.com\/en\/san-pham\/tyvek-apron-2\/#primaryimage\"},\"image\":{\"@id\":\"https:\/\/jncvietnam.com\/en\/san-pham\/tyvek-apron-2\/#primaryimage\"},\"thumbnailUrl\":\"https:\/\/jncvietnam.com\/en\/wp-content\/uploads\/2021\/06\/Tap-de-chong-tinh-dien.jpg\",\"datePublished\":\"2021-06-07T10:11:29+00:00\",\"dateModified\":\"2021-06-22T08:48:21+00:00\",\"breadcrumb\":{\"@id\":\"https:\/\/jncvietnam.com\/en\/san-pham\/tyvek-apron-2\/#breadcrumb\"},\"inLanguage\":\"vi\",\"potentialAction\":[{\"@type\":\"ReadAction\",\"target\":[\"https:\/\/jncvietnam.com\/en\/san-pham\/tyvek-apron-2\/\"]}]},{\"@type\":\"ImageObject\",\"inLanguage\":\"vi\",\"@id\":\"https:\/\/jncvietnam.com\/en\/san-pham\/tyvek-apron-2\/#primaryimage\",\"url\":\"https:\/\/jncvietnam.com\/en\/wp-content\/uploads\/2021\/06\/Tap-de-chong-tinh-dien.jpg\",\"contentUrl\":\"https:\/\/jncvietnam.com\/en\/wp-content\/uploads\/2021\/06\/Tap-de-chong-tinh-dien.jpg\",\"width\":170,\"height\":218},{\"@type\":\"BreadcrumbList\",\"@id\":\"https:\/\/jncvietnam.com\/en\/san-pham\/tyvek-apron-2\/#breadcrumb\",\"itemListElement\":[{\"@type\":\"ListItem\",\"position\":1,\"name\":\"Trang ch\u1ee7\",\"item\":\"https:\/\/jncvietnam.com\/en\/\"},{\"@type\":\"ListItem\",\"position\":2,\"name\":\"Product\",\"item\":\"https:\/\/jncvietnam.com\/en\/product\/\"},{\"@type\":\"ListItem\",\"position\":3,\"name\":\"Tyvek Apron\"}]},{\"@type\":\"WebSite\",\"@id\":\"https:\/\/jncvietnam.com\/en\/#website\",\"url\":\"https:\/\/jncvietnam.com\/en\/\",\"name\":\"JNC VN\",\"description\":\"HTH\",\"potentialAction\":[{\"@type\":\"SearchAction\",\"target\":{\"@type\":\"EntryPoint\",\"urlTemplate\":\"https:\/\/jncvietnam.com\/en\/?s={search_term_string}\"},\"query-input\":{\"@type\":\"PropertyValueSpecification\",\"valueRequired\":true,\"valueName\":\"search_term_string\"}}],\"inLanguage\":\"vi\"}]}<\/script>\n<!-- \/ Yoast SEO plugin. -->","yoast_head_json":{"title":"Tyvek Apron - JNC VN","robots":{"index":"index","follow":"follow","max-snippet":"max-snippet:-1","max-image-preview":"max-image-preview:large","max-video-preview":"max-video-preview:-1"},"canonical":"https:\/\/jncvietnam.com\/en\/san-pham\/tyvek-apron-2\/","og_locale":"vi_VN","og_type":"article","og_title":"Tyvek Apron - JNC VN","og_description":"\u0110\u1eb6C \u0110I\u1ec2M T\u1ea1p \u0111\u1ec1 ch\u1ed1ng t\u0129nh \u0111i\u1ec7n -T\u1ea1p \u0111\u1ec1 ch\u1ed1ng t\u0129nh \u0111i\u1ec7n l\u00e0 vi\u1ec7c s\u1eed d\u1ee5ng c\u00e1c s\u1ee3i polyester v\u00e0 hi\u1ec7u su\u1ea5t cao d\u1eabn s\u1ee3i d\u1ec7t v\u0129nh vi\u1ec5n b\u1eb1ng m\u1ed9t qu\u00e1 tr\u00ecnh \u0111\u1eb7c bi\u1ec7t, v\u1edbi hi\u1ec7u su\u1ea5t ch\u1ed1ng b\u1ee5i ch\u1ed1ng t\u0129nh l\u00e2u d\u00e0i. -Th\u00f4ng qua c\u00f4ng ngh\u1ec7 ch\u1ebf bi\u1ebfn ti\u00ean ti\u1ebfn, thi\u1ebft k\u1ebf v\u00e0 s\u1ea3n [...]","og_url":"https:\/\/jncvietnam.com\/en\/san-pham\/tyvek-apron-2\/","og_site_name":"JNC VN","article_modified_time":"2021-06-22T08:48:21+00:00","og_image":[{"width":170,"height":218,"url":"https:\/\/jncvietnam.com\/en\/wp-content\/uploads\/2021\/06\/Tap-de-chong-tinh-dien.jpg","type":"image\/jpeg"}],"twitter_card":"summary_large_image","twitter_misc":{"\u01af\u1edbc t\u00ednh th\u1eddi gian \u0111\u1ecdc":"2 ph\u00fat"},"schema":{"@context":"https:\/\/schema.org","@graph":[{"@type":"WebPage","@id":"https:\/\/jncvietnam.com\/en\/san-pham\/tyvek-apron-2\/","url":"https:\/\/jncvietnam.com\/en\/san-pham\/tyvek-apron-2\/","name":"Tyvek Apron - JNC VN","isPartOf":{"@id":"https:\/\/jncvietnam.com\/en\/#website"},"primaryImageOfPage":{"@id":"https:\/\/jncvietnam.com\/en\/san-pham\/tyvek-apron-2\/#primaryimage"},"image":{"@id":"https:\/\/jncvietnam.com\/en\/san-pham\/tyvek-apron-2\/#primaryimage"},"thumbnailUrl":"https:\/\/jncvietnam.com\/en\/wp-content\/uploads\/2021\/06\/Tap-de-chong-tinh-dien.jpg","datePublished":"2021-06-07T10:11:29+00:00","dateModified":"2021-06-22T08:48:21+00:00","breadcrumb":{"@id":"https:\/\/jncvietnam.com\/en\/san-pham\/tyvek-apron-2\/#breadcrumb"},"inLanguage":"vi","potentialAction":[{"@type":"ReadAction","target":["https:\/\/jncvietnam.com\/en\/san-pham\/tyvek-apron-2\/"]}]},{"@type":"ImageObject","inLanguage":"vi","@id":"https:\/\/jncvietnam.com\/en\/san-pham\/tyvek-apron-2\/#primaryimage","url":"https:\/\/jncvietnam.com\/en\/wp-content\/uploads\/2021\/06\/Tap-de-chong-tinh-dien.jpg","contentUrl":"https:\/\/jncvietnam.com\/en\/wp-content\/uploads\/2021\/06\/Tap-de-chong-tinh-dien.jpg","width":170,"height":218},{"@type":"BreadcrumbList","@id":"https:\/\/jncvietnam.com\/en\/san-pham\/tyvek-apron-2\/#breadcrumb","itemListElement":[{"@type":"ListItem","position":1,"name":"Trang ch\u1ee7","item":"https:\/\/jncvietnam.com\/en\/"},{"@type":"ListItem","position":2,"name":"Product","item":"https:\/\/jncvietnam.com\/en\/product\/"},{"@type":"ListItem","position":3,"name":"Tyvek Apron"}]},{"@type":"WebSite","@id":"https:\/\/jncvietnam.com\/en\/#website","url":"https:\/\/jncvietnam.com\/en\/","name":"JNC VN","description":"HTH","potentialAction":[{"@type":"SearchAction","target":{"@type":"EntryPoint","urlTemplate":"https:\/\/jncvietnam.com\/en\/?s={search_term_string}"},"query-input":{"@type":"PropertyValueSpecification","valueRequired":true,"valueName":"search_term_string"}}],"inLanguage":"vi"}]}},"_links":{"self":[{"href":"https:\/\/jncvietnam.com\/en\/wp-json\/wp\/v2\/product\/1591","targetHints":{"allow":["GET"]}}],"collection":[{"href":"https:\/\/jncvietnam.com\/en\/wp-json\/wp\/v2\/product"}],"about":[{"href":"https:\/\/jncvietnam.com\/en\/wp-json\/wp\/v2\/types\/product"}],"replies":[{"embeddable":true,"href":"https:\/\/jncvietnam.com\/en\/wp-json\/wp\/v2\/comments?post=1591"}],"wp:featuredmedia":[{"embeddable":true,"href":"https:\/\/jncvietnam.com\/en\/wp-json\/wp\/v2\/media\/1592"}],"wp:attachment":[{"href":"https:\/\/jncvietnam.com\/en\/wp-json\/wp\/v2\/media?parent=1591"}],"wp:term":[{"taxonomy":"product_brand","embeddable":true,"href":"https:\/\/jncvietnam.com\/en\/wp-json\/wp\/v2\/product_brand?post=1591"},{"taxonomy":"product_cat","embeddable":true,"href":"https:\/\/jncvietnam.com\/en\/wp-json\/wp\/v2\/product_cat?post=1591"},{"taxonomy":"product_tag","embeddable":true,"href":"https:\/\/jncvietnam.com\/en\/wp-json\/wp\/v2\/product_tag?post=1591"}],"curies":[{"name":"wp","href":"https:\/\/api.w.org\/{rel}","templated":true}]}}