{"id":1642,"date":"2021-06-11T10:00:29","date_gmt":"2021-06-11T03:00:29","guid":{"rendered":"https:\/\/jncvietnam.com\/en\/?post_type=product&#038;p=1642"},"modified":"2021-06-22T15:11:09","modified_gmt":"2021-06-22T08:11:09","slug":"cleanroom-hood","status":"publish","type":"product","link":"https:\/\/jncvietnam.com\/en\/san-pham\/cleanroom-hood\/","title":{"rendered":"Cleanroom Hood"},"content":{"rendered":"<h3><span style=\"color: #00a859;\">M\u0169 v\u1ea3i ph\u00f2ng s\u1ea1ch ch\u1ed1ng t\u0129nh \u0111i\u1ec7n l\u01b0\u1ee1i trai.<\/span><\/h3>\n<p>Trong c\u00e1c m\u00f4i tr\u01b0\u1eddng l\u00e0m vi\u1ec7c c\u00f3 y\u00eau c\u1ea7u cao v\u1ec1 \u0111\u1ed9 s\u1ea1ch cao v\u00e0 c\u00f3 s\u1ef1 t\u0129nh \u0111i\u1ec7n g\u00e2y \u1ea3nh h\u01b0\u1edfng t\u1edbi s\u1ee9c kh\u1ecfe c\u1ee7a ng\u01b0\u1eddi lao \u0111\u1ed9ng th\u00ec c\u00e1c trang thi\u1ebft b\u1ecb nh\u01b0 trang ph\u1ee5c b\u1ea3o h\u1ed9 l\u00e0m vi\u1ec7c c\u00f3 m\u1ed9t vai trog quan tr\u1ecdng kh\u00f4ng th\u1ec3 thi\u1ebfu. V\u00e0 m\u0169 ph\u00f2ng s\u1ea1ch ch\u1ed1ng t\u0129nh \u0111i\u1ec7n l\u00e0 m\u1ed9t trong s\u1ed1 \u0111\u00f3.<\/p>\n<p><img loading=\"lazy\" decoding=\"async\" class=\"aligncenter wp-image-1587 size-full\" src=\"https:\/\/jncvietnam.com\/en\/wp-content\/uploads\/2021\/06\/Mu-luoi-trai-phong-sach-2.jpg\" alt=\"\" width=\"250\" height=\"174\" \/><\/p>\n<p><span style=\"color: #00a859;\"><strong>M\u0169 ph\u00f2ng s\u1ea1ch ch\u1ed1ng t\u0129nh \u0111i\u1ec7n<\/strong><\/span> c\u0169ng \u0111\u01b0\u1ee3c may t\u1eeb lo\u1ea1i v\u1ea3i ph\u00f2ng s\u1ea1ch pha s\u1ee3i cacbon d\u1eabn \u0111i\u1ec7n. Kho\u1ea3ng c\u00e1ch c\u00e1c s\u1ee3i cacbon th\u00f4ng th\u01b0\u1eddng kho\u1ea3ng 5mm. C\u00f3 th\u1ec3 l\u00e0 lo\u1ea1i v\u1ea3i pha s\u1ee3i cacbon theo h\u00ecnh k\u1ebb s\u1ecdc, ho\u1eb7c c\u00f3 th\u1ec3 b\u1ed1 tr\u00ed theo h\u00ecnh caro. Kho\u1ea3ng c\u00e1ch v\u00e0 \u0111\u1ed9 d\u00e0y c\u1ee7a c\u00e1c s\u1ee3i cacbon quy\u1ebft \u0111\u1ecbnh \u0111\u1ebfn gi\u00e1 th\u00e0nh c\u1ee7a chi\u1ebfc m\u0169 \u0111\u00f3.<\/p>\n<p>M\u0169 v\u1ea3i ph\u00f2ng s\u1ea1ch ch\u1ed1ng t\u0129nh \u0111i\u1ec7n \u0111\u01b0\u1ee3c may t\u1eeb lo\u1ea1i v\u1ea3i c\u00f3 th\u00e0nh ph\u1ea7n ch\u1ee7 y\u1ebfu l\u00e0 polyester n\u00ean khi \u0111\u1ed9i c\u0169ng kh\u00e1 l\u00e0 b\u00ed b\u00e1ch, v\u00ec v\u1eady ch\u00fang t\u00f4i c\u00f3 may thi\u1ebft k\u1ebf th\u00eam 2 mi\u1ebfng l\u01b0\u1edbi \u1edf 2 b\u00ean tai. Mi\u1ebfng l\u01b0\u1edbi c\u00f3 t\u00e1c d\u1ee5ng gi\u00fap cho ng\u01b0\u1eddi \u0111\u1ed9i \u0111\u01b0\u1ee3c c\u1ea3m gi\u00e1c th\u00f4ng tho\u00e1ng h\u01a1n, kh\u00f4ng c\u1ea3n tr\u1edf t\u1edbi vi\u1ec7c nghe c\u1ee7a ng\u01b0\u1eddi \u0111\u1ed9i. C\u0169ng c\u00f3 lo\u1ea1i mi\u1ebfng l\u01b0\u1edbi \u0111\u01b0\u1ee3c may tr\u00ean \u0111\u1ec9nh \u0111\u1ea7u t\u1ea1o \u0111\u1ed9 th\u00f4ng tho\u00e1ng cho \u0111\u1ea7u c\u1ee7a ng\u01b0\u1eddi \u0111\u1ed9i h\u01a1n. \u0110\u00e2y l\u00e0 do y\u00eau c\u1ea7u c\u1ee7a t\u1eebng kh\u00e1ch hang m\u00e0 ch\u00fang t\u00f4i may.<\/p>\n<p><img loading=\"lazy\" decoding=\"async\" class=\"aligncenter wp-image-1588 size-full\" src=\"https:\/\/jncvietnam.com\/en\/wp-content\/uploads\/2021\/06\/Mu-nam-luoi-trai-phong-sach.jpg\" alt=\"\" width=\"512\" height=\"240\" srcset=\"https:\/\/jncvietnam.com\/en\/wp-content\/uploads\/2021\/06\/Mu-nam-luoi-trai-phong-sach.jpg 512w, https:\/\/jncvietnam.com\/en\/wp-content\/uploads\/2021\/06\/Mu-nam-luoi-trai-phong-sach-300x141.jpg 300w\" sizes=\"auto, (max-width: 512px) 100vw, 512px\" \/><\/p>\n<p>\u1ede gi\u1eefa ph\u1ea7n tr\u00f9m \u0111\u1ea7u v\u00e0 ph\u1ea7n l\u01b0\u1ee1i trai c\u00f3 nhi\u1ec1u ki\u1ec3u may kh\u00e1c nhau. C\u00f3 lo\u1ea1i \u0111\u01b0\u1ee3c may \u0111ai b\u1ea3n r\u1ed9ng gi\u00fap cho chi\u1ebfc m\u0169 \u0111\u01b0\u1ee3c c\u1ed1 \u0111\u1ecbnh tr\u00ean \u0111\u1ea7u h\u01a1n, kh\u00f4ng b\u1ecb x\u1ed9c x\u1ec7ch khi \u0111\u1ed9i g\u00e2y \u1ea3nh h\u01b0\u1edfng t\u1edbi c\u00f4ng vi\u1ec7c. C\u00f3 lo\u1ea1i \u0111\u01b0\u1ee3c may \u0111ai c\u00f3 th\u00eam m\u1ed9t \u0111o\u1ea1n chun ph\u00eda sau g\u00e1y. C\u00f3 lo\u1ea1i \u0111\u01b0\u1ee3c may chun v\u00f2ng quanh \u0111\u1ea7u t\u1ea1o \u0111\u1ed9 ch\u1eb7t ch\u1ebd h\u01a1n.<\/p>\n<p>M\u0169 c\u0169ng c\u00f3 nhi\u1ec1u m\u00e0u s\u1eafc cho b\u1ea1n l\u1ef1a ch\u1ecdn, gi\u00fap vi\u1ec7c ph\u00e2n c\u1ea5p trong c\u00f4ng vi\u1ec7c d\u1ec5 d\u00e0ng h\u01a1n. C\u00f3 r\u1ea5t nhi\u1ec1u m\u00e0u cho b\u1ea1n l\u1ef1a ch\u1ecdn: tr\u1eafng, xanh, h\u1ed3ng, cam, v\u00e0ng\u2026<\/p>\n<p><img loading=\"lazy\" decoding=\"async\" class=\"aligncenter wp-image-1589 size-full\" src=\"https:\/\/jncvietnam.com\/en\/wp-content\/uploads\/2021\/06\/Mu-trum-dau-phong-sach.jpg\" alt=\"\" width=\"225\" height=\"225\" srcset=\"https:\/\/jncvietnam.com\/en\/wp-content\/uploads\/2021\/06\/Mu-trum-dau-phong-sach.jpg 225w, https:\/\/jncvietnam.com\/en\/wp-content\/uploads\/2021\/06\/Mu-trum-dau-phong-sach-150x150.jpg 150w, https:\/\/jncvietnam.com\/en\/wp-content\/uploads\/2021\/06\/Mu-trum-dau-phong-sach-100x100.jpg 100w\" sizes=\"auto, (max-width: 225px) 100vw, 225px\" \/><\/p>\n<p>Ngo\u00e0i ra, ch\u00fang t\u00f4i c\u00f2n cung c\u1ea5p v\u00e0 ph\u00e2n ph\u1ed1i nhi\u1ec1u m\u1eabu m\u0169 kh\u00e1c n\u1eefa nh\u01b0 m\u0169 v\u1ea3i ph\u00f2ng s\u1ea1ch ch\u1ed1ng t\u0129nh \u0111i\u1ec7n, m\u0169 v\u1ea3i ph\u00f2ng s\u1ea1ch ch\u1ed1ng t\u0129nh \u0111i\u1ec7n l\u01b0\u1ee1i trai, bao b\u1ecdc \u0111\u1ea7u v\u1ea3i kh\u00f4ng d\u1ec7t\u2026<\/p>\n","protected":false},"excerpt":{"rendered":"<p>M\u0169 v\u1ea3i ph\u00f2ng s\u1ea1ch ch\u1ed1ng t\u0129nh \u0111i\u1ec7n l\u01b0\u1ee1i trai. Trong c\u00e1c m\u00f4i tr\u01b0\u1eddng l\u00e0m vi\u1ec7c c\u00f3 y\u00eau c\u1ea7u cao v\u1ec1 \u0111\u1ed9 s\u1ea1ch cao v\u00e0 c\u00f3 s\u1ef1 t\u0129nh \u0111i\u1ec7n g\u00e2y \u1ea3nh h\u01b0\u1edfng t\u1edbi s\u1ee9c kh\u1ecfe c\u1ee7a ng\u01b0\u1eddi lao \u0111\u1ed9ng th\u00ec c\u00e1c trang thi\u1ebft b\u1ecb nh\u01b0 trang ph\u1ee5c b\u1ea3o h\u1ed9 l\u00e0m vi\u1ec7c c\u00f3 m\u1ed9t vai trog quan [&#8230;]\n","protected":false},"featured_media":1647,"comment_status":"open","ping_status":"closed","template":"","meta":[],"product_brand":[],"product_cat":[95,110],"product_tag":[],"class_list":{"0":"post-1642","1":"product","2":"type-product","3":"status-publish","4":"has-post-thumbnail","6":"product_cat-mu-phong-sach","7":"product_cat-trang-phuc-phong-sach","9":"first","10":"instock","11":"shipping-taxable","12":"product-type-simple"},"yoast_head":"<!-- This site is optimized with the Yoast SEO plugin v26.8 - https:\/\/yoast.com\/product\/yoast-seo-wordpress\/ -->\n<title>Cleanroom Hood - JNC VN<\/title>\n<meta name=\"robots\" content=\"index, follow, max-snippet:-1, max-image-preview:large, max-video-preview:-1\" \/>\n<link rel=\"canonical\" href=\"https:\/\/jncvietnam.com\/en\/san-pham\/cleanroom-hood\/\" \/>\n<meta property=\"og:locale\" content=\"vi_VN\" \/>\n<meta property=\"og:type\" content=\"article\" \/>\n<meta property=\"og:title\" content=\"Cleanroom Hood - JNC VN\" \/>\n<meta property=\"og:description\" content=\"M\u0169 v\u1ea3i ph\u00f2ng s\u1ea1ch ch\u1ed1ng t\u0129nh \u0111i\u1ec7n l\u01b0\u1ee1i trai. Trong c\u00e1c m\u00f4i tr\u01b0\u1eddng l\u00e0m vi\u1ec7c c\u00f3 y\u00eau c\u1ea7u cao v\u1ec1 \u0111\u1ed9 s\u1ea1ch cao v\u00e0 c\u00f3 s\u1ef1 t\u0129nh \u0111i\u1ec7n g\u00e2y \u1ea3nh h\u01b0\u1edfng t\u1edbi s\u1ee9c kh\u1ecfe c\u1ee7a ng\u01b0\u1eddi lao \u0111\u1ed9ng th\u00ec c\u00e1c trang thi\u1ebft b\u1ecb nh\u01b0 trang ph\u1ee5c b\u1ea3o h\u1ed9 l\u00e0m vi\u1ec7c c\u00f3 m\u1ed9t vai trog quan [...]\" \/>\n<meta property=\"og:url\" content=\"https:\/\/jncvietnam.com\/en\/san-pham\/cleanroom-hood\/\" \/>\n<meta property=\"og:site_name\" content=\"JNC VN\" \/>\n<meta property=\"article:modified_time\" content=\"2021-06-22T08:11:09+00:00\" \/>\n<meta property=\"og:image\" content=\"https:\/\/jncvietnam.com\/en\/wp-content\/uploads\/2021\/06\/Mu-phong-sach.jpg\" \/>\n\t<meta property=\"og:image:width\" content=\"219\" \/>\n\t<meta property=\"og:image:height\" content=\"257\" \/>\n\t<meta property=\"og:image:type\" content=\"image\/jpeg\" \/>\n<meta name=\"twitter:card\" content=\"summary_large_image\" \/>\n<meta name=\"twitter:label1\" content=\"\u01af\u1edbc t\u00ednh th\u1eddi gian \u0111\u1ecdc\" \/>\n\t<meta name=\"twitter:data1\" content=\"3 ph\u00fat\" \/>\n<script type=\"application\/ld+json\" class=\"yoast-schema-graph\">{\"@context\":\"https:\/\/schema.org\",\"@graph\":[{\"@type\":\"WebPage\",\"@id\":\"https:\/\/jncvietnam.com\/en\/san-pham\/cleanroom-hood\/\",\"url\":\"https:\/\/jncvietnam.com\/en\/san-pham\/cleanroom-hood\/\",\"name\":\"Cleanroom Hood - JNC VN\",\"isPartOf\":{\"@id\":\"https:\/\/jncvietnam.com\/en\/#website\"},\"primaryImageOfPage\":{\"@id\":\"https:\/\/jncvietnam.com\/en\/san-pham\/cleanroom-hood\/#primaryimage\"},\"image\":{\"@id\":\"https:\/\/jncvietnam.com\/en\/san-pham\/cleanroom-hood\/#primaryimage\"},\"thumbnailUrl\":\"https:\/\/jncvietnam.com\/en\/wp-content\/uploads\/2021\/06\/Mu-phong-sach.jpg\",\"datePublished\":\"2021-06-11T03:00:29+00:00\",\"dateModified\":\"2021-06-22T08:11:09+00:00\",\"breadcrumb\":{\"@id\":\"https:\/\/jncvietnam.com\/en\/san-pham\/cleanroom-hood\/#breadcrumb\"},\"inLanguage\":\"vi\",\"potentialAction\":[{\"@type\":\"ReadAction\",\"target\":[\"https:\/\/jncvietnam.com\/en\/san-pham\/cleanroom-hood\/\"]}]},{\"@type\":\"ImageObject\",\"inLanguage\":\"vi\",\"@id\":\"https:\/\/jncvietnam.com\/en\/san-pham\/cleanroom-hood\/#primaryimage\",\"url\":\"https:\/\/jncvietnam.com\/en\/wp-content\/uploads\/2021\/06\/Mu-phong-sach.jpg\",\"contentUrl\":\"https:\/\/jncvietnam.com\/en\/wp-content\/uploads\/2021\/06\/Mu-phong-sach.jpg\",\"width\":219,\"height\":257},{\"@type\":\"BreadcrumbList\",\"@id\":\"https:\/\/jncvietnam.com\/en\/san-pham\/cleanroom-hood\/#breadcrumb\",\"itemListElement\":[{\"@type\":\"ListItem\",\"position\":1,\"name\":\"Trang ch\u1ee7\",\"item\":\"https:\/\/jncvietnam.com\/en\/\"},{\"@type\":\"ListItem\",\"position\":2,\"name\":\"Product\",\"item\":\"https:\/\/jncvietnam.com\/en\/product\/\"},{\"@type\":\"ListItem\",\"position\":3,\"name\":\"Cleanroom Hood\"}]},{\"@type\":\"WebSite\",\"@id\":\"https:\/\/jncvietnam.com\/en\/#website\",\"url\":\"https:\/\/jncvietnam.com\/en\/\",\"name\":\"JNC VN\",\"description\":\"HTH\",\"potentialAction\":[{\"@type\":\"SearchAction\",\"target\":{\"@type\":\"EntryPoint\",\"urlTemplate\":\"https:\/\/jncvietnam.com\/en\/?s={search_term_string}\"},\"query-input\":{\"@type\":\"PropertyValueSpecification\",\"valueRequired\":true,\"valueName\":\"search_term_string\"}}],\"inLanguage\":\"vi\"}]}<\/script>\n<!-- \/ Yoast SEO plugin. -->","yoast_head_json":{"title":"Cleanroom Hood - JNC VN","robots":{"index":"index","follow":"follow","max-snippet":"max-snippet:-1","max-image-preview":"max-image-preview:large","max-video-preview":"max-video-preview:-1"},"canonical":"https:\/\/jncvietnam.com\/en\/san-pham\/cleanroom-hood\/","og_locale":"vi_VN","og_type":"article","og_title":"Cleanroom Hood - JNC VN","og_description":"M\u0169 v\u1ea3i ph\u00f2ng s\u1ea1ch ch\u1ed1ng t\u0129nh \u0111i\u1ec7n l\u01b0\u1ee1i trai. Trong c\u00e1c m\u00f4i tr\u01b0\u1eddng l\u00e0m vi\u1ec7c c\u00f3 y\u00eau c\u1ea7u cao v\u1ec1 \u0111\u1ed9 s\u1ea1ch cao v\u00e0 c\u00f3 s\u1ef1 t\u0129nh \u0111i\u1ec7n g\u00e2y \u1ea3nh h\u01b0\u1edfng t\u1edbi s\u1ee9c kh\u1ecfe c\u1ee7a ng\u01b0\u1eddi lao \u0111\u1ed9ng th\u00ec c\u00e1c trang thi\u1ebft b\u1ecb nh\u01b0 trang ph\u1ee5c b\u1ea3o h\u1ed9 l\u00e0m vi\u1ec7c c\u00f3 m\u1ed9t vai trog quan [...]","og_url":"https:\/\/jncvietnam.com\/en\/san-pham\/cleanroom-hood\/","og_site_name":"JNC VN","article_modified_time":"2021-06-22T08:11:09+00:00","og_image":[{"width":219,"height":257,"url":"https:\/\/jncvietnam.com\/en\/wp-content\/uploads\/2021\/06\/Mu-phong-sach.jpg","type":"image\/jpeg"}],"twitter_card":"summary_large_image","twitter_misc":{"\u01af\u1edbc t\u00ednh th\u1eddi gian \u0111\u1ecdc":"3 ph\u00fat"},"schema":{"@context":"https:\/\/schema.org","@graph":[{"@type":"WebPage","@id":"https:\/\/jncvietnam.com\/en\/san-pham\/cleanroom-hood\/","url":"https:\/\/jncvietnam.com\/en\/san-pham\/cleanroom-hood\/","name":"Cleanroom Hood - JNC VN","isPartOf":{"@id":"https:\/\/jncvietnam.com\/en\/#website"},"primaryImageOfPage":{"@id":"https:\/\/jncvietnam.com\/en\/san-pham\/cleanroom-hood\/#primaryimage"},"image":{"@id":"https:\/\/jncvietnam.com\/en\/san-pham\/cleanroom-hood\/#primaryimage"},"thumbnailUrl":"https:\/\/jncvietnam.com\/en\/wp-content\/uploads\/2021\/06\/Mu-phong-sach.jpg","datePublished":"2021-06-11T03:00:29+00:00","dateModified":"2021-06-22T08:11:09+00:00","breadcrumb":{"@id":"https:\/\/jncvietnam.com\/en\/san-pham\/cleanroom-hood\/#breadcrumb"},"inLanguage":"vi","potentialAction":[{"@type":"ReadAction","target":["https:\/\/jncvietnam.com\/en\/san-pham\/cleanroom-hood\/"]}]},{"@type":"ImageObject","inLanguage":"vi","@id":"https:\/\/jncvietnam.com\/en\/san-pham\/cleanroom-hood\/#primaryimage","url":"https:\/\/jncvietnam.com\/en\/wp-content\/uploads\/2021\/06\/Mu-phong-sach.jpg","contentUrl":"https:\/\/jncvietnam.com\/en\/wp-content\/uploads\/2021\/06\/Mu-phong-sach.jpg","width":219,"height":257},{"@type":"BreadcrumbList","@id":"https:\/\/jncvietnam.com\/en\/san-pham\/cleanroom-hood\/#breadcrumb","itemListElement":[{"@type":"ListItem","position":1,"name":"Trang ch\u1ee7","item":"https:\/\/jncvietnam.com\/en\/"},{"@type":"ListItem","position":2,"name":"Product","item":"https:\/\/jncvietnam.com\/en\/product\/"},{"@type":"ListItem","position":3,"name":"Cleanroom Hood"}]},{"@type":"WebSite","@id":"https:\/\/jncvietnam.com\/en\/#website","url":"https:\/\/jncvietnam.com\/en\/","name":"JNC VN","description":"HTH","potentialAction":[{"@type":"SearchAction","target":{"@type":"EntryPoint","urlTemplate":"https:\/\/jncvietnam.com\/en\/?s={search_term_string}"},"query-input":{"@type":"PropertyValueSpecification","valueRequired":true,"valueName":"search_term_string"}}],"inLanguage":"vi"}]}},"_links":{"self":[{"href":"https:\/\/jncvietnam.com\/en\/wp-json\/wp\/v2\/product\/1642","targetHints":{"allow":["GET"]}}],"collection":[{"href":"https:\/\/jncvietnam.com\/en\/wp-json\/wp\/v2\/product"}],"about":[{"href":"https:\/\/jncvietnam.com\/en\/wp-json\/wp\/v2\/types\/product"}],"replies":[{"embeddable":true,"href":"https:\/\/jncvietnam.com\/en\/wp-json\/wp\/v2\/comments?post=1642"}],"wp:featuredmedia":[{"embeddable":true,"href":"https:\/\/jncvietnam.com\/en\/wp-json\/wp\/v2\/media\/1647"}],"wp:attachment":[{"href":"https:\/\/jncvietnam.com\/en\/wp-json\/wp\/v2\/media?parent=1642"}],"wp:term":[{"taxonomy":"product_brand","embeddable":true,"href":"https:\/\/jncvietnam.com\/en\/wp-json\/wp\/v2\/product_brand?post=1642"},{"taxonomy":"product_cat","embeddable":true,"href":"https:\/\/jncvietnam.com\/en\/wp-json\/wp\/v2\/product_cat?post=1642"},{"taxonomy":"product_tag","embeddable":true,"href":"https:\/\/jncvietnam.com\/en\/wp-json\/wp\/v2\/product_tag?post=1642"}],"curies":[{"name":"wp","href":"https:\/\/api.w.org\/{rel}","templated":true}]}}