{"id":1677,"date":"2021-06-11T11:54:26","date_gmt":"2021-06-11T04:54:26","guid":{"rendered":"https:\/\/jncvietnam.com\/en\/?post_type=product&#038;p=1677"},"modified":"2021-06-22T14:28:19","modified_gmt":"2021-06-22T07:28:19","slug":"face-mask","status":"publish","type":"product","link":"https:\/\/jncvietnam.com\/en\/san-pham\/face-mask\/","title":{"rendered":"Face Mask"},"content":{"rendered":"<h3><span style=\"color: #00a859;\">C\u00e1c t\u00ednh n\u0103ng<\/span><\/h3>\n<ul>\n<li>Kh\u1ea9u trang ph\u00f2ng s\u1ea1ch hi\u1ec7u qu\u1ea3 l\u1ecdc vi khu\u1ea9n v\u00e0 h\u1ea1t tuy\u1ec7t v\u1eddi.<\/li>\n<li>\u0110\u1ea3m b\u1ea3o tho\u00e1ng kh\u00ed<\/li>\n<li>\u0110i k\u00e8m v\u1edbi c\u00e1c d\u00e2y c\u1ed1 \u0111\u1ecbnh v\u00f2ng tai<\/li>\n<li>\u0110\u01b0\u1ee3c l\u00e0m b\u1eb1ng s\u1ee3i kh\u00f4ng d\u1ec7t polypropylene &amp; gi\u1ea5y<\/li>\n<li>Thi\u1ebft k\u1ebf s\u1ed1 so v\u1ea3i c\u1ef1c th\u1ea5p<\/li>\n<li>Kh\u00f4ng ch\u1ee9a th\u00e0nh ph\u1ea7n cao su thi\u00ean nhi\u00ean.<\/li>\n<li>Ch\u1ed1ng t\u0129nh \u0111i\u1ec7n t\u1ed1t.<\/li>\n<\/ul>\n<p><img loading=\"lazy\" decoding=\"async\" class=\"aligncenter wp-image-1594 size-full\" src=\"https:\/\/jncvietnam.com\/en\/wp-content\/uploads\/2021\/06\/Khau-trang-giay-phong-sach.jpg\" alt=\"\" width=\"225\" height=\"225\" srcset=\"https:\/\/jncvietnam.com\/en\/wp-content\/uploads\/2021\/06\/Khau-trang-giay-phong-sach.jpg 225w, https:\/\/jncvietnam.com\/en\/wp-content\/uploads\/2021\/06\/Khau-trang-giay-phong-sach-150x150.jpg 150w, https:\/\/jncvietnam.com\/en\/wp-content\/uploads\/2021\/06\/Khau-trang-giay-phong-sach-100x100.jpg 100w\" sizes=\"auto, (max-width: 225px) 100vw, 225px\" \/><\/p>\n<h3><span style=\"color: #00a859;\">S\u1eed d\u1ee5ng<\/span><\/h3>\n<ul>\n<li>Kh\u1ea9u trang ph\u00f2ng s\u1ea1ch ng\u00e0nh c\u00f4ng nghi\u1ec7p \u0111i\u1ec7n t\u1eed<\/li>\n<li>Ng\u00e0nh c\u00f4ng nghi\u1ec7p thi\u1ebft b\u1ecb y t\u1ebf<\/li>\n<li>Ng\u00e0nh c\u00f4ng nghi\u1ec7p d\u01b0\u1ee3c ph\u1ea9m<\/li>\n<li>C\u00f4ng nghi\u1ec7p th\u1ef1c ph\u1ea9m<\/li>\n<li>Ph\u00f2ng th\u00ed nghi\u1ec7m<\/li>\n<li>Ng\u00e0nh c\u00f4ng nghi\u1ec7p b\u00e1n d\u1eabn<\/li>\n<li>Ng\u00e0nh c\u00f4ng nghi\u1ec7p \u0111\u0129a \u1ed5 \u0111\u0129a<\/li>\n<li>Ng\u00e0nh c\u00f4ng nghi\u1ec7p y sinh.<\/li>\n<\/ul>\n<p><img loading=\"lazy\" decoding=\"async\" class=\"size-full wp-image-1595 aligncenter\" src=\"https:\/\/jncvietnam.com\/en\/wp-content\/uploads\/2021\/06\/Khau-trang-giay-phong-sach-2.jpg\" alt=\"\" width=\"248\" height=\"194\" \/><\/p>\n<h3><span style=\"color: #00a859;\">C\u00e1c \u1ee9ng d\u1ee5ng<\/span><\/h3>\n<ul>\n<li>Kh\u1ea9u trang ph\u00f2ng s\u1ea1ch gi\u00fap ng\u0103n ch\u1eb7n \u00f4 nhi\u1ec5m c\u1ee7a c\u00e1c khu v\u1ef1c l\u00e0m vi\u1ec7c s\u1ea1ch.<\/li>\n<li>Ng\u0103n ch\u1eb7n ng\u01b0\u1eddi d\u00f9ng kh\u00f4ng b\u1ecb h\u00edt ho\u1eb7c nu\u1ed1t b\u1eafn ph\u1ea3i c\u00e1c lo\u1ea1i h\u00f3a ch\u1ea5t, s\u01a1n, thu\u1ed1c x\u1ecbt.<\/li>\n<li>H\u1eefu \u00edch cho vi\u1ec7c ph\u00f2ng ch\u1ed1ng ph\u00f3ng t\u0129nh \u0111i\u1ec7n trong m\u00f4i tr\u01b0\u1eddng nh\u1ea1y c\u1ea3m t\u0129nh \u0111i\u1ec7n.<\/li>\n<\/ul>\n","protected":false},"excerpt":{"rendered":"<p>C\u00e1c t\u00ednh n\u0103ng Kh\u1ea9u trang ph\u00f2ng s\u1ea1ch hi\u1ec7u qu\u1ea3 l\u1ecdc vi khu\u1ea9n v\u00e0 h\u1ea1t tuy\u1ec7t v\u1eddi. \u0110\u1ea3m b\u1ea3o tho\u00e1ng kh\u00ed \u0110i k\u00e8m v\u1edbi c\u00e1c d\u00e2y c\u1ed1 \u0111\u1ecbnh v\u00f2ng tai \u0110\u01b0\u1ee3c l\u00e0m b\u1eb1ng s\u1ee3i kh\u00f4ng d\u1ec7t polypropylene &amp; gi\u1ea5y Thi\u1ebft k\u1ebf s\u1ed1 so v\u1ea3i c\u1ef1c th\u1ea5p Kh\u00f4ng ch\u1ee9a th\u00e0nh ph\u1ea7n cao su thi\u00ean nhi\u00ean. Ch\u1ed1ng t\u0129nh [&#8230;]\n","protected":false},"featured_media":1595,"comment_status":"open","ping_status":"closed","template":"","meta":[],"product_brand":[],"product_cat":[98,110],"product_tag":[],"class_list":{"0":"post-1677","1":"product","2":"type-product","3":"status-publish","4":"has-post-thumbnail","6":"product_cat-khau-trang-phong-sach","7":"product_cat-trang-phuc-phong-sach","9":"first","10":"instock","11":"shipping-taxable","12":"product-type-simple"},"yoast_head":"<!-- This site is optimized with the Yoast SEO plugin v26.8 - https:\/\/yoast.com\/product\/yoast-seo-wordpress\/ -->\n<title>Face Mask - JNC VN<\/title>\n<meta name=\"robots\" content=\"index, follow, max-snippet:-1, max-image-preview:large, max-video-preview:-1\" \/>\n<link rel=\"canonical\" href=\"https:\/\/jncvietnam.com\/en\/san-pham\/face-mask\/\" \/>\n<meta property=\"og:locale\" content=\"vi_VN\" \/>\n<meta property=\"og:type\" content=\"article\" \/>\n<meta property=\"og:title\" content=\"Face Mask - JNC VN\" \/>\n<meta property=\"og:description\" content=\"C\u00e1c t\u00ednh n\u0103ng Kh\u1ea9u trang ph\u00f2ng s\u1ea1ch hi\u1ec7u qu\u1ea3 l\u1ecdc vi khu\u1ea9n v\u00e0 h\u1ea1t tuy\u1ec7t v\u1eddi. \u0110\u1ea3m b\u1ea3o tho\u00e1ng kh\u00ed \u0110i k\u00e8m v\u1edbi c\u00e1c d\u00e2y c\u1ed1 \u0111\u1ecbnh v\u00f2ng tai \u0110\u01b0\u1ee3c l\u00e0m b\u1eb1ng s\u1ee3i kh\u00f4ng d\u1ec7t polypropylene &amp; gi\u1ea5y Thi\u1ebft k\u1ebf s\u1ed1 so v\u1ea3i c\u1ef1c th\u1ea5p Kh\u00f4ng ch\u1ee9a th\u00e0nh ph\u1ea7n cao su thi\u00ean nhi\u00ean. Ch\u1ed1ng t\u0129nh [...]\" \/>\n<meta property=\"og:url\" content=\"https:\/\/jncvietnam.com\/en\/san-pham\/face-mask\/\" \/>\n<meta property=\"og:site_name\" content=\"JNC VN\" \/>\n<meta property=\"article:modified_time\" content=\"2021-06-22T07:28:19+00:00\" \/>\n<meta property=\"og:image\" content=\"https:\/\/jncvietnam.com\/en\/wp-content\/uploads\/2021\/06\/Khau-trang-giay-phong-sach-2.jpg\" \/>\n\t<meta property=\"og:image:width\" content=\"248\" \/>\n\t<meta property=\"og:image:height\" content=\"194\" \/>\n\t<meta property=\"og:image:type\" content=\"image\/jpeg\" \/>\n<meta name=\"twitter:card\" content=\"summary_large_image\" \/>\n<meta name=\"twitter:label1\" content=\"\u01af\u1edbc t\u00ednh th\u1eddi gian \u0111\u1ecdc\" \/>\n\t<meta name=\"twitter:data1\" content=\"2 ph\u00fat\" \/>\n<script type=\"application\/ld+json\" class=\"yoast-schema-graph\">{\"@context\":\"https:\/\/schema.org\",\"@graph\":[{\"@type\":\"WebPage\",\"@id\":\"https:\/\/jncvietnam.com\/en\/san-pham\/face-mask\/\",\"url\":\"https:\/\/jncvietnam.com\/en\/san-pham\/face-mask\/\",\"name\":\"Face Mask - JNC VN\",\"isPartOf\":{\"@id\":\"https:\/\/jncvietnam.com\/en\/#website\"},\"primaryImageOfPage\":{\"@id\":\"https:\/\/jncvietnam.com\/en\/san-pham\/face-mask\/#primaryimage\"},\"image\":{\"@id\":\"https:\/\/jncvietnam.com\/en\/san-pham\/face-mask\/#primaryimage\"},\"thumbnailUrl\":\"https:\/\/jncvietnam.com\/en\/wp-content\/uploads\/2021\/06\/Khau-trang-giay-phong-sach-2.jpg\",\"datePublished\":\"2021-06-11T04:54:26+00:00\",\"dateModified\":\"2021-06-22T07:28:19+00:00\",\"breadcrumb\":{\"@id\":\"https:\/\/jncvietnam.com\/en\/san-pham\/face-mask\/#breadcrumb\"},\"inLanguage\":\"vi\",\"potentialAction\":[{\"@type\":\"ReadAction\",\"target\":[\"https:\/\/jncvietnam.com\/en\/san-pham\/face-mask\/\"]}]},{\"@type\":\"ImageObject\",\"inLanguage\":\"vi\",\"@id\":\"https:\/\/jncvietnam.com\/en\/san-pham\/face-mask\/#primaryimage\",\"url\":\"https:\/\/jncvietnam.com\/en\/wp-content\/uploads\/2021\/06\/Khau-trang-giay-phong-sach-2.jpg\",\"contentUrl\":\"https:\/\/jncvietnam.com\/en\/wp-content\/uploads\/2021\/06\/Khau-trang-giay-phong-sach-2.jpg\",\"width\":248,\"height\":194},{\"@type\":\"BreadcrumbList\",\"@id\":\"https:\/\/jncvietnam.com\/en\/san-pham\/face-mask\/#breadcrumb\",\"itemListElement\":[{\"@type\":\"ListItem\",\"position\":1,\"name\":\"Trang ch\u1ee7\",\"item\":\"https:\/\/jncvietnam.com\/en\/\"},{\"@type\":\"ListItem\",\"position\":2,\"name\":\"Product\",\"item\":\"https:\/\/jncvietnam.com\/en\/product\/\"},{\"@type\":\"ListItem\",\"position\":3,\"name\":\"Face Mask\"}]},{\"@type\":\"WebSite\",\"@id\":\"https:\/\/jncvietnam.com\/en\/#website\",\"url\":\"https:\/\/jncvietnam.com\/en\/\",\"name\":\"JNC VN\",\"description\":\"HTH\",\"potentialAction\":[{\"@type\":\"SearchAction\",\"target\":{\"@type\":\"EntryPoint\",\"urlTemplate\":\"https:\/\/jncvietnam.com\/en\/?s={search_term_string}\"},\"query-input\":{\"@type\":\"PropertyValueSpecification\",\"valueRequired\":true,\"valueName\":\"search_term_string\"}}],\"inLanguage\":\"vi\"}]}<\/script>\n<!-- \/ Yoast SEO plugin. -->","yoast_head_json":{"title":"Face Mask - JNC VN","robots":{"index":"index","follow":"follow","max-snippet":"max-snippet:-1","max-image-preview":"max-image-preview:large","max-video-preview":"max-video-preview:-1"},"canonical":"https:\/\/jncvietnam.com\/en\/san-pham\/face-mask\/","og_locale":"vi_VN","og_type":"article","og_title":"Face Mask - JNC VN","og_description":"C\u00e1c t\u00ednh n\u0103ng Kh\u1ea9u trang ph\u00f2ng s\u1ea1ch hi\u1ec7u qu\u1ea3 l\u1ecdc vi khu\u1ea9n v\u00e0 h\u1ea1t tuy\u1ec7t v\u1eddi. \u0110\u1ea3m b\u1ea3o tho\u00e1ng kh\u00ed \u0110i k\u00e8m v\u1edbi c\u00e1c d\u00e2y c\u1ed1 \u0111\u1ecbnh v\u00f2ng tai \u0110\u01b0\u1ee3c l\u00e0m b\u1eb1ng s\u1ee3i kh\u00f4ng d\u1ec7t polypropylene &amp; gi\u1ea5y Thi\u1ebft k\u1ebf s\u1ed1 so v\u1ea3i c\u1ef1c th\u1ea5p Kh\u00f4ng ch\u1ee9a th\u00e0nh ph\u1ea7n cao su thi\u00ean nhi\u00ean. Ch\u1ed1ng t\u0129nh [...]","og_url":"https:\/\/jncvietnam.com\/en\/san-pham\/face-mask\/","og_site_name":"JNC VN","article_modified_time":"2021-06-22T07:28:19+00:00","og_image":[{"width":248,"height":194,"url":"https:\/\/jncvietnam.com\/en\/wp-content\/uploads\/2021\/06\/Khau-trang-giay-phong-sach-2.jpg","type":"image\/jpeg"}],"twitter_card":"summary_large_image","twitter_misc":{"\u01af\u1edbc t\u00ednh th\u1eddi gian \u0111\u1ecdc":"2 ph\u00fat"},"schema":{"@context":"https:\/\/schema.org","@graph":[{"@type":"WebPage","@id":"https:\/\/jncvietnam.com\/en\/san-pham\/face-mask\/","url":"https:\/\/jncvietnam.com\/en\/san-pham\/face-mask\/","name":"Face Mask - JNC VN","isPartOf":{"@id":"https:\/\/jncvietnam.com\/en\/#website"},"primaryImageOfPage":{"@id":"https:\/\/jncvietnam.com\/en\/san-pham\/face-mask\/#primaryimage"},"image":{"@id":"https:\/\/jncvietnam.com\/en\/san-pham\/face-mask\/#primaryimage"},"thumbnailUrl":"https:\/\/jncvietnam.com\/en\/wp-content\/uploads\/2021\/06\/Khau-trang-giay-phong-sach-2.jpg","datePublished":"2021-06-11T04:54:26+00:00","dateModified":"2021-06-22T07:28:19+00:00","breadcrumb":{"@id":"https:\/\/jncvietnam.com\/en\/san-pham\/face-mask\/#breadcrumb"},"inLanguage":"vi","potentialAction":[{"@type":"ReadAction","target":["https:\/\/jncvietnam.com\/en\/san-pham\/face-mask\/"]}]},{"@type":"ImageObject","inLanguage":"vi","@id":"https:\/\/jncvietnam.com\/en\/san-pham\/face-mask\/#primaryimage","url":"https:\/\/jncvietnam.com\/en\/wp-content\/uploads\/2021\/06\/Khau-trang-giay-phong-sach-2.jpg","contentUrl":"https:\/\/jncvietnam.com\/en\/wp-content\/uploads\/2021\/06\/Khau-trang-giay-phong-sach-2.jpg","width":248,"height":194},{"@type":"BreadcrumbList","@id":"https:\/\/jncvietnam.com\/en\/san-pham\/face-mask\/#breadcrumb","itemListElement":[{"@type":"ListItem","position":1,"name":"Trang ch\u1ee7","item":"https:\/\/jncvietnam.com\/en\/"},{"@type":"ListItem","position":2,"name":"Product","item":"https:\/\/jncvietnam.com\/en\/product\/"},{"@type":"ListItem","position":3,"name":"Face Mask"}]},{"@type":"WebSite","@id":"https:\/\/jncvietnam.com\/en\/#website","url":"https:\/\/jncvietnam.com\/en\/","name":"JNC VN","description":"HTH","potentialAction":[{"@type":"SearchAction","target":{"@type":"EntryPoint","urlTemplate":"https:\/\/jncvietnam.com\/en\/?s={search_term_string}"},"query-input":{"@type":"PropertyValueSpecification","valueRequired":true,"valueName":"search_term_string"}}],"inLanguage":"vi"}]}},"_links":{"self":[{"href":"https:\/\/jncvietnam.com\/en\/wp-json\/wp\/v2\/product\/1677","targetHints":{"allow":["GET"]}}],"collection":[{"href":"https:\/\/jncvietnam.com\/en\/wp-json\/wp\/v2\/product"}],"about":[{"href":"https:\/\/jncvietnam.com\/en\/wp-json\/wp\/v2\/types\/product"}],"replies":[{"embeddable":true,"href":"https:\/\/jncvietnam.com\/en\/wp-json\/wp\/v2\/comments?post=1677"}],"wp:featuredmedia":[{"embeddable":true,"href":"https:\/\/jncvietnam.com\/en\/wp-json\/wp\/v2\/media\/1595"}],"wp:attachment":[{"href":"https:\/\/jncvietnam.com\/en\/wp-json\/wp\/v2\/media?parent=1677"}],"wp:term":[{"taxonomy":"product_brand","embeddable":true,"href":"https:\/\/jncvietnam.com\/en\/wp-json\/wp\/v2\/product_brand?post=1677"},{"taxonomy":"product_cat","embeddable":true,"href":"https:\/\/jncvietnam.com\/en\/wp-json\/wp\/v2\/product_cat?post=1677"},{"taxonomy":"product_tag","embeddable":true,"href":"https:\/\/jncvietnam.com\/en\/wp-json\/wp\/v2\/product_tag?post=1677"}],"curies":[{"name":"wp","href":"https:\/\/api.w.org\/{rel}","templated":true}]}}